{"id":122808,"date":"2024-01-11T14:50:42","date_gmt":"2024-01-11T14:50:42","guid":{"rendered":"https:\/\/dev.david-coin.com\/product\/china-30-gram-zilveren-panda-2023-ms70-1\/"},"modified":"2025-07-21T17:05:24","modified_gmt":"2025-07-21T15:05:24","slug":"china-30-gram-zilveren-panda-2023-ms70-1","status":"publish","type":"product","link":"https:\/\/dev.david-coin.com\/zh\/product\/china-30-gram-zilveren-panda-2023-ms70-1\/","title":{"rendered":"\u4e2d\u56fd 30 \u514b\u718a\u732b\u94f6 2023 MS70"},"content":{"rendered":"<p><span style=\"font-size: 12pt;\"><strong><span style=\"font-family: arial, helvetica, sans-serif;\">\u4e2d\u56fd 30 \u514b\u718a\u732b\u94f6 2023 MS70<\/span><\/strong><\/span><\/p>\n<p><span style=\"color: #000000; font-size: 12pt; font-family: arial, helvetica, sans-serif;\">\u4e2d\u56fd\u94f6\u718a\u732b<span lang=\"zh\">\u718a\u732b \u94f6\u5e01<\/span>;\u00a0<a style=\"color: #000000;\" title=\"\u62fc\u97f3\" href=\"https:\/\/en.wikipedia.org\/wiki\/Pinyin\">\u62fc\u97f3<\/a>\u00a0:\u00a0<i><span lang=\"zh-Latn-pinyin\">xi\u00f3ngm\u0101o y\u00ednb\u00ec<\/span><\/i>\u00a0)\u662f\u4e2d\u534e\u4eba\u6c11\u5171\u548c\u56fd\u53d1\u884c\u7684\u94f6\u5e01\u7cfb\u5217\u3002\u718a\u732b\u56fe\u6848\u6bcf\u5e74\u66f4\u6362\u4e00\u6b21\uff0c\u5e76\u4ee5\u4e0d\u540c\u7684\u5c3a\u5bf8\u548c\u9762\u989d\u94f8\u9020\uff0c\u4ece 0.5 \u91d1\u8861\u76ce\u53f8\u5230 1 \u516c\u65a4\u4e0d\u7b49\u3002\u4ece 2016 \u5e74\u8d77\uff0c\u718a\u732b\u6539\u7528\u516c\u5236\u5c3a\u5bf8\u30021\u00a0<a style=\"color: #000000;\" title=\"\u7279\u6d1b\u4f0a\u91cd\u91cf\" href=\"https:\/\/en.wikipedia.org\/wiki\/Troy_weight\">\u7279\u6d1b\u4f0a<\/a>\u00a0\u76ce\u53f8\u51cf\u5c11\u5230 30 \u514b\uff0c\u800c 5 \u91d1\u8861\u76ce\u53f8\u786c\u5e01\u51cf\u5c11\u5230 150 \u514b\u3002\u6df1\u53d7\u6295\u8d44\u8005\u548c\u6536\u85cf\u5bb6\u7684\u9752\u7750\u3002<\/span><\/p>\n<p><span style=\"color: #000000; font-size: 12pt; font-family: arial, helvetica, sans-serif;\">\u91cd\u91cf\uff1a30 \u514b\u00a0<br \/>\u5316\u9a8c\uff1a999\/1000\u00a0<br \/><\/span><\/p>\n<p><span style=\"color: #000000; font-size: 12pt; font-family: arial, helvetica, sans-serif;\">Vb \u7167\u7247\u3002\u60a8\u5c06\u6536\u5230\u4e00\u4efd\u5b8c\u5168\u76f8\u540c\u7684\u526f\u672c\u3002<br \/>\u8be6\u60c5\u8bf7\u67e5\u770b\u626b\u63cf\u4ef6\u3002<br \/>\u5982\u6709\u95ee\u9898\uff0c\u8bf7\u968f\u65f6\u7ed9\u6211\u4eec\u7559\u8a00\u3002<\/span><\/p>\n<p><span style=\"font-family: arial, helvetica, sans-serif; font-size: 12pt;\">\u00a0<\/span><\/p>","protected":false},"excerpt":{"rendered":"<p>999\/1000<\/p>","protected":false},"featured_media":122806,"comment_status":"closed","ping_status":"closed","template":"","meta":[],"product_brand":[],"product_cat":[5485,5479,5602,5473,5968],"product_tag":[],"class_list":{"0":"post-122808","1":"product","2":"type-product","3":"status-publish","4":"has-post-thumbnail","6":"product_cat-azie","7":"product_cat-edelmetaal-goud-kopen","8":"product_cat-troy-ounce-munten","9":"product_cat-world-coins-romeinse-munten","10":"product_cat-zilveren-chinese-panda","11":"pa_gewicht-30gram","12":"pa_kwaliteit-proof","13":"pa_land-china","14":"pa_materiaal-zilver","15":"pa_muntwaarde-10yuan","17":"first","18":"instock","19":"taxable","20":"shipping-taxable","21":"purchasable","22":"product-type-simple"},"yoast_head":"<!-- This site is optimized with the Yoast SEO Premium plugin v26.0 (Yoast SEO v27.5) - https:\/\/yoast.com\/product\/yoast-seo-premium-wordpress\/ -->\n<title>China 30 gram Zilveren panda 2023 MS70<\/title>\n<meta name=\"description\" content=\"Wereldmunten verkrijgbaar van diverse landen bij David-coin. Bekijk nu ons ruime aanbod. Gratis verzending vanaf 75 euro binnen Nederland.\" \/>\n<meta name=\"robots\" content=\"noindex, follow, max-snippet:-1, max-image-preview:large, max-video-preview:-1\" \/>\n<meta property=\"og:locale\" content=\"zh_CN\" \/>\n<meta property=\"og:type\" content=\"article\" \/>\n<meta property=\"og:title\" content=\"China 30 gram Zilveren panda 2023 MS70\" \/>\n<meta property=\"og:description\" content=\"Wereldmunten verkrijgbaar van diverse landen bij David-coin. Bekijk nu ons ruime aanbod. Gratis verzending vanaf 75 euro binnen Nederland.\" \/>\n<meta property=\"og:url\" content=\"https:\/\/dev.david-coin.com\/zh\/product\/china-30-gram-zilveren-panda-2023-ms70-1\/\" \/>\n<meta property=\"og:site_name\" content=\"David Coin\" \/>\n<meta property=\"article:publisher\" content=\"https:\/\/www.facebook.com\/Davidcoininkoopenverkoop\" \/>\n<meta property=\"article:modified_time\" content=\"2025-07-21T15:05:24+00:00\" \/>\n<meta property=\"og:image\" content=\"https:\/\/dev.david-coin.com\/wp-content\/uploads\/2024\/01\/Panda2023-MS70.jpg\" \/>\n\t<meta property=\"og:image:width\" content=\"626\" \/>\n\t<meta property=\"og:image:height\" content=\"800\" \/>\n\t<meta property=\"og:image:type\" content=\"image\/jpeg\" \/>\n<meta name=\"twitter:card\" content=\"summary_large_image\" \/>\n<meta name=\"twitter:label1\" content=\"Price\" \/>\n\t<meta name=\"twitter:data1\" content=\"&euro;&nbsp;99,95\" \/>\n\t<meta name=\"twitter:label2\" content=\"Availability\" \/>\n\t<meta name=\"twitter:data2\" content=\"In stock\" \/>\n<script type=\"application\/ld+json\" class=\"yoast-schema-graph\">{\"@context\":\"https:\\\/\\\/schema.org\",\"@graph\":[{\"@type\":\"WebPage\",\"@id\":\"https:\\\/\\\/dev.david-coin.com\\\/product\\\/china-30-gram-zilveren-panda-2023-ms70-1\\\/\",\"url\":\"https:\\\/\\\/dev.david-coin.com\\\/product\\\/china-30-gram-zilveren-panda-2023-ms70-1\\\/\",\"name\":\"China 30 gram Zilveren panda 2023 MS70\",\"isPartOf\":{\"@id\":\"https:\\\/\\\/dev.david-coin.com\\\/#website\"},\"primaryImageOfPage\":{\"@id\":\"https:\\\/\\\/dev.david-coin.com\\\/product\\\/china-30-gram-zilveren-panda-2023-ms70-1\\\/#primaryimage\"},\"image\":{\"@id\":\"https:\\\/\\\/dev.david-coin.com\\\/product\\\/china-30-gram-zilveren-panda-2023-ms70-1\\\/#primaryimage\"},\"thumbnailUrl\":\"https:\\\/\\\/dev.david-coin.com\\\/wp-content\\\/uploads\\\/2024\\\/01\\\/Panda2023-MS70.jpg\",\"datePublished\":\"2024-01-11T14:50:42+00:00\",\"dateModified\":\"2025-07-21T15:05:24+00:00\",\"description\":\"Wereldmunten verkrijgbaar van diverse landen bij David-coin. Bekijk nu ons ruime aanbod. Gratis verzending vanaf 75 euro binnen Nederland.\",\"breadcrumb\":{\"@id\":\"https:\\\/\\\/dev.david-coin.com\\\/product\\\/china-30-gram-zilveren-panda-2023-ms70-1\\\/#breadcrumb\"},\"inLanguage\":\"zh-Hans\",\"potentialAction\":[{\"@type\":\"ReadAction\",\"target\":[\"https:\\\/\\\/dev.david-coin.com\\\/product\\\/china-30-gram-zilveren-panda-2023-ms70-1\\\/\"]}]},{\"@type\":\"ImageObject\",\"inLanguage\":\"zh-Hans\",\"@id\":\"https:\\\/\\\/dev.david-coin.com\\\/product\\\/china-30-gram-zilveren-panda-2023-ms70-1\\\/#primaryimage\",\"url\":\"https:\\\/\\\/dev.david-coin.com\\\/wp-content\\\/uploads\\\/2024\\\/01\\\/Panda2023-MS70.jpg\",\"contentUrl\":\"https:\\\/\\\/dev.david-coin.com\\\/wp-content\\\/uploads\\\/2024\\\/01\\\/Panda2023-MS70.jpg\",\"width\":626,\"height\":800},{\"@type\":\"BreadcrumbList\",\"@id\":\"https:\\\/\\\/dev.david-coin.com\\\/product\\\/china-30-gram-zilveren-panda-2023-ms70-1\\\/#breadcrumb\",\"itemListElement\":[{\"@type\":\"ListItem\",\"position\":1,\"name\":\"Home\",\"item\":\"https:\\\/\\\/dev.david-coin.com\\\/\"},{\"@type\":\"ListItem\",\"position\":2,\"name\":\"Winkel\",\"item\":\"https:\\\/\\\/dev.david-coin.com\\\/winkel\\\/\"},{\"@type\":\"ListItem\",\"position\":3,\"name\":\"China 30 gram Zilveren panda 2023 MS70\"}]},{\"@type\":\"WebSite\",\"@id\":\"https:\\\/\\\/dev.david-coin.com\\\/#website\",\"url\":\"https:\\\/\\\/dev.david-coin.com\\\/\",\"name\":\"David Coin\",\"description\":\"\",\"publisher\":{\"@id\":\"https:\\\/\\\/dev.david-coin.com\\\/#organization\"},\"potentialAction\":[{\"@type\":\"SearchAction\",\"target\":{\"@type\":\"EntryPoint\",\"urlTemplate\":\"https:\\\/\\\/dev.david-coin.com\\\/?s={search_term_string}\"},\"query-input\":{\"@type\":\"PropertyValueSpecification\",\"valueRequired\":true,\"valueName\":\"search_term_string\"}}],\"inLanguage\":\"zh-Hans\"},{\"@type\":\"Organization\",\"@id\":\"https:\\\/\\\/dev.david-coin.com\\\/#organization\",\"name\":\"David Coin\",\"url\":\"https:\\\/\\\/dev.david-coin.com\\\/\",\"logo\":{\"@type\":\"ImageObject\",\"inLanguage\":\"zh-Hans\",\"@id\":\"https:\\\/\\\/dev.david-coin.com\\\/#\\\/schema\\\/logo\\\/image\\\/\",\"url\":\"https:\\\/\\\/dev.david-coin.com\\\/wp-content\\\/uploads\\\/2024\\\/04\\\/davidcoin-logo-final.png\",\"contentUrl\":\"https:\\\/\\\/dev.david-coin.com\\\/wp-content\\\/uploads\\\/2024\\\/04\\\/davidcoin-logo-final.png\",\"width\":800,\"height\":267,\"caption\":\"David Coin\"},\"image\":{\"@id\":\"https:\\\/\\\/dev.david-coin.com\\\/#\\\/schema\\\/logo\\\/image\\\/\"},\"sameAs\":[\"https:\\\/\\\/www.facebook.com\\\/Davidcoininkoopenverkoop\",\"https:\\\/\\\/www.youtube.com\\\/channel\\\/UC39lihLKFSPTff0w6tv0pWQ\"]}]}<\/script>\n<meta property=\"product:price:amount\" content=\"99.95\" \/>\n<meta property=\"product:price:currency\" content=\"EUR\" \/>\n<meta property=\"og:availability\" content=\"instock\" \/>\n<meta property=\"product:availability\" content=\"instock\" \/>\n<meta property=\"product:retailer_item_id\" content=\"9280\" \/>\n<meta property=\"product:condition\" content=\"new\" \/>\n<!-- \/ Yoast SEO Premium plugin. -->","yoast_head_json":{"title":"\u4e2d\u56fd 30 \u514b\u718a\u732b\u94f6 2023 MS70","description":"Wereldmunten verkrijgbaar van diverse landen bij David-coin. Bekijk nu ons ruime aanbod. Gratis verzending vanaf 75 euro binnen Nederland.","robots":{"index":"noindex","follow":"follow","max-snippet":"max-snippet:-1","max-image-preview":"max-image-preview:large","max-video-preview":"max-video-preview:-1"},"og_locale":"zh_CN","og_type":"article","og_title":"China 30 gram Zilveren panda 2023 MS70","og_description":"Wereldmunten verkrijgbaar van diverse landen bij David-coin. Bekijk nu ons ruime aanbod. Gratis verzending vanaf 75 euro binnen Nederland.","og_url":"https:\/\/dev.david-coin.com\/zh\/product\/china-30-gram-zilveren-panda-2023-ms70-1\/","og_site_name":"David Coin","article_publisher":"https:\/\/www.facebook.com\/Davidcoininkoopenverkoop","article_modified_time":"2025-07-21T15:05:24+00:00","og_image":[{"width":626,"height":800,"url":"https:\/\/dev.david-coin.com\/wp-content\/uploads\/2024\/01\/Panda2023-MS70.jpg","type":"image\/jpeg"}],"twitter_card":"summary_large_image","twitter_misc":{"Price":"&euro;&nbsp;99,95","Availability":"In stock"},"schema":{"@context":"https:\/\/schema.org","@graph":[{"@type":"WebPage","@id":"https:\/\/dev.david-coin.com\/product\/china-30-gram-zilveren-panda-2023-ms70-1\/","url":"https:\/\/dev.david-coin.com\/product\/china-30-gram-zilveren-panda-2023-ms70-1\/","name":"\u4e2d\u56fd 30 \u514b\u718a\u732b\u94f6 2023 MS70","isPartOf":{"@id":"https:\/\/dev.david-coin.com\/#website"},"primaryImageOfPage":{"@id":"https:\/\/dev.david-coin.com\/product\/china-30-gram-zilveren-panda-2023-ms70-1\/#primaryimage"},"image":{"@id":"https:\/\/dev.david-coin.com\/product\/china-30-gram-zilveren-panda-2023-ms70-1\/#primaryimage"},"thumbnailUrl":"https:\/\/dev.david-coin.com\/wp-content\/uploads\/2024\/01\/Panda2023-MS70.jpg","datePublished":"2024-01-11T14:50:42+00:00","dateModified":"2025-07-21T15:05:24+00:00","description":"Wereldmunten verkrijgbaar van diverse landen bij David-coin. Bekijk nu ons ruime aanbod. Gratis verzending vanaf 75 euro binnen Nederland.","breadcrumb":{"@id":"https:\/\/dev.david-coin.com\/product\/china-30-gram-zilveren-panda-2023-ms70-1\/#breadcrumb"},"inLanguage":"zh-Hans","potentialAction":[{"@type":"ReadAction","target":["https:\/\/dev.david-coin.com\/product\/china-30-gram-zilveren-panda-2023-ms70-1\/"]}]},{"@type":"ImageObject","inLanguage":"zh-Hans","@id":"https:\/\/dev.david-coin.com\/product\/china-30-gram-zilveren-panda-2023-ms70-1\/#primaryimage","url":"https:\/\/dev.david-coin.com\/wp-content\/uploads\/2024\/01\/Panda2023-MS70.jpg","contentUrl":"https:\/\/dev.david-coin.com\/wp-content\/uploads\/2024\/01\/Panda2023-MS70.jpg","width":626,"height":800},{"@type":"BreadcrumbList","@id":"https:\/\/dev.david-coin.com\/product\/china-30-gram-zilveren-panda-2023-ms70-1\/#breadcrumb","itemListElement":[{"@type":"ListItem","position":1,"name":"Home","item":"https:\/\/dev.david-coin.com\/"},{"@type":"ListItem","position":2,"name":"Winkel","item":"https:\/\/dev.david-coin.com\/winkel\/"},{"@type":"ListItem","position":3,"name":"China 30 gram Zilveren panda 2023 MS70"}]},{"@type":"WebSite","@id":"https:\/\/dev.david-coin.com\/#website","url":"https:\/\/dev.david-coin.com\/","name":"David Coin","description":"","publisher":{"@id":"https:\/\/dev.david-coin.com\/#organization"},"potentialAction":[{"@type":"SearchAction","target":{"@type":"EntryPoint","urlTemplate":"https:\/\/dev.david-coin.com\/?s={search_term_string}"},"query-input":{"@type":"PropertyValueSpecification","valueRequired":true,"valueName":"search_term_string"}}],"inLanguage":"zh-Hans"},{"@type":"Organization","@id":"https:\/\/dev.david-coin.com\/#organization","name":"David Coin","url":"https:\/\/dev.david-coin.com\/","logo":{"@type":"ImageObject","inLanguage":"zh-Hans","@id":"https:\/\/dev.david-coin.com\/#\/schema\/logo\/image\/","url":"https:\/\/dev.david-coin.com\/wp-content\/uploads\/2024\/04\/davidcoin-logo-final.png","contentUrl":"https:\/\/dev.david-coin.com\/wp-content\/uploads\/2024\/04\/davidcoin-logo-final.png","width":800,"height":267,"caption":"David Coin"},"image":{"@id":"https:\/\/dev.david-coin.com\/#\/schema\/logo\/image\/"},"sameAs":["https:\/\/www.facebook.com\/Davidcoininkoopenverkoop","https:\/\/www.youtube.com\/channel\/UC39lihLKFSPTff0w6tv0pWQ"]}]},"product_price_amount":"99.95","product_price_currency":"EUR","og_availability":"instock","product_availability":"instock","product_retailer_item_id":"9280","product_condition":"new"},"_links":{"self":[{"href":"https:\/\/dev.david-coin.com\/zh\/wp-json\/wp\/v2\/product\/122808","targetHints":{"allow":["GET"]}}],"collection":[{"href":"https:\/\/dev.david-coin.com\/zh\/wp-json\/wp\/v2\/product"}],"about":[{"href":"https:\/\/dev.david-coin.com\/zh\/wp-json\/wp\/v2\/types\/product"}],"replies":[{"embeddable":true,"href":"https:\/\/dev.david-coin.com\/zh\/wp-json\/wp\/v2\/comments?post=122808"}],"version-history":[{"count":0,"href":"https:\/\/dev.david-coin.com\/zh\/wp-json\/wp\/v2\/product\/122808\/revisions"}],"wp:featuredmedia":[{"embeddable":true,"href":"https:\/\/dev.david-coin.com\/zh\/wp-json\/wp\/v2\/media\/122806"}],"wp:attachment":[{"href":"https:\/\/dev.david-coin.com\/zh\/wp-json\/wp\/v2\/media?parent=122808"}],"wp:term":[{"taxonomy":"product_brand","embeddable":true,"href":"https:\/\/dev.david-coin.com\/zh\/wp-json\/wp\/v2\/product_brand?post=122808"},{"taxonomy":"product_cat","embeddable":true,"href":"https:\/\/dev.david-coin.com\/zh\/wp-json\/wp\/v2\/product_cat?post=122808"},{"taxonomy":"product_tag","embeddable":true,"href":"https:\/\/dev.david-coin.com\/zh\/wp-json\/wp\/v2\/product_tag?post=122808"}],"curies":[{"name":"wp","href":"https:\/\/api.w.org\/{rel}","templated":true}]}}