{"id":112023,"date":"2021-04-09T17:41:53","date_gmt":"2021-04-09T17:41:53","guid":{"rendered":"https:\/\/dev.david-coin.com\/product\/nederland-jaap-eden-wielrenpenning-2020-in-coincard\/"},"modified":"2025-04-10T11:55:34","modified_gmt":"2025-04-10T09:55:34","slug":"nederland-jaap-eden-wielrenpenning-2020-in-coincard","status":"publish","type":"product","link":"https:\/\/dev.david-coin.com\/zh\/product\/nederland-jaap-eden-wielrenpenning-2020-in-coincard\/","title":{"rendered":"\u8377\u5170 Jaap Eden 2020 \u5e74\u81ea\u884c\u8f66\u8d5b\u5956\u724c\uff08\u5de7\u5408\u5361"},"content":{"rendered":"<p><span style=\"font-size: 12pt;\"><strong>\u8377\u5170 Jaap Eden 2020 \u5e74\u81ea\u884c\u8f66\u8d5b\u5956\u724c\uff08\u5de7\u5408\u5361<\/strong><\/span><\/p>\n<p><span style=\"font-size: 12pt;\">\u00a0<\/span><\/p>\n<p><span style=\"font-size: 12pt;\">Jacobus Johannes Eden (Groningen, 19 oktober 1873) groeide eind 19e eeuw uit tot \u00e9\u00e9n van Nederlands\u2019 grootste sportlegendes. Hoewel dat meer dan 100 jaar geleden is, worden zijn uitzonderlijke prestaties nog steeds breed erkend. Hij was namelijk wereldkampioen schaatsen \u00e9n wielrennen! De Koninklijke Nederlandse Munt slaat daarom een offici\u00eble herdenkingsmunt in opdracht van het ministerie van Financi\u00ebn: het Jaap Eden Vijfje. Aangezien het in 2019 precies 125 jaar geleden is dat Jaap Eden wereldkampioen wielrennen werd, geeft de Koninklijke Nederlandse Munt ook een speciale Wielrenpenning uit.<\/span><\/p>\n<p><span style=\"font-size: 12pt;\"><strong>Het ontwerp<\/strong><\/span><br \/>\n<span style=\"font-size: 12pt;\">De voorzijde van de penning toont Jaap Eden op zijn fiets, klaar om de race te winnen. De keerzijde toont verschillende elementen in prachtige typografie zoals in de tijd van Jaap Eden werd gebruikt in advertenties en posters. Terug te lezen zijn o.a. \u201cJaap Eden\u201d, \u201cWereldkampioen\u201d, \u201c125 jaar\u201d en meer. Deze gedetailleerde penning is ontworpen door Juan Sanchez-Castano, modelleur van de Koninklijke Nederlandse Munt.<\/span><\/p>\n<p><span style=\"font-size: 12pt;\">\u00a0<\/span><\/p>\n<p><span style=\"font-size: 12pt;\">\u8be6\u60c5\u8bf7\u67e5\u770b\u626b\u63cf\u4ef6\u3002<\/span><br \/>\n<span style=\"font-size: 12pt;\">\u5982\u6709\u95ee\u9898\uff0c\u8bf7\u968f\u65f6\u7ed9\u6211\u4eec\u7559\u8a00\u3002<\/span><\/p>","protected":false},"excerpt":{"rendered":"<p>Nederland Jaap Eden Wielrenpenning 2020 in coincard \u00a0 Jacobus Johannes Eden (Groningen, 19 oktober 1873) groeide eind 19e eeuw uit tot \u00e9\u00e9n van Nederlands\u2019 grootste sportlegendes. Hoewel dat meer dan 100 jaar geleden is, worden zijn uitzonderlijke prestaties nog steeds breed erkend. Hij was namelijk wereldkampioen schaatsen \u00e9n wielrennen! De Koninklijke Nederlandse Munt slaat daarom [&hellip;]<\/p>\n","protected":false},"featured_media":112020,"comment_status":"closed","ping_status":"closed","template":"","meta":[],"product_brand":[],"product_cat":[5480,5477,5534,5535],"product_tag":[],"class_list":{"0":"post-112023","1":"product","2":"type-product","3":"status-publish","4":"has-post-thumbnail","6":"product_cat-overige-verzamelitems","7":"product_cat-penningen-kopen","8":"product_cat-penningen-in-coincard","9":"product_cat-penningen-in-coincard-1","10":"pa_kwaliteit-bu","11":"pa_land-nederland","12":"pa_soort-coincard","14":"first","15":"instock","16":"taxable","17":"shipping-taxable","18":"purchasable","19":"product-type-simple"},"yoast_head":"<!-- This site is optimized with the Yoast SEO Premium plugin v26.0 (Yoast SEO v27.4) - https:\/\/yoast.com\/product\/yoast-seo-premium-wordpress\/ -->\n<title>Nederland Jaap Eden Wielrenpenning 2020 in coincard<\/title>\n<meta name=\"description\" content=\"Koop diverse soorten coincards bij David-coin. Bekijk ons nu complete aanbod. Gratis verzending binnen Nederland vanaf 75 euro.\" \/>\n<meta name=\"robots\" content=\"noindex, follow, max-snippet:-1, max-image-preview:large, max-video-preview:-1\" \/>\n<meta property=\"og:locale\" content=\"zh_CN\" \/>\n<meta property=\"og:type\" content=\"article\" \/>\n<meta property=\"og:title\" content=\"Nederland Jaap Eden Wielrenpenning 2020 in coincard\" \/>\n<meta property=\"og:description\" content=\"Koop diverse soorten coincards bij David-coin. Bekijk ons nu complete aanbod. Gratis verzending binnen Nederland vanaf 75 euro.\" \/>\n<meta property=\"og:url\" content=\"https:\/\/dev.david-coin.com\/zh\/product\/nederland-jaap-eden-wielrenpenning-2020-in-coincard\/\" \/>\n<meta property=\"og:site_name\" content=\"David Coin\" \/>\n<meta property=\"article:publisher\" content=\"https:\/\/www.facebook.com\/Davidcoininkoopenverkoop\" \/>\n<meta property=\"article:modified_time\" content=\"2025-04-10T09:55:34+00:00\" \/>\n<meta property=\"og:image\" content=\"https:\/\/dev.david-coin.com\/wp-content\/uploads\/2021\/04\/NederlandJaapedenpenningcoincard.jpg\" \/>\n\t<meta property=\"og:image:width\" content=\"800\" \/>\n\t<meta property=\"og:image:height\" content=\"540\" \/>\n\t<meta property=\"og:image:type\" content=\"image\/jpeg\" \/>\n<meta name=\"twitter:card\" content=\"summary_large_image\" \/>\n<meta name=\"twitter:label1\" content=\"Price\" \/>\n\t<meta name=\"twitter:data1\" content=\"&euro;&nbsp;12,50\" \/>\n\t<meta name=\"twitter:label2\" content=\"Availability\" \/>\n\t<meta name=\"twitter:data2\" content=\"In stock\" \/>\n<script type=\"application\/ld+json\" class=\"yoast-schema-graph\">{\"@context\":\"https:\\\/\\\/schema.org\",\"@graph\":[{\"@type\":\"WebPage\",\"@id\":\"https:\\\/\\\/dev.david-coin.com\\\/product\\\/nederland-jaap-eden-wielrenpenning-2020-in-coincard\\\/\",\"url\":\"https:\\\/\\\/dev.david-coin.com\\\/product\\\/nederland-jaap-eden-wielrenpenning-2020-in-coincard\\\/\",\"name\":\"Nederland Jaap Eden Wielrenpenning 2020 in coincard\",\"isPartOf\":{\"@id\":\"https:\\\/\\\/dev.david-coin.com\\\/#website\"},\"primaryImageOfPage\":{\"@id\":\"https:\\\/\\\/dev.david-coin.com\\\/product\\\/nederland-jaap-eden-wielrenpenning-2020-in-coincard\\\/#primaryimage\"},\"image\":{\"@id\":\"https:\\\/\\\/dev.david-coin.com\\\/product\\\/nederland-jaap-eden-wielrenpenning-2020-in-coincard\\\/#primaryimage\"},\"thumbnailUrl\":\"https:\\\/\\\/dev.david-coin.com\\\/wp-content\\\/uploads\\\/2021\\\/04\\\/NederlandJaapedenpenningcoincard.jpg\",\"datePublished\":\"2021-04-09T17:41:53+00:00\",\"dateModified\":\"2025-04-10T09:55:34+00:00\",\"description\":\"Koop diverse soorten coincards bij David-coin. Bekijk ons nu complete aanbod. Gratis verzending binnen Nederland vanaf 75 euro.\",\"breadcrumb\":{\"@id\":\"https:\\\/\\\/dev.david-coin.com\\\/product\\\/nederland-jaap-eden-wielrenpenning-2020-in-coincard\\\/#breadcrumb\"},\"inLanguage\":\"zh-Hans\",\"potentialAction\":[{\"@type\":\"ReadAction\",\"target\":[\"https:\\\/\\\/dev.david-coin.com\\\/product\\\/nederland-jaap-eden-wielrenpenning-2020-in-coincard\\\/\"]}]},{\"@type\":\"ImageObject\",\"inLanguage\":\"zh-Hans\",\"@id\":\"https:\\\/\\\/dev.david-coin.com\\\/product\\\/nederland-jaap-eden-wielrenpenning-2020-in-coincard\\\/#primaryimage\",\"url\":\"https:\\\/\\\/dev.david-coin.com\\\/wp-content\\\/uploads\\\/2021\\\/04\\\/NederlandJaapedenpenningcoincard.jpg\",\"contentUrl\":\"https:\\\/\\\/dev.david-coin.com\\\/wp-content\\\/uploads\\\/2021\\\/04\\\/NederlandJaapedenpenningcoincard.jpg\",\"width\":800,\"height\":540},{\"@type\":\"BreadcrumbList\",\"@id\":\"https:\\\/\\\/dev.david-coin.com\\\/product\\\/nederland-jaap-eden-wielrenpenning-2020-in-coincard\\\/#breadcrumb\",\"itemListElement\":[{\"@type\":\"ListItem\",\"position\":1,\"name\":\"Home\",\"item\":\"https:\\\/\\\/dev.david-coin.com\\\/\"},{\"@type\":\"ListItem\",\"position\":2,\"name\":\"Winkel\",\"item\":\"https:\\\/\\\/dev.david-coin.com\\\/winkel\\\/\"},{\"@type\":\"ListItem\",\"position\":3,\"name\":\"Nederland Jaap Eden Wielrenpenning 2020 in coincard\"}]},{\"@type\":\"WebSite\",\"@id\":\"https:\\\/\\\/dev.david-coin.com\\\/#website\",\"url\":\"https:\\\/\\\/dev.david-coin.com\\\/\",\"name\":\"David Coin\",\"description\":\"\",\"publisher\":{\"@id\":\"https:\\\/\\\/dev.david-coin.com\\\/#organization\"},\"potentialAction\":[{\"@type\":\"SearchAction\",\"target\":{\"@type\":\"EntryPoint\",\"urlTemplate\":\"https:\\\/\\\/dev.david-coin.com\\\/?s={search_term_string}\"},\"query-input\":{\"@type\":\"PropertyValueSpecification\",\"valueRequired\":true,\"valueName\":\"search_term_string\"}}],\"inLanguage\":\"zh-Hans\"},{\"@type\":\"Organization\",\"@id\":\"https:\\\/\\\/dev.david-coin.com\\\/#organization\",\"name\":\"David Coin\",\"url\":\"https:\\\/\\\/dev.david-coin.com\\\/\",\"logo\":{\"@type\":\"ImageObject\",\"inLanguage\":\"zh-Hans\",\"@id\":\"https:\\\/\\\/dev.david-coin.com\\\/#\\\/schema\\\/logo\\\/image\\\/\",\"url\":\"https:\\\/\\\/dev.david-coin.com\\\/wp-content\\\/uploads\\\/2024\\\/04\\\/davidcoin-logo-final.png\",\"contentUrl\":\"https:\\\/\\\/dev.david-coin.com\\\/wp-content\\\/uploads\\\/2024\\\/04\\\/davidcoin-logo-final.png\",\"width\":800,\"height\":267,\"caption\":\"David Coin\"},\"image\":{\"@id\":\"https:\\\/\\\/dev.david-coin.com\\\/#\\\/schema\\\/logo\\\/image\\\/\"},\"sameAs\":[\"https:\\\/\\\/www.facebook.com\\\/Davidcoininkoopenverkoop\",\"https:\\\/\\\/www.youtube.com\\\/channel\\\/UC39lihLKFSPTff0w6tv0pWQ\"]}]}<\/script>\n<meta property=\"product:price:amount\" content=\"12.50\" \/>\n<meta property=\"product:price:currency\" content=\"EUR\" \/>\n<meta property=\"og:availability\" content=\"instock\" \/>\n<meta property=\"product:availability\" content=\"instock\" \/>\n<meta property=\"product:retailer_item_id\" content=\"8173\" \/>\n<meta property=\"product:condition\" content=\"new\" \/>\n<!-- \/ Yoast SEO Premium plugin. -->","yoast_head_json":{"title":"\u8377\u5170 Jaap Eden 2020 \u5e74\u81ea\u884c\u8f66\u8d5b\u5956\u724c\uff08\u5de7\u5408\u5361","description":"Koop diverse soorten coincards bij David-coin. Bekijk ons nu complete aanbod. Gratis verzending binnen Nederland vanaf 75 euro.","robots":{"index":"noindex","follow":"follow","max-snippet":"max-snippet:-1","max-image-preview":"max-image-preview:large","max-video-preview":"max-video-preview:-1"},"og_locale":"zh_CN","og_type":"article","og_title":"Nederland Jaap Eden Wielrenpenning 2020 in coincard","og_description":"Koop diverse soorten coincards bij David-coin. Bekijk ons nu complete aanbod. Gratis verzending binnen Nederland vanaf 75 euro.","og_url":"https:\/\/dev.david-coin.com\/zh\/product\/nederland-jaap-eden-wielrenpenning-2020-in-coincard\/","og_site_name":"David Coin","article_publisher":"https:\/\/www.facebook.com\/Davidcoininkoopenverkoop","article_modified_time":"2025-04-10T09:55:34+00:00","og_image":[{"width":800,"height":540,"url":"https:\/\/dev.david-coin.com\/wp-content\/uploads\/2021\/04\/NederlandJaapedenpenningcoincard.jpg","type":"image\/jpeg"}],"twitter_card":"summary_large_image","twitter_misc":{"Price":"&euro;&nbsp;12,50","Availability":"In stock"},"schema":{"@context":"https:\/\/schema.org","@graph":[{"@type":"WebPage","@id":"https:\/\/dev.david-coin.com\/product\/nederland-jaap-eden-wielrenpenning-2020-in-coincard\/","url":"https:\/\/dev.david-coin.com\/product\/nederland-jaap-eden-wielrenpenning-2020-in-coincard\/","name":"\u8377\u5170 Jaap Eden 2020 \u5e74\u81ea\u884c\u8f66\u8d5b\u5956\u724c\uff08\u5de7\u5408\u5361","isPartOf":{"@id":"https:\/\/dev.david-coin.com\/#website"},"primaryImageOfPage":{"@id":"https:\/\/dev.david-coin.com\/product\/nederland-jaap-eden-wielrenpenning-2020-in-coincard\/#primaryimage"},"image":{"@id":"https:\/\/dev.david-coin.com\/product\/nederland-jaap-eden-wielrenpenning-2020-in-coincard\/#primaryimage"},"thumbnailUrl":"https:\/\/dev.david-coin.com\/wp-content\/uploads\/2021\/04\/NederlandJaapedenpenningcoincard.jpg","datePublished":"2021-04-09T17:41:53+00:00","dateModified":"2025-04-10T09:55:34+00:00","description":"Koop diverse soorten coincards bij David-coin. Bekijk ons nu complete aanbod. Gratis verzending binnen Nederland vanaf 75 euro.","breadcrumb":{"@id":"https:\/\/dev.david-coin.com\/product\/nederland-jaap-eden-wielrenpenning-2020-in-coincard\/#breadcrumb"},"inLanguage":"zh-Hans","potentialAction":[{"@type":"ReadAction","target":["https:\/\/dev.david-coin.com\/product\/nederland-jaap-eden-wielrenpenning-2020-in-coincard\/"]}]},{"@type":"ImageObject","inLanguage":"zh-Hans","@id":"https:\/\/dev.david-coin.com\/product\/nederland-jaap-eden-wielrenpenning-2020-in-coincard\/#primaryimage","url":"https:\/\/dev.david-coin.com\/wp-content\/uploads\/2021\/04\/NederlandJaapedenpenningcoincard.jpg","contentUrl":"https:\/\/dev.david-coin.com\/wp-content\/uploads\/2021\/04\/NederlandJaapedenpenningcoincard.jpg","width":800,"height":540},{"@type":"BreadcrumbList","@id":"https:\/\/dev.david-coin.com\/product\/nederland-jaap-eden-wielrenpenning-2020-in-coincard\/#breadcrumb","itemListElement":[{"@type":"ListItem","position":1,"name":"Home","item":"https:\/\/dev.david-coin.com\/"},{"@type":"ListItem","position":2,"name":"Winkel","item":"https:\/\/dev.david-coin.com\/winkel\/"},{"@type":"ListItem","position":3,"name":"Nederland Jaap Eden Wielrenpenning 2020 in coincard"}]},{"@type":"WebSite","@id":"https:\/\/dev.david-coin.com\/#website","url":"https:\/\/dev.david-coin.com\/","name":"David Coin","description":"","publisher":{"@id":"https:\/\/dev.david-coin.com\/#organization"},"potentialAction":[{"@type":"SearchAction","target":{"@type":"EntryPoint","urlTemplate":"https:\/\/dev.david-coin.com\/?s={search_term_string}"},"query-input":{"@type":"PropertyValueSpecification","valueRequired":true,"valueName":"search_term_string"}}],"inLanguage":"zh-Hans"},{"@type":"Organization","@id":"https:\/\/dev.david-coin.com\/#organization","name":"David Coin","url":"https:\/\/dev.david-coin.com\/","logo":{"@type":"ImageObject","inLanguage":"zh-Hans","@id":"https:\/\/dev.david-coin.com\/#\/schema\/logo\/image\/","url":"https:\/\/dev.david-coin.com\/wp-content\/uploads\/2024\/04\/davidcoin-logo-final.png","contentUrl":"https:\/\/dev.david-coin.com\/wp-content\/uploads\/2024\/04\/davidcoin-logo-final.png","width":800,"height":267,"caption":"David Coin"},"image":{"@id":"https:\/\/dev.david-coin.com\/#\/schema\/logo\/image\/"},"sameAs":["https:\/\/www.facebook.com\/Davidcoininkoopenverkoop","https:\/\/www.youtube.com\/channel\/UC39lihLKFSPTff0w6tv0pWQ"]}]},"product_price_amount":"12.50","product_price_currency":"EUR","og_availability":"instock","product_availability":"instock","product_retailer_item_id":"8173","product_condition":"new"},"_links":{"self":[{"href":"https:\/\/dev.david-coin.com\/zh\/wp-json\/wp\/v2\/product\/112023","targetHints":{"allow":["GET"]}}],"collection":[{"href":"https:\/\/dev.david-coin.com\/zh\/wp-json\/wp\/v2\/product"}],"about":[{"href":"https:\/\/dev.david-coin.com\/zh\/wp-json\/wp\/v2\/types\/product"}],"replies":[{"embeddable":true,"href":"https:\/\/dev.david-coin.com\/zh\/wp-json\/wp\/v2\/comments?post=112023"}],"version-history":[{"count":0,"href":"https:\/\/dev.david-coin.com\/zh\/wp-json\/wp\/v2\/product\/112023\/revisions"}],"wp:featuredmedia":[{"embeddable":true,"href":"https:\/\/dev.david-coin.com\/zh\/wp-json\/wp\/v2\/media\/112020"}],"wp:attachment":[{"href":"https:\/\/dev.david-coin.com\/zh\/wp-json\/wp\/v2\/media?parent=112023"}],"wp:term":[{"taxonomy":"product_brand","embeddable":true,"href":"https:\/\/dev.david-coin.com\/zh\/wp-json\/wp\/v2\/product_brand?post=112023"},{"taxonomy":"product_cat","embeddable":true,"href":"https:\/\/dev.david-coin.com\/zh\/wp-json\/wp\/v2\/product_cat?post=112023"},{"taxonomy":"product_tag","embeddable":true,"href":"https:\/\/dev.david-coin.com\/zh\/wp-json\/wp\/v2\/product_tag?post=112023"}],"curies":[{"name":"wp","href":"https:\/\/api.w.org\/{rel}","templated":true}]}}