{"id":146774,"date":"2025-04-07T12:00:00","date_gmt":"2025-04-07T10:00:00","guid":{"rendered":"https:\/\/dev.david-coin.com\/?post_type=product&#038;p=146774"},"modified":"2025-08-05T14:46:09","modified_gmt":"2025-08-05T12:46:09","slug":"nederland-10-gulden-1943-wilhelmina-pmg63-epq","status":"publish","type":"product","link":"https:\/\/dev.david-coin.com\/fr\/produit\/nederland-10-gulden-1943-wilhelmina-pmg63-epq\/","title":{"rendered":"Nederland 10 Gulden 1943 Wilhelmina PMG63 EPQ"},"content":{"rendered":"<p>Nederland 10 Gulden 1943 Wilhelmina PMG63 EPQ <br \/> Exceptional Paper Quality <br \/> Kwaliteit: Choice Uncirculated <br \/>Pick: 66 <br \/> NVMH: 44-1<br \/>Plomp:pl41a <\/p>\n<p>Tijdens de tweede wereldoorlog bereidden de geallieerden zich in 1943 al voor op de invasie die in 1944 plaats zouden vinden. Het muntbiljet van tien gulden met <a href=\"https:\/\/dev.david-coin.com\/fr\/categorie-produit\/nederlandse-munten\/wilhelmina-1890-1948\/\">Reine Wilhelmina<\/a> erop is dan ook onderdeel van een bijzonder stukje Nederlandse geschiedenis. Bij het bevrijden van gebieden moesten de soldaten ook geld meekrijgen om uit te kunnen geven in bevrijd gebied, omdat het lastig was buitenlands geld uit te geven in gebieden waar de koers van dat geld niet bekend was en veel inwoners het geld niet kende en waarschijnlijk ook niet aan zouden nemen. Daarom werd er door het ministerie van financi\u00ebn besloten om in de Verenigde Staten Nederlandse guldens te drukken, en deze muntbiljetten hadden op de voorzijde dan ook de afbeelding van koningin Wilhelmina. Het muntbiljet van tien gulden is ondertekend door Johannes van den Broek (minister van financi\u00ebn). Naast het tien gulden muntbiljet zijn er ook nog de volgende biljetten bij de in de verenigde staten gedrukte serie:<br \/>\n&#8211;\t<a href=\"https:\/\/dev.david-coin.com\/fr\/produit\/nederland-1-gulden-1943-wilhelmina-buiten-omloop-gesteld-2\/\">Een gulden muntbiljet Wilhelmina 1943<\/a><br \/>\n&#8211;\t<a href=\"https:\/\/dev.david-coin.com\/fr\/produit\/nederland-25-gulden-1943-wilhelmina-pmg64-epq\/\">Billet de deux florins et demi 1943<\/a><br \/>\n&#8211;\t<a href=\"https:\/\/dev.david-coin.com\/fr\/produit\/nederland-25-gulden-1943-wilhelmina-1\/\">Vijfentwintig gulden muntbiljet 1943<\/a><br \/>\n&#8211;\t<a href=\"https:\/\/dev.david-coin.com\/fr\/produit\/nederland-50-gulden-1943-wilhelmina\/\">Vijftig gulden muntbiljet 1943<\/a><br \/>\n&#8211;\t<a href=\"https:\/\/dev.david-coin.com\/fr\/produit\/nederland-100-gulden-1943-wilhelmina-pmg64\/\">Billet de cent florins 1943<\/a><br \/>\nComme les billets de 1943 avaient d\u00e9j\u00e0 \u00e9t\u00e9 \u00e9mis avant la lib\u00e9ration des Pays-Bas septentrionaux, certains d'entre eux se sont retrouv\u00e9s dans le circuit de l'argent noir du territoire occup\u00e9, raison pour laquelle la s\u00e9rie a \u00e9t\u00e9 retir\u00e9e de la circulation lors de la purge mon\u00e9taire de 1945. <\/p>\n<p><\/p>\n<p>Voir les scans pour plus de d\u00e9tails. <br \/>\nPour toute question, n'h\u00e9sitez pas \u00e0 nous envoyer un message.<\/p>\n<p>&nbsp;<\/p>","protected":false},"excerpt":{"rendered":"<p>PMG-graded guldenbiljet<\/p>","protected":false},"featured_media":146266,"comment_status":"closed","ping_status":"open","template":"","meta":[],"product_brand":[],"product_cat":[5491,5472],"product_tag":[],"class_list":{"0":"post-146774","1":"product","2":"type-product","3":"status-publish","4":"has-post-thumbnail","6":"product_cat-10-gulden-biljet","7":"product_cat-nederlandse-bankbiljetten","8":"pa_bankbiljetwaarde-10gulden","9":"pa_kwaliteit-unc","10":"pa_land-nederland","11":"pa_soort-pmgnotes","13":"first","14":"instock","15":"purchasable","16":"product-type-simple"},"yoast_head":"<!-- This site is optimized with the Yoast SEO Premium plugin v26.0 (Yoast SEO v27.4) - https:\/\/yoast.com\/product\/yoast-seo-premium-wordpress\/ -->\n<title>Nederland 10 Gulden 1943 Wilhelmina PMG63 EPQ<\/title>\n<meta name=\"description\" content=\"Nederlandse guldenbiljetten verkrijgbaar bij David-coin. Bekijk nu ons ruime aanbod Koninkrijksbiljetten. Gratis verzending vanaf 75 euro binnen NL.\" \/>\n<meta name=\"robots\" content=\"noindex, follow, max-snippet:-1, max-image-preview:large, max-video-preview:-1\" \/>\n<meta property=\"og:locale\" content=\"fr_FR\" \/>\n<meta property=\"og:type\" content=\"article\" \/>\n<meta property=\"og:title\" content=\"Nederland 10 Gulden 1943 Wilhelmina PMG63 EPQ\" \/>\n<meta property=\"og:description\" content=\"Nederlandse guldenbiljetten verkrijgbaar bij David-coin. Bekijk nu ons ruime aanbod Koninkrijksbiljetten. Gratis verzending vanaf 75 euro binnen NL.\" \/>\n<meta property=\"og:url\" content=\"https:\/\/dev.david-coin.com\/fr\/produit\/nederland-10-gulden-1943-wilhelmina-pmg63-epq\/\" \/>\n<meta property=\"og:site_name\" content=\"David Coin\" \/>\n<meta property=\"article:publisher\" content=\"https:\/\/www.facebook.com\/Davidcoininkoopenverkoop\" \/>\n<meta property=\"article:modified_time\" content=\"2025-08-05T12:46:09+00:00\" \/>\n<meta property=\"og:image\" content=\"https:\/\/dev.david-coin.com\/wp-content\/uploads\/2025\/03\/Nederland-PMG63-10gulden-1943-vz.jpg\" \/>\n\t<meta property=\"og:image:width\" content=\"1008\" \/>\n\t<meta property=\"og:image:height\" content=\"675\" \/>\n\t<meta property=\"og:image:type\" content=\"image\/jpeg\" \/>\n<meta name=\"twitter:card\" content=\"summary_large_image\" \/>\n<meta name=\"twitter:label1\" content=\"Prix\" \/>\n\t<meta name=\"twitter:data1\" content=\"&euro;&nbsp;349,95\" \/>\n\t<meta name=\"twitter:label2\" content=\"Disponibilit\u00e9\" \/>\n\t<meta name=\"twitter:data2\" content=\"En stock\" \/>\n<script type=\"application\/ld+json\" class=\"yoast-schema-graph\">{\"@context\":\"https:\\\/\\\/schema.org\",\"@graph\":[{\"@type\":\"WebPage\",\"@id\":\"https:\\\/\\\/dev.david-coin.com\\\/product\\\/nederland-10-gulden-1943-wilhelmina-pmg63-epq\\\/\",\"url\":\"https:\\\/\\\/dev.david-coin.com\\\/product\\\/nederland-10-gulden-1943-wilhelmina-pmg63-epq\\\/\",\"name\":\"Nederland 10 Gulden 1943 Wilhelmina PMG63 EPQ\",\"isPartOf\":{\"@id\":\"https:\\\/\\\/dev.david-coin.com\\\/#website\"},\"primaryImageOfPage\":{\"@id\":\"https:\\\/\\\/dev.david-coin.com\\\/product\\\/nederland-10-gulden-1943-wilhelmina-pmg63-epq\\\/#primaryimage\"},\"image\":{\"@id\":\"https:\\\/\\\/dev.david-coin.com\\\/product\\\/nederland-10-gulden-1943-wilhelmina-pmg63-epq\\\/#primaryimage\"},\"thumbnailUrl\":\"https:\\\/\\\/dev.david-coin.com\\\/wp-content\\\/uploads\\\/2025\\\/03\\\/Nederland-PMG63-10gulden-1943-vz.jpg\",\"datePublished\":\"2025-04-07T10:00:00+00:00\",\"dateModified\":\"2025-08-05T12:46:09+00:00\",\"description\":\"Nederlandse guldenbiljetten verkrijgbaar bij David-coin. Bekijk nu ons ruime aanbod Koninkrijksbiljetten. Gratis verzending vanaf 75 euro binnen NL.\",\"breadcrumb\":{\"@id\":\"https:\\\/\\\/dev.david-coin.com\\\/product\\\/nederland-10-gulden-1943-wilhelmina-pmg63-epq\\\/#breadcrumb\"},\"inLanguage\":\"fr-FR\",\"potentialAction\":[{\"@type\":\"ReadAction\",\"target\":[\"https:\\\/\\\/dev.david-coin.com\\\/product\\\/nederland-10-gulden-1943-wilhelmina-pmg63-epq\\\/\"]}]},{\"@type\":\"ImageObject\",\"inLanguage\":\"fr-FR\",\"@id\":\"https:\\\/\\\/dev.david-coin.com\\\/product\\\/nederland-10-gulden-1943-wilhelmina-pmg63-epq\\\/#primaryimage\",\"url\":\"https:\\\/\\\/dev.david-coin.com\\\/wp-content\\\/uploads\\\/2025\\\/03\\\/Nederland-PMG63-10gulden-1943-vz.jpg\",\"contentUrl\":\"https:\\\/\\\/dev.david-coin.com\\\/wp-content\\\/uploads\\\/2025\\\/03\\\/Nederland-PMG63-10gulden-1943-vz.jpg\",\"width\":1008,\"height\":675,\"caption\":\"Nederland 10 Gulden 1943 Wilhelmina PMG63 EPQ\"},{\"@type\":\"BreadcrumbList\",\"@id\":\"https:\\\/\\\/dev.david-coin.com\\\/product\\\/nederland-10-gulden-1943-wilhelmina-pmg63-epq\\\/#breadcrumb\",\"itemListElement\":[{\"@type\":\"ListItem\",\"position\":1,\"name\":\"Home\",\"item\":\"https:\\\/\\\/dev.david-coin.com\\\/\"},{\"@type\":\"ListItem\",\"position\":2,\"name\":\"Winkel\",\"item\":\"https:\\\/\\\/dev.david-coin.com\\\/winkel\\\/\"},{\"@type\":\"ListItem\",\"position\":3,\"name\":\"Nederland 10 Gulden 1943 Wilhelmina PMG63 EPQ\"}]},{\"@type\":\"WebSite\",\"@id\":\"https:\\\/\\\/dev.david-coin.com\\\/#website\",\"url\":\"https:\\\/\\\/dev.david-coin.com\\\/\",\"name\":\"David Coin\",\"description\":\"\",\"publisher\":{\"@id\":\"https:\\\/\\\/dev.david-coin.com\\\/#organization\"},\"potentialAction\":[{\"@type\":\"SearchAction\",\"target\":{\"@type\":\"EntryPoint\",\"urlTemplate\":\"https:\\\/\\\/dev.david-coin.com\\\/?s={search_term_string}\"},\"query-input\":{\"@type\":\"PropertyValueSpecification\",\"valueRequired\":true,\"valueName\":\"search_term_string\"}}],\"inLanguage\":\"fr-FR\"},{\"@type\":\"Organization\",\"@id\":\"https:\\\/\\\/dev.david-coin.com\\\/#organization\",\"name\":\"David Coin\",\"url\":\"https:\\\/\\\/dev.david-coin.com\\\/\",\"logo\":{\"@type\":\"ImageObject\",\"inLanguage\":\"fr-FR\",\"@id\":\"https:\\\/\\\/dev.david-coin.com\\\/#\\\/schema\\\/logo\\\/image\\\/\",\"url\":\"https:\\\/\\\/dev.david-coin.com\\\/wp-content\\\/uploads\\\/2024\\\/04\\\/davidcoin-logo-final.png\",\"contentUrl\":\"https:\\\/\\\/dev.david-coin.com\\\/wp-content\\\/uploads\\\/2024\\\/04\\\/davidcoin-logo-final.png\",\"width\":800,\"height\":267,\"caption\":\"David Coin\"},\"image\":{\"@id\":\"https:\\\/\\\/dev.david-coin.com\\\/#\\\/schema\\\/logo\\\/image\\\/\"},\"sameAs\":[\"https:\\\/\\\/www.facebook.com\\\/Davidcoininkoopenverkoop\",\"https:\\\/\\\/www.youtube.com\\\/channel\\\/UC39lihLKFSPTff0w6tv0pWQ\"]}]}<\/script>\n<meta property=\"product:price:amount\" content=\"349.95\" \/>\n<meta property=\"product:price:currency\" content=\"EUR\" \/>\n<meta property=\"og:availability\" content=\"instock\" \/>\n<meta property=\"product:availability\" content=\"instock\" \/>\n<meta property=\"product:retailer_item_id\" content=\"2854\" \/>\n<meta property=\"product:condition\" content=\"new\" \/>\n<!-- \/ Yoast SEO Premium plugin. -->","yoast_head_json":{"title":"Nederland 10 Gulden 1943 Wilhelmina PMG63 EPQ","description":"Nederlandse guldenbiljetten verkrijgbaar bij David-coin. Bekijk nu ons ruime aanbod Koninkrijksbiljetten. Gratis verzending vanaf 75 euro binnen NL.","robots":{"index":"noindex","follow":"follow","max-snippet":"max-snippet:-1","max-image-preview":"max-image-preview:large","max-video-preview":"max-video-preview:-1"},"og_locale":"fr_FR","og_type":"article","og_title":"Nederland 10 Gulden 1943 Wilhelmina PMG63 EPQ","og_description":"Nederlandse guldenbiljetten verkrijgbaar bij David-coin. Bekijk nu ons ruime aanbod Koninkrijksbiljetten. Gratis verzending vanaf 75 euro binnen NL.","og_url":"https:\/\/dev.david-coin.com\/fr\/produit\/nederland-10-gulden-1943-wilhelmina-pmg63-epq\/","og_site_name":"David Coin","article_publisher":"https:\/\/www.facebook.com\/Davidcoininkoopenverkoop","article_modified_time":"2025-08-05T12:46:09+00:00","og_image":[{"width":1008,"height":675,"url":"https:\/\/dev.david-coin.com\/wp-content\/uploads\/2025\/03\/Nederland-PMG63-10gulden-1943-vz.jpg","type":"image\/jpeg"}],"twitter_card":"summary_large_image","twitter_misc":{"Prix":"&euro;&nbsp;349,95","Disponibilit\u00e9":"En stock"},"schema":{"@context":"https:\/\/schema.org","@graph":[{"@type":"WebPage","@id":"https:\/\/dev.david-coin.com\/product\/nederland-10-gulden-1943-wilhelmina-pmg63-epq\/","url":"https:\/\/dev.david-coin.com\/product\/nederland-10-gulden-1943-wilhelmina-pmg63-epq\/","name":"Nederland 10 Gulden 1943 Wilhelmina PMG63 EPQ","isPartOf":{"@id":"https:\/\/dev.david-coin.com\/#website"},"primaryImageOfPage":{"@id":"https:\/\/dev.david-coin.com\/product\/nederland-10-gulden-1943-wilhelmina-pmg63-epq\/#primaryimage"},"image":{"@id":"https:\/\/dev.david-coin.com\/product\/nederland-10-gulden-1943-wilhelmina-pmg63-epq\/#primaryimage"},"thumbnailUrl":"https:\/\/dev.david-coin.com\/wp-content\/uploads\/2025\/03\/Nederland-PMG63-10gulden-1943-vz.jpg","datePublished":"2025-04-07T10:00:00+00:00","dateModified":"2025-08-05T12:46:09+00:00","description":"Nederlandse guldenbiljetten verkrijgbaar bij David-coin. Bekijk nu ons ruime aanbod Koninkrijksbiljetten. Gratis verzending vanaf 75 euro binnen NL.","breadcrumb":{"@id":"https:\/\/dev.david-coin.com\/product\/nederland-10-gulden-1943-wilhelmina-pmg63-epq\/#breadcrumb"},"inLanguage":"fr-FR","potentialAction":[{"@type":"ReadAction","target":["https:\/\/dev.david-coin.com\/product\/nederland-10-gulden-1943-wilhelmina-pmg63-epq\/"]}]},{"@type":"ImageObject","inLanguage":"fr-FR","@id":"https:\/\/dev.david-coin.com\/product\/nederland-10-gulden-1943-wilhelmina-pmg63-epq\/#primaryimage","url":"https:\/\/dev.david-coin.com\/wp-content\/uploads\/2025\/03\/Nederland-PMG63-10gulden-1943-vz.jpg","contentUrl":"https:\/\/dev.david-coin.com\/wp-content\/uploads\/2025\/03\/Nederland-PMG63-10gulden-1943-vz.jpg","width":1008,"height":675,"caption":"Nederland 10 Gulden 1943 Wilhelmina PMG63 EPQ"},{"@type":"BreadcrumbList","@id":"https:\/\/dev.david-coin.com\/product\/nederland-10-gulden-1943-wilhelmina-pmg63-epq\/#breadcrumb","itemListElement":[{"@type":"ListItem","position":1,"name":"Home","item":"https:\/\/dev.david-coin.com\/"},{"@type":"ListItem","position":2,"name":"Winkel","item":"https:\/\/dev.david-coin.com\/winkel\/"},{"@type":"ListItem","position":3,"name":"Nederland 10 Gulden 1943 Wilhelmina PMG63 EPQ"}]},{"@type":"WebSite","@id":"https:\/\/dev.david-coin.com\/#website","url":"https:\/\/dev.david-coin.com\/","name":"David Coin","description":"","publisher":{"@id":"https:\/\/dev.david-coin.com\/#organization"},"potentialAction":[{"@type":"SearchAction","target":{"@type":"EntryPoint","urlTemplate":"https:\/\/dev.david-coin.com\/?s={search_term_string}"},"query-input":{"@type":"PropertyValueSpecification","valueRequired":true,"valueName":"search_term_string"}}],"inLanguage":"fr-FR"},{"@type":"Organization","@id":"https:\/\/dev.david-coin.com\/#organization","name":"David Coin","url":"https:\/\/dev.david-coin.com\/","logo":{"@type":"ImageObject","inLanguage":"fr-FR","@id":"https:\/\/dev.david-coin.com\/#\/schema\/logo\/image\/","url":"https:\/\/dev.david-coin.com\/wp-content\/uploads\/2024\/04\/davidcoin-logo-final.png","contentUrl":"https:\/\/dev.david-coin.com\/wp-content\/uploads\/2024\/04\/davidcoin-logo-final.png","width":800,"height":267,"caption":"David Coin"},"image":{"@id":"https:\/\/dev.david-coin.com\/#\/schema\/logo\/image\/"},"sameAs":["https:\/\/www.facebook.com\/Davidcoininkoopenverkoop","https:\/\/www.youtube.com\/channel\/UC39lihLKFSPTff0w6tv0pWQ"]}]},"product_price_amount":"349.95","product_price_currency":"EUR","og_availability":"instock","product_availability":"instock","product_retailer_item_id":"2854","product_condition":"new"},"_links":{"self":[{"href":"https:\/\/dev.david-coin.com\/fr\/wp-json\/wp\/v2\/product\/146774","targetHints":{"allow":["GET"]}}],"collection":[{"href":"https:\/\/dev.david-coin.com\/fr\/wp-json\/wp\/v2\/product"}],"about":[{"href":"https:\/\/dev.david-coin.com\/fr\/wp-json\/wp\/v2\/types\/product"}],"replies":[{"embeddable":true,"href":"https:\/\/dev.david-coin.com\/fr\/wp-json\/wp\/v2\/comments?post=146774"}],"version-history":[{"count":0,"href":"https:\/\/dev.david-coin.com\/fr\/wp-json\/wp\/v2\/product\/146774\/revisions"}],"wp:featuredmedia":[{"embeddable":true,"href":"https:\/\/dev.david-coin.com\/fr\/wp-json\/wp\/v2\/media\/146266"}],"wp:attachment":[{"href":"https:\/\/dev.david-coin.com\/fr\/wp-json\/wp\/v2\/media?parent=146774"}],"wp:term":[{"taxonomy":"product_brand","embeddable":true,"href":"https:\/\/dev.david-coin.com\/fr\/wp-json\/wp\/v2\/product_brand?post=146774"},{"taxonomy":"product_cat","embeddable":true,"href":"https:\/\/dev.david-coin.com\/fr\/wp-json\/wp\/v2\/product_cat?post=146774"},{"taxonomy":"product_tag","embeddable":true,"href":"https:\/\/dev.david-coin.com\/fr\/wp-json\/wp\/v2\/product_tag?post=146774"}],"curies":[{"name":"wp","href":"https:\/\/api.w.org\/{rel}","templated":true}]}}