{"id":146335,"date":"2025-03-24T07:00:00","date_gmt":"2025-03-24T06:00:00","guid":{"rendered":"https:\/\/dev.david-coin.com\/?post_type=product&#038;p=146335"},"modified":"2025-06-06T11:26:02","modified_gmt":"2025-06-06T09:26:02","slug":"benelux-euroset-2011-de-drie-monarchieen-bu","status":"publish","type":"product","link":"https:\/\/dev.david-coin.com\/fr\/produit\/benelux-euroset-2011-de-drie-monarchieen-bu\/","title":{"rendered":"Benelux Euroset 2011 &#8211; De drie monarchie\u00ebn &#8211; BU"},"content":{"rendered":"<p>Benelux Euroset 2011 &#8211; De drie monarchie\u00ebn &#8211; BU<br \/>\nMet Benelux 2016-penning.<br \/>\nBevat de euromunten van Belgi\u00eb, Nederland en Luxemburg.<br \/>\nTirage : 10 000 exemplaires<\/p>\n<p>La s\u00e9rie contient les pi\u00e8ces suivantes en qualit\u00e9 BU :<\/p>\n<p>&#8211; 1 eurocent<br \/>\n&#8211; 2 eurocent<br \/>\n&#8211; 5 eurocent<br \/>\n&#8211; 10 eurocent<br \/>\n&#8211; 20 eurocent<br \/>\n&#8211; 50 eurocent<br \/>\n&#8211; 1 Euro<br \/>\n- 2 Euro<\/p>\n<p>Voir les scans pour plus de d\u00e9tails.<br \/>\nPour toute question, n'h\u00e9sitez pas \u00e0 nous envoyer un message.<\/p>\n<p>&nbsp;<\/p>","protected":false},"excerpt":{"rendered":"<p>Beneluxset<\/p>","protected":false},"featured_media":145182,"comment_status":"closed","ping_status":"closed","template":"","meta":[],"product_brand":[],"product_cat":[5478,5622,5919],"product_tag":[],"class_list":{"0":"post-146335","1":"product","2":"type-product","3":"status-publish","4":"has-post-thumbnail","6":"product_cat-zeldzame-euromunten","7":"product_cat-fdc-en-bu-sets-eurolanden","8":"product_cat-nederlandse-muntsets","9":"pa_koning-koningin-albert-ii","10":"pa_koning-koningin-beatrix","11":"pa_koning-koningin-henri-van-luxemburg","12":"pa_kwaliteit-bu","13":"pa_land-benelux","14":"pa_materiaal-bimetaal","15":"pa_materiaal-divers","16":"pa_materiaal-messing","17":"pa_materiaal-nikkel","18":"pa_materiaal-nordic-gold","19":"pa_materiaal-verkoperdstaal","20":"pa_muntwaarde-set","21":"pa_soort-gelegenheidspenning","22":"pa_soort-muntset","23":"pa_soort-penning","24":"pa_soort-penningen","26":"first","27":"instock","28":"purchasable","29":"product-type-simple"},"yoast_head":"<!-- This site is optimized with the Yoast SEO Premium plugin v26.0 (Yoast SEO v27.4) - https:\/\/yoast.com\/product\/yoast-seo-premium-wordpress\/ -->\n<title>Benelux Euroset 2011 - De drie monarchie\u00ebn - BU<\/title>\n<meta name=\"description\" content=\"Nederlandse euromuntenset in BU-kwaliteit kopen? Bekijk ons ruime aanbod jaarsets en andere eurosets van diverse landen. Gratis verzending vanaf 75 euro binnen Nederland.\" \/>\n<meta name=\"robots\" content=\"noindex, follow, max-snippet:-1, max-image-preview:large, max-video-preview:-1\" \/>\n<meta property=\"og:locale\" content=\"fr_FR\" \/>\n<meta property=\"og:type\" content=\"article\" \/>\n<meta property=\"og:title\" content=\"Benelux Euroset 2011 - De drie monarchie\u00ebn - BU\" \/>\n<meta property=\"og:description\" content=\"Nederlandse euromuntenset in BU-kwaliteit kopen? Bekijk ons ruime aanbod jaarsets en andere eurosets van diverse landen. Gratis verzending vanaf 75 euro binnen Nederland.\" \/>\n<meta property=\"og:url\" content=\"https:\/\/dev.david-coin.com\/fr\/produit\/benelux-euroset-2011-de-drie-monarchieen-bu\/\" \/>\n<meta property=\"og:site_name\" content=\"David Coin\" \/>\n<meta property=\"article:publisher\" content=\"https:\/\/www.facebook.com\/Davidcoininkoopenverkoop\" \/>\n<meta property=\"article:modified_time\" content=\"2025-06-06T09:26:02+00:00\" \/>\n<meta property=\"og:image\" content=\"https:\/\/dev.david-coin.com\/wp-content\/uploads\/2025\/03\/Benelux-Euroset-DeDrieMonarchieen-2011-vz.jpg\" \/>\n\t<meta property=\"og:image:width\" content=\"935\" \/>\n\t<meta property=\"og:image:height\" content=\"1000\" \/>\n\t<meta property=\"og:image:type\" content=\"image\/jpeg\" \/>\n<meta name=\"twitter:card\" content=\"summary_large_image\" \/>\n<meta name=\"twitter:label1\" content=\"Prix\" \/>\n\t<meta name=\"twitter:data1\" content=\"&euro;&nbsp;54,95\" \/>\n\t<meta name=\"twitter:label2\" content=\"Disponibilit\u00e9\" \/>\n\t<meta name=\"twitter:data2\" content=\"En stock\" \/>\n<script type=\"application\/ld+json\" class=\"yoast-schema-graph\">{\"@context\":\"https:\\\/\\\/schema.org\",\"@graph\":[{\"@type\":\"WebPage\",\"@id\":\"https:\\\/\\\/dev.david-coin.com\\\/product\\\/benelux-euroset-2011-de-drie-monarchieen-bu\\\/\",\"url\":\"https:\\\/\\\/dev.david-coin.com\\\/product\\\/benelux-euroset-2011-de-drie-monarchieen-bu\\\/\",\"name\":\"Benelux Euroset 2011 - De drie monarchie\u00ebn - BU\",\"isPartOf\":{\"@id\":\"https:\\\/\\\/dev.david-coin.com\\\/#website\"},\"primaryImageOfPage\":{\"@id\":\"https:\\\/\\\/dev.david-coin.com\\\/product\\\/benelux-euroset-2011-de-drie-monarchieen-bu\\\/#primaryimage\"},\"image\":{\"@id\":\"https:\\\/\\\/dev.david-coin.com\\\/product\\\/benelux-euroset-2011-de-drie-monarchieen-bu\\\/#primaryimage\"},\"thumbnailUrl\":\"https:\\\/\\\/dev.david-coin.com\\\/wp-content\\\/uploads\\\/2025\\\/03\\\/Benelux-Euroset-DeDrieMonarchieen-2011-vz.jpg\",\"datePublished\":\"2025-03-24T06:00:00+00:00\",\"dateModified\":\"2025-06-06T09:26:02+00:00\",\"description\":\"Nederlandse euromuntenset in BU-kwaliteit kopen? Bekijk ons ruime aanbod jaarsets en andere eurosets van diverse landen. Gratis verzending vanaf 75 euro binnen Nederland.\",\"breadcrumb\":{\"@id\":\"https:\\\/\\\/dev.david-coin.com\\\/product\\\/benelux-euroset-2011-de-drie-monarchieen-bu\\\/#breadcrumb\"},\"inLanguage\":\"fr-FR\",\"potentialAction\":[{\"@type\":\"ReadAction\",\"target\":[\"https:\\\/\\\/dev.david-coin.com\\\/product\\\/benelux-euroset-2011-de-drie-monarchieen-bu\\\/\"]}]},{\"@type\":\"ImageObject\",\"inLanguage\":\"fr-FR\",\"@id\":\"https:\\\/\\\/dev.david-coin.com\\\/product\\\/benelux-euroset-2011-de-drie-monarchieen-bu\\\/#primaryimage\",\"url\":\"https:\\\/\\\/dev.david-coin.com\\\/wp-content\\\/uploads\\\/2025\\\/03\\\/Benelux-Euroset-DeDrieMonarchieen-2011-vz.jpg\",\"contentUrl\":\"https:\\\/\\\/dev.david-coin.com\\\/wp-content\\\/uploads\\\/2025\\\/03\\\/Benelux-Euroset-DeDrieMonarchieen-2011-vz.jpg\",\"width\":935,\"height\":1000,\"caption\":\"Benelux Euroset 2011 - De drie monarchie\u00ebn - BU\"},{\"@type\":\"BreadcrumbList\",\"@id\":\"https:\\\/\\\/dev.david-coin.com\\\/product\\\/benelux-euroset-2011-de-drie-monarchieen-bu\\\/#breadcrumb\",\"itemListElement\":[{\"@type\":\"ListItem\",\"position\":1,\"name\":\"Home\",\"item\":\"https:\\\/\\\/dev.david-coin.com\\\/\"},{\"@type\":\"ListItem\",\"position\":2,\"name\":\"Winkel\",\"item\":\"https:\\\/\\\/dev.david-coin.com\\\/winkel\\\/\"},{\"@type\":\"ListItem\",\"position\":3,\"name\":\"Benelux Euroset 2011 &#8211; De drie monarchie\u00ebn &#8211; BU\"}]},{\"@type\":\"WebSite\",\"@id\":\"https:\\\/\\\/dev.david-coin.com\\\/#website\",\"url\":\"https:\\\/\\\/dev.david-coin.com\\\/\",\"name\":\"David Coin\",\"description\":\"\",\"publisher\":{\"@id\":\"https:\\\/\\\/dev.david-coin.com\\\/#organization\"},\"potentialAction\":[{\"@type\":\"SearchAction\",\"target\":{\"@type\":\"EntryPoint\",\"urlTemplate\":\"https:\\\/\\\/dev.david-coin.com\\\/?s={search_term_string}\"},\"query-input\":{\"@type\":\"PropertyValueSpecification\",\"valueRequired\":true,\"valueName\":\"search_term_string\"}}],\"inLanguage\":\"fr-FR\"},{\"@type\":\"Organization\",\"@id\":\"https:\\\/\\\/dev.david-coin.com\\\/#organization\",\"name\":\"David Coin\",\"url\":\"https:\\\/\\\/dev.david-coin.com\\\/\",\"logo\":{\"@type\":\"ImageObject\",\"inLanguage\":\"fr-FR\",\"@id\":\"https:\\\/\\\/dev.david-coin.com\\\/#\\\/schema\\\/logo\\\/image\\\/\",\"url\":\"https:\\\/\\\/dev.david-coin.com\\\/wp-content\\\/uploads\\\/2024\\\/04\\\/davidcoin-logo-final.png\",\"contentUrl\":\"https:\\\/\\\/dev.david-coin.com\\\/wp-content\\\/uploads\\\/2024\\\/04\\\/davidcoin-logo-final.png\",\"width\":800,\"height\":267,\"caption\":\"David Coin\"},\"image\":{\"@id\":\"https:\\\/\\\/dev.david-coin.com\\\/#\\\/schema\\\/logo\\\/image\\\/\"},\"sameAs\":[\"https:\\\/\\\/www.facebook.com\\\/Davidcoininkoopenverkoop\",\"https:\\\/\\\/www.youtube.com\\\/channel\\\/UC39lihLKFSPTff0w6tv0pWQ\"]}]}<\/script>\n<meta property=\"product:price:amount\" content=\"54.95\" \/>\n<meta property=\"product:price:currency\" content=\"EUR\" \/>\n<meta property=\"og:availability\" content=\"instock\" \/>\n<meta property=\"product:availability\" content=\"instock\" \/>\n<meta property=\"product:retailer_item_id\" content=\"30992\" \/>\n<meta property=\"product:condition\" content=\"new\" \/>\n<!-- \/ Yoast SEO Premium plugin. -->","yoast_head_json":{"title":"Benelux Euroset 2011 - De drie monarchie\u00ebn - BU","description":"Nederlandse euromuntenset in BU-kwaliteit kopen? Bekijk ons ruime aanbod jaarsets en andere eurosets van diverse landen. Gratis verzending vanaf 75 euro binnen Nederland.","robots":{"index":"noindex","follow":"follow","max-snippet":"max-snippet:-1","max-image-preview":"max-image-preview:large","max-video-preview":"max-video-preview:-1"},"og_locale":"fr_FR","og_type":"article","og_title":"Benelux Euroset 2011 - De drie monarchie\u00ebn - BU","og_description":"Nederlandse euromuntenset in BU-kwaliteit kopen? Bekijk ons ruime aanbod jaarsets en andere eurosets van diverse landen. Gratis verzending vanaf 75 euro binnen Nederland.","og_url":"https:\/\/dev.david-coin.com\/fr\/produit\/benelux-euroset-2011-de-drie-monarchieen-bu\/","og_site_name":"David Coin","article_publisher":"https:\/\/www.facebook.com\/Davidcoininkoopenverkoop","article_modified_time":"2025-06-06T09:26:02+00:00","og_image":[{"width":935,"height":1000,"url":"https:\/\/dev.david-coin.com\/wp-content\/uploads\/2025\/03\/Benelux-Euroset-DeDrieMonarchieen-2011-vz.jpg","type":"image\/jpeg"}],"twitter_card":"summary_large_image","twitter_misc":{"Prix":"&euro;&nbsp;54,95","Disponibilit\u00e9":"En stock"},"schema":{"@context":"https:\/\/schema.org","@graph":[{"@type":"WebPage","@id":"https:\/\/dev.david-coin.com\/product\/benelux-euroset-2011-de-drie-monarchieen-bu\/","url":"https:\/\/dev.david-coin.com\/product\/benelux-euroset-2011-de-drie-monarchieen-bu\/","name":"Benelux Euroset 2011 - De drie monarchie\u00ebn - BU","isPartOf":{"@id":"https:\/\/dev.david-coin.com\/#website"},"primaryImageOfPage":{"@id":"https:\/\/dev.david-coin.com\/product\/benelux-euroset-2011-de-drie-monarchieen-bu\/#primaryimage"},"image":{"@id":"https:\/\/dev.david-coin.com\/product\/benelux-euroset-2011-de-drie-monarchieen-bu\/#primaryimage"},"thumbnailUrl":"https:\/\/dev.david-coin.com\/wp-content\/uploads\/2025\/03\/Benelux-Euroset-DeDrieMonarchieen-2011-vz.jpg","datePublished":"2025-03-24T06:00:00+00:00","dateModified":"2025-06-06T09:26:02+00:00","description":"Nederlandse euromuntenset in BU-kwaliteit kopen? Bekijk ons ruime aanbod jaarsets en andere eurosets van diverse landen. Gratis verzending vanaf 75 euro binnen Nederland.","breadcrumb":{"@id":"https:\/\/dev.david-coin.com\/product\/benelux-euroset-2011-de-drie-monarchieen-bu\/#breadcrumb"},"inLanguage":"fr-FR","potentialAction":[{"@type":"ReadAction","target":["https:\/\/dev.david-coin.com\/product\/benelux-euroset-2011-de-drie-monarchieen-bu\/"]}]},{"@type":"ImageObject","inLanguage":"fr-FR","@id":"https:\/\/dev.david-coin.com\/product\/benelux-euroset-2011-de-drie-monarchieen-bu\/#primaryimage","url":"https:\/\/dev.david-coin.com\/wp-content\/uploads\/2025\/03\/Benelux-Euroset-DeDrieMonarchieen-2011-vz.jpg","contentUrl":"https:\/\/dev.david-coin.com\/wp-content\/uploads\/2025\/03\/Benelux-Euroset-DeDrieMonarchieen-2011-vz.jpg","width":935,"height":1000,"caption":"Benelux Euroset 2011 - De drie monarchie\u00ebn - BU"},{"@type":"BreadcrumbList","@id":"https:\/\/dev.david-coin.com\/product\/benelux-euroset-2011-de-drie-monarchieen-bu\/#breadcrumb","itemListElement":[{"@type":"ListItem","position":1,"name":"Home","item":"https:\/\/dev.david-coin.com\/"},{"@type":"ListItem","position":2,"name":"Winkel","item":"https:\/\/dev.david-coin.com\/winkel\/"},{"@type":"ListItem","position":3,"name":"Benelux Euroset 2011 &#8211; De drie monarchie\u00ebn &#8211; BU"}]},{"@type":"WebSite","@id":"https:\/\/dev.david-coin.com\/#website","url":"https:\/\/dev.david-coin.com\/","name":"David Coin","description":"","publisher":{"@id":"https:\/\/dev.david-coin.com\/#organization"},"potentialAction":[{"@type":"SearchAction","target":{"@type":"EntryPoint","urlTemplate":"https:\/\/dev.david-coin.com\/?s={search_term_string}"},"query-input":{"@type":"PropertyValueSpecification","valueRequired":true,"valueName":"search_term_string"}}],"inLanguage":"fr-FR"},{"@type":"Organization","@id":"https:\/\/dev.david-coin.com\/#organization","name":"David Coin","url":"https:\/\/dev.david-coin.com\/","logo":{"@type":"ImageObject","inLanguage":"fr-FR","@id":"https:\/\/dev.david-coin.com\/#\/schema\/logo\/image\/","url":"https:\/\/dev.david-coin.com\/wp-content\/uploads\/2024\/04\/davidcoin-logo-final.png","contentUrl":"https:\/\/dev.david-coin.com\/wp-content\/uploads\/2024\/04\/davidcoin-logo-final.png","width":800,"height":267,"caption":"David Coin"},"image":{"@id":"https:\/\/dev.david-coin.com\/#\/schema\/logo\/image\/"},"sameAs":["https:\/\/www.facebook.com\/Davidcoininkoopenverkoop","https:\/\/www.youtube.com\/channel\/UC39lihLKFSPTff0w6tv0pWQ"]}]},"product_price_amount":"54.95","product_price_currency":"EUR","og_availability":"instock","product_availability":"instock","product_retailer_item_id":"30992","product_condition":"new"},"_links":{"self":[{"href":"https:\/\/dev.david-coin.com\/fr\/wp-json\/wp\/v2\/product\/146335","targetHints":{"allow":["GET"]}}],"collection":[{"href":"https:\/\/dev.david-coin.com\/fr\/wp-json\/wp\/v2\/product"}],"about":[{"href":"https:\/\/dev.david-coin.com\/fr\/wp-json\/wp\/v2\/types\/product"}],"replies":[{"embeddable":true,"href":"https:\/\/dev.david-coin.com\/fr\/wp-json\/wp\/v2\/comments?post=146335"}],"version-history":[{"count":0,"href":"https:\/\/dev.david-coin.com\/fr\/wp-json\/wp\/v2\/product\/146335\/revisions"}],"wp:featuredmedia":[{"embeddable":true,"href":"https:\/\/dev.david-coin.com\/fr\/wp-json\/wp\/v2\/media\/145182"}],"wp:attachment":[{"href":"https:\/\/dev.david-coin.com\/fr\/wp-json\/wp\/v2\/media?parent=146335"}],"wp:term":[{"taxonomy":"product_brand","embeddable":true,"href":"https:\/\/dev.david-coin.com\/fr\/wp-json\/wp\/v2\/product_brand?post=146335"},{"taxonomy":"product_cat","embeddable":true,"href":"https:\/\/dev.david-coin.com\/fr\/wp-json\/wp\/v2\/product_cat?post=146335"},{"taxonomy":"product_tag","embeddable":true,"href":"https:\/\/dev.david-coin.com\/fr\/wp-json\/wp\/v2\/product_tag?post=146335"}],"curies":[{"name":"wp","href":"https:\/\/api.w.org\/{rel}","templated":true}]}}