{"id":141938,"date":"2025-01-02T11:06:30","date_gmt":"2025-01-02T10:06:30","guid":{"rendered":"https:\/\/dev.david-coin.com\/?post_type=product&#038;p=141938"},"modified":"2025-08-05T14:45:47","modified_gmt":"2025-08-05T12:45:47","slug":"nederland-50-gulden-1982-zonnebloem-pmg-66-epq","status":"publish","type":"product","link":"https:\/\/dev.david-coin.com\/fr\/produit\/nederland-50-gulden-1982-zonnebloem-pmg-66-epq\/","title":{"rendered":"Nederland 50 Gulden 1982 Zonnebloem PMG 66 EPQ"},"content":{"rendered":"<p><strong>Nederland 50 Gulden 1982 Zonnebloem PMG 66 EPQ\/Unc<\/strong><\/p>\n<p><strong>Cinquante florins 1982 Tournesol<\/strong><br \/>\nLe billet de cinquante florins avec le tournesol est un billet de banque embl\u00e9matique des Pays-Bas. Ce billet est \u00e9galement tr\u00e8s populaire \u00e0 l'\u00e9tranger, car il est souvent compar\u00e9 au tableau de Vincent van Gogh repr\u00e9sentant un tournesol. Au d\u00e9but des ann\u00e9es 1980, la Banque des Pays-Bas cherchait un nouveau design pour les billets de florins de l'ancienne s\u00e9rie. Ces derniers \u00e9taient d\u00e9sormais d\u00e9pass\u00e9s et c'est pourquoi la Banque a d\u00e9cid\u00e9 de les remplacer par de nouveaux billets. <a href=\"\/fr\/\u201dhttps:\/\/dev.david-coin.com\/produit\/nederland-100-gulden-1970-michiel-de-ruyter\/\u201d\/\">la centaine avec Michiel de Ruyter<\/a> et aussi tr\u00e8s souvent truqu\u00e9s. R. D. E. Oxenaar, qui avait \u00e9galement con\u00e7u la s\u00e9rie patrimoniale, a donc \u00e9t\u00e9 charg\u00e9 d'\u00e9laborer un nouveau plan. Le choix s'est finalement port\u00e9 sur une structure \"maison, arbre, b\u00eate\". Cette s\u00e9rie se compose de :<br \/>\n&#8211;\t<a href=\"\/fr\/\u201dhttps:\/\/dev.david-coin.com\/produit\/nederland-50-gulden-1982-zonnebloem\/\u201d\/\">Cinquante florins 1982 Tournesol ;<\/a><br \/>\n&#8211;\t<a href=\"\/fr\/\u201dhttps:\/\/dev.david-coin.com\/produit\/nederland-100-gulden-1977-snip\/\u201d\/\"> Cent florins 1977 Snip ;<\/a><br \/>\n&#8211;\t<a href=\"\/fr\/\u201dhttps:\/\/dev.david-coin.com\/produit\/nederland-250-gulden-1985-vuurtoren\/\u201d\/\">Deux cent cinquante florins 1985 Phare.<\/a><br \/>\nAujourd'hui, le billet de cinquante florins avec le tournesol est donc tr\u00e8s populaire parmi les collectionneurs de billets du monde entier. Il s'agit d'un \u00e9l\u00e9ment artistique de l'histoire du florin n\u00e9erlandais. Le billet de cinquante florins avec le tournesol a \u00e9t\u00e9 con\u00e7u par R. D. E. Oxenaar et Hans Kruit. <\/p>\n<p><span style=\"font-size: 12pt;\">Voir les scans pour plus de d\u00e9tails.<\/span><br \/>\n<span style=\"font-size: 12pt;\">Pour toute question, n'h\u00e9sitez pas \u00e0 nous envoyer un message.\u00a0<\/span><\/p>","protected":false},"excerpt":{"rendered":"<p>Pick: P96<br \/>\nNvmh: 100-1<br \/>\nPlomp: PL83.a<\/p>\n<p>&nbsp;<\/p>","protected":false},"featured_media":141925,"comment_status":"closed","ping_status":"closed","template":"","meta":[],"product_brand":[],"product_cat":[5495,5472],"product_tag":[],"class_list":{"0":"post-141938","1":"product","2":"type-product","3":"status-publish","4":"has-post-thumbnail","6":"product_cat-50-gulden-biljet","7":"product_cat-nederlandse-bankbiljetten","8":"pa_bankbiljetwaarde-50gulden","9":"pa_kwaliteit-unc","11":"first","12":"instock","13":"taxable","14":"shipping-taxable","15":"purchasable","16":"product-type-simple"},"yoast_head":"<!-- This site is optimized with the Yoast SEO Premium plugin v26.0 (Yoast SEO v27.4) - https:\/\/yoast.com\/product\/yoast-seo-premium-wordpress\/ -->\n<title>Nederland 50 Gulden 1982 Zonnebloem PMG 66 EPQ<\/title>\n<meta name=\"description\" content=\"Nederlandse biljetten in PMG houders kopen? Bekijk ons complete aanbod van 1 gulden t\/m 1000 gulden. Gratis verzending vanaf 75 euro binnen Nederland.\" \/>\n<meta name=\"robots\" content=\"noindex, follow, max-snippet:-1, max-image-preview:large, max-video-preview:-1\" \/>\n<meta property=\"og:locale\" content=\"fr_FR\" \/>\n<meta property=\"og:type\" content=\"article\" \/>\n<meta property=\"og:title\" content=\"Nederland 50 Gulden 1982 Zonnebloem PMG 66 EPQ\" \/>\n<meta property=\"og:description\" content=\"Nederlandse biljetten in PMG houders kopen? Bekijk ons complete aanbod van 1 gulden t\/m 1000 gulden. Gratis verzending vanaf 75 euro binnen Nederland.\" \/>\n<meta property=\"og:url\" content=\"https:\/\/dev.david-coin.com\/fr\/produit\/nederland-50-gulden-1982-zonnebloem-pmg-66-epq\/\" \/>\n<meta property=\"og:site_name\" content=\"David Coin\" \/>\n<meta property=\"article:publisher\" content=\"https:\/\/www.facebook.com\/Davidcoininkoopenverkoop\" \/>\n<meta property=\"article:modified_time\" content=\"2025-08-05T12:45:47+00:00\" \/>\n<meta property=\"og:image\" content=\"https:\/\/dev.david-coin.com\/wp-content\/uploads\/2024\/12\/Nederland-50gulden-1982-vz.jpg\" \/>\n\t<meta property=\"og:image:width\" content=\"1032\" \/>\n\t<meta property=\"og:image:height\" content=\"683\" \/>\n\t<meta property=\"og:image:type\" content=\"image\/jpeg\" \/>\n<meta name=\"twitter:card\" content=\"summary_large_image\" \/>\n<meta name=\"twitter:label1\" content=\"Prix\" \/>\n\t<meta name=\"twitter:data1\" content=\"&euro;&nbsp;199,95\" \/>\n\t<meta name=\"twitter:label2\" content=\"Disponibilit\u00e9\" \/>\n\t<meta name=\"twitter:data2\" content=\"En stock\" \/>\n<script type=\"application\/ld+json\" class=\"yoast-schema-graph\">{\"@context\":\"https:\\\/\\\/schema.org\",\"@graph\":[{\"@type\":\"WebPage\",\"@id\":\"https:\\\/\\\/dev.david-coin.com\\\/product\\\/nederland-50-gulden-1982-zonnebloem-pmg-66-epq\\\/\",\"url\":\"https:\\\/\\\/dev.david-coin.com\\\/product\\\/nederland-50-gulden-1982-zonnebloem-pmg-66-epq\\\/\",\"name\":\"Nederland 50 Gulden 1982 Zonnebloem PMG 66 EPQ\",\"isPartOf\":{\"@id\":\"https:\\\/\\\/dev.david-coin.com\\\/#website\"},\"primaryImageOfPage\":{\"@id\":\"https:\\\/\\\/dev.david-coin.com\\\/product\\\/nederland-50-gulden-1982-zonnebloem-pmg-66-epq\\\/#primaryimage\"},\"image\":{\"@id\":\"https:\\\/\\\/dev.david-coin.com\\\/product\\\/nederland-50-gulden-1982-zonnebloem-pmg-66-epq\\\/#primaryimage\"},\"thumbnailUrl\":\"https:\\\/\\\/dev.david-coin.com\\\/wp-content\\\/uploads\\\/2024\\\/12\\\/Nederland-50gulden-1982-vz.jpg\",\"datePublished\":\"2025-01-02T10:06:30+00:00\",\"dateModified\":\"2025-08-05T12:45:47+00:00\",\"description\":\"Nederlandse biljetten in PMG houders kopen? Bekijk ons complete aanbod van 1 gulden t\\\/m 1000 gulden. Gratis verzending vanaf 75 euro binnen Nederland.\",\"breadcrumb\":{\"@id\":\"https:\\\/\\\/dev.david-coin.com\\\/product\\\/nederland-50-gulden-1982-zonnebloem-pmg-66-epq\\\/#breadcrumb\"},\"inLanguage\":\"fr-FR\",\"potentialAction\":[{\"@type\":\"ReadAction\",\"target\":[\"https:\\\/\\\/dev.david-coin.com\\\/product\\\/nederland-50-gulden-1982-zonnebloem-pmg-66-epq\\\/\"]}]},{\"@type\":\"ImageObject\",\"inLanguage\":\"fr-FR\",\"@id\":\"https:\\\/\\\/dev.david-coin.com\\\/product\\\/nederland-50-gulden-1982-zonnebloem-pmg-66-epq\\\/#primaryimage\",\"url\":\"https:\\\/\\\/dev.david-coin.com\\\/wp-content\\\/uploads\\\/2024\\\/12\\\/Nederland-50gulden-1982-vz.jpg\",\"contentUrl\":\"https:\\\/\\\/dev.david-coin.com\\\/wp-content\\\/uploads\\\/2024\\\/12\\\/Nederland-50gulden-1982-vz.jpg\",\"width\":1032,\"height\":683,\"caption\":\"Nederland 50 Gulden 1982 Zonnebloem PMG 66 EPQ\"},{\"@type\":\"BreadcrumbList\",\"@id\":\"https:\\\/\\\/dev.david-coin.com\\\/product\\\/nederland-50-gulden-1982-zonnebloem-pmg-66-epq\\\/#breadcrumb\",\"itemListElement\":[{\"@type\":\"ListItem\",\"position\":1,\"name\":\"Home\",\"item\":\"https:\\\/\\\/dev.david-coin.com\\\/\"},{\"@type\":\"ListItem\",\"position\":2,\"name\":\"Winkel\",\"item\":\"https:\\\/\\\/dev.david-coin.com\\\/winkel\\\/\"},{\"@type\":\"ListItem\",\"position\":3,\"name\":\"Nederland 50 Gulden 1982 Zonnebloem PMG 66 EPQ\"}]},{\"@type\":\"WebSite\",\"@id\":\"https:\\\/\\\/dev.david-coin.com\\\/#website\",\"url\":\"https:\\\/\\\/dev.david-coin.com\\\/\",\"name\":\"David Coin\",\"description\":\"\",\"publisher\":{\"@id\":\"https:\\\/\\\/dev.david-coin.com\\\/#organization\"},\"potentialAction\":[{\"@type\":\"SearchAction\",\"target\":{\"@type\":\"EntryPoint\",\"urlTemplate\":\"https:\\\/\\\/dev.david-coin.com\\\/?s={search_term_string}\"},\"query-input\":{\"@type\":\"PropertyValueSpecification\",\"valueRequired\":true,\"valueName\":\"search_term_string\"}}],\"inLanguage\":\"fr-FR\"},{\"@type\":\"Organization\",\"@id\":\"https:\\\/\\\/dev.david-coin.com\\\/#organization\",\"name\":\"David Coin\",\"url\":\"https:\\\/\\\/dev.david-coin.com\\\/\",\"logo\":{\"@type\":\"ImageObject\",\"inLanguage\":\"fr-FR\",\"@id\":\"https:\\\/\\\/dev.david-coin.com\\\/#\\\/schema\\\/logo\\\/image\\\/\",\"url\":\"https:\\\/\\\/dev.david-coin.com\\\/wp-content\\\/uploads\\\/2024\\\/04\\\/davidcoin-logo-final.png\",\"contentUrl\":\"https:\\\/\\\/dev.david-coin.com\\\/wp-content\\\/uploads\\\/2024\\\/04\\\/davidcoin-logo-final.png\",\"width\":800,\"height\":267,\"caption\":\"David Coin\"},\"image\":{\"@id\":\"https:\\\/\\\/dev.david-coin.com\\\/#\\\/schema\\\/logo\\\/image\\\/\"},\"sameAs\":[\"https:\\\/\\\/www.facebook.com\\\/Davidcoininkoopenverkoop\",\"https:\\\/\\\/www.youtube.com\\\/channel\\\/UC39lihLKFSPTff0w6tv0pWQ\"]}]}<\/script>\n<meta property=\"product:price:amount\" content=\"199.95\" \/>\n<meta property=\"product:price:currency\" content=\"EUR\" \/>\n<meta property=\"og:availability\" content=\"instock\" \/>\n<meta property=\"product:availability\" content=\"instock\" \/>\n<meta property=\"product:retailer_item_id\" content=\"2835\" \/>\n<meta property=\"product:condition\" content=\"new\" \/>\n<!-- \/ Yoast SEO Premium plugin. -->","yoast_head_json":{"title":"Nederland 50 Gulden 1982 Zonnebloem PMG 66 EPQ","description":"Nederlandse biljetten in PMG houders kopen? Bekijk ons complete aanbod van 1 gulden t\/m 1000 gulden. Gratis verzending vanaf 75 euro binnen Nederland.","robots":{"index":"noindex","follow":"follow","max-snippet":"max-snippet:-1","max-image-preview":"max-image-preview:large","max-video-preview":"max-video-preview:-1"},"og_locale":"fr_FR","og_type":"article","og_title":"Nederland 50 Gulden 1982 Zonnebloem PMG 66 EPQ","og_description":"Nederlandse biljetten in PMG houders kopen? Bekijk ons complete aanbod van 1 gulden t\/m 1000 gulden. Gratis verzending vanaf 75 euro binnen Nederland.","og_url":"https:\/\/dev.david-coin.com\/fr\/produit\/nederland-50-gulden-1982-zonnebloem-pmg-66-epq\/","og_site_name":"David Coin","article_publisher":"https:\/\/www.facebook.com\/Davidcoininkoopenverkoop","article_modified_time":"2025-08-05T12:45:47+00:00","og_image":[{"width":1032,"height":683,"url":"https:\/\/dev.david-coin.com\/wp-content\/uploads\/2024\/12\/Nederland-50gulden-1982-vz.jpg","type":"image\/jpeg"}],"twitter_card":"summary_large_image","twitter_misc":{"Prix":"&euro;&nbsp;199,95","Disponibilit\u00e9":"En stock"},"schema":{"@context":"https:\/\/schema.org","@graph":[{"@type":"WebPage","@id":"https:\/\/dev.david-coin.com\/product\/nederland-50-gulden-1982-zonnebloem-pmg-66-epq\/","url":"https:\/\/dev.david-coin.com\/product\/nederland-50-gulden-1982-zonnebloem-pmg-66-epq\/","name":"Nederland 50 Gulden 1982 Zonnebloem PMG 66 EPQ","isPartOf":{"@id":"https:\/\/dev.david-coin.com\/#website"},"primaryImageOfPage":{"@id":"https:\/\/dev.david-coin.com\/product\/nederland-50-gulden-1982-zonnebloem-pmg-66-epq\/#primaryimage"},"image":{"@id":"https:\/\/dev.david-coin.com\/product\/nederland-50-gulden-1982-zonnebloem-pmg-66-epq\/#primaryimage"},"thumbnailUrl":"https:\/\/dev.david-coin.com\/wp-content\/uploads\/2024\/12\/Nederland-50gulden-1982-vz.jpg","datePublished":"2025-01-02T10:06:30+00:00","dateModified":"2025-08-05T12:45:47+00:00","description":"Nederlandse biljetten in PMG houders kopen? Bekijk ons complete aanbod van 1 gulden t\/m 1000 gulden. Gratis verzending vanaf 75 euro binnen Nederland.","breadcrumb":{"@id":"https:\/\/dev.david-coin.com\/product\/nederland-50-gulden-1982-zonnebloem-pmg-66-epq\/#breadcrumb"},"inLanguage":"fr-FR","potentialAction":[{"@type":"ReadAction","target":["https:\/\/dev.david-coin.com\/product\/nederland-50-gulden-1982-zonnebloem-pmg-66-epq\/"]}]},{"@type":"ImageObject","inLanguage":"fr-FR","@id":"https:\/\/dev.david-coin.com\/product\/nederland-50-gulden-1982-zonnebloem-pmg-66-epq\/#primaryimage","url":"https:\/\/dev.david-coin.com\/wp-content\/uploads\/2024\/12\/Nederland-50gulden-1982-vz.jpg","contentUrl":"https:\/\/dev.david-coin.com\/wp-content\/uploads\/2024\/12\/Nederland-50gulden-1982-vz.jpg","width":1032,"height":683,"caption":"Nederland 50 Gulden 1982 Zonnebloem PMG 66 EPQ"},{"@type":"BreadcrumbList","@id":"https:\/\/dev.david-coin.com\/product\/nederland-50-gulden-1982-zonnebloem-pmg-66-epq\/#breadcrumb","itemListElement":[{"@type":"ListItem","position":1,"name":"Home","item":"https:\/\/dev.david-coin.com\/"},{"@type":"ListItem","position":2,"name":"Winkel","item":"https:\/\/dev.david-coin.com\/winkel\/"},{"@type":"ListItem","position":3,"name":"Nederland 50 Gulden 1982 Zonnebloem PMG 66 EPQ"}]},{"@type":"WebSite","@id":"https:\/\/dev.david-coin.com\/#website","url":"https:\/\/dev.david-coin.com\/","name":"David Coin","description":"","publisher":{"@id":"https:\/\/dev.david-coin.com\/#organization"},"potentialAction":[{"@type":"SearchAction","target":{"@type":"EntryPoint","urlTemplate":"https:\/\/dev.david-coin.com\/?s={search_term_string}"},"query-input":{"@type":"PropertyValueSpecification","valueRequired":true,"valueName":"search_term_string"}}],"inLanguage":"fr-FR"},{"@type":"Organization","@id":"https:\/\/dev.david-coin.com\/#organization","name":"David Coin","url":"https:\/\/dev.david-coin.com\/","logo":{"@type":"ImageObject","inLanguage":"fr-FR","@id":"https:\/\/dev.david-coin.com\/#\/schema\/logo\/image\/","url":"https:\/\/dev.david-coin.com\/wp-content\/uploads\/2024\/04\/davidcoin-logo-final.png","contentUrl":"https:\/\/dev.david-coin.com\/wp-content\/uploads\/2024\/04\/davidcoin-logo-final.png","width":800,"height":267,"caption":"David Coin"},"image":{"@id":"https:\/\/dev.david-coin.com\/#\/schema\/logo\/image\/"},"sameAs":["https:\/\/www.facebook.com\/Davidcoininkoopenverkoop","https:\/\/www.youtube.com\/channel\/UC39lihLKFSPTff0w6tv0pWQ"]}]},"product_price_amount":"199.95","product_price_currency":"EUR","og_availability":"instock","product_availability":"instock","product_retailer_item_id":"2835","product_condition":"new"},"_links":{"self":[{"href":"https:\/\/dev.david-coin.com\/fr\/wp-json\/wp\/v2\/product\/141938","targetHints":{"allow":["GET"]}}],"collection":[{"href":"https:\/\/dev.david-coin.com\/fr\/wp-json\/wp\/v2\/product"}],"about":[{"href":"https:\/\/dev.david-coin.com\/fr\/wp-json\/wp\/v2\/types\/product"}],"replies":[{"embeddable":true,"href":"https:\/\/dev.david-coin.com\/fr\/wp-json\/wp\/v2\/comments?post=141938"}],"version-history":[{"count":0,"href":"https:\/\/dev.david-coin.com\/fr\/wp-json\/wp\/v2\/product\/141938\/revisions"}],"wp:featuredmedia":[{"embeddable":true,"href":"https:\/\/dev.david-coin.com\/fr\/wp-json\/wp\/v2\/media\/141925"}],"wp:attachment":[{"href":"https:\/\/dev.david-coin.com\/fr\/wp-json\/wp\/v2\/media?parent=141938"}],"wp:term":[{"taxonomy":"product_brand","embeddable":true,"href":"https:\/\/dev.david-coin.com\/fr\/wp-json\/wp\/v2\/product_brand?post=141938"},{"taxonomy":"product_cat","embeddable":true,"href":"https:\/\/dev.david-coin.com\/fr\/wp-json\/wp\/v2\/product_cat?post=141938"},{"taxonomy":"product_tag","embeddable":true,"href":"https:\/\/dev.david-coin.com\/fr\/wp-json\/wp\/v2\/product_tag?post=141938"}],"curies":[{"name":"wp","href":"https:\/\/api.w.org\/{rel}","templated":true}]}}