{"id":138592,"date":"2024-11-09T05:01:29","date_gmt":"2024-11-09T04:01:29","guid":{"rendered":"https:\/\/dev.david-coin.com\/?post_type=product&#038;p=138592"},"modified":"2025-08-04T12:48:35","modified_gmt":"2025-08-04T10:48:35","slug":"nederland-10-gulden-1898-wilhelmina-2","status":"publish","type":"product","link":"https:\/\/dev.david-coin.com\/fr\/produit\/nederland-10-gulden-1898-wilhelmina-2\/","title":{"rendered":"Pays-Bas 10 florins 1898 Wilhelmina (d\u00e9tails AU)"},"content":{"rendered":"<p><span style=\"font-family: arial, helvetica, sans-serif; font-size: 12pt;\"><strong><span style=\"text-decoration: underline;\">Pays-Bas 10 florins 1898 Wilhelmina (d\u00e9tails AU)<br \/>\n<\/span><\/strong>Gouden inhuldigings tientje uit 1898 met een beperkte oplage.<br \/>\n<\/span>Variant: 1898-b (Zonder punt tussen &#8220;P Pander&#8221;).<br \/>\n<span style=\"font-family: arial, helvetica, sans-serif; font-size: 12pt;\">Gewicht:\u00a06,72 gram<\/span><br \/>\n<span style=\"font-family: arial, helvetica, sans-serif; font-size: 12pt;\">Teneur en or : 900\/1000<\/span><br \/>\n<span style=\"font-family: arial, helvetica, sans-serif; font-size: 12pt;\">Oplage:99.239 stuks totaal voor beide varianten.<br \/>\nSchaars!<\/span><\/p>\n<p>Het gouden tientje is de op een na hoogste betaalmunt die tijdens het koningschap van Willem de derde is uitgegeven. Het gouden tientje van <a href=\"https:\/\/dev.david-coin.com\/fr\/categorie-produit\/nederlandse-munten\/willem-3-1849-1890\/\">William 3<\/a> is gemaakt van 900\/1000 goud, weegt 6,72 gram en heeft een diameter van 22,5 millimeter. Het gouden tientje heeft een kartelrand, waardoor de zin &#8216;god zij met ons&#8217; op de kopzijde van de munt staat. Het gouden tientje van Willem 3 is uitgegeven tussen 1876 en 1889 en was onderdeel van de serie munten die tijdens de regeringsperiode van koning Willem 3 in omloop was. Naast het gouden tientje van Willem 3 zijn er nog de volgende munten:<br \/>\n&#8211;\t<a href=\"\/fr\/\u201chttps:\/\/dev.david-coin.com\/produit\/nederland-halve-cent-1850-willem-3-2\/\u201d\/\">Demi-cent William 3 ;<\/a><br \/>\n&#8211;\t<a href=\"\/fr\/\u201chttps:\/\/dev.david-coin.com\/produit\/nederland-1-cent-1860-willem-3\/\u201d\/\">Cent William 3 ;<\/a><br \/>\n&#8211;\t<a href=\"\/fr\/\u201chttps:\/\/dev.david-coin.com\/produit\/nederland-2-5-cent-1877-willem-3\/\u201d\/\">Deux cents et demi William 3 ;<\/a><br \/>\n&#8211;\t<a href=\"\/fr\/\u201chttps:\/\/dev.david-coin.com\/produit\/nederland-5-cent-1862-willem-3\/\u201d\/\">Stuiver William 3 ;<\/a><br \/>\n&#8211;\t<a href=\"\/fr\/\u201chttps:\/\/dev.david-coin.com\/produit\/nederland-10-cent-1853-willem-3\/\u201d\/\">Double William 3 ;<\/a><br \/>\n&#8211;\t<a href=\"\/fr\/\u201chttps:\/\/dev.david-coin.com\/produit\/nederland-25-cent-1889-willem-3\/\u201d\/\">Quart de William 3 ;<\/a><br \/>\n&#8211;\t<a href=\"\/fr\/\u201chttps:\/\/dev.david-coin.com\/produit\/nederland-1-gulden-1866-willem-3\/\u201d\/\">Halve gulden Willem 3;<\/a><br \/>\n&#8211;\t<a href=\"\/fr\/\u201chttps:\/\/dev.david-coin.com\/produit\/nederland-1-gulden-1856-willem-iii\/\u201d\/\">Guillaume d'or 3 ;<\/a><br \/>\n&#8211;\t<a href=\"\/fr\/\u201chttps:\/\/dev.david-coin.com\/produit\/nederland-25-gulden-1857-willem-3\/\u201d\/\">Knaak ou deux florins et demi William 3 ;<\/a><br \/>\n&#8211;\t<a href=\"\/fr\/\u201chttps:\/\/dev.david-coin.com\/produit\/nederland-gouden-5-gulden-1851-willem-3-2\/\u201d\/\">Cinq florins William 3 ;<\/a><br \/>\n- 20 florins (jeton doublement n\u00e9goci\u00e9) William 3.<\/p>\n<p>Les pi\u00e8ces du roi Guillaume III ont lentement disparu de la circulation au d\u00e9but du 20e si\u00e8cle et ont \u00e9t\u00e9 progressivement remplac\u00e9es par les pi\u00e8ces du roi de France. <a href=\"\/fr\/\u201chttps:\/\/dev.david-coin.com\/categorie-produit\/nederlandse-munten\/wilhelmina-1890-1948\/\u201d\/\">Reine Wilhelmina<\/a>. Vandaag de dag worden ze nog veel verzameld door verzamelaars, en zijn dan ook erg geliefd. De gouden tientjes zijn ook populair bij beleggers, omdat ze zo een hoog goudgehalte bevatten. <\/p>\n<p><span style=\"font-family: arial, helvetica, sans-serif; font-size: 12pt;\">Voir les scans pour plus de d\u00e9tails.<\/span><br \/>\n<span style=\"font-family: arial, helvetica, sans-serif; font-size: 12pt;\">Pour toute question, n'h\u00e9sitez pas \u00e0 nous envoyer un message.<\/span><\/p>\n<p><span style=\"font-family: arial, helvetica, sans-serif; font-size: 12pt;\">\u00a0<\/span><\/p>\n<p><strong>\u00a0<\/strong><\/p>","protected":false},"excerpt":{"rendered":"<p>Met inhuldiging portret van Wilhelmina.<\/p>","protected":false},"featured_media":138594,"comment_status":"closed","ping_status":"open","template":"","meta":[],"product_brand":[],"product_cat":[5479,5606,5471,5521],"product_tag":[],"class_list":{"0":"post-138592","1":"product","2":"type-product","3":"status-publish","4":"has-post-thumbnail","6":"product_cat-edelmetaal-goud-kopen","7":"product_cat-gouden-tientjes-vijfjes-en-dukaten-per-jaar","8":"product_cat-nederlandse-munten","9":"product_cat-willem-3-1849-1890","10":"pa_koning-koningin-wilhelmina","11":"pa_kwaliteit-unc-min","12":"pa_land-nederland","13":"pa_materiaal-goud","14":"pa_muntwaarde-10guldengoud","16":"first","17":"instock","18":"taxable","19":"shipping-taxable","20":"purchasable","21":"product-type-simple"},"yoast_head":"<!-- This site is optimized with the Yoast SEO Premium plugin v26.0 (Yoast SEO v27.4) - https:\/\/yoast.com\/product\/yoast-seo-premium-wordpress\/ -->\n<title>Nederland 10 Gulden 1898 Wilhelmina (AU details)<\/title>\n<meta name=\"description\" content=\"Nederland 10 Gulden 1898 Wilhelmina (AU details). Het gouden inhuldigings tientje van Wilhelmina. Nu verkrijgbaar bij David-coin.\" \/>\n<meta name=\"robots\" content=\"noindex, follow, max-snippet:-1, max-image-preview:large, max-video-preview:-1\" \/>\n<meta property=\"og:locale\" content=\"fr_FR\" \/>\n<meta property=\"og:type\" content=\"article\" \/>\n<meta property=\"og:title\" content=\"Nederland 10 Gulden 1898 Wilhelmina (AU details)\" \/>\n<meta property=\"og:description\" content=\"Nederland 10 Gulden 1898 Wilhelmina (AU details). Het gouden inhuldigings tientje van Wilhelmina. Nu verkrijgbaar bij David-coin.\" \/>\n<meta property=\"og:url\" content=\"https:\/\/dev.david-coin.com\/fr\/produit\/nederland-10-gulden-1898-wilhelmina-2\/\" \/>\n<meta property=\"og:site_name\" content=\"David Coin\" \/>\n<meta property=\"article:publisher\" content=\"https:\/\/www.facebook.com\/Davidcoininkoopenverkoop\" \/>\n<meta property=\"article:modified_time\" content=\"2025-08-04T10:48:35+00:00\" \/>\n<meta property=\"og:image\" content=\"https:\/\/dev.david-coin.com\/wp-content\/uploads\/2024\/11\/Nederland-10gulden-1898-az-.jpg\" \/>\n\t<meta property=\"og:image:width\" content=\"819\" \/>\n\t<meta property=\"og:image:height\" content=\"1167\" \/>\n\t<meta property=\"og:image:type\" content=\"image\/jpeg\" \/>\n<meta name=\"twitter:card\" content=\"summary_large_image\" \/>\n<meta name=\"twitter:label1\" content=\"Prix\" \/>\n\t<meta name=\"twitter:data1\" content=\"&euro;&nbsp;759,95\" \/>\n\t<meta name=\"twitter:label2\" content=\"Disponibilit\u00e9\" \/>\n\t<meta name=\"twitter:data2\" content=\"En stock\" \/>\n<script type=\"application\/ld+json\" class=\"yoast-schema-graph\">{\"@context\":\"https:\\\/\\\/schema.org\",\"@graph\":[{\"@type\":\"WebPage\",\"@id\":\"https:\\\/\\\/dev.david-coin.com\\\/product\\\/nederland-10-gulden-1898-wilhelmina-2\\\/\",\"url\":\"https:\\\/\\\/dev.david-coin.com\\\/product\\\/nederland-10-gulden-1898-wilhelmina-2\\\/\",\"name\":\"Nederland 10 Gulden 1898 Wilhelmina (AU details)\",\"isPartOf\":{\"@id\":\"https:\\\/\\\/dev.david-coin.com\\\/#website\"},\"primaryImageOfPage\":{\"@id\":\"https:\\\/\\\/dev.david-coin.com\\\/product\\\/nederland-10-gulden-1898-wilhelmina-2\\\/#primaryimage\"},\"image\":{\"@id\":\"https:\\\/\\\/dev.david-coin.com\\\/product\\\/nederland-10-gulden-1898-wilhelmina-2\\\/#primaryimage\"},\"thumbnailUrl\":\"https:\\\/\\\/dev.david-coin.com\\\/wp-content\\\/uploads\\\/2024\\\/11\\\/Nederland-10gulden-1898-az-.jpg\",\"datePublished\":\"2024-11-09T04:01:29+00:00\",\"dateModified\":\"2025-08-04T10:48:35+00:00\",\"description\":\"Nederland 10 Gulden 1898 Wilhelmina (AU details). Het gouden inhuldigings tientje van Wilhelmina. Nu verkrijgbaar bij David-coin.\",\"breadcrumb\":{\"@id\":\"https:\\\/\\\/dev.david-coin.com\\\/product\\\/nederland-10-gulden-1898-wilhelmina-2\\\/#breadcrumb\"},\"inLanguage\":\"fr-FR\",\"potentialAction\":[{\"@type\":\"ReadAction\",\"target\":[\"https:\\\/\\\/dev.david-coin.com\\\/product\\\/nederland-10-gulden-1898-wilhelmina-2\\\/\"]}]},{\"@type\":\"ImageObject\",\"inLanguage\":\"fr-FR\",\"@id\":\"https:\\\/\\\/dev.david-coin.com\\\/product\\\/nederland-10-gulden-1898-wilhelmina-2\\\/#primaryimage\",\"url\":\"https:\\\/\\\/dev.david-coin.com\\\/wp-content\\\/uploads\\\/2024\\\/11\\\/Nederland-10gulden-1898-az-.jpg\",\"contentUrl\":\"https:\\\/\\\/dev.david-coin.com\\\/wp-content\\\/uploads\\\/2024\\\/11\\\/Nederland-10gulden-1898-az-.jpg\",\"width\":819,\"height\":1167,\"caption\":\"Nederland 10 Gulden 1898 Wilhelmina (AU details)\"},{\"@type\":\"BreadcrumbList\",\"@id\":\"https:\\\/\\\/dev.david-coin.com\\\/product\\\/nederland-10-gulden-1898-wilhelmina-2\\\/#breadcrumb\",\"itemListElement\":[{\"@type\":\"ListItem\",\"position\":1,\"name\":\"Home\",\"item\":\"https:\\\/\\\/dev.david-coin.com\\\/\"},{\"@type\":\"ListItem\",\"position\":2,\"name\":\"Winkel\",\"item\":\"https:\\\/\\\/dev.david-coin.com\\\/winkel\\\/\"},{\"@type\":\"ListItem\",\"position\":3,\"name\":\"Nederland 10 Gulden 1898 Wilhelmina (AU details)\"}]},{\"@type\":\"WebSite\",\"@id\":\"https:\\\/\\\/dev.david-coin.com\\\/#website\",\"url\":\"https:\\\/\\\/dev.david-coin.com\\\/\",\"name\":\"David Coin\",\"description\":\"\",\"publisher\":{\"@id\":\"https:\\\/\\\/dev.david-coin.com\\\/#organization\"},\"potentialAction\":[{\"@type\":\"SearchAction\",\"target\":{\"@type\":\"EntryPoint\",\"urlTemplate\":\"https:\\\/\\\/dev.david-coin.com\\\/?s={search_term_string}\"},\"query-input\":{\"@type\":\"PropertyValueSpecification\",\"valueRequired\":true,\"valueName\":\"search_term_string\"}}],\"inLanguage\":\"fr-FR\"},{\"@type\":\"Organization\",\"@id\":\"https:\\\/\\\/dev.david-coin.com\\\/#organization\",\"name\":\"David Coin\",\"url\":\"https:\\\/\\\/dev.david-coin.com\\\/\",\"logo\":{\"@type\":\"ImageObject\",\"inLanguage\":\"fr-FR\",\"@id\":\"https:\\\/\\\/dev.david-coin.com\\\/#\\\/schema\\\/logo\\\/image\\\/\",\"url\":\"https:\\\/\\\/dev.david-coin.com\\\/wp-content\\\/uploads\\\/2024\\\/04\\\/davidcoin-logo-final.png\",\"contentUrl\":\"https:\\\/\\\/dev.david-coin.com\\\/wp-content\\\/uploads\\\/2024\\\/04\\\/davidcoin-logo-final.png\",\"width\":800,\"height\":267,\"caption\":\"David Coin\"},\"image\":{\"@id\":\"https:\\\/\\\/dev.david-coin.com\\\/#\\\/schema\\\/logo\\\/image\\\/\"},\"sameAs\":[\"https:\\\/\\\/www.facebook.com\\\/Davidcoininkoopenverkoop\",\"https:\\\/\\\/www.youtube.com\\\/channel\\\/UC39lihLKFSPTff0w6tv0pWQ\"]}]}<\/script>\n<meta property=\"product:price:amount\" content=\"759.95\" \/>\n<meta property=\"product:price:currency\" content=\"EUR\" \/>\n<meta property=\"og:availability\" content=\"instock\" \/>\n<meta property=\"product:availability\" content=\"instock\" \/>\n<meta property=\"product:retailer_item_id\" content=\"15909\" \/>\n<meta property=\"product:condition\" content=\"new\" \/>\n<!-- \/ Yoast SEO Premium plugin. -->","yoast_head_json":{"title":"Pays-Bas 10 florins 1898 Wilhelmina (d\u00e9tails AU)","description":"Nederland 10 Gulden 1898 Wilhelmina (AU details). Het gouden inhuldigings tientje van Wilhelmina. Nu verkrijgbaar bij David-coin.","robots":{"index":"noindex","follow":"follow","max-snippet":"max-snippet:-1","max-image-preview":"max-image-preview:large","max-video-preview":"max-video-preview:-1"},"og_locale":"fr_FR","og_type":"article","og_title":"Nederland 10 Gulden 1898 Wilhelmina (AU details)","og_description":"Nederland 10 Gulden 1898 Wilhelmina (AU details). Het gouden inhuldigings tientje van Wilhelmina. Nu verkrijgbaar bij David-coin.","og_url":"https:\/\/dev.david-coin.com\/fr\/produit\/nederland-10-gulden-1898-wilhelmina-2\/","og_site_name":"David Coin","article_publisher":"https:\/\/www.facebook.com\/Davidcoininkoopenverkoop","article_modified_time":"2025-08-04T10:48:35+00:00","og_image":[{"width":819,"height":1167,"url":"https:\/\/dev.david-coin.com\/wp-content\/uploads\/2024\/11\/Nederland-10gulden-1898-az-.jpg","type":"image\/jpeg"}],"twitter_card":"summary_large_image","twitter_misc":{"Prix":"&euro;&nbsp;759,95","Disponibilit\u00e9":"En stock"},"schema":{"@context":"https:\/\/schema.org","@graph":[{"@type":"WebPage","@id":"https:\/\/dev.david-coin.com\/product\/nederland-10-gulden-1898-wilhelmina-2\/","url":"https:\/\/dev.david-coin.com\/product\/nederland-10-gulden-1898-wilhelmina-2\/","name":"Pays-Bas 10 florins 1898 Wilhelmina (d\u00e9tails AU)","isPartOf":{"@id":"https:\/\/dev.david-coin.com\/#website"},"primaryImageOfPage":{"@id":"https:\/\/dev.david-coin.com\/product\/nederland-10-gulden-1898-wilhelmina-2\/#primaryimage"},"image":{"@id":"https:\/\/dev.david-coin.com\/product\/nederland-10-gulden-1898-wilhelmina-2\/#primaryimage"},"thumbnailUrl":"https:\/\/dev.david-coin.com\/wp-content\/uploads\/2024\/11\/Nederland-10gulden-1898-az-.jpg","datePublished":"2024-11-09T04:01:29+00:00","dateModified":"2025-08-04T10:48:35+00:00","description":"Nederland 10 Gulden 1898 Wilhelmina (AU details). Het gouden inhuldigings tientje van Wilhelmina. Nu verkrijgbaar bij David-coin.","breadcrumb":{"@id":"https:\/\/dev.david-coin.com\/product\/nederland-10-gulden-1898-wilhelmina-2\/#breadcrumb"},"inLanguage":"fr-FR","potentialAction":[{"@type":"ReadAction","target":["https:\/\/dev.david-coin.com\/product\/nederland-10-gulden-1898-wilhelmina-2\/"]}]},{"@type":"ImageObject","inLanguage":"fr-FR","@id":"https:\/\/dev.david-coin.com\/product\/nederland-10-gulden-1898-wilhelmina-2\/#primaryimage","url":"https:\/\/dev.david-coin.com\/wp-content\/uploads\/2024\/11\/Nederland-10gulden-1898-az-.jpg","contentUrl":"https:\/\/dev.david-coin.com\/wp-content\/uploads\/2024\/11\/Nederland-10gulden-1898-az-.jpg","width":819,"height":1167,"caption":"Nederland 10 Gulden 1898 Wilhelmina (AU details)"},{"@type":"BreadcrumbList","@id":"https:\/\/dev.david-coin.com\/product\/nederland-10-gulden-1898-wilhelmina-2\/#breadcrumb","itemListElement":[{"@type":"ListItem","position":1,"name":"Home","item":"https:\/\/dev.david-coin.com\/"},{"@type":"ListItem","position":2,"name":"Winkel","item":"https:\/\/dev.david-coin.com\/winkel\/"},{"@type":"ListItem","position":3,"name":"Nederland 10 Gulden 1898 Wilhelmina (AU details)"}]},{"@type":"WebSite","@id":"https:\/\/dev.david-coin.com\/#website","url":"https:\/\/dev.david-coin.com\/","name":"David Coin","description":"","publisher":{"@id":"https:\/\/dev.david-coin.com\/#organization"},"potentialAction":[{"@type":"SearchAction","target":{"@type":"EntryPoint","urlTemplate":"https:\/\/dev.david-coin.com\/?s={search_term_string}"},"query-input":{"@type":"PropertyValueSpecification","valueRequired":true,"valueName":"search_term_string"}}],"inLanguage":"fr-FR"},{"@type":"Organization","@id":"https:\/\/dev.david-coin.com\/#organization","name":"David Coin","url":"https:\/\/dev.david-coin.com\/","logo":{"@type":"ImageObject","inLanguage":"fr-FR","@id":"https:\/\/dev.david-coin.com\/#\/schema\/logo\/image\/","url":"https:\/\/dev.david-coin.com\/wp-content\/uploads\/2024\/04\/davidcoin-logo-final.png","contentUrl":"https:\/\/dev.david-coin.com\/wp-content\/uploads\/2024\/04\/davidcoin-logo-final.png","width":800,"height":267,"caption":"David Coin"},"image":{"@id":"https:\/\/dev.david-coin.com\/#\/schema\/logo\/image\/"},"sameAs":["https:\/\/www.facebook.com\/Davidcoininkoopenverkoop","https:\/\/www.youtube.com\/channel\/UC39lihLKFSPTff0w6tv0pWQ"]}]},"product_price_amount":"759.95","product_price_currency":"EUR","og_availability":"instock","product_availability":"instock","product_retailer_item_id":"15909","product_condition":"new"},"_links":{"self":[{"href":"https:\/\/dev.david-coin.com\/fr\/wp-json\/wp\/v2\/product\/138592","targetHints":{"allow":["GET"]}}],"collection":[{"href":"https:\/\/dev.david-coin.com\/fr\/wp-json\/wp\/v2\/product"}],"about":[{"href":"https:\/\/dev.david-coin.com\/fr\/wp-json\/wp\/v2\/types\/product"}],"replies":[{"embeddable":true,"href":"https:\/\/dev.david-coin.com\/fr\/wp-json\/wp\/v2\/comments?post=138592"}],"version-history":[{"count":0,"href":"https:\/\/dev.david-coin.com\/fr\/wp-json\/wp\/v2\/product\/138592\/revisions"}],"wp:featuredmedia":[{"embeddable":true,"href":"https:\/\/dev.david-coin.com\/fr\/wp-json\/wp\/v2\/media\/138594"}],"wp:attachment":[{"href":"https:\/\/dev.david-coin.com\/fr\/wp-json\/wp\/v2\/media?parent=138592"}],"wp:term":[{"taxonomy":"product_brand","embeddable":true,"href":"https:\/\/dev.david-coin.com\/fr\/wp-json\/wp\/v2\/product_brand?post=138592"},{"taxonomy":"product_cat","embeddable":true,"href":"https:\/\/dev.david-coin.com\/fr\/wp-json\/wp\/v2\/product_cat?post=138592"},{"taxonomy":"product_tag","embeddable":true,"href":"https:\/\/dev.david-coin.com\/fr\/wp-json\/wp\/v2\/product_tag?post=138592"}],"curies":[{"name":"wp","href":"https:\/\/api.w.org\/{rel}","templated":true}]}}