{"id":136643,"date":"2024-10-08T15:52:55","date_gmt":"2024-10-08T13:52:55","guid":{"rendered":"https:\/\/dev.david-coin.com\/?post_type=product&#038;p=136643"},"modified":"2025-09-19T11:26:26","modified_gmt":"2025-09-19T09:26:26","slug":"speldjes-verzameling","status":"publish","type":"product","link":"https:\/\/dev.david-coin.com\/fr\/produit\/speldjes-verzameling\/","title":{"rendered":"Collection d'\u00e9pingles 170 pi\u00e8ces"},"content":{"rendered":"<p><span style=\"font-size: 12pt;\"><strong>Collection d'\u00e9pingles (170 pi\u00e8ces)\u00a0<\/strong><br \/>\nLivr\u00e9es dans un album de collection rouge. Au total, environ 170 \u00e9pingles diff\u00e9rentes, telles que Pepsi cola, lego, Peugeot, Sisi, Ikiazia hospital, Bruynzeel, Lassie, football, Hero, Jamin, Daf, BMW et bien d'autres marques ou th\u00e8mes.<\/span><\/p>\n<p><span style=\"font-size: 12pt;\">Les \u00e9pingles sont d'une qualit\u00e9 irr\u00e9prochable.<\/span><\/p>\n<p><span style=\"font-size: 12pt;\">Voir les scans pour une impression.\u00a0<\/span><br \/>\n<span style=\"font-size: 12pt;\">Pour toute question, n'h\u00e9sitez pas \u00e0 nous envoyer un message.<\/span><\/p>","protected":false},"excerpt":{"rendered":"<p>Collection de 170 \u00e9pingles diff\u00e9rentes de marques et de th\u00e8mes vari\u00e9s.<\/p>","protected":false},"featured_media":136644,"comment_status":"closed","ping_status":"closed","template":"","meta":[],"product_brand":[],"product_cat":[5517,5608],"product_tag":[],"class_list":{"0":"post-136643","1":"product","2":"type-product","3":"status-publish","4":"has-post-thumbnail","6":"product_cat-aanbiedingen-munten-bankbiljetten","7":"product_cat-munten-verzameling","8":"pa_delcampeid-5269","9":"pa_kwaliteit-divers","10":"pa_land-diverselanden","11":"pa_muntwaarde-set","12":"pa_soort-verzameling","14":"first","15":"instock","16":"sale","17":"taxable","18":"shipping-taxable","19":"purchasable","20":"product-type-simple"},"yoast_head":"<!-- This site is optimized with the Yoast SEO Premium plugin v26.0 (Yoast SEO v27.5) - https:\/\/yoast.com\/product\/yoast-seo-premium-wordpress\/ -->\n<title>Speldjes verzameling 170 stuks<\/title>\n<meta name=\"description\" content=\"Speldjes verzameling met 170 stuks verschillende. Tevens vele andere verzamelitems beschikbaar. Gratis verzending vanaf \u20ac75,- binnen Nederland.\" \/>\n<meta name=\"robots\" content=\"noindex, follow, max-snippet:-1, max-image-preview:large, max-video-preview:-1\" \/>\n<meta property=\"og:locale\" content=\"fr_FR\" \/>\n<meta property=\"og:type\" content=\"article\" \/>\n<meta property=\"og:title\" content=\"Speldjes verzameling 170 stuks\" \/>\n<meta property=\"og:description\" content=\"Speldjes verzameling met 170 stuks verschillende. Tevens vele andere verzamelitems beschikbaar. Gratis verzending vanaf \u20ac75,- binnen Nederland.\" \/>\n<meta property=\"og:url\" content=\"https:\/\/dev.david-coin.com\/fr\/produit\/speldjes-verzameling\/\" \/>\n<meta property=\"og:site_name\" content=\"David Coin\" \/>\n<meta property=\"article:publisher\" content=\"https:\/\/www.facebook.com\/Davidcoininkoopenverkoop\" \/>\n<meta property=\"article:modified_time\" content=\"2025-09-19T09:26:26+00:00\" \/>\n<meta property=\"og:image\" content=\"https:\/\/dev.david-coin.com\/wp-content\/uploads\/2024\/10\/Speldjes-verzameling-2.jpg\" \/>\n\t<meta property=\"og:image:width\" content=\"828\" \/>\n\t<meta property=\"og:image:height\" content=\"621\" \/>\n\t<meta property=\"og:image:type\" content=\"image\/jpeg\" \/>\n<meta name=\"twitter:card\" content=\"summary_large_image\" \/>\n<meta name=\"twitter:label1\" content=\"Prix\" \/>\n\t<meta name=\"twitter:data1\" content=\"&euro;&nbsp;39,95\" \/>\n\t<meta name=\"twitter:label2\" content=\"Disponibilit\u00e9\" \/>\n\t<meta name=\"twitter:data2\" content=\"En stock\" \/>\n<script type=\"application\/ld+json\" class=\"yoast-schema-graph\">{\"@context\":\"https:\\\/\\\/schema.org\",\"@graph\":[{\"@type\":\"WebPage\",\"@id\":\"https:\\\/\\\/dev.david-coin.com\\\/product\\\/speldjes-verzameling\\\/\",\"url\":\"https:\\\/\\\/dev.david-coin.com\\\/product\\\/speldjes-verzameling\\\/\",\"name\":\"Speldjes verzameling 170 stuks\",\"isPartOf\":{\"@id\":\"https:\\\/\\\/dev.david-coin.com\\\/#website\"},\"primaryImageOfPage\":{\"@id\":\"https:\\\/\\\/dev.david-coin.com\\\/product\\\/speldjes-verzameling\\\/#primaryimage\"},\"image\":{\"@id\":\"https:\\\/\\\/dev.david-coin.com\\\/product\\\/speldjes-verzameling\\\/#primaryimage\"},\"thumbnailUrl\":\"https:\\\/\\\/dev.david-coin.com\\\/wp-content\\\/uploads\\\/2024\\\/10\\\/Speldjes-verzameling-2.jpg\",\"datePublished\":\"2024-10-08T13:52:55+00:00\",\"dateModified\":\"2025-09-19T09:26:26+00:00\",\"description\":\"Speldjes verzameling met 170 stuks verschillende. Tevens vele andere verzamelitems beschikbaar. Gratis verzending vanaf \u20ac75,- binnen Nederland.\",\"breadcrumb\":{\"@id\":\"https:\\\/\\\/dev.david-coin.com\\\/product\\\/speldjes-verzameling\\\/#breadcrumb\"},\"inLanguage\":\"fr-FR\",\"potentialAction\":[{\"@type\":\"ReadAction\",\"target\":[\"https:\\\/\\\/dev.david-coin.com\\\/product\\\/speldjes-verzameling\\\/\"]}]},{\"@type\":\"ImageObject\",\"inLanguage\":\"fr-FR\",\"@id\":\"https:\\\/\\\/dev.david-coin.com\\\/product\\\/speldjes-verzameling\\\/#primaryimage\",\"url\":\"https:\\\/\\\/dev.david-coin.com\\\/wp-content\\\/uploads\\\/2024\\\/10\\\/Speldjes-verzameling-2.jpg\",\"contentUrl\":\"https:\\\/\\\/dev.david-coin.com\\\/wp-content\\\/uploads\\\/2024\\\/10\\\/Speldjes-verzameling-2.jpg\",\"width\":828,\"height\":621,\"caption\":\"Speldjes verzameling\"},{\"@type\":\"BreadcrumbList\",\"@id\":\"https:\\\/\\\/dev.david-coin.com\\\/product\\\/speldjes-verzameling\\\/#breadcrumb\",\"itemListElement\":[{\"@type\":\"ListItem\",\"position\":1,\"name\":\"Home\",\"item\":\"https:\\\/\\\/dev.david-coin.com\\\/\"},{\"@type\":\"ListItem\",\"position\":2,\"name\":\"Winkel\",\"item\":\"https:\\\/\\\/dev.david-coin.com\\\/winkel\\\/\"},{\"@type\":\"ListItem\",\"position\":3,\"name\":\"Speldjes verzameling 170 stuks\"}]},{\"@type\":\"WebSite\",\"@id\":\"https:\\\/\\\/dev.david-coin.com\\\/#website\",\"url\":\"https:\\\/\\\/dev.david-coin.com\\\/\",\"name\":\"David Coin\",\"description\":\"\",\"publisher\":{\"@id\":\"https:\\\/\\\/dev.david-coin.com\\\/#organization\"},\"potentialAction\":[{\"@type\":\"SearchAction\",\"target\":{\"@type\":\"EntryPoint\",\"urlTemplate\":\"https:\\\/\\\/dev.david-coin.com\\\/?s={search_term_string}\"},\"query-input\":{\"@type\":\"PropertyValueSpecification\",\"valueRequired\":true,\"valueName\":\"search_term_string\"}}],\"inLanguage\":\"fr-FR\"},{\"@type\":\"Organization\",\"@id\":\"https:\\\/\\\/dev.david-coin.com\\\/#organization\",\"name\":\"David Coin\",\"url\":\"https:\\\/\\\/dev.david-coin.com\\\/\",\"logo\":{\"@type\":\"ImageObject\",\"inLanguage\":\"fr-FR\",\"@id\":\"https:\\\/\\\/dev.david-coin.com\\\/#\\\/schema\\\/logo\\\/image\\\/\",\"url\":\"https:\\\/\\\/dev.david-coin.com\\\/wp-content\\\/uploads\\\/2024\\\/04\\\/davidcoin-logo-final.png\",\"contentUrl\":\"https:\\\/\\\/dev.david-coin.com\\\/wp-content\\\/uploads\\\/2024\\\/04\\\/davidcoin-logo-final.png\",\"width\":800,\"height\":267,\"caption\":\"David Coin\"},\"image\":{\"@id\":\"https:\\\/\\\/dev.david-coin.com\\\/#\\\/schema\\\/logo\\\/image\\\/\"},\"sameAs\":[\"https:\\\/\\\/www.facebook.com\\\/Davidcoininkoopenverkoop\",\"https:\\\/\\\/www.youtube.com\\\/channel\\\/UC39lihLKFSPTff0w6tv0pWQ\"]}]}<\/script>\n<meta property=\"product:price:amount\" content=\"39.95\" \/>\n<meta property=\"product:price:currency\" content=\"EUR\" \/>\n<meta property=\"og:availability\" content=\"instock\" \/>\n<meta property=\"product:availability\" content=\"instock\" \/>\n<meta property=\"product:retailer_item_id\" content=\"18026\" \/>\n<meta property=\"product:condition\" content=\"new\" \/>\n<!-- \/ Yoast SEO Premium plugin. -->","yoast_head_json":{"title":"Collection d'\u00e9pingles 170 pi\u00e8ces","description":"Speldjes verzameling met 170 stuks verschillende. Tevens vele andere verzamelitems beschikbaar. Gratis verzending vanaf \u20ac75,- binnen Nederland.","robots":{"index":"noindex","follow":"follow","max-snippet":"max-snippet:-1","max-image-preview":"max-image-preview:large","max-video-preview":"max-video-preview:-1"},"og_locale":"fr_FR","og_type":"article","og_title":"Speldjes verzameling 170 stuks","og_description":"Speldjes verzameling met 170 stuks verschillende. Tevens vele andere verzamelitems beschikbaar. Gratis verzending vanaf \u20ac75,- binnen Nederland.","og_url":"https:\/\/dev.david-coin.com\/fr\/produit\/speldjes-verzameling\/","og_site_name":"David Coin","article_publisher":"https:\/\/www.facebook.com\/Davidcoininkoopenverkoop","article_modified_time":"2025-09-19T09:26:26+00:00","og_image":[{"width":828,"height":621,"url":"https:\/\/dev.david-coin.com\/wp-content\/uploads\/2024\/10\/Speldjes-verzameling-2.jpg","type":"image\/jpeg"}],"twitter_card":"summary_large_image","twitter_misc":{"Prix":"&euro;&nbsp;39,95","Disponibilit\u00e9":"En stock"},"schema":{"@context":"https:\/\/schema.org","@graph":[{"@type":"WebPage","@id":"https:\/\/dev.david-coin.com\/product\/speldjes-verzameling\/","url":"https:\/\/dev.david-coin.com\/product\/speldjes-verzameling\/","name":"Collection d'\u00e9pingles 170 pi\u00e8ces","isPartOf":{"@id":"https:\/\/dev.david-coin.com\/#website"},"primaryImageOfPage":{"@id":"https:\/\/dev.david-coin.com\/product\/speldjes-verzameling\/#primaryimage"},"image":{"@id":"https:\/\/dev.david-coin.com\/product\/speldjes-verzameling\/#primaryimage"},"thumbnailUrl":"https:\/\/dev.david-coin.com\/wp-content\/uploads\/2024\/10\/Speldjes-verzameling-2.jpg","datePublished":"2024-10-08T13:52:55+00:00","dateModified":"2025-09-19T09:26:26+00:00","description":"Speldjes verzameling met 170 stuks verschillende. Tevens vele andere verzamelitems beschikbaar. Gratis verzending vanaf \u20ac75,- binnen Nederland.","breadcrumb":{"@id":"https:\/\/dev.david-coin.com\/product\/speldjes-verzameling\/#breadcrumb"},"inLanguage":"fr-FR","potentialAction":[{"@type":"ReadAction","target":["https:\/\/dev.david-coin.com\/product\/speldjes-verzameling\/"]}]},{"@type":"ImageObject","inLanguage":"fr-FR","@id":"https:\/\/dev.david-coin.com\/product\/speldjes-verzameling\/#primaryimage","url":"https:\/\/dev.david-coin.com\/wp-content\/uploads\/2024\/10\/Speldjes-verzameling-2.jpg","contentUrl":"https:\/\/dev.david-coin.com\/wp-content\/uploads\/2024\/10\/Speldjes-verzameling-2.jpg","width":828,"height":621,"caption":"Speldjes verzameling"},{"@type":"BreadcrumbList","@id":"https:\/\/dev.david-coin.com\/product\/speldjes-verzameling\/#breadcrumb","itemListElement":[{"@type":"ListItem","position":1,"name":"Home","item":"https:\/\/dev.david-coin.com\/"},{"@type":"ListItem","position":2,"name":"Winkel","item":"https:\/\/dev.david-coin.com\/winkel\/"},{"@type":"ListItem","position":3,"name":"Speldjes verzameling 170 stuks"}]},{"@type":"WebSite","@id":"https:\/\/dev.david-coin.com\/#website","url":"https:\/\/dev.david-coin.com\/","name":"David Coin","description":"","publisher":{"@id":"https:\/\/dev.david-coin.com\/#organization"},"potentialAction":[{"@type":"SearchAction","target":{"@type":"EntryPoint","urlTemplate":"https:\/\/dev.david-coin.com\/?s={search_term_string}"},"query-input":{"@type":"PropertyValueSpecification","valueRequired":true,"valueName":"search_term_string"}}],"inLanguage":"fr-FR"},{"@type":"Organization","@id":"https:\/\/dev.david-coin.com\/#organization","name":"David Coin","url":"https:\/\/dev.david-coin.com\/","logo":{"@type":"ImageObject","inLanguage":"fr-FR","@id":"https:\/\/dev.david-coin.com\/#\/schema\/logo\/image\/","url":"https:\/\/dev.david-coin.com\/wp-content\/uploads\/2024\/04\/davidcoin-logo-final.png","contentUrl":"https:\/\/dev.david-coin.com\/wp-content\/uploads\/2024\/04\/davidcoin-logo-final.png","width":800,"height":267,"caption":"David Coin"},"image":{"@id":"https:\/\/dev.david-coin.com\/#\/schema\/logo\/image\/"},"sameAs":["https:\/\/www.facebook.com\/Davidcoininkoopenverkoop","https:\/\/www.youtube.com\/channel\/UC39lihLKFSPTff0w6tv0pWQ"]}]},"product_price_amount":"39.95","product_price_currency":"EUR","og_availability":"instock","product_availability":"instock","product_retailer_item_id":"18026","product_condition":"new"},"_links":{"self":[{"href":"https:\/\/dev.david-coin.com\/fr\/wp-json\/wp\/v2\/product\/136643","targetHints":{"allow":["GET"]}}],"collection":[{"href":"https:\/\/dev.david-coin.com\/fr\/wp-json\/wp\/v2\/product"}],"about":[{"href":"https:\/\/dev.david-coin.com\/fr\/wp-json\/wp\/v2\/types\/product"}],"replies":[{"embeddable":true,"href":"https:\/\/dev.david-coin.com\/fr\/wp-json\/wp\/v2\/comments?post=136643"}],"version-history":[{"count":0,"href":"https:\/\/dev.david-coin.com\/fr\/wp-json\/wp\/v2\/product\/136643\/revisions"}],"wp:featuredmedia":[{"embeddable":true,"href":"https:\/\/dev.david-coin.com\/fr\/wp-json\/wp\/v2\/media\/136644"}],"wp:attachment":[{"href":"https:\/\/dev.david-coin.com\/fr\/wp-json\/wp\/v2\/media?parent=136643"}],"wp:term":[{"taxonomy":"product_brand","embeddable":true,"href":"https:\/\/dev.david-coin.com\/fr\/wp-json\/wp\/v2\/product_brand?post=136643"},{"taxonomy":"product_cat","embeddable":true,"href":"https:\/\/dev.david-coin.com\/fr\/wp-json\/wp\/v2\/product_cat?post=136643"},{"taxonomy":"product_tag","embeddable":true,"href":"https:\/\/dev.david-coin.com\/fr\/wp-json\/wp\/v2\/product_tag?post=136643"}],"curies":[{"name":"wp","href":"https:\/\/api.w.org\/{rel}","templated":true}]}}