{"id":127825,"date":"2024-05-02T11:13:14","date_gmt":"2024-05-02T09:13:14","guid":{"rendered":"https:\/\/dev.david-coin.com\/?post_type=product&#038;p=127825"},"modified":"2025-06-06T11:22:31","modified_gmt":"2025-06-06T09:22:31","slug":"ierland-bu-setje-euro-2018-mythes-legendes","status":"publish","type":"product","link":"https:\/\/dev.david-coin.com\/fr\/produit\/ierland-bu-setje-euro-2018-mythes-legendes\/","title":{"rendered":"Ierland BU setje euro 2018 Mythes &#038; legendes"},"content":{"rendered":"<p>Ierland BU setje euro 2018 Mythes &amp; legendes<br \/>\n<span style=\"font-size: 12pt;\"> La s\u00e9rie contient les pi\u00e8ces suivantes en qualit\u00e9 BU : <\/span><\/p>\n<p><span style=\"font-size: 12pt;\"> -1 centime d'euro <\/span><br \/>\n<span style=\"font-size: 12pt;\"> -2 centimes d'euro <\/span><br \/>\n<span style=\"font-size: 12pt;\"> -5 centimes d'euro <\/span><br \/>\n<span style=\"font-size: 12pt;\"> -10 centimes d'euro <\/span><br \/>\n<span style=\"font-size: 12pt;\"> -20 centimes d'euro <\/span><br \/>\n<span style=\"font-size: 12pt;\"> -50 centimes d'euro <\/span><br \/>\n<span style=\"font-size: 12pt;\"> -1 Euro <\/span><br \/>\n<span style=\"font-size: 12pt;\"> -2 euros<br \/>\n<\/span><br \/>\n<span style=\"font-size: 12pt;\"> Voir les scans pour plus de d\u00e9tails. <\/span><br \/>\n<span style=\"font-size: 12pt;\"> Pour toute question, n'h\u00e9sitez pas \u00e0 nous envoyer un message.<\/span><\/p>","protected":false},"excerpt":{"rendered":"<p>Ierland BU setje euro 2018 Mythes &amp; legendes De set bevat de volgende munten in BU kwaliteit: -1 eurocent -2 eurocent -5 eurocent -10 eurocent -20 eurocent -50 eurocent -1 Euro -2 Euro Zie scans voor meer details. Voor vragen, stuur ons gerust een bericht.<\/p>","protected":false},"featured_media":127828,"comment_status":"closed","ping_status":"closed","template":"","meta":[],"product_brand":[],"product_cat":[5478,5622],"product_tag":[],"class_list":{"0":"post-127825","1":"product","2":"type-product","3":"status-publish","4":"has-post-thumbnail","6":"product_cat-zeldzame-euromunten","7":"product_cat-fdc-en-bu-sets-eurolanden","8":"pa_land-ierland","9":"pa_muntwaarde-set","11":"first","12":"outofstock","13":"taxable","14":"shipping-taxable","15":"purchasable","16":"product-type-simple"},"yoast_head":"<!-- This site is optimized with the Yoast SEO Premium plugin v26.0 (Yoast SEO v27.4) - https:\/\/yoast.com\/product\/yoast-seo-premium-wordpress\/ -->\n<title>Ierland BU setje euro 2018 Mythes &amp; legendes<\/title>\n<meta name=\"description\" content=\"Bu jaarsets met euromunten verkrijgbaar bij David-coin. Bekijk nu ons complete aanbod euromunten. Gratis verzending binnen Nederland vanaf 75 euro.\" \/>\n<meta name=\"robots\" content=\"noindex, follow, max-snippet:-1, max-image-preview:large, max-video-preview:-1\" \/>\n<meta property=\"og:locale\" content=\"fr_FR\" \/>\n<meta property=\"og:type\" content=\"article\" \/>\n<meta property=\"og:title\" content=\"Ierland BU setje euro 2018 Mythes &amp; legendes\" \/>\n<meta property=\"og:description\" content=\"Bu jaarsets met euromunten verkrijgbaar bij David-coin. Bekijk nu ons complete aanbod euromunten. Gratis verzending binnen Nederland vanaf 75 euro.\" \/>\n<meta property=\"og:url\" content=\"https:\/\/dev.david-coin.com\/fr\/produit\/ierland-bu-setje-euro-2018-mythes-legendes\/\" \/>\n<meta property=\"og:site_name\" content=\"David Coin\" \/>\n<meta property=\"article:publisher\" content=\"https:\/\/www.facebook.com\/Davidcoininkoopenverkoop\" \/>\n<meta property=\"article:modified_time\" content=\"2025-06-06T09:22:31+00:00\" \/>\n<meta property=\"og:image\" content=\"https:\/\/dev.david-coin.com\/wp-content\/uploads\/2024\/05\/ierlandmythslegends2018-scaled.jpg\" \/>\n\t<meta property=\"og:image:width\" content=\"1600\" \/>\n\t<meta property=\"og:image:height\" content=\"727\" \/>\n\t<meta property=\"og:image:type\" content=\"image\/jpeg\" \/>\n<meta name=\"twitter:card\" content=\"summary_large_image\" \/>\n<meta name=\"twitter:label1\" content=\"Prix\" \/>\n\t<meta name=\"twitter:data1\" content=\"&euro;&nbsp;174,95\" \/>\n\t<meta name=\"twitter:label2\" content=\"Disponibilit\u00e9\" \/>\n\t<meta name=\"twitter:data2\" content=\"Rupture de stock\" \/>\n<script type=\"application\/ld+json\" class=\"yoast-schema-graph\">{\"@context\":\"https:\\\/\\\/schema.org\",\"@graph\":[{\"@type\":\"WebPage\",\"@id\":\"https:\\\/\\\/dev.david-coin.com\\\/product\\\/ierland-bu-setje-euro-2018-mythes-legendes\\\/\",\"url\":\"https:\\\/\\\/dev.david-coin.com\\\/product\\\/ierland-bu-setje-euro-2018-mythes-legendes\\\/\",\"name\":\"Ierland BU setje euro 2018 Mythes & legendes\",\"isPartOf\":{\"@id\":\"https:\\\/\\\/dev.david-coin.com\\\/#website\"},\"primaryImageOfPage\":{\"@id\":\"https:\\\/\\\/dev.david-coin.com\\\/product\\\/ierland-bu-setje-euro-2018-mythes-legendes\\\/#primaryimage\"},\"image\":{\"@id\":\"https:\\\/\\\/dev.david-coin.com\\\/product\\\/ierland-bu-setje-euro-2018-mythes-legendes\\\/#primaryimage\"},\"thumbnailUrl\":\"https:\\\/\\\/dev.david-coin.com\\\/wp-content\\\/uploads\\\/2024\\\/05\\\/ierlandmythslegends2018-scaled.jpg\",\"datePublished\":\"2024-05-02T09:13:14+00:00\",\"dateModified\":\"2025-06-06T09:22:31+00:00\",\"description\":\"Bu jaarsets met euromunten verkrijgbaar bij David-coin. Bekijk nu ons complete aanbod euromunten. Gratis verzending binnen Nederland vanaf 75 euro.\",\"breadcrumb\":{\"@id\":\"https:\\\/\\\/dev.david-coin.com\\\/product\\\/ierland-bu-setje-euro-2018-mythes-legendes\\\/#breadcrumb\"},\"inLanguage\":\"fr-FR\",\"potentialAction\":[{\"@type\":\"ReadAction\",\"target\":[\"https:\\\/\\\/dev.david-coin.com\\\/product\\\/ierland-bu-setje-euro-2018-mythes-legendes\\\/\"]}]},{\"@type\":\"ImageObject\",\"inLanguage\":\"fr-FR\",\"@id\":\"https:\\\/\\\/dev.david-coin.com\\\/product\\\/ierland-bu-setje-euro-2018-mythes-legendes\\\/#primaryimage\",\"url\":\"https:\\\/\\\/dev.david-coin.com\\\/wp-content\\\/uploads\\\/2024\\\/05\\\/ierlandmythslegends2018-scaled.jpg\",\"contentUrl\":\"https:\\\/\\\/dev.david-coin.com\\\/wp-content\\\/uploads\\\/2024\\\/05\\\/ierlandmythslegends2018-scaled.jpg\",\"width\":1600,\"height\":727},{\"@type\":\"BreadcrumbList\",\"@id\":\"https:\\\/\\\/dev.david-coin.com\\\/product\\\/ierland-bu-setje-euro-2018-mythes-legendes\\\/#breadcrumb\",\"itemListElement\":[{\"@type\":\"ListItem\",\"position\":1,\"name\":\"Home\",\"item\":\"https:\\\/\\\/dev.david-coin.com\\\/\"},{\"@type\":\"ListItem\",\"position\":2,\"name\":\"Winkel\",\"item\":\"https:\\\/\\\/dev.david-coin.com\\\/winkel\\\/\"},{\"@type\":\"ListItem\",\"position\":3,\"name\":\"Ierland BU setje euro 2018 Mythes &#038; legendes\"}]},{\"@type\":\"WebSite\",\"@id\":\"https:\\\/\\\/dev.david-coin.com\\\/#website\",\"url\":\"https:\\\/\\\/dev.david-coin.com\\\/\",\"name\":\"David Coin\",\"description\":\"\",\"publisher\":{\"@id\":\"https:\\\/\\\/dev.david-coin.com\\\/#organization\"},\"potentialAction\":[{\"@type\":\"SearchAction\",\"target\":{\"@type\":\"EntryPoint\",\"urlTemplate\":\"https:\\\/\\\/dev.david-coin.com\\\/?s={search_term_string}\"},\"query-input\":{\"@type\":\"PropertyValueSpecification\",\"valueRequired\":true,\"valueName\":\"search_term_string\"}}],\"inLanguage\":\"fr-FR\"},{\"@type\":\"Organization\",\"@id\":\"https:\\\/\\\/dev.david-coin.com\\\/#organization\",\"name\":\"David Coin\",\"url\":\"https:\\\/\\\/dev.david-coin.com\\\/\",\"logo\":{\"@type\":\"ImageObject\",\"inLanguage\":\"fr-FR\",\"@id\":\"https:\\\/\\\/dev.david-coin.com\\\/#\\\/schema\\\/logo\\\/image\\\/\",\"url\":\"https:\\\/\\\/dev.david-coin.com\\\/wp-content\\\/uploads\\\/2024\\\/04\\\/davidcoin-logo-final.png\",\"contentUrl\":\"https:\\\/\\\/dev.david-coin.com\\\/wp-content\\\/uploads\\\/2024\\\/04\\\/davidcoin-logo-final.png\",\"width\":800,\"height\":267,\"caption\":\"David Coin\"},\"image\":{\"@id\":\"https:\\\/\\\/dev.david-coin.com\\\/#\\\/schema\\\/logo\\\/image\\\/\"},\"sameAs\":[\"https:\\\/\\\/www.facebook.com\\\/Davidcoininkoopenverkoop\",\"https:\\\/\\\/www.youtube.com\\\/channel\\\/UC39lihLKFSPTff0w6tv0pWQ\"]}]}<\/script>\n<meta property=\"product:price:amount\" content=\"174.95\" \/>\n<meta property=\"product:price:currency\" content=\"EUR\" \/>\n<meta property=\"og:availability\" content=\"out of stock\" \/>\n<meta property=\"product:availability\" content=\"out of stock\" \/>\n<meta property=\"product:retailer_item_id\" content=\"8682\" \/>\n<meta property=\"product:condition\" content=\"new\" \/>\n<!-- \/ Yoast SEO Premium plugin. -->","yoast_head_json":{"title":"Ierland BU setje euro 2018 Mythes & legendes","description":"Bu jaarsets met euromunten verkrijgbaar bij David-coin. Bekijk nu ons complete aanbod euromunten. Gratis verzending binnen Nederland vanaf 75 euro.","robots":{"index":"noindex","follow":"follow","max-snippet":"max-snippet:-1","max-image-preview":"max-image-preview:large","max-video-preview":"max-video-preview:-1"},"og_locale":"fr_FR","og_type":"article","og_title":"Ierland BU setje euro 2018 Mythes & legendes","og_description":"Bu jaarsets met euromunten verkrijgbaar bij David-coin. Bekijk nu ons complete aanbod euromunten. Gratis verzending binnen Nederland vanaf 75 euro.","og_url":"https:\/\/dev.david-coin.com\/fr\/produit\/ierland-bu-setje-euro-2018-mythes-legendes\/","og_site_name":"David Coin","article_publisher":"https:\/\/www.facebook.com\/Davidcoininkoopenverkoop","article_modified_time":"2025-06-06T09:22:31+00:00","og_image":[{"width":1600,"height":727,"url":"https:\/\/dev.david-coin.com\/wp-content\/uploads\/2024\/05\/ierlandmythslegends2018-scaled.jpg","type":"image\/jpeg"}],"twitter_card":"summary_large_image","twitter_misc":{"Prix":"&euro;&nbsp;174,95","Disponibilit\u00e9":"Rupture de stock"},"schema":{"@context":"https:\/\/schema.org","@graph":[{"@type":"WebPage","@id":"https:\/\/dev.david-coin.com\/product\/ierland-bu-setje-euro-2018-mythes-legendes\/","url":"https:\/\/dev.david-coin.com\/product\/ierland-bu-setje-euro-2018-mythes-legendes\/","name":"Ierland BU setje euro 2018 Mythes & legendes","isPartOf":{"@id":"https:\/\/dev.david-coin.com\/#website"},"primaryImageOfPage":{"@id":"https:\/\/dev.david-coin.com\/product\/ierland-bu-setje-euro-2018-mythes-legendes\/#primaryimage"},"image":{"@id":"https:\/\/dev.david-coin.com\/product\/ierland-bu-setje-euro-2018-mythes-legendes\/#primaryimage"},"thumbnailUrl":"https:\/\/dev.david-coin.com\/wp-content\/uploads\/2024\/05\/ierlandmythslegends2018-scaled.jpg","datePublished":"2024-05-02T09:13:14+00:00","dateModified":"2025-06-06T09:22:31+00:00","description":"Bu jaarsets met euromunten verkrijgbaar bij David-coin. Bekijk nu ons complete aanbod euromunten. Gratis verzending binnen Nederland vanaf 75 euro.","breadcrumb":{"@id":"https:\/\/dev.david-coin.com\/product\/ierland-bu-setje-euro-2018-mythes-legendes\/#breadcrumb"},"inLanguage":"fr-FR","potentialAction":[{"@type":"ReadAction","target":["https:\/\/dev.david-coin.com\/product\/ierland-bu-setje-euro-2018-mythes-legendes\/"]}]},{"@type":"ImageObject","inLanguage":"fr-FR","@id":"https:\/\/dev.david-coin.com\/product\/ierland-bu-setje-euro-2018-mythes-legendes\/#primaryimage","url":"https:\/\/dev.david-coin.com\/wp-content\/uploads\/2024\/05\/ierlandmythslegends2018-scaled.jpg","contentUrl":"https:\/\/dev.david-coin.com\/wp-content\/uploads\/2024\/05\/ierlandmythslegends2018-scaled.jpg","width":1600,"height":727},{"@type":"BreadcrumbList","@id":"https:\/\/dev.david-coin.com\/product\/ierland-bu-setje-euro-2018-mythes-legendes\/#breadcrumb","itemListElement":[{"@type":"ListItem","position":1,"name":"Home","item":"https:\/\/dev.david-coin.com\/"},{"@type":"ListItem","position":2,"name":"Winkel","item":"https:\/\/dev.david-coin.com\/winkel\/"},{"@type":"ListItem","position":3,"name":"Ierland BU setje euro 2018 Mythes &#038; legendes"}]},{"@type":"WebSite","@id":"https:\/\/dev.david-coin.com\/#website","url":"https:\/\/dev.david-coin.com\/","name":"David Coin","description":"","publisher":{"@id":"https:\/\/dev.david-coin.com\/#organization"},"potentialAction":[{"@type":"SearchAction","target":{"@type":"EntryPoint","urlTemplate":"https:\/\/dev.david-coin.com\/?s={search_term_string}"},"query-input":{"@type":"PropertyValueSpecification","valueRequired":true,"valueName":"search_term_string"}}],"inLanguage":"fr-FR"},{"@type":"Organization","@id":"https:\/\/dev.david-coin.com\/#organization","name":"David Coin","url":"https:\/\/dev.david-coin.com\/","logo":{"@type":"ImageObject","inLanguage":"fr-FR","@id":"https:\/\/dev.david-coin.com\/#\/schema\/logo\/image\/","url":"https:\/\/dev.david-coin.com\/wp-content\/uploads\/2024\/04\/davidcoin-logo-final.png","contentUrl":"https:\/\/dev.david-coin.com\/wp-content\/uploads\/2024\/04\/davidcoin-logo-final.png","width":800,"height":267,"caption":"David Coin"},"image":{"@id":"https:\/\/dev.david-coin.com\/#\/schema\/logo\/image\/"},"sameAs":["https:\/\/www.facebook.com\/Davidcoininkoopenverkoop","https:\/\/www.youtube.com\/channel\/UC39lihLKFSPTff0w6tv0pWQ"]}]},"product_price_amount":"174.95","product_price_currency":"EUR","og_availability":"out of stock","product_availability":"out of stock","product_retailer_item_id":"8682","product_condition":"new"},"_links":{"self":[{"href":"https:\/\/dev.david-coin.com\/fr\/wp-json\/wp\/v2\/product\/127825","targetHints":{"allow":["GET"]}}],"collection":[{"href":"https:\/\/dev.david-coin.com\/fr\/wp-json\/wp\/v2\/product"}],"about":[{"href":"https:\/\/dev.david-coin.com\/fr\/wp-json\/wp\/v2\/types\/product"}],"replies":[{"embeddable":true,"href":"https:\/\/dev.david-coin.com\/fr\/wp-json\/wp\/v2\/comments?post=127825"}],"version-history":[{"count":0,"href":"https:\/\/dev.david-coin.com\/fr\/wp-json\/wp\/v2\/product\/127825\/revisions"}],"wp:featuredmedia":[{"embeddable":true,"href":"https:\/\/dev.david-coin.com\/fr\/wp-json\/wp\/v2\/media\/127828"}],"wp:attachment":[{"href":"https:\/\/dev.david-coin.com\/fr\/wp-json\/wp\/v2\/media?parent=127825"}],"wp:term":[{"taxonomy":"product_brand","embeddable":true,"href":"https:\/\/dev.david-coin.com\/fr\/wp-json\/wp\/v2\/product_brand?post=127825"},{"taxonomy":"product_cat","embeddable":true,"href":"https:\/\/dev.david-coin.com\/fr\/wp-json\/wp\/v2\/product_cat?post=127825"},{"taxonomy":"product_tag","embeddable":true,"href":"https:\/\/dev.david-coin.com\/fr\/wp-json\/wp\/v2\/product_tag?post=127825"}],"curies":[{"name":"wp","href":"https:\/\/api.w.org\/{rel}","templated":true}]}}