{"id":122878,"date":"2024-01-12T13:25:30","date_gmt":"2024-01-12T13:25:30","guid":{"rendered":"https:\/\/dev.david-coin.com\/product\/tetris-1-ounce-2-dollar-2023-geel-zilver\/"},"modified":"2025-07-21T17:08:41","modified_gmt":"2025-07-21T15:08:41","slug":"tetris-1-ounce-2-dollar-2023-geel-zilver","status":"publish","type":"product","link":"https:\/\/dev.david-coin.com\/fr\/produit\/tetris-1-ounce-2-dollar-2023-geel-zilver\/","title":{"rendered":"Tetris 1 ounce 2 dollar 2023 geel-zilver"},"content":{"rendered":"<p><span style=\"font-size: 12pt;\"><strong>Tetris 1 ounce 2 dollar 2023 geel-zilver<\/strong><\/span><br \/><span style=\"font-size: 12pt;\"> Poids : 31,1 grammes <\/span><br \/><span style=\"font-size: 12pt;\"> Essai : 999\/1000<br \/> <\/span><\/p>\n<p><span style=\"font-size: 12pt;\">Le revers pr\u00e9sente les \u00e9l\u00e9ments suivants : logo Tetris, Niue, 1 oz 999 AG, Tetris Holding, 2 Dollars.<br \/>La forme Tetris de l'image est celle que vous recevrez.\u00a0<br \/><\/span><\/p>\n<p><span style=\"font-size: 12pt;\"> Voir les scans pour plus de d\u00e9tails. <\/span><br \/><span style=\"font-size: 12pt;\"> Pour toute question, n'h\u00e9sitez pas \u00e0 nous envoyer un message.<\/span><\/p>","protected":false},"excerpt":{"rendered":"<p>Tetris 1 ounce 2 dollar 2023 geel-zilver Gewicht:31,1 gram Gehalte:999\/1000 Op de achterzijde is het volgende te zien; Tetris logo, Niue, 1 oz 999 AG, Tetris Holding, 2 Dollars.De Tetris vorm van de afbeelding is het exemplaar wat u ontvangt.\u00a0 Zie scans voor meer details. Voor vragen, stuur ons gerust een bericht.<\/p>","protected":false},"featured_media":122876,"comment_status":"closed","ping_status":"closed","template":"","meta":[],"product_brand":[],"product_cat":[5479,5602],"product_tag":[],"class_list":{"0":"post-122878","1":"product","2":"type-product","3":"status-publish","4":"has-post-thumbnail","6":"product_cat-edelmetaal-goud-kopen","7":"product_cat-troy-ounce-munten","8":"pa_kwaliteit-bu","9":"pa_land-niue","10":"pa_materiaal-zilver","11":"pa_muntwaarde-2dollars","13":"first","14":"instock","15":"taxable","16":"shipping-taxable","17":"purchasable","18":"product-type-simple"},"yoast_head":"<!-- This site is optimized with the Yoast SEO Premium plugin v26.0 (Yoast SEO v27.4) - https:\/\/yoast.com\/product\/yoast-seo-premium-wordpress\/ -->\n<title>Tetris 1 ounce 2 dollar 2023 geel-zilver<\/title>\n<meta name=\"description\" content=\"Zilveren troy ounce munten verkrijgbaar bij David-coin. Bekijk nu ons complete aanbod. Gratis verzending binnen Nederland vanaf 75 euro.\" \/>\n<meta name=\"robots\" content=\"noindex, follow, max-snippet:-1, max-image-preview:large, max-video-preview:-1\" \/>\n<meta property=\"og:locale\" content=\"fr_FR\" \/>\n<meta property=\"og:type\" content=\"article\" \/>\n<meta property=\"og:title\" content=\"Tetris 1 ounce 2 dollar 2023 geel-zilver\" \/>\n<meta property=\"og:description\" content=\"Zilveren troy ounce munten verkrijgbaar bij David-coin. Bekijk nu ons complete aanbod. Gratis verzending binnen Nederland vanaf 75 euro.\" \/>\n<meta property=\"og:url\" content=\"https:\/\/dev.david-coin.com\/fr\/produit\/tetris-1-ounce-2-dollar-2023-geel-zilver\/\" \/>\n<meta property=\"og:site_name\" content=\"David Coin\" \/>\n<meta property=\"article:publisher\" content=\"https:\/\/www.facebook.com\/Davidcoininkoopenverkoop\" \/>\n<meta property=\"article:modified_time\" content=\"2025-07-21T15:08:41+00:00\" \/>\n<meta property=\"og:image\" content=\"https:\/\/dev.david-coin.com\/wp-content\/uploads\/2024\/01\/Tetris-ounce-zilver-Niue-2dollars-24.jpg\" \/>\n\t<meta property=\"og:image:width\" content=\"458\" \/>\n\t<meta property=\"og:image:height\" content=\"458\" \/>\n\t<meta property=\"og:image:type\" content=\"image\/jpeg\" \/>\n<meta name=\"twitter:card\" content=\"summary_large_image\" \/>\n<meta name=\"twitter:label1\" content=\"Prix\" \/>\n\t<meta name=\"twitter:data1\" content=\"&euro;&nbsp;49,95\" \/>\n\t<meta name=\"twitter:label2\" content=\"Disponibilit\u00e9\" \/>\n\t<meta name=\"twitter:data2\" content=\"En stock\" \/>\n<script type=\"application\/ld+json\" class=\"yoast-schema-graph\">{\"@context\":\"https:\\\/\\\/schema.org\",\"@graph\":[{\"@type\":\"WebPage\",\"@id\":\"https:\\\/\\\/dev.david-coin.com\\\/product\\\/tetris-1-ounce-2-dollar-2023-geel-zilver\\\/\",\"url\":\"https:\\\/\\\/dev.david-coin.com\\\/product\\\/tetris-1-ounce-2-dollar-2023-geel-zilver\\\/\",\"name\":\"Tetris 1 ounce 2 dollar 2023 geel-zilver\",\"isPartOf\":{\"@id\":\"https:\\\/\\\/dev.david-coin.com\\\/#website\"},\"primaryImageOfPage\":{\"@id\":\"https:\\\/\\\/dev.david-coin.com\\\/product\\\/tetris-1-ounce-2-dollar-2023-geel-zilver\\\/#primaryimage\"},\"image\":{\"@id\":\"https:\\\/\\\/dev.david-coin.com\\\/product\\\/tetris-1-ounce-2-dollar-2023-geel-zilver\\\/#primaryimage\"},\"thumbnailUrl\":\"https:\\\/\\\/dev.david-coin.com\\\/wp-content\\\/uploads\\\/2024\\\/01\\\/Tetris-ounce-zilver-Niue-2dollars-24.jpg\",\"datePublished\":\"2024-01-12T13:25:30+00:00\",\"dateModified\":\"2025-07-21T15:08:41+00:00\",\"description\":\"Zilveren troy ounce munten verkrijgbaar bij David-coin. Bekijk nu ons complete aanbod. Gratis verzending binnen Nederland vanaf 75 euro.\",\"breadcrumb\":{\"@id\":\"https:\\\/\\\/dev.david-coin.com\\\/product\\\/tetris-1-ounce-2-dollar-2023-geel-zilver\\\/#breadcrumb\"},\"inLanguage\":\"fr-FR\",\"potentialAction\":[{\"@type\":\"ReadAction\",\"target\":[\"https:\\\/\\\/dev.david-coin.com\\\/product\\\/tetris-1-ounce-2-dollar-2023-geel-zilver\\\/\"]}]},{\"@type\":\"ImageObject\",\"inLanguage\":\"fr-FR\",\"@id\":\"https:\\\/\\\/dev.david-coin.com\\\/product\\\/tetris-1-ounce-2-dollar-2023-geel-zilver\\\/#primaryimage\",\"url\":\"https:\\\/\\\/dev.david-coin.com\\\/wp-content\\\/uploads\\\/2024\\\/01\\\/Tetris-ounce-zilver-Niue-2dollars-24.jpg\",\"contentUrl\":\"https:\\\/\\\/dev.david-coin.com\\\/wp-content\\\/uploads\\\/2024\\\/01\\\/Tetris-ounce-zilver-Niue-2dollars-24.jpg\",\"width\":458,\"height\":458},{\"@type\":\"BreadcrumbList\",\"@id\":\"https:\\\/\\\/dev.david-coin.com\\\/product\\\/tetris-1-ounce-2-dollar-2023-geel-zilver\\\/#breadcrumb\",\"itemListElement\":[{\"@type\":\"ListItem\",\"position\":1,\"name\":\"Home\",\"item\":\"https:\\\/\\\/dev.david-coin.com\\\/\"},{\"@type\":\"ListItem\",\"position\":2,\"name\":\"Winkel\",\"item\":\"https:\\\/\\\/dev.david-coin.com\\\/winkel\\\/\"},{\"@type\":\"ListItem\",\"position\":3,\"name\":\"Tetris 1 ounce 2 dollar 2023 geel-zilver\"}]},{\"@type\":\"WebSite\",\"@id\":\"https:\\\/\\\/dev.david-coin.com\\\/#website\",\"url\":\"https:\\\/\\\/dev.david-coin.com\\\/\",\"name\":\"David Coin\",\"description\":\"\",\"publisher\":{\"@id\":\"https:\\\/\\\/dev.david-coin.com\\\/#organization\"},\"potentialAction\":[{\"@type\":\"SearchAction\",\"target\":{\"@type\":\"EntryPoint\",\"urlTemplate\":\"https:\\\/\\\/dev.david-coin.com\\\/?s={search_term_string}\"},\"query-input\":{\"@type\":\"PropertyValueSpecification\",\"valueRequired\":true,\"valueName\":\"search_term_string\"}}],\"inLanguage\":\"fr-FR\"},{\"@type\":\"Organization\",\"@id\":\"https:\\\/\\\/dev.david-coin.com\\\/#organization\",\"name\":\"David Coin\",\"url\":\"https:\\\/\\\/dev.david-coin.com\\\/\",\"logo\":{\"@type\":\"ImageObject\",\"inLanguage\":\"fr-FR\",\"@id\":\"https:\\\/\\\/dev.david-coin.com\\\/#\\\/schema\\\/logo\\\/image\\\/\",\"url\":\"https:\\\/\\\/dev.david-coin.com\\\/wp-content\\\/uploads\\\/2024\\\/04\\\/davidcoin-logo-final.png\",\"contentUrl\":\"https:\\\/\\\/dev.david-coin.com\\\/wp-content\\\/uploads\\\/2024\\\/04\\\/davidcoin-logo-final.png\",\"width\":800,\"height\":267,\"caption\":\"David Coin\"},\"image\":{\"@id\":\"https:\\\/\\\/dev.david-coin.com\\\/#\\\/schema\\\/logo\\\/image\\\/\"},\"sameAs\":[\"https:\\\/\\\/www.facebook.com\\\/Davidcoininkoopenverkoop\",\"https:\\\/\\\/www.youtube.com\\\/channel\\\/UC39lihLKFSPTff0w6tv0pWQ\"]}]}<\/script>\n<meta property=\"product:price:amount\" content=\"49.95\" \/>\n<meta property=\"product:price:currency\" content=\"EUR\" \/>\n<meta property=\"og:availability\" content=\"instock\" \/>\n<meta property=\"product:availability\" content=\"instock\" \/>\n<meta property=\"product:retailer_item_id\" content=\"9304\" \/>\n<meta property=\"product:condition\" content=\"new\" \/>\n<!-- \/ Yoast SEO Premium plugin. -->","yoast_head_json":{"title":"Tetris 1 ounce 2 dollar 2023 geel-zilver","description":"Zilveren troy ounce munten verkrijgbaar bij David-coin. Bekijk nu ons complete aanbod. Gratis verzending binnen Nederland vanaf 75 euro.","robots":{"index":"noindex","follow":"follow","max-snippet":"max-snippet:-1","max-image-preview":"max-image-preview:large","max-video-preview":"max-video-preview:-1"},"og_locale":"fr_FR","og_type":"article","og_title":"Tetris 1 ounce 2 dollar 2023 geel-zilver","og_description":"Zilveren troy ounce munten verkrijgbaar bij David-coin. Bekijk nu ons complete aanbod. Gratis verzending binnen Nederland vanaf 75 euro.","og_url":"https:\/\/dev.david-coin.com\/fr\/produit\/tetris-1-ounce-2-dollar-2023-geel-zilver\/","og_site_name":"David Coin","article_publisher":"https:\/\/www.facebook.com\/Davidcoininkoopenverkoop","article_modified_time":"2025-07-21T15:08:41+00:00","og_image":[{"width":458,"height":458,"url":"https:\/\/dev.david-coin.com\/wp-content\/uploads\/2024\/01\/Tetris-ounce-zilver-Niue-2dollars-24.jpg","type":"image\/jpeg"}],"twitter_card":"summary_large_image","twitter_misc":{"Prix":"&euro;&nbsp;49,95","Disponibilit\u00e9":"En stock"},"schema":{"@context":"https:\/\/schema.org","@graph":[{"@type":"WebPage","@id":"https:\/\/dev.david-coin.com\/product\/tetris-1-ounce-2-dollar-2023-geel-zilver\/","url":"https:\/\/dev.david-coin.com\/product\/tetris-1-ounce-2-dollar-2023-geel-zilver\/","name":"Tetris 1 ounce 2 dollar 2023 geel-zilver","isPartOf":{"@id":"https:\/\/dev.david-coin.com\/#website"},"primaryImageOfPage":{"@id":"https:\/\/dev.david-coin.com\/product\/tetris-1-ounce-2-dollar-2023-geel-zilver\/#primaryimage"},"image":{"@id":"https:\/\/dev.david-coin.com\/product\/tetris-1-ounce-2-dollar-2023-geel-zilver\/#primaryimage"},"thumbnailUrl":"https:\/\/dev.david-coin.com\/wp-content\/uploads\/2024\/01\/Tetris-ounce-zilver-Niue-2dollars-24.jpg","datePublished":"2024-01-12T13:25:30+00:00","dateModified":"2025-07-21T15:08:41+00:00","description":"Zilveren troy ounce munten verkrijgbaar bij David-coin. Bekijk nu ons complete aanbod. Gratis verzending binnen Nederland vanaf 75 euro.","breadcrumb":{"@id":"https:\/\/dev.david-coin.com\/product\/tetris-1-ounce-2-dollar-2023-geel-zilver\/#breadcrumb"},"inLanguage":"fr-FR","potentialAction":[{"@type":"ReadAction","target":["https:\/\/dev.david-coin.com\/product\/tetris-1-ounce-2-dollar-2023-geel-zilver\/"]}]},{"@type":"ImageObject","inLanguage":"fr-FR","@id":"https:\/\/dev.david-coin.com\/product\/tetris-1-ounce-2-dollar-2023-geel-zilver\/#primaryimage","url":"https:\/\/dev.david-coin.com\/wp-content\/uploads\/2024\/01\/Tetris-ounce-zilver-Niue-2dollars-24.jpg","contentUrl":"https:\/\/dev.david-coin.com\/wp-content\/uploads\/2024\/01\/Tetris-ounce-zilver-Niue-2dollars-24.jpg","width":458,"height":458},{"@type":"BreadcrumbList","@id":"https:\/\/dev.david-coin.com\/product\/tetris-1-ounce-2-dollar-2023-geel-zilver\/#breadcrumb","itemListElement":[{"@type":"ListItem","position":1,"name":"Home","item":"https:\/\/dev.david-coin.com\/"},{"@type":"ListItem","position":2,"name":"Winkel","item":"https:\/\/dev.david-coin.com\/winkel\/"},{"@type":"ListItem","position":3,"name":"Tetris 1 ounce 2 dollar 2023 geel-zilver"}]},{"@type":"WebSite","@id":"https:\/\/dev.david-coin.com\/#website","url":"https:\/\/dev.david-coin.com\/","name":"David Coin","description":"","publisher":{"@id":"https:\/\/dev.david-coin.com\/#organization"},"potentialAction":[{"@type":"SearchAction","target":{"@type":"EntryPoint","urlTemplate":"https:\/\/dev.david-coin.com\/?s={search_term_string}"},"query-input":{"@type":"PropertyValueSpecification","valueRequired":true,"valueName":"search_term_string"}}],"inLanguage":"fr-FR"},{"@type":"Organization","@id":"https:\/\/dev.david-coin.com\/#organization","name":"David Coin","url":"https:\/\/dev.david-coin.com\/","logo":{"@type":"ImageObject","inLanguage":"fr-FR","@id":"https:\/\/dev.david-coin.com\/#\/schema\/logo\/image\/","url":"https:\/\/dev.david-coin.com\/wp-content\/uploads\/2024\/04\/davidcoin-logo-final.png","contentUrl":"https:\/\/dev.david-coin.com\/wp-content\/uploads\/2024\/04\/davidcoin-logo-final.png","width":800,"height":267,"caption":"David Coin"},"image":{"@id":"https:\/\/dev.david-coin.com\/#\/schema\/logo\/image\/"},"sameAs":["https:\/\/www.facebook.com\/Davidcoininkoopenverkoop","https:\/\/www.youtube.com\/channel\/UC39lihLKFSPTff0w6tv0pWQ"]}]},"product_price_amount":"49.95","product_price_currency":"EUR","og_availability":"instock","product_availability":"instock","product_retailer_item_id":"9304","product_condition":"new"},"_links":{"self":[{"href":"https:\/\/dev.david-coin.com\/fr\/wp-json\/wp\/v2\/product\/122878","targetHints":{"allow":["GET"]}}],"collection":[{"href":"https:\/\/dev.david-coin.com\/fr\/wp-json\/wp\/v2\/product"}],"about":[{"href":"https:\/\/dev.david-coin.com\/fr\/wp-json\/wp\/v2\/types\/product"}],"replies":[{"embeddable":true,"href":"https:\/\/dev.david-coin.com\/fr\/wp-json\/wp\/v2\/comments?post=122878"}],"version-history":[{"count":0,"href":"https:\/\/dev.david-coin.com\/fr\/wp-json\/wp\/v2\/product\/122878\/revisions"}],"wp:featuredmedia":[{"embeddable":true,"href":"https:\/\/dev.david-coin.com\/fr\/wp-json\/wp\/v2\/media\/122876"}],"wp:attachment":[{"href":"https:\/\/dev.david-coin.com\/fr\/wp-json\/wp\/v2\/media?parent=122878"}],"wp:term":[{"taxonomy":"product_brand","embeddable":true,"href":"https:\/\/dev.david-coin.com\/fr\/wp-json\/wp\/v2\/product_brand?post=122878"},{"taxonomy":"product_cat","embeddable":true,"href":"https:\/\/dev.david-coin.com\/fr\/wp-json\/wp\/v2\/product_cat?post=122878"},{"taxonomy":"product_tag","embeddable":true,"href":"https:\/\/dev.david-coin.com\/fr\/wp-json\/wp\/v2\/product_tag?post=122878"}],"curies":[{"name":"wp","href":"https:\/\/api.w.org\/{rel}","templated":true}]}}