{"id":122808,"date":"2024-01-11T14:50:42","date_gmt":"2024-01-11T14:50:42","guid":{"rendered":"https:\/\/dev.david-coin.com\/product\/china-30-gram-zilveren-panda-2023-ms70-1\/"},"modified":"2025-07-21T17:05:24","modified_gmt":"2025-07-21T15:05:24","slug":"china-30-gram-zilveren-panda-2023-ms70-1","status":"publish","type":"product","link":"https:\/\/dev.david-coin.com\/fr\/produit\/china-30-gram-zilveren-panda-2023-ms70-1\/","title":{"rendered":"Chine 30 grammes Argent panda 2023 MS70"},"content":{"rendered":"<p><span style=\"font-size: 12pt;\"><strong><span style=\"font-family: arial, helvetica, sans-serif;\">Chine 30 grammes Argent panda 2023 MS70<\/span><\/strong><\/span><\/p>\n<p><span style=\"color: #000000; font-size: 12pt; font-family: arial, helvetica, sans-serif;\">Le panda d'argent chinois (chinois :<span lang=\"zh\">\u718a\u732b \u94f6\u5e01<\/span>;\u00a0<a style=\"color: #000000;\" title=\"Pinyin\" href=\"https:\/\/en.wikipedia.org\/wiki\/Pinyin\">pinyin<\/a>\u00a0:\u00a0<i><span lang=\"zh-Latn-pinyin\">xi\u00f3ngm\u0101o y\u00ednb\u00ec<\/span><\/i>\u00a0) est une s\u00e9rie de pi\u00e8ces d'argent \u00e9mises par la R\u00e9publique populaire de Chine. Le dessin du panda est modifi\u00e9 chaque ann\u00e9e et les pi\u00e8ces sont frapp\u00e9es en diff\u00e9rentes tailles et d\u00e9nominations, allant de 0,5 oz troy \u00e0 1 kilogramme. \u00c0 partir de 2016, les pandas sont pass\u00e9s au syst\u00e8me m\u00e9trique. La pi\u00e8ce de 1\u00a0<a style=\"color: #000000;\" title=\"Poids de Troy\" href=\"https:\/\/en.wikipedia.org\/wiki\/Troy_weight\">troy<\/a>\u00a0L'once d'or a \u00e9t\u00e9 ramen\u00e9e \u00e0 30 grammes, tandis que la pi\u00e8ce de 5 onces troy a \u00e9t\u00e9 ramen\u00e9e \u00e0 150 grammes. Une pi\u00e8ce de collection tr\u00e8s appr\u00e9ci\u00e9e des investisseurs et des collectionneurs.<\/span><\/p>\n<p><span style=\"color: #000000; font-size: 12pt; font-family: arial, helvetica, sans-serif;\">Poids : 30 grammes\u00a0<br \/>Essai : 999\/1000\u00a0<br \/><\/span><\/p>\n<p><span style=\"color: #000000; font-size: 12pt; font-family: arial, helvetica, sans-serif;\">Photo Vb. Vous recevrez une copie identique.<br \/>Voir les scans pour plus de d\u00e9tails.<br \/>Pour toute question, n'h\u00e9sitez pas \u00e0 nous envoyer un message.<\/span><\/p>\n<p><span style=\"font-family: arial, helvetica, sans-serif; font-size: 12pt;\">\u00a0<\/span><\/p>","protected":false},"excerpt":{"rendered":"<p>999\/1000<\/p>","protected":false},"featured_media":122806,"comment_status":"closed","ping_status":"closed","template":"","meta":[],"product_brand":[],"product_cat":[5485,5479,5602,5473,5968],"product_tag":[],"class_list":{"0":"post-122808","1":"product","2":"type-product","3":"status-publish","4":"has-post-thumbnail","6":"product_cat-azie","7":"product_cat-edelmetaal-goud-kopen","8":"product_cat-troy-ounce-munten","9":"product_cat-world-coins-romeinse-munten","10":"product_cat-zilveren-chinese-panda","11":"pa_gewicht-30gram","12":"pa_kwaliteit-proof","13":"pa_land-china","14":"pa_materiaal-zilver","15":"pa_muntwaarde-10yuan","17":"first","18":"instock","19":"taxable","20":"shipping-taxable","21":"purchasable","22":"product-type-simple"},"yoast_head":"<!-- This site is optimized with the Yoast SEO Premium plugin v26.0 (Yoast SEO v27.5) - https:\/\/yoast.com\/product\/yoast-seo-premium-wordpress\/ -->\n<title>China 30 gram Zilveren panda 2023 MS70<\/title>\n<meta name=\"description\" content=\"Wereldmunten verkrijgbaar van diverse landen bij David-coin. Bekijk nu ons ruime aanbod. Gratis verzending vanaf 75 euro binnen Nederland.\" \/>\n<meta name=\"robots\" content=\"noindex, follow, max-snippet:-1, max-image-preview:large, max-video-preview:-1\" \/>\n<meta property=\"og:locale\" content=\"fr_FR\" \/>\n<meta property=\"og:type\" content=\"article\" \/>\n<meta property=\"og:title\" content=\"China 30 gram Zilveren panda 2023 MS70\" \/>\n<meta property=\"og:description\" content=\"Wereldmunten verkrijgbaar van diverse landen bij David-coin. Bekijk nu ons ruime aanbod. Gratis verzending vanaf 75 euro binnen Nederland.\" \/>\n<meta property=\"og:url\" content=\"https:\/\/dev.david-coin.com\/fr\/produit\/china-30-gram-zilveren-panda-2023-ms70-1\/\" \/>\n<meta property=\"og:site_name\" content=\"David Coin\" \/>\n<meta property=\"article:publisher\" content=\"https:\/\/www.facebook.com\/Davidcoininkoopenverkoop\" \/>\n<meta property=\"article:modified_time\" content=\"2025-07-21T15:05:24+00:00\" \/>\n<meta property=\"og:image\" content=\"https:\/\/dev.david-coin.com\/wp-content\/uploads\/2024\/01\/Panda2023-MS70.jpg\" \/>\n\t<meta property=\"og:image:width\" content=\"626\" \/>\n\t<meta property=\"og:image:height\" content=\"800\" \/>\n\t<meta property=\"og:image:type\" content=\"image\/jpeg\" \/>\n<meta name=\"twitter:card\" content=\"summary_large_image\" \/>\n<meta name=\"twitter:label1\" content=\"Prix\" \/>\n\t<meta name=\"twitter:data1\" content=\"&euro;&nbsp;99,95\" \/>\n\t<meta name=\"twitter:label2\" content=\"Disponibilit\u00e9\" \/>\n\t<meta name=\"twitter:data2\" content=\"En stock\" \/>\n<script type=\"application\/ld+json\" class=\"yoast-schema-graph\">{\"@context\":\"https:\\\/\\\/schema.org\",\"@graph\":[{\"@type\":\"WebPage\",\"@id\":\"https:\\\/\\\/dev.david-coin.com\\\/product\\\/china-30-gram-zilveren-panda-2023-ms70-1\\\/\",\"url\":\"https:\\\/\\\/dev.david-coin.com\\\/product\\\/china-30-gram-zilveren-panda-2023-ms70-1\\\/\",\"name\":\"China 30 gram Zilveren panda 2023 MS70\",\"isPartOf\":{\"@id\":\"https:\\\/\\\/dev.david-coin.com\\\/#website\"},\"primaryImageOfPage\":{\"@id\":\"https:\\\/\\\/dev.david-coin.com\\\/product\\\/china-30-gram-zilveren-panda-2023-ms70-1\\\/#primaryimage\"},\"image\":{\"@id\":\"https:\\\/\\\/dev.david-coin.com\\\/product\\\/china-30-gram-zilveren-panda-2023-ms70-1\\\/#primaryimage\"},\"thumbnailUrl\":\"https:\\\/\\\/dev.david-coin.com\\\/wp-content\\\/uploads\\\/2024\\\/01\\\/Panda2023-MS70.jpg\",\"datePublished\":\"2024-01-11T14:50:42+00:00\",\"dateModified\":\"2025-07-21T15:05:24+00:00\",\"description\":\"Wereldmunten verkrijgbaar van diverse landen bij David-coin. Bekijk nu ons ruime aanbod. Gratis verzending vanaf 75 euro binnen Nederland.\",\"breadcrumb\":{\"@id\":\"https:\\\/\\\/dev.david-coin.com\\\/product\\\/china-30-gram-zilveren-panda-2023-ms70-1\\\/#breadcrumb\"},\"inLanguage\":\"fr-FR\",\"potentialAction\":[{\"@type\":\"ReadAction\",\"target\":[\"https:\\\/\\\/dev.david-coin.com\\\/product\\\/china-30-gram-zilveren-panda-2023-ms70-1\\\/\"]}]},{\"@type\":\"ImageObject\",\"inLanguage\":\"fr-FR\",\"@id\":\"https:\\\/\\\/dev.david-coin.com\\\/product\\\/china-30-gram-zilveren-panda-2023-ms70-1\\\/#primaryimage\",\"url\":\"https:\\\/\\\/dev.david-coin.com\\\/wp-content\\\/uploads\\\/2024\\\/01\\\/Panda2023-MS70.jpg\",\"contentUrl\":\"https:\\\/\\\/dev.david-coin.com\\\/wp-content\\\/uploads\\\/2024\\\/01\\\/Panda2023-MS70.jpg\",\"width\":626,\"height\":800},{\"@type\":\"BreadcrumbList\",\"@id\":\"https:\\\/\\\/dev.david-coin.com\\\/product\\\/china-30-gram-zilveren-panda-2023-ms70-1\\\/#breadcrumb\",\"itemListElement\":[{\"@type\":\"ListItem\",\"position\":1,\"name\":\"Home\",\"item\":\"https:\\\/\\\/dev.david-coin.com\\\/\"},{\"@type\":\"ListItem\",\"position\":2,\"name\":\"Winkel\",\"item\":\"https:\\\/\\\/dev.david-coin.com\\\/winkel\\\/\"},{\"@type\":\"ListItem\",\"position\":3,\"name\":\"China 30 gram Zilveren panda 2023 MS70\"}]},{\"@type\":\"WebSite\",\"@id\":\"https:\\\/\\\/dev.david-coin.com\\\/#website\",\"url\":\"https:\\\/\\\/dev.david-coin.com\\\/\",\"name\":\"David Coin\",\"description\":\"\",\"publisher\":{\"@id\":\"https:\\\/\\\/dev.david-coin.com\\\/#organization\"},\"potentialAction\":[{\"@type\":\"SearchAction\",\"target\":{\"@type\":\"EntryPoint\",\"urlTemplate\":\"https:\\\/\\\/dev.david-coin.com\\\/?s={search_term_string}\"},\"query-input\":{\"@type\":\"PropertyValueSpecification\",\"valueRequired\":true,\"valueName\":\"search_term_string\"}}],\"inLanguage\":\"fr-FR\"},{\"@type\":\"Organization\",\"@id\":\"https:\\\/\\\/dev.david-coin.com\\\/#organization\",\"name\":\"David Coin\",\"url\":\"https:\\\/\\\/dev.david-coin.com\\\/\",\"logo\":{\"@type\":\"ImageObject\",\"inLanguage\":\"fr-FR\",\"@id\":\"https:\\\/\\\/dev.david-coin.com\\\/#\\\/schema\\\/logo\\\/image\\\/\",\"url\":\"https:\\\/\\\/dev.david-coin.com\\\/wp-content\\\/uploads\\\/2024\\\/04\\\/davidcoin-logo-final.png\",\"contentUrl\":\"https:\\\/\\\/dev.david-coin.com\\\/wp-content\\\/uploads\\\/2024\\\/04\\\/davidcoin-logo-final.png\",\"width\":800,\"height\":267,\"caption\":\"David Coin\"},\"image\":{\"@id\":\"https:\\\/\\\/dev.david-coin.com\\\/#\\\/schema\\\/logo\\\/image\\\/\"},\"sameAs\":[\"https:\\\/\\\/www.facebook.com\\\/Davidcoininkoopenverkoop\",\"https:\\\/\\\/www.youtube.com\\\/channel\\\/UC39lihLKFSPTff0w6tv0pWQ\"]}]}<\/script>\n<meta property=\"product:price:amount\" content=\"99.95\" \/>\n<meta property=\"product:price:currency\" content=\"EUR\" \/>\n<meta property=\"og:availability\" content=\"instock\" \/>\n<meta property=\"product:availability\" content=\"instock\" \/>\n<meta property=\"product:retailer_item_id\" content=\"9280\" \/>\n<meta property=\"product:condition\" content=\"new\" \/>\n<!-- \/ Yoast SEO Premium plugin. -->","yoast_head_json":{"title":"Chine 30 grammes Argent panda 2023 MS70","description":"Wereldmunten verkrijgbaar van diverse landen bij David-coin. Bekijk nu ons ruime aanbod. Gratis verzending vanaf 75 euro binnen Nederland.","robots":{"index":"noindex","follow":"follow","max-snippet":"max-snippet:-1","max-image-preview":"max-image-preview:large","max-video-preview":"max-video-preview:-1"},"og_locale":"fr_FR","og_type":"article","og_title":"China 30 gram Zilveren panda 2023 MS70","og_description":"Wereldmunten verkrijgbaar van diverse landen bij David-coin. Bekijk nu ons ruime aanbod. Gratis verzending vanaf 75 euro binnen Nederland.","og_url":"https:\/\/dev.david-coin.com\/fr\/produit\/china-30-gram-zilveren-panda-2023-ms70-1\/","og_site_name":"David Coin","article_publisher":"https:\/\/www.facebook.com\/Davidcoininkoopenverkoop","article_modified_time":"2025-07-21T15:05:24+00:00","og_image":[{"width":626,"height":800,"url":"https:\/\/dev.david-coin.com\/wp-content\/uploads\/2024\/01\/Panda2023-MS70.jpg","type":"image\/jpeg"}],"twitter_card":"summary_large_image","twitter_misc":{"Prix":"&euro;&nbsp;99,95","Disponibilit\u00e9":"En stock"},"schema":{"@context":"https:\/\/schema.org","@graph":[{"@type":"WebPage","@id":"https:\/\/dev.david-coin.com\/product\/china-30-gram-zilveren-panda-2023-ms70-1\/","url":"https:\/\/dev.david-coin.com\/product\/china-30-gram-zilveren-panda-2023-ms70-1\/","name":"Chine 30 grammes Argent panda 2023 MS70","isPartOf":{"@id":"https:\/\/dev.david-coin.com\/#website"},"primaryImageOfPage":{"@id":"https:\/\/dev.david-coin.com\/product\/china-30-gram-zilveren-panda-2023-ms70-1\/#primaryimage"},"image":{"@id":"https:\/\/dev.david-coin.com\/product\/china-30-gram-zilveren-panda-2023-ms70-1\/#primaryimage"},"thumbnailUrl":"https:\/\/dev.david-coin.com\/wp-content\/uploads\/2024\/01\/Panda2023-MS70.jpg","datePublished":"2024-01-11T14:50:42+00:00","dateModified":"2025-07-21T15:05:24+00:00","description":"Wereldmunten verkrijgbaar van diverse landen bij David-coin. Bekijk nu ons ruime aanbod. Gratis verzending vanaf 75 euro binnen Nederland.","breadcrumb":{"@id":"https:\/\/dev.david-coin.com\/product\/china-30-gram-zilveren-panda-2023-ms70-1\/#breadcrumb"},"inLanguage":"fr-FR","potentialAction":[{"@type":"ReadAction","target":["https:\/\/dev.david-coin.com\/product\/china-30-gram-zilveren-panda-2023-ms70-1\/"]}]},{"@type":"ImageObject","inLanguage":"fr-FR","@id":"https:\/\/dev.david-coin.com\/product\/china-30-gram-zilveren-panda-2023-ms70-1\/#primaryimage","url":"https:\/\/dev.david-coin.com\/wp-content\/uploads\/2024\/01\/Panda2023-MS70.jpg","contentUrl":"https:\/\/dev.david-coin.com\/wp-content\/uploads\/2024\/01\/Panda2023-MS70.jpg","width":626,"height":800},{"@type":"BreadcrumbList","@id":"https:\/\/dev.david-coin.com\/product\/china-30-gram-zilveren-panda-2023-ms70-1\/#breadcrumb","itemListElement":[{"@type":"ListItem","position":1,"name":"Home","item":"https:\/\/dev.david-coin.com\/"},{"@type":"ListItem","position":2,"name":"Winkel","item":"https:\/\/dev.david-coin.com\/winkel\/"},{"@type":"ListItem","position":3,"name":"China 30 gram Zilveren panda 2023 MS70"}]},{"@type":"WebSite","@id":"https:\/\/dev.david-coin.com\/#website","url":"https:\/\/dev.david-coin.com\/","name":"David Coin","description":"","publisher":{"@id":"https:\/\/dev.david-coin.com\/#organization"},"potentialAction":[{"@type":"SearchAction","target":{"@type":"EntryPoint","urlTemplate":"https:\/\/dev.david-coin.com\/?s={search_term_string}"},"query-input":{"@type":"PropertyValueSpecification","valueRequired":true,"valueName":"search_term_string"}}],"inLanguage":"fr-FR"},{"@type":"Organization","@id":"https:\/\/dev.david-coin.com\/#organization","name":"David Coin","url":"https:\/\/dev.david-coin.com\/","logo":{"@type":"ImageObject","inLanguage":"fr-FR","@id":"https:\/\/dev.david-coin.com\/#\/schema\/logo\/image\/","url":"https:\/\/dev.david-coin.com\/wp-content\/uploads\/2024\/04\/davidcoin-logo-final.png","contentUrl":"https:\/\/dev.david-coin.com\/wp-content\/uploads\/2024\/04\/davidcoin-logo-final.png","width":800,"height":267,"caption":"David Coin"},"image":{"@id":"https:\/\/dev.david-coin.com\/#\/schema\/logo\/image\/"},"sameAs":["https:\/\/www.facebook.com\/Davidcoininkoopenverkoop","https:\/\/www.youtube.com\/channel\/UC39lihLKFSPTff0w6tv0pWQ"]}]},"product_price_amount":"99.95","product_price_currency":"EUR","og_availability":"instock","product_availability":"instock","product_retailer_item_id":"9280","product_condition":"new"},"_links":{"self":[{"href":"https:\/\/dev.david-coin.com\/fr\/wp-json\/wp\/v2\/product\/122808","targetHints":{"allow":["GET"]}}],"collection":[{"href":"https:\/\/dev.david-coin.com\/fr\/wp-json\/wp\/v2\/product"}],"about":[{"href":"https:\/\/dev.david-coin.com\/fr\/wp-json\/wp\/v2\/types\/product"}],"replies":[{"embeddable":true,"href":"https:\/\/dev.david-coin.com\/fr\/wp-json\/wp\/v2\/comments?post=122808"}],"version-history":[{"count":0,"href":"https:\/\/dev.david-coin.com\/fr\/wp-json\/wp\/v2\/product\/122808\/revisions"}],"wp:featuredmedia":[{"embeddable":true,"href":"https:\/\/dev.david-coin.com\/fr\/wp-json\/wp\/v2\/media\/122806"}],"wp:attachment":[{"href":"https:\/\/dev.david-coin.com\/fr\/wp-json\/wp\/v2\/media?parent=122808"}],"wp:term":[{"taxonomy":"product_brand","embeddable":true,"href":"https:\/\/dev.david-coin.com\/fr\/wp-json\/wp\/v2\/product_brand?post=122808"},{"taxonomy":"product_cat","embeddable":true,"href":"https:\/\/dev.david-coin.com\/fr\/wp-json\/wp\/v2\/product_cat?post=122808"},{"taxonomy":"product_tag","embeddable":true,"href":"https:\/\/dev.david-coin.com\/fr\/wp-json\/wp\/v2\/product_tag?post=122808"}],"curies":[{"name":"wp","href":"https:\/\/api.w.org\/{rel}","templated":true}]}}