{"id":121669,"date":"2023-10-30T13:31:30","date_gmt":"2023-10-30T13:31:30","guid":{"rendered":"https:\/\/dev.david-coin.com\/product\/nederland-1-gulden-1918-zilverbon\/"},"modified":"2025-08-05T14:43:05","modified_gmt":"2025-08-05T12:43:05","slug":"nederland-1-gulden-1918-zilverbon","status":"publish","type":"product","link":"https:\/\/dev.david-coin.com\/fr\/produit\/nederland-1-gulden-1918-zilverbon\/","title":{"rendered":"Pays-Bas 1 florin 1918 Coupon d'argent"},"content":{"rendered":"<p><span style=\"font-size: 12pt;\">Pays-Bas 1 florin 1918 Coupon d'argent<\/span><br \/><span style=\"font-size: 12pt;\">NVMH:02-3<\/span><br \/><span style=\"font-size: 12pt;\">Plomp:PL2.c1<\/span><\/p>\n<p>Apr\u00e8s le d\u00e9clenchement de la Premi\u00e8re Guerre mondiale, de nombreux N\u00e9erlandais ont apport\u00e9 leurs billets de banque et leurs devises \u00e0 la Nederlandsche Bank pour les \u00e9changer contre des pi\u00e8ces d'or et d'argent. Cela a entra\u00een\u00e9 une p\u00e9nurie de pi\u00e8ces de monnaie et la Banque n\u00e9erlandaise a d\u00fb collaborer avec le gouvernement pour trouver une solution. Il a finalement \u00e9t\u00e9 d\u00e9cid\u00e9 d'\u00e9mettre des coupons d'argent pour pallier la p\u00e9nurie de monnaie. Ces coupons pouvaient \u00eatre \u00e9chang\u00e9s contre des pi\u00e8ces d'argent apr\u00e8s annonce. <a href=\"https:\/\/dev.david-coin.com\/fr\/produit\/nederland-1-gulden-zilverbon-1914\/\"> Le type de coupon d'argent de 1914<\/a> n'\u00e9tant pas suffisamment prot\u00e9g\u00e9 contre la contrefa\u00e7on, un nouveau type de billet d'argent a \u00e9t\u00e9 mis en circulation en 1916. Ce billet contenait un meilleur filigrane et \u00e9tait fabriqu\u00e9 avec un papier plus r\u00e9sistant \u00e0 l'abrasion. Le billet en argent de 1916 a \u00e9t\u00e9 \u00e9mis jusqu'en 1918 et \u00e9tait disponible avec les combinaisons de signatures suivantes :  <\/p>\n<p>- 1916 : A. L. Kulemkamp-Lemmers (fonctionnaire du minist\u00e8re des finances), Anton van Gijn (ministre des finances) ;<br \/>\n- 1917 : A. L. Kulemkamp-Lemmers (fonctionnaire du minist\u00e8re des Finances), Marie Willem Frederik Treub (ministre des Finances) ;<br \/>\n- 1918 : A. L. Kulemkamp-Lemmers (fonctionnaire du minist\u00e8re des finances), Simon de Vries Czn (ministre des finances).<br \/>\nOutre le billet d'un florin en argent de 1916, les billets suivants de la s\u00e9rie sont \u00e9galement disponibles :<br \/>\n&#8211;\t<a href=\"https:\/\/dev.david-coin.com\/fr\/produit\/nederland-25-gulden-zilverbon-1916\/\">Deux florins et demi, billet d'argent de 1916<\/a>.<br \/>\nComme la pi\u00e8ce de cinq florins \u00e9tait en or, le billet de cinq florins en argent n'\u00e9tait pas tr\u00e8s appr\u00e9ci\u00e9 par la population et n'\u00e9tait donc pas tr\u00e8s utilis\u00e9. Apr\u00e8s la Premi\u00e8re Guerre mondiale, les billets d'argent ont \u00e9t\u00e9 lentement remplac\u00e9s par des guldens et des rijksdaalders en argent. <\/p>\n<p><span style=\"font-size: 12pt;\">Voir les scans pour plus de d\u00e9tails.<\/span><br \/><span style=\"font-size: 12pt;\">Pour toute question, n'h\u00e9sitez pas \u00e0 nous envoyer un message.<\/span><\/p>","protected":false},"excerpt":{"rendered":"<p>NVMH:02-3<\/p>","protected":false},"featured_media":121667,"comment_status":"closed","ping_status":"closed","template":"","meta":[],"product_brand":[],"product_cat":[5488,5472],"product_tag":[],"class_list":{"0":"post-121669","1":"product","2":"type-product","3":"status-publish","4":"has-post-thumbnail","6":"product_cat-1-gulden-biljet","7":"product_cat-nederlandse-bankbiljetten","8":"pa_bankbiljetwaarde-1gulden","9":"pa_delcampeid-5280","10":"pa_kwaliteit-unc","11":"pa_land-nederland","13":"first","14":"instock","15":"taxable","16":"shipping-taxable","17":"purchasable","18":"product-type-simple"},"yoast_head":"<!-- This site is optimized with the Yoast SEO Premium plugin v26.0 (Yoast SEO v27.4) - https:\/\/yoast.com\/product\/yoast-seo-premium-wordpress\/ -->\n<title>Nederland 1 Gulden 1918 Zilverbon<\/title>\n<meta name=\"description\" content=\"Nederlandse bankbiljetten te koop bij David-coin\" \/>\n<meta name=\"robots\" content=\"noindex, follow, max-snippet:-1, max-image-preview:large, max-video-preview:-1\" \/>\n<meta property=\"og:locale\" content=\"fr_FR\" \/>\n<meta property=\"og:type\" content=\"article\" \/>\n<meta property=\"og:title\" content=\"Nederland 1 Gulden 1918 Zilverbon\" \/>\n<meta property=\"og:description\" content=\"Nederlandse bankbiljetten te koop bij David-coin\" \/>\n<meta property=\"og:url\" content=\"https:\/\/dev.david-coin.com\/fr\/produit\/nederland-1-gulden-1918-zilverbon\/\" \/>\n<meta property=\"og:site_name\" content=\"David Coin\" \/>\n<meta property=\"article:publisher\" content=\"https:\/\/www.facebook.com\/Davidcoininkoopenverkoop\" \/>\n<meta property=\"article:modified_time\" content=\"2025-08-05T12:43:05+00:00\" \/>\n<meta property=\"og:image\" content=\"https:\/\/dev.david-coin.com\/wp-content\/uploads\/2023\/10\/zilverbon1918.jpg\" \/>\n\t<meta property=\"og:image:width\" content=\"800\" \/>\n\t<meta property=\"og:image:height\" content=\"532\" \/>\n\t<meta property=\"og:image:type\" content=\"image\/jpeg\" \/>\n<meta name=\"twitter:card\" content=\"summary_large_image\" \/>\n<meta name=\"twitter:label1\" content=\"Prix\" \/>\n\t<meta name=\"twitter:data1\" content=\"&euro;&nbsp;449,95\" \/>\n\t<meta name=\"twitter:label2\" content=\"Disponibilit\u00e9\" \/>\n\t<meta name=\"twitter:data2\" content=\"En stock\" \/>\n<script type=\"application\/ld+json\" class=\"yoast-schema-graph\">{\"@context\":\"https:\\\/\\\/schema.org\",\"@graph\":[{\"@type\":\"WebPage\",\"@id\":\"https:\\\/\\\/dev.david-coin.com\\\/product\\\/nederland-1-gulden-1918-zilverbon\\\/\",\"url\":\"https:\\\/\\\/dev.david-coin.com\\\/product\\\/nederland-1-gulden-1918-zilverbon\\\/\",\"name\":\"Nederland 1 Gulden 1918 Zilverbon\",\"isPartOf\":{\"@id\":\"https:\\\/\\\/dev.david-coin.com\\\/#website\"},\"primaryImageOfPage\":{\"@id\":\"https:\\\/\\\/dev.david-coin.com\\\/product\\\/nederland-1-gulden-1918-zilverbon\\\/#primaryimage\"},\"image\":{\"@id\":\"https:\\\/\\\/dev.david-coin.com\\\/product\\\/nederland-1-gulden-1918-zilverbon\\\/#primaryimage\"},\"thumbnailUrl\":\"https:\\\/\\\/dev.david-coin.com\\\/wp-content\\\/uploads\\\/2023\\\/10\\\/zilverbon1918.jpg\",\"datePublished\":\"2023-10-30T13:31:30+00:00\",\"dateModified\":\"2025-08-05T12:43:05+00:00\",\"description\":\"Nederlandse bankbiljetten te koop bij David-coin\",\"breadcrumb\":{\"@id\":\"https:\\\/\\\/dev.david-coin.com\\\/product\\\/nederland-1-gulden-1918-zilverbon\\\/#breadcrumb\"},\"inLanguage\":\"fr-FR\",\"potentialAction\":[{\"@type\":\"ReadAction\",\"target\":[\"https:\\\/\\\/dev.david-coin.com\\\/product\\\/nederland-1-gulden-1918-zilverbon\\\/\"]}]},{\"@type\":\"ImageObject\",\"inLanguage\":\"fr-FR\",\"@id\":\"https:\\\/\\\/dev.david-coin.com\\\/product\\\/nederland-1-gulden-1918-zilverbon\\\/#primaryimage\",\"url\":\"https:\\\/\\\/dev.david-coin.com\\\/wp-content\\\/uploads\\\/2023\\\/10\\\/zilverbon1918.jpg\",\"contentUrl\":\"https:\\\/\\\/dev.david-coin.com\\\/wp-content\\\/uploads\\\/2023\\\/10\\\/zilverbon1918.jpg\",\"width\":800,\"height\":532},{\"@type\":\"BreadcrumbList\",\"@id\":\"https:\\\/\\\/dev.david-coin.com\\\/product\\\/nederland-1-gulden-1918-zilverbon\\\/#breadcrumb\",\"itemListElement\":[{\"@type\":\"ListItem\",\"position\":1,\"name\":\"Home\",\"item\":\"https:\\\/\\\/dev.david-coin.com\\\/\"},{\"@type\":\"ListItem\",\"position\":2,\"name\":\"Winkel\",\"item\":\"https:\\\/\\\/dev.david-coin.com\\\/winkel\\\/\"},{\"@type\":\"ListItem\",\"position\":3,\"name\":\"Nederland 1 Gulden 1918 Zilverbon\"}]},{\"@type\":\"WebSite\",\"@id\":\"https:\\\/\\\/dev.david-coin.com\\\/#website\",\"url\":\"https:\\\/\\\/dev.david-coin.com\\\/\",\"name\":\"David Coin\",\"description\":\"\",\"publisher\":{\"@id\":\"https:\\\/\\\/dev.david-coin.com\\\/#organization\"},\"potentialAction\":[{\"@type\":\"SearchAction\",\"target\":{\"@type\":\"EntryPoint\",\"urlTemplate\":\"https:\\\/\\\/dev.david-coin.com\\\/?s={search_term_string}\"},\"query-input\":{\"@type\":\"PropertyValueSpecification\",\"valueRequired\":true,\"valueName\":\"search_term_string\"}}],\"inLanguage\":\"fr-FR\"},{\"@type\":\"Organization\",\"@id\":\"https:\\\/\\\/dev.david-coin.com\\\/#organization\",\"name\":\"David Coin\",\"url\":\"https:\\\/\\\/dev.david-coin.com\\\/\",\"logo\":{\"@type\":\"ImageObject\",\"inLanguage\":\"fr-FR\",\"@id\":\"https:\\\/\\\/dev.david-coin.com\\\/#\\\/schema\\\/logo\\\/image\\\/\",\"url\":\"https:\\\/\\\/dev.david-coin.com\\\/wp-content\\\/uploads\\\/2024\\\/04\\\/davidcoin-logo-final.png\",\"contentUrl\":\"https:\\\/\\\/dev.david-coin.com\\\/wp-content\\\/uploads\\\/2024\\\/04\\\/davidcoin-logo-final.png\",\"width\":800,\"height\":267,\"caption\":\"David Coin\"},\"image\":{\"@id\":\"https:\\\/\\\/dev.david-coin.com\\\/#\\\/schema\\\/logo\\\/image\\\/\"},\"sameAs\":[\"https:\\\/\\\/www.facebook.com\\\/Davidcoininkoopenverkoop\",\"https:\\\/\\\/www.youtube.com\\\/channel\\\/UC39lihLKFSPTff0w6tv0pWQ\"]}]}<\/script>\n<meta property=\"product:price:amount\" content=\"449.95\" \/>\n<meta property=\"product:price:currency\" content=\"EUR\" \/>\n<meta property=\"og:availability\" content=\"instock\" \/>\n<meta property=\"product:availability\" content=\"instock\" \/>\n<meta property=\"product:retailer_item_id\" content=\"2633\" \/>\n<meta property=\"product:condition\" content=\"new\" \/>\n<!-- \/ Yoast SEO Premium plugin. -->","yoast_head_json":{"title":"Pays-Bas 1 florin 1918 Coupon d'argent","description":"Nederlandse bankbiljetten te koop bij David-coin","robots":{"index":"noindex","follow":"follow","max-snippet":"max-snippet:-1","max-image-preview":"max-image-preview:large","max-video-preview":"max-video-preview:-1"},"og_locale":"fr_FR","og_type":"article","og_title":"Nederland 1 Gulden 1918 Zilverbon","og_description":"Nederlandse bankbiljetten te koop bij David-coin","og_url":"https:\/\/dev.david-coin.com\/fr\/produit\/nederland-1-gulden-1918-zilverbon\/","og_site_name":"David Coin","article_publisher":"https:\/\/www.facebook.com\/Davidcoininkoopenverkoop","article_modified_time":"2025-08-05T12:43:05+00:00","og_image":[{"width":800,"height":532,"url":"https:\/\/dev.david-coin.com\/wp-content\/uploads\/2023\/10\/zilverbon1918.jpg","type":"image\/jpeg"}],"twitter_card":"summary_large_image","twitter_misc":{"Prix":"&euro;&nbsp;449,95","Disponibilit\u00e9":"En stock"},"schema":{"@context":"https:\/\/schema.org","@graph":[{"@type":"WebPage","@id":"https:\/\/dev.david-coin.com\/product\/nederland-1-gulden-1918-zilverbon\/","url":"https:\/\/dev.david-coin.com\/product\/nederland-1-gulden-1918-zilverbon\/","name":"Pays-Bas 1 florin 1918 Coupon d'argent","isPartOf":{"@id":"https:\/\/dev.david-coin.com\/#website"},"primaryImageOfPage":{"@id":"https:\/\/dev.david-coin.com\/product\/nederland-1-gulden-1918-zilverbon\/#primaryimage"},"image":{"@id":"https:\/\/dev.david-coin.com\/product\/nederland-1-gulden-1918-zilverbon\/#primaryimage"},"thumbnailUrl":"https:\/\/dev.david-coin.com\/wp-content\/uploads\/2023\/10\/zilverbon1918.jpg","datePublished":"2023-10-30T13:31:30+00:00","dateModified":"2025-08-05T12:43:05+00:00","description":"Nederlandse bankbiljetten te koop bij David-coin","breadcrumb":{"@id":"https:\/\/dev.david-coin.com\/product\/nederland-1-gulden-1918-zilverbon\/#breadcrumb"},"inLanguage":"fr-FR","potentialAction":[{"@type":"ReadAction","target":["https:\/\/dev.david-coin.com\/product\/nederland-1-gulden-1918-zilverbon\/"]}]},{"@type":"ImageObject","inLanguage":"fr-FR","@id":"https:\/\/dev.david-coin.com\/product\/nederland-1-gulden-1918-zilverbon\/#primaryimage","url":"https:\/\/dev.david-coin.com\/wp-content\/uploads\/2023\/10\/zilverbon1918.jpg","contentUrl":"https:\/\/dev.david-coin.com\/wp-content\/uploads\/2023\/10\/zilverbon1918.jpg","width":800,"height":532},{"@type":"BreadcrumbList","@id":"https:\/\/dev.david-coin.com\/product\/nederland-1-gulden-1918-zilverbon\/#breadcrumb","itemListElement":[{"@type":"ListItem","position":1,"name":"Home","item":"https:\/\/dev.david-coin.com\/"},{"@type":"ListItem","position":2,"name":"Winkel","item":"https:\/\/dev.david-coin.com\/winkel\/"},{"@type":"ListItem","position":3,"name":"Nederland 1 Gulden 1918 Zilverbon"}]},{"@type":"WebSite","@id":"https:\/\/dev.david-coin.com\/#website","url":"https:\/\/dev.david-coin.com\/","name":"David Coin","description":"","publisher":{"@id":"https:\/\/dev.david-coin.com\/#organization"},"potentialAction":[{"@type":"SearchAction","target":{"@type":"EntryPoint","urlTemplate":"https:\/\/dev.david-coin.com\/?s={search_term_string}"},"query-input":{"@type":"PropertyValueSpecification","valueRequired":true,"valueName":"search_term_string"}}],"inLanguage":"fr-FR"},{"@type":"Organization","@id":"https:\/\/dev.david-coin.com\/#organization","name":"David Coin","url":"https:\/\/dev.david-coin.com\/","logo":{"@type":"ImageObject","inLanguage":"fr-FR","@id":"https:\/\/dev.david-coin.com\/#\/schema\/logo\/image\/","url":"https:\/\/dev.david-coin.com\/wp-content\/uploads\/2024\/04\/davidcoin-logo-final.png","contentUrl":"https:\/\/dev.david-coin.com\/wp-content\/uploads\/2024\/04\/davidcoin-logo-final.png","width":800,"height":267,"caption":"David Coin"},"image":{"@id":"https:\/\/dev.david-coin.com\/#\/schema\/logo\/image\/"},"sameAs":["https:\/\/www.facebook.com\/Davidcoininkoopenverkoop","https:\/\/www.youtube.com\/channel\/UC39lihLKFSPTff0w6tv0pWQ"]}]},"product_price_amount":"449.95","product_price_currency":"EUR","og_availability":"instock","product_availability":"instock","product_retailer_item_id":"2633","product_condition":"new"},"_links":{"self":[{"href":"https:\/\/dev.david-coin.com\/fr\/wp-json\/wp\/v2\/product\/121669","targetHints":{"allow":["GET"]}}],"collection":[{"href":"https:\/\/dev.david-coin.com\/fr\/wp-json\/wp\/v2\/product"}],"about":[{"href":"https:\/\/dev.david-coin.com\/fr\/wp-json\/wp\/v2\/types\/product"}],"replies":[{"embeddable":true,"href":"https:\/\/dev.david-coin.com\/fr\/wp-json\/wp\/v2\/comments?post=121669"}],"version-history":[{"count":0,"href":"https:\/\/dev.david-coin.com\/fr\/wp-json\/wp\/v2\/product\/121669\/revisions"}],"wp:featuredmedia":[{"embeddable":true,"href":"https:\/\/dev.david-coin.com\/fr\/wp-json\/wp\/v2\/media\/121667"}],"wp:attachment":[{"href":"https:\/\/dev.david-coin.com\/fr\/wp-json\/wp\/v2\/media?parent=121669"}],"wp:term":[{"taxonomy":"product_brand","embeddable":true,"href":"https:\/\/dev.david-coin.com\/fr\/wp-json\/wp\/v2\/product_brand?post=121669"},{"taxonomy":"product_cat","embeddable":true,"href":"https:\/\/dev.david-coin.com\/fr\/wp-json\/wp\/v2\/product_cat?post=121669"},{"taxonomy":"product_tag","embeddable":true,"href":"https:\/\/dev.david-coin.com\/fr\/wp-json\/wp\/v2\/product_tag?post=121669"}],"curies":[{"name":"wp","href":"https:\/\/api.w.org\/{rel}","templated":true}]}}