{"id":118025,"date":"2023-03-13T14:56:12","date_gmt":"2023-03-13T14:56:12","guid":{"rendered":"https:\/\/dev.david-coin.com\/product\/nederland-set-stuivers-1907-t-m-1943-wilhelmina\/"},"modified":"2025-09-19T11:25:55","modified_gmt":"2025-09-19T09:25:55","slug":"nederland-set-stuivers-1907-t-m-1943-wilhelmina","status":"publish","type":"product","link":"https:\/\/dev.david-coin.com\/fr\/produit\/nederland-set-stuivers-1907-t-m-1943-wilhelmina\/","title":{"rendered":"Pays-Bas s\u00e9rie compl\u00e8te de nickels 1907 \u00e0 1943 Wilhelmina"},"content":{"rendered":"<p><span style=\"font-size: 12pt;\"><strong>Pays-Bas s\u00e9rie compl\u00e8te de nickels 1907 \u00e0 1943 Wilhelmina<\/strong><\/span><br \/>\n<span style=\"font-size: 12pt;\"> Deze set bevat de serie stuivers vanaf 1907 t\/m 1943.<br \/>\nWaaronder de ronde stuivers van 1907, 1908 &amp; 1909\u00a0en de vierkante stuivers van 1913 t\/m 1943.<br \/>\nVanaf 1941 zijn de stuivers in zink geslagen, tijdens de 2e wereldoorlog.\u00a0<\/span><br \/>\n<span style=\"font-size: 12pt;\"> Totaal bevat deze set\u00a017 stuks munten. <\/span><br \/>\n<span style=\"font-size: 12pt;\"> Voir les scans pour plus de d\u00e9tails. <\/span><br \/>\n<span style=\"font-size: 12pt;\"> Pour toute question, n'h\u00e9sitez pas \u00e0 nous envoyer un message.<\/span><\/p>","protected":false},"excerpt":{"rendered":"<p>Nederland complete set stuivers 1907 t\/m 1943 Wilhelmina Deze set bevat de serie stuivers vanaf 1907 t\/m 1943. Waaronder de ronde stuivers van 1907, 1908 &amp; 1909\u00a0en de vierkante stuivers van 1913 t\/m 1943. Vanaf 1941 zijn de stuivers in zink geslagen, tijdens de 2e wereldoorlog.\u00a0 Totaal bevat deze set\u00a017 stuks munten. Zie scans voor [&hellip;]<\/p>\n","protected":false},"featured_media":118017,"comment_status":"closed","ping_status":"closed","template":"","meta":[],"product_brand":[],"product_cat":[5471,5608,5522],"product_tag":[],"class_list":{"0":"post-118025","1":"product","2":"type-product","3":"status-publish","4":"has-post-thumbnail","6":"product_cat-nederlandse-munten","7":"product_cat-munten-verzameling","8":"product_cat-wilhelmina-1890-1948","9":"pa_delcampeid-5269","10":"pa_koning-koningin-wilhelmina","11":"pa_kwaliteit-zeer-fraai-min","12":"pa_land-nederland","13":"pa_materiaal-divers","14":"pa_muntwaarde-5cent","16":"first","17":"instock","18":"taxable","19":"shipping-taxable","20":"purchasable","21":"product-type-simple"},"yoast_head":"<!-- This site is optimized with the Yoast SEO Premium plugin v26.0 (Yoast SEO v27.4) - https:\/\/yoast.com\/product\/yoast-seo-premium-wordpress\/ -->\n<title>Nederland complete set stuivers 1907 t\/m 1943 Wilhelmina<\/title>\n<meta name=\"description\" content=\"Nederlandse munten in setjes verkrijgbaar bij David-coin Bekijk ons complete aanbod. Gratis verzending binnen Nederland vanaf 75 euro.\" \/>\n<meta name=\"robots\" content=\"noindex, follow, max-snippet:-1, max-image-preview:large, max-video-preview:-1\" \/>\n<meta property=\"og:locale\" content=\"fr_FR\" \/>\n<meta property=\"og:type\" content=\"article\" \/>\n<meta property=\"og:title\" content=\"Nederland complete set stuivers 1907 t\/m 1943 Wilhelmina\" \/>\n<meta property=\"og:description\" content=\"Nederlandse munten in setjes verkrijgbaar bij David-coin Bekijk ons complete aanbod. Gratis verzending binnen Nederland vanaf 75 euro.\" \/>\n<meta property=\"og:url\" content=\"https:\/\/dev.david-coin.com\/fr\/produit\/nederland-set-stuivers-1907-t-m-1943-wilhelmina\/\" \/>\n<meta property=\"og:site_name\" content=\"David Coin\" \/>\n<meta property=\"article:publisher\" content=\"https:\/\/www.facebook.com\/Davidcoininkoopenverkoop\" \/>\n<meta property=\"article:modified_time\" content=\"2025-09-19T09:25:55+00:00\" \/>\n<meta property=\"og:image\" content=\"https:\/\/dev.david-coin.com\/wp-content\/uploads\/2023\/03\/Setstuivers1907tm1943compleet.jpg\" \/>\n\t<meta property=\"og:image:width\" content=\"582\" \/>\n\t<meta property=\"og:image:height\" content=\"800\" \/>\n\t<meta property=\"og:image:type\" content=\"image\/jpeg\" \/>\n<meta name=\"twitter:card\" content=\"summary_large_image\" \/>\n<meta name=\"twitter:label1\" content=\"Prix\" \/>\n\t<meta name=\"twitter:data1\" content=\"&euro;&nbsp;89,95\" \/>\n\t<meta name=\"twitter:label2\" content=\"Disponibilit\u00e9\" \/>\n\t<meta name=\"twitter:data2\" content=\"En stock\" \/>\n<script type=\"application\/ld+json\" class=\"yoast-schema-graph\">{\"@context\":\"https:\\\/\\\/schema.org\",\"@graph\":[{\"@type\":\"WebPage\",\"@id\":\"https:\\\/\\\/dev.david-coin.com\\\/product\\\/nederland-set-stuivers-1907-t-m-1943-wilhelmina\\\/\",\"url\":\"https:\\\/\\\/dev.david-coin.com\\\/product\\\/nederland-set-stuivers-1907-t-m-1943-wilhelmina\\\/\",\"name\":\"Nederland complete set stuivers 1907 t\\\/m 1943 Wilhelmina\",\"isPartOf\":{\"@id\":\"https:\\\/\\\/dev.david-coin.com\\\/#website\"},\"primaryImageOfPage\":{\"@id\":\"https:\\\/\\\/dev.david-coin.com\\\/product\\\/nederland-set-stuivers-1907-t-m-1943-wilhelmina\\\/#primaryimage\"},\"image\":{\"@id\":\"https:\\\/\\\/dev.david-coin.com\\\/product\\\/nederland-set-stuivers-1907-t-m-1943-wilhelmina\\\/#primaryimage\"},\"thumbnailUrl\":\"https:\\\/\\\/dev.david-coin.com\\\/wp-content\\\/uploads\\\/2023\\\/03\\\/Setstuivers1907tm1943compleet.jpg\",\"datePublished\":\"2023-03-13T14:56:12+00:00\",\"dateModified\":\"2025-09-19T09:25:55+00:00\",\"description\":\"Nederlandse munten in setjes verkrijgbaar bij David-coin Bekijk ons complete aanbod. Gratis verzending binnen Nederland vanaf 75 euro.\",\"breadcrumb\":{\"@id\":\"https:\\\/\\\/dev.david-coin.com\\\/product\\\/nederland-set-stuivers-1907-t-m-1943-wilhelmina\\\/#breadcrumb\"},\"inLanguage\":\"fr-FR\",\"potentialAction\":[{\"@type\":\"ReadAction\",\"target\":[\"https:\\\/\\\/dev.david-coin.com\\\/product\\\/nederland-set-stuivers-1907-t-m-1943-wilhelmina\\\/\"]}]},{\"@type\":\"ImageObject\",\"inLanguage\":\"fr-FR\",\"@id\":\"https:\\\/\\\/dev.david-coin.com\\\/product\\\/nederland-set-stuivers-1907-t-m-1943-wilhelmina\\\/#primaryimage\",\"url\":\"https:\\\/\\\/dev.david-coin.com\\\/wp-content\\\/uploads\\\/2023\\\/03\\\/Setstuivers1907tm1943compleet.jpg\",\"contentUrl\":\"https:\\\/\\\/dev.david-coin.com\\\/wp-content\\\/uploads\\\/2023\\\/03\\\/Setstuivers1907tm1943compleet.jpg\",\"width\":582,\"height\":800},{\"@type\":\"BreadcrumbList\",\"@id\":\"https:\\\/\\\/dev.david-coin.com\\\/product\\\/nederland-set-stuivers-1907-t-m-1943-wilhelmina\\\/#breadcrumb\",\"itemListElement\":[{\"@type\":\"ListItem\",\"position\":1,\"name\":\"Home\",\"item\":\"https:\\\/\\\/dev.david-coin.com\\\/\"},{\"@type\":\"ListItem\",\"position\":2,\"name\":\"Winkel\",\"item\":\"https:\\\/\\\/dev.david-coin.com\\\/winkel\\\/\"},{\"@type\":\"ListItem\",\"position\":3,\"name\":\"Nederland complete set stuivers 1907 t\\\/m 1943 Wilhelmina\"}]},{\"@type\":\"WebSite\",\"@id\":\"https:\\\/\\\/dev.david-coin.com\\\/#website\",\"url\":\"https:\\\/\\\/dev.david-coin.com\\\/\",\"name\":\"David Coin\",\"description\":\"\",\"publisher\":{\"@id\":\"https:\\\/\\\/dev.david-coin.com\\\/#organization\"},\"potentialAction\":[{\"@type\":\"SearchAction\",\"target\":{\"@type\":\"EntryPoint\",\"urlTemplate\":\"https:\\\/\\\/dev.david-coin.com\\\/?s={search_term_string}\"},\"query-input\":{\"@type\":\"PropertyValueSpecification\",\"valueRequired\":true,\"valueName\":\"search_term_string\"}}],\"inLanguage\":\"fr-FR\"},{\"@type\":\"Organization\",\"@id\":\"https:\\\/\\\/dev.david-coin.com\\\/#organization\",\"name\":\"David Coin\",\"url\":\"https:\\\/\\\/dev.david-coin.com\\\/\",\"logo\":{\"@type\":\"ImageObject\",\"inLanguage\":\"fr-FR\",\"@id\":\"https:\\\/\\\/dev.david-coin.com\\\/#\\\/schema\\\/logo\\\/image\\\/\",\"url\":\"https:\\\/\\\/dev.david-coin.com\\\/wp-content\\\/uploads\\\/2024\\\/04\\\/davidcoin-logo-final.png\",\"contentUrl\":\"https:\\\/\\\/dev.david-coin.com\\\/wp-content\\\/uploads\\\/2024\\\/04\\\/davidcoin-logo-final.png\",\"width\":800,\"height\":267,\"caption\":\"David Coin\"},\"image\":{\"@id\":\"https:\\\/\\\/dev.david-coin.com\\\/#\\\/schema\\\/logo\\\/image\\\/\"},\"sameAs\":[\"https:\\\/\\\/www.facebook.com\\\/Davidcoininkoopenverkoop\",\"https:\\\/\\\/www.youtube.com\\\/channel\\\/UC39lihLKFSPTff0w6tv0pWQ\"]}]}<\/script>\n<meta property=\"product:price:amount\" content=\"89.95\" \/>\n<meta property=\"product:price:currency\" content=\"EUR\" \/>\n<meta property=\"og:availability\" content=\"instock\" \/>\n<meta property=\"product:availability\" content=\"instock\" \/>\n<meta property=\"product:retailer_item_id\" content=\"15379\" \/>\n<meta property=\"product:condition\" content=\"new\" \/>\n<!-- \/ Yoast SEO Premium plugin. -->","yoast_head_json":{"title":"Pays-Bas s\u00e9rie compl\u00e8te de nickels 1907 \u00e0 1943 Wilhelmina","description":"Nederlandse munten in setjes verkrijgbaar bij David-coin Bekijk ons complete aanbod. Gratis verzending binnen Nederland vanaf 75 euro.","robots":{"index":"noindex","follow":"follow","max-snippet":"max-snippet:-1","max-image-preview":"max-image-preview:large","max-video-preview":"max-video-preview:-1"},"og_locale":"fr_FR","og_type":"article","og_title":"Nederland complete set stuivers 1907 t\/m 1943 Wilhelmina","og_description":"Nederlandse munten in setjes verkrijgbaar bij David-coin Bekijk ons complete aanbod. Gratis verzending binnen Nederland vanaf 75 euro.","og_url":"https:\/\/dev.david-coin.com\/fr\/produit\/nederland-set-stuivers-1907-t-m-1943-wilhelmina\/","og_site_name":"David Coin","article_publisher":"https:\/\/www.facebook.com\/Davidcoininkoopenverkoop","article_modified_time":"2025-09-19T09:25:55+00:00","og_image":[{"width":582,"height":800,"url":"https:\/\/dev.david-coin.com\/wp-content\/uploads\/2023\/03\/Setstuivers1907tm1943compleet.jpg","type":"image\/jpeg"}],"twitter_card":"summary_large_image","twitter_misc":{"Prix":"&euro;&nbsp;89,95","Disponibilit\u00e9":"En stock"},"schema":{"@context":"https:\/\/schema.org","@graph":[{"@type":"WebPage","@id":"https:\/\/dev.david-coin.com\/product\/nederland-set-stuivers-1907-t-m-1943-wilhelmina\/","url":"https:\/\/dev.david-coin.com\/product\/nederland-set-stuivers-1907-t-m-1943-wilhelmina\/","name":"Pays-Bas s\u00e9rie compl\u00e8te de nickels 1907 \u00e0 1943 Wilhelmina","isPartOf":{"@id":"https:\/\/dev.david-coin.com\/#website"},"primaryImageOfPage":{"@id":"https:\/\/dev.david-coin.com\/product\/nederland-set-stuivers-1907-t-m-1943-wilhelmina\/#primaryimage"},"image":{"@id":"https:\/\/dev.david-coin.com\/product\/nederland-set-stuivers-1907-t-m-1943-wilhelmina\/#primaryimage"},"thumbnailUrl":"https:\/\/dev.david-coin.com\/wp-content\/uploads\/2023\/03\/Setstuivers1907tm1943compleet.jpg","datePublished":"2023-03-13T14:56:12+00:00","dateModified":"2025-09-19T09:25:55+00:00","description":"Nederlandse munten in setjes verkrijgbaar bij David-coin Bekijk ons complete aanbod. Gratis verzending binnen Nederland vanaf 75 euro.","breadcrumb":{"@id":"https:\/\/dev.david-coin.com\/product\/nederland-set-stuivers-1907-t-m-1943-wilhelmina\/#breadcrumb"},"inLanguage":"fr-FR","potentialAction":[{"@type":"ReadAction","target":["https:\/\/dev.david-coin.com\/product\/nederland-set-stuivers-1907-t-m-1943-wilhelmina\/"]}]},{"@type":"ImageObject","inLanguage":"fr-FR","@id":"https:\/\/dev.david-coin.com\/product\/nederland-set-stuivers-1907-t-m-1943-wilhelmina\/#primaryimage","url":"https:\/\/dev.david-coin.com\/wp-content\/uploads\/2023\/03\/Setstuivers1907tm1943compleet.jpg","contentUrl":"https:\/\/dev.david-coin.com\/wp-content\/uploads\/2023\/03\/Setstuivers1907tm1943compleet.jpg","width":582,"height":800},{"@type":"BreadcrumbList","@id":"https:\/\/dev.david-coin.com\/product\/nederland-set-stuivers-1907-t-m-1943-wilhelmina\/#breadcrumb","itemListElement":[{"@type":"ListItem","position":1,"name":"Home","item":"https:\/\/dev.david-coin.com\/"},{"@type":"ListItem","position":2,"name":"Winkel","item":"https:\/\/dev.david-coin.com\/winkel\/"},{"@type":"ListItem","position":3,"name":"Nederland complete set stuivers 1907 t\/m 1943 Wilhelmina"}]},{"@type":"WebSite","@id":"https:\/\/dev.david-coin.com\/#website","url":"https:\/\/dev.david-coin.com\/","name":"David Coin","description":"","publisher":{"@id":"https:\/\/dev.david-coin.com\/#organization"},"potentialAction":[{"@type":"SearchAction","target":{"@type":"EntryPoint","urlTemplate":"https:\/\/dev.david-coin.com\/?s={search_term_string}"},"query-input":{"@type":"PropertyValueSpecification","valueRequired":true,"valueName":"search_term_string"}}],"inLanguage":"fr-FR"},{"@type":"Organization","@id":"https:\/\/dev.david-coin.com\/#organization","name":"David Coin","url":"https:\/\/dev.david-coin.com\/","logo":{"@type":"ImageObject","inLanguage":"fr-FR","@id":"https:\/\/dev.david-coin.com\/#\/schema\/logo\/image\/","url":"https:\/\/dev.david-coin.com\/wp-content\/uploads\/2024\/04\/davidcoin-logo-final.png","contentUrl":"https:\/\/dev.david-coin.com\/wp-content\/uploads\/2024\/04\/davidcoin-logo-final.png","width":800,"height":267,"caption":"David Coin"},"image":{"@id":"https:\/\/dev.david-coin.com\/#\/schema\/logo\/image\/"},"sameAs":["https:\/\/www.facebook.com\/Davidcoininkoopenverkoop","https:\/\/www.youtube.com\/channel\/UC39lihLKFSPTff0w6tv0pWQ"]}]},"product_price_amount":"89.95","product_price_currency":"EUR","og_availability":"instock","product_availability":"instock","product_retailer_item_id":"15379","product_condition":"new"},"_links":{"self":[{"href":"https:\/\/dev.david-coin.com\/fr\/wp-json\/wp\/v2\/product\/118025","targetHints":{"allow":["GET"]}}],"collection":[{"href":"https:\/\/dev.david-coin.com\/fr\/wp-json\/wp\/v2\/product"}],"about":[{"href":"https:\/\/dev.david-coin.com\/fr\/wp-json\/wp\/v2\/types\/product"}],"replies":[{"embeddable":true,"href":"https:\/\/dev.david-coin.com\/fr\/wp-json\/wp\/v2\/comments?post=118025"}],"version-history":[{"count":0,"href":"https:\/\/dev.david-coin.com\/fr\/wp-json\/wp\/v2\/product\/118025\/revisions"}],"wp:featuredmedia":[{"embeddable":true,"href":"https:\/\/dev.david-coin.com\/fr\/wp-json\/wp\/v2\/media\/118017"}],"wp:attachment":[{"href":"https:\/\/dev.david-coin.com\/fr\/wp-json\/wp\/v2\/media?parent=118025"}],"wp:term":[{"taxonomy":"product_brand","embeddable":true,"href":"https:\/\/dev.david-coin.com\/fr\/wp-json\/wp\/v2\/product_brand?post=118025"},{"taxonomy":"product_cat","embeddable":true,"href":"https:\/\/dev.david-coin.com\/fr\/wp-json\/wp\/v2\/product_cat?post=118025"},{"taxonomy":"product_tag","embeddable":true,"href":"https:\/\/dev.david-coin.com\/fr\/wp-json\/wp\/v2\/product_tag?post=118025"}],"curies":[{"name":"wp","href":"https:\/\/api.w.org\/{rel}","templated":true}]}}