{"id":111975,"date":"2021-03-08T17:47:37","date_gmt":"2021-03-08T17:47:37","guid":{"rendered":"https:\/\/dev.david-coin.com\/product\/hartberger-systeembladen-s-3x3-5x\/"},"modified":"2025-09-19T11:13:36","modified_gmt":"2025-09-19T09:13:36","slug":"hartberger-systeembladen-s-3x3-5x","status":"publish","type":"product","link":"https:\/\/dev.david-coin.com\/fr\/produit\/hartberger-systeembladen-s-3x3-5x\/","title":{"rendered":"Lames de syst\u00e8me Hartberger S-3\u00d73 (5x)"},"content":{"rendered":"<p>Hartberger Systeembladen S-3&#215;3 met 9 vakken (74 x 97 mm) 5 stuks.<br \/>\nGeschikt voor voor speelkaarten<br \/>\nLes plateaux du syst\u00e8me Hartberger se d\u00e9clinent en plus de 10 mod\u00e8les diff\u00e9rents, cr\u00e9ant ainsi un syst\u00e8me de rangement aux possibilit\u00e9s illimit\u00e9es. En bref, une solution s\u00fbre pour de nombreuses collections.<br \/>\nNos System Sheets sont fabriqu\u00e9es \u00e0 partir d'un film transparent sans plastifiant, parfaitement s\u00fbr pour tous vos objets de collection, tels que les billets de banque, les cartes postales, les timbres, les actions, les affiches, les flyers, les d\u00e9pliants, les cartes de jeu, etc.<br \/>\nEn cas d'utilisation fr\u00e9quente, nous recommandons d'utiliser des feuilles d'extr\u00e9mit\u00e9<br \/>\nTaille de la feuille : 240 x 300 mm<br \/>\nPerforation : 4 anneaux<br \/>\nNombre : 5 pi\u00e8ces<br \/>\nCaract\u00e9ristiques : Film transparent, sans plastifiant, sans acide, r\u00e9sistant aux documents.<br \/>\nS'ins\u00e8re parfaitement dans les classeurs \u00e0 anneaux Hartberger GML et GMS<br \/>\nVoir les scans pour plus de d\u00e9tails.<br \/>\nPour toute question, n'h\u00e9sitez pas \u00e0 nous envoyer un message.<\/p>","protected":false},"excerpt":{"rendered":"<p>Hartberger Systeembladen S-3&#215;3 met 9 vakken (74 x 97 mm) 5 stuks. Geschikt voor voor speelkaarten Hartberger Systeembladen bestaan in meer dan 10 verschillende uitvoeringen, waardoor een opbergsysteem ontstaat, met een onbegrensd aantal mogelijkheden. Kortom een veilige oplossing voor veel verzamelingen. Onze Systeembladen worden vervaardigd uit glasheldere weekmakervrije folie, welke volkomen veilig is voor al [&hellip;]<\/p>\n","protected":false},"featured_media":111477,"comment_status":"closed","ping_status":"closed","template":"","meta":[],"product_brand":[],"product_cat":[5546,5482,5555],"product_tag":[],"class_list":{"0":"post-111975","1":"product","2":"type-product","3":"status-publish","4":"has-post-thumbnail","6":"product_cat-bladen-voor-munten-en-bankbiljetten","7":"product_cat-munt-houder","8":"product_cat-systeembladen","9":"pa_delcampeid-5263","10":"pa_soort-systeembladen","12":"first","13":"instock","14":"taxable","15":"shipping-taxable","16":"purchasable","17":"product-type-simple"},"yoast_head":"<!-- This site is optimized with the Yoast SEO Premium plugin v26.0 (Yoast SEO v27.4) - https:\/\/yoast.com\/product\/yoast-seo-premium-wordpress\/ -->\n<title>Hartberger Systeembladen S-3x3 (5x)<\/title>\n<meta name=\"description\" content=\"Hartberger opbergsystemen voor uw verzamelitems van o.a. Munten en Bankbiljetten. Bekijk nu ons volledige aanbod. Gratis verzending binnen NL vanaf 75 euro.\" \/>\n<meta name=\"robots\" content=\"noindex, follow, max-snippet:-1, max-image-preview:large, max-video-preview:-1\" \/>\n<meta property=\"og:locale\" content=\"fr_FR\" \/>\n<meta property=\"og:type\" content=\"article\" \/>\n<meta property=\"og:title\" content=\"Hartberger Systeembladen S-3x3 (5x)\" \/>\n<meta property=\"og:description\" content=\"Hartberger opbergsystemen voor uw verzamelitems van o.a. Munten en Bankbiljetten. Bekijk nu ons volledige aanbod. Gratis verzending binnen NL vanaf 75 euro.\" \/>\n<meta property=\"og:url\" content=\"https:\/\/dev.david-coin.com\/fr\/produit\/hartberger-systeembladen-s-3x3-5x\/\" \/>\n<meta property=\"og:site_name\" content=\"David Coin\" \/>\n<meta property=\"article:publisher\" content=\"https:\/\/www.facebook.com\/Davidcoininkoopenverkoop\" \/>\n<meta property=\"article:modified_time\" content=\"2025-09-19T09:13:36+00:00\" \/>\n<meta property=\"og:image\" content=\"https:\/\/dev.david-coin.com\/wp-content\/uploads\/2020\/10\/Hartberger_Systeembladen_S-3x3_5x_.jpg\" \/>\n\t<meta property=\"og:image:width\" content=\"343\" \/>\n\t<meta property=\"og:image:height\" content=\"428\" \/>\n\t<meta property=\"og:image:type\" content=\"image\/jpeg\" \/>\n<meta name=\"twitter:card\" content=\"summary_large_image\" \/>\n<meta name=\"twitter:label1\" content=\"Prix\" \/>\n\t<meta name=\"twitter:data1\" content=\"&euro;&nbsp;8,75\" \/>\n\t<meta name=\"twitter:label2\" content=\"Disponibilit\u00e9\" \/>\n\t<meta name=\"twitter:data2\" content=\"En stock\" \/>\n<script type=\"application\/ld+json\" class=\"yoast-schema-graph\">{\"@context\":\"https:\\\/\\\/schema.org\",\"@graph\":[{\"@type\":\"WebPage\",\"@id\":\"https:\\\/\\\/dev.david-coin.com\\\/product\\\/hartberger-systeembladen-s-3x3-5x\\\/\",\"url\":\"https:\\\/\\\/dev.david-coin.com\\\/product\\\/hartberger-systeembladen-s-3x3-5x\\\/\",\"name\":\"Hartberger Systeembladen S-3x3 (5x)\",\"isPartOf\":{\"@id\":\"https:\\\/\\\/dev.david-coin.com\\\/#website\"},\"primaryImageOfPage\":{\"@id\":\"https:\\\/\\\/dev.david-coin.com\\\/product\\\/hartberger-systeembladen-s-3x3-5x\\\/#primaryimage\"},\"image\":{\"@id\":\"https:\\\/\\\/dev.david-coin.com\\\/product\\\/hartberger-systeembladen-s-3x3-5x\\\/#primaryimage\"},\"thumbnailUrl\":\"https:\\\/\\\/dev.david-coin.com\\\/wp-content\\\/uploads\\\/2020\\\/10\\\/Hartberger_Systeembladen_S-3x3_5x_.jpg\",\"datePublished\":\"2021-03-08T17:47:37+00:00\",\"dateModified\":\"2025-09-19T09:13:36+00:00\",\"description\":\"Hartberger opbergsystemen voor uw verzamelitems van o.a. Munten en Bankbiljetten. Bekijk nu ons volledige aanbod. Gratis verzending binnen NL vanaf 75 euro.\",\"breadcrumb\":{\"@id\":\"https:\\\/\\\/dev.david-coin.com\\\/product\\\/hartberger-systeembladen-s-3x3-5x\\\/#breadcrumb\"},\"inLanguage\":\"fr-FR\",\"potentialAction\":[{\"@type\":\"ReadAction\",\"target\":[\"https:\\\/\\\/dev.david-coin.com\\\/product\\\/hartberger-systeembladen-s-3x3-5x\\\/\"]}]},{\"@type\":\"ImageObject\",\"inLanguage\":\"fr-FR\",\"@id\":\"https:\\\/\\\/dev.david-coin.com\\\/product\\\/hartberger-systeembladen-s-3x3-5x\\\/#primaryimage\",\"url\":\"https:\\\/\\\/dev.david-coin.com\\\/wp-content\\\/uploads\\\/2020\\\/10\\\/Hartberger_Systeembladen_S-3x3_5x_.jpg\",\"contentUrl\":\"https:\\\/\\\/dev.david-coin.com\\\/wp-content\\\/uploads\\\/2020\\\/10\\\/Hartberger_Systeembladen_S-3x3_5x_.jpg\",\"width\":343,\"height\":428,\"caption\":\"Hartberger_Systeembladen_S-3x3_5x_.jpg\"},{\"@type\":\"BreadcrumbList\",\"@id\":\"https:\\\/\\\/dev.david-coin.com\\\/product\\\/hartberger-systeembladen-s-3x3-5x\\\/#breadcrumb\",\"itemListElement\":[{\"@type\":\"ListItem\",\"position\":1,\"name\":\"Home\",\"item\":\"https:\\\/\\\/dev.david-coin.com\\\/\"},{\"@type\":\"ListItem\",\"position\":2,\"name\":\"Winkel\",\"item\":\"https:\\\/\\\/dev.david-coin.com\\\/winkel\\\/\"},{\"@type\":\"ListItem\",\"position\":3,\"name\":\"Hartberger Systeembladen S-3&#215;3 (5x)\"}]},{\"@type\":\"WebSite\",\"@id\":\"https:\\\/\\\/dev.david-coin.com\\\/#website\",\"url\":\"https:\\\/\\\/dev.david-coin.com\\\/\",\"name\":\"David Coin\",\"description\":\"\",\"publisher\":{\"@id\":\"https:\\\/\\\/dev.david-coin.com\\\/#organization\"},\"potentialAction\":[{\"@type\":\"SearchAction\",\"target\":{\"@type\":\"EntryPoint\",\"urlTemplate\":\"https:\\\/\\\/dev.david-coin.com\\\/?s={search_term_string}\"},\"query-input\":{\"@type\":\"PropertyValueSpecification\",\"valueRequired\":true,\"valueName\":\"search_term_string\"}}],\"inLanguage\":\"fr-FR\"},{\"@type\":\"Organization\",\"@id\":\"https:\\\/\\\/dev.david-coin.com\\\/#organization\",\"name\":\"David Coin\",\"url\":\"https:\\\/\\\/dev.david-coin.com\\\/\",\"logo\":{\"@type\":\"ImageObject\",\"inLanguage\":\"fr-FR\",\"@id\":\"https:\\\/\\\/dev.david-coin.com\\\/#\\\/schema\\\/logo\\\/image\\\/\",\"url\":\"https:\\\/\\\/dev.david-coin.com\\\/wp-content\\\/uploads\\\/2024\\\/04\\\/davidcoin-logo-final.png\",\"contentUrl\":\"https:\\\/\\\/dev.david-coin.com\\\/wp-content\\\/uploads\\\/2024\\\/04\\\/davidcoin-logo-final.png\",\"width\":800,\"height\":267,\"caption\":\"David Coin\"},\"image\":{\"@id\":\"https:\\\/\\\/dev.david-coin.com\\\/#\\\/schema\\\/logo\\\/image\\\/\"},\"sameAs\":[\"https:\\\/\\\/www.facebook.com\\\/Davidcoininkoopenverkoop\",\"https:\\\/\\\/www.youtube.com\\\/channel\\\/UC39lihLKFSPTff0w6tv0pWQ\"]}]}<\/script>\n<meta property=\"product:price:amount\" content=\"8.75\" \/>\n<meta property=\"product:price:currency\" content=\"EUR\" \/>\n<meta property=\"og:availability\" content=\"instock\" \/>\n<meta property=\"product:availability\" content=\"instock\" \/>\n<meta property=\"product:retailer_item_id\" content=\"12201\" \/>\n<meta property=\"product:condition\" content=\"new\" \/>\n<!-- \/ Yoast SEO Premium plugin. -->","yoast_head_json":{"title":"Hartberger Systeembladen S-3x3 (5x)","description":"Hartberger opbergsystemen voor uw verzamelitems van o.a. Munten en Bankbiljetten. Bekijk nu ons volledige aanbod. Gratis verzending binnen NL vanaf 75 euro.","robots":{"index":"noindex","follow":"follow","max-snippet":"max-snippet:-1","max-image-preview":"max-image-preview:large","max-video-preview":"max-video-preview:-1"},"og_locale":"fr_FR","og_type":"article","og_title":"Hartberger Systeembladen S-3x3 (5x)","og_description":"Hartberger opbergsystemen voor uw verzamelitems van o.a. Munten en Bankbiljetten. Bekijk nu ons volledige aanbod. Gratis verzending binnen NL vanaf 75 euro.","og_url":"https:\/\/dev.david-coin.com\/fr\/produit\/hartberger-systeembladen-s-3x3-5x\/","og_site_name":"David Coin","article_publisher":"https:\/\/www.facebook.com\/Davidcoininkoopenverkoop","article_modified_time":"2025-09-19T09:13:36+00:00","og_image":[{"width":343,"height":428,"url":"https:\/\/dev.david-coin.com\/wp-content\/uploads\/2020\/10\/Hartberger_Systeembladen_S-3x3_5x_.jpg","type":"image\/jpeg"}],"twitter_card":"summary_large_image","twitter_misc":{"Prix":"&euro;&nbsp;8,75","Disponibilit\u00e9":"En stock"},"schema":{"@context":"https:\/\/schema.org","@graph":[{"@type":"WebPage","@id":"https:\/\/dev.david-coin.com\/product\/hartberger-systeembladen-s-3x3-5x\/","url":"https:\/\/dev.david-coin.com\/product\/hartberger-systeembladen-s-3x3-5x\/","name":"Hartberger Systeembladen S-3x3 (5x)","isPartOf":{"@id":"https:\/\/dev.david-coin.com\/#website"},"primaryImageOfPage":{"@id":"https:\/\/dev.david-coin.com\/product\/hartberger-systeembladen-s-3x3-5x\/#primaryimage"},"image":{"@id":"https:\/\/dev.david-coin.com\/product\/hartberger-systeembladen-s-3x3-5x\/#primaryimage"},"thumbnailUrl":"https:\/\/dev.david-coin.com\/wp-content\/uploads\/2020\/10\/Hartberger_Systeembladen_S-3x3_5x_.jpg","datePublished":"2021-03-08T17:47:37+00:00","dateModified":"2025-09-19T09:13:36+00:00","description":"Hartberger opbergsystemen voor uw verzamelitems van o.a. Munten en Bankbiljetten. Bekijk nu ons volledige aanbod. Gratis verzending binnen NL vanaf 75 euro.","breadcrumb":{"@id":"https:\/\/dev.david-coin.com\/product\/hartberger-systeembladen-s-3x3-5x\/#breadcrumb"},"inLanguage":"fr-FR","potentialAction":[{"@type":"ReadAction","target":["https:\/\/dev.david-coin.com\/product\/hartberger-systeembladen-s-3x3-5x\/"]}]},{"@type":"ImageObject","inLanguage":"fr-FR","@id":"https:\/\/dev.david-coin.com\/product\/hartberger-systeembladen-s-3x3-5x\/#primaryimage","url":"https:\/\/dev.david-coin.com\/wp-content\/uploads\/2020\/10\/Hartberger_Systeembladen_S-3x3_5x_.jpg","contentUrl":"https:\/\/dev.david-coin.com\/wp-content\/uploads\/2020\/10\/Hartberger_Systeembladen_S-3x3_5x_.jpg","width":343,"height":428,"caption":"Hartberger_Systeembladen_S-3x3_5x_.jpg"},{"@type":"BreadcrumbList","@id":"https:\/\/dev.david-coin.com\/product\/hartberger-systeembladen-s-3x3-5x\/#breadcrumb","itemListElement":[{"@type":"ListItem","position":1,"name":"Home","item":"https:\/\/dev.david-coin.com\/"},{"@type":"ListItem","position":2,"name":"Winkel","item":"https:\/\/dev.david-coin.com\/winkel\/"},{"@type":"ListItem","position":3,"name":"Hartberger Systeembladen S-3&#215;3 (5x)"}]},{"@type":"WebSite","@id":"https:\/\/dev.david-coin.com\/#website","url":"https:\/\/dev.david-coin.com\/","name":"David Coin","description":"","publisher":{"@id":"https:\/\/dev.david-coin.com\/#organization"},"potentialAction":[{"@type":"SearchAction","target":{"@type":"EntryPoint","urlTemplate":"https:\/\/dev.david-coin.com\/?s={search_term_string}"},"query-input":{"@type":"PropertyValueSpecification","valueRequired":true,"valueName":"search_term_string"}}],"inLanguage":"fr-FR"},{"@type":"Organization","@id":"https:\/\/dev.david-coin.com\/#organization","name":"David Coin","url":"https:\/\/dev.david-coin.com\/","logo":{"@type":"ImageObject","inLanguage":"fr-FR","@id":"https:\/\/dev.david-coin.com\/#\/schema\/logo\/image\/","url":"https:\/\/dev.david-coin.com\/wp-content\/uploads\/2024\/04\/davidcoin-logo-final.png","contentUrl":"https:\/\/dev.david-coin.com\/wp-content\/uploads\/2024\/04\/davidcoin-logo-final.png","width":800,"height":267,"caption":"David Coin"},"image":{"@id":"https:\/\/dev.david-coin.com\/#\/schema\/logo\/image\/"},"sameAs":["https:\/\/www.facebook.com\/Davidcoininkoopenverkoop","https:\/\/www.youtube.com\/channel\/UC39lihLKFSPTff0w6tv0pWQ"]}]},"product_price_amount":"8.75","product_price_currency":"EUR","og_availability":"instock","product_availability":"instock","product_retailer_item_id":"12201","product_condition":"new"},"_links":{"self":[{"href":"https:\/\/dev.david-coin.com\/fr\/wp-json\/wp\/v2\/product\/111975","targetHints":{"allow":["GET"]}}],"collection":[{"href":"https:\/\/dev.david-coin.com\/fr\/wp-json\/wp\/v2\/product"}],"about":[{"href":"https:\/\/dev.david-coin.com\/fr\/wp-json\/wp\/v2\/types\/product"}],"replies":[{"embeddable":true,"href":"https:\/\/dev.david-coin.com\/fr\/wp-json\/wp\/v2\/comments?post=111975"}],"version-history":[{"count":0,"href":"https:\/\/dev.david-coin.com\/fr\/wp-json\/wp\/v2\/product\/111975\/revisions"}],"wp:featuredmedia":[{"embeddable":true,"href":"https:\/\/dev.david-coin.com\/fr\/wp-json\/wp\/v2\/media\/111477"}],"wp:attachment":[{"href":"https:\/\/dev.david-coin.com\/fr\/wp-json\/wp\/v2\/media?parent=111975"}],"wp:term":[{"taxonomy":"product_brand","embeddable":true,"href":"https:\/\/dev.david-coin.com\/fr\/wp-json\/wp\/v2\/product_brand?post=111975"},{"taxonomy":"product_cat","embeddable":true,"href":"https:\/\/dev.david-coin.com\/fr\/wp-json\/wp\/v2\/product_cat?post=111975"},{"taxonomy":"product_tag","embeddable":true,"href":"https:\/\/dev.david-coin.com\/fr\/wp-json\/wp\/v2\/product_tag?post=111975"}],"curies":[{"name":"wp","href":"https:\/\/api.w.org\/{rel}","templated":true}]}}