{"id":110910,"date":"2020-06-09T13:09:31","date_gmt":"2020-06-09T13:09:31","guid":{"rendered":"https:\/\/dev.david-coin.com\/product\/nederland-0-euro-biljet-muntmanifestatie-2019\/"},"modified":"2025-06-13T11:01:54","modified_gmt":"2025-06-13T09:01:54","slug":"nederland-0-euro-biljet-muntmanifestatie-2019","status":"publish","type":"product","link":"https:\/\/dev.david-coin.com\/fr\/produit\/nederland-0-euro-biljet-muntmanifestatie-2019\/","title":{"rendered":"Manifestation de la pi\u00e8ce de 0 euro des Pays-Bas 2019"},"content":{"rendered":"<p><span style=\"font-size: 12pt;\">Manifestation de la pi\u00e8ce de 0 euro des Pays-Bas 2019<\/span><br \/><span style=\"font-size: 12pt;\"> Un souvenir pour les vrais collectionneurs ! EUROSCOPE a cr\u00e9\u00e9 un souvenir pour l'\u00e9v\u00e9nement n\u00e9erlandais de collection de pi\u00e8ces \"Muntmanifestatie 2019\". <\/span><br \/><span style=\"font-size: 12pt;\"> Avant : embl\u00e8me. <\/span><br \/><span style=\"font-size: 12pt;\"> Arri\u00e8re : standard. <\/span><br \/><span style=\"font-size: 12pt;\"> Edition : 5 000 unit\u00e9s <\/span><br \/><span style=\"font-size: 12pt;\"> Voir les scans pour plus de d\u00e9tails. <\/span><br \/><span style=\"font-size: 12pt;\"> Pour toute question, n'h\u00e9sitez pas \u00e0 nous envoyer un message.<\/span><\/p>","protected":false},"excerpt":{"rendered":"<p>Nederland 0-Euro biljet Muntmanifestatie 2019 Een souvenir voor echte verzamelaars! EUROSCOPE&#8217;s hot souvenir voor de Nederlandse muntenverzamelaarsbijeenkomst &#8220;Muntmanifestatie 2019&#8221;. Voorzijde: embleem. Achterzijde: standaard. Editie: 5.000 stuks Zie scans voor meer details. Voor vragen stuur ons gerust een bericht.<\/p>","protected":false},"featured_media":110908,"comment_status":"closed","ping_status":"closed","template":"","meta":[],"product_brand":[],"product_cat":[5551,5554,5629],"product_tag":[],"class_list":{"0":"post-110910","1":"product","2":"type-product","3":"status-publish","4":"has-post-thumbnail","6":"product_cat-0-euro-biljetten-groen","7":"product_cat-0-euro-biljet","8":"product_cat-2019-groen","9":"pa_bankbiljetwaarde-0euro","10":"pa_delcampeid-5264","11":"pa_kwaliteit-unc","12":"pa_land-nederland","13":"pa_soort-memo0_eurobiljet","15":"first","16":"instock","17":"taxable","18":"shipping-taxable","19":"purchasable","20":"product-type-simple"},"yoast_head":"<!-- This site is optimized with the Yoast SEO Premium plugin v26.0 (Yoast SEO v27.4) - https:\/\/yoast.com\/product\/yoast-seo-premium-wordpress\/ -->\n<title>Nederland 0-Euro biljet Muntmanifestatie 2019<\/title>\n<meta name=\"description\" content=\"Ruim aanbod groene en paarse 0 -Eurobiljetten verkrijgbaar bij David-coin. Bekijk nu ons complete aanbod. Vanaf 75 euro gratis verzending binnen NL.\" \/>\n<meta name=\"robots\" content=\"noindex, follow, max-snippet:-1, max-image-preview:large, max-video-preview:-1\" \/>\n<meta property=\"og:locale\" content=\"fr_FR\" \/>\n<meta property=\"og:type\" content=\"article\" \/>\n<meta property=\"og:title\" content=\"Nederland 0-Euro biljet Muntmanifestatie 2019\" \/>\n<meta property=\"og:description\" content=\"Ruim aanbod groene en paarse 0 -Eurobiljetten verkrijgbaar bij David-coin. Bekijk nu ons complete aanbod. Vanaf 75 euro gratis verzending binnen NL.\" \/>\n<meta property=\"og:url\" content=\"https:\/\/dev.david-coin.com\/fr\/produit\/nederland-0-euro-biljet-muntmanifestatie-2019\/\" \/>\n<meta property=\"og:site_name\" content=\"David Coin\" \/>\n<meta property=\"article:publisher\" content=\"https:\/\/www.facebook.com\/Davidcoininkoopenverkoop\" \/>\n<meta property=\"article:modified_time\" content=\"2025-06-13T09:01:54+00:00\" \/>\n<meta property=\"og:image\" content=\"https:\/\/dev.david-coin.com\/wp-content\/uploads\/2020\/06\/0-euro-biljet-muntmanifestatie-2019-1.jpg\" \/>\n\t<meta property=\"og:image:width\" content=\"500\" \/>\n\t<meta property=\"og:image:height\" content=\"500\" \/>\n\t<meta property=\"og:image:type\" content=\"image\/jpeg\" \/>\n<meta name=\"twitter:card\" content=\"summary_large_image\" \/>\n<meta name=\"twitter:label1\" content=\"Prix\" \/>\n\t<meta name=\"twitter:data1\" content=\"&euro;&nbsp;4,95\" \/>\n\t<meta name=\"twitter:label2\" content=\"Disponibilit\u00e9\" \/>\n\t<meta name=\"twitter:data2\" content=\"En stock\" \/>\n<script type=\"application\/ld+json\" class=\"yoast-schema-graph\">{\"@context\":\"https:\\\/\\\/schema.org\",\"@graph\":[{\"@type\":\"WebPage\",\"@id\":\"https:\\\/\\\/dev.david-coin.com\\\/product\\\/nederland-0-euro-biljet-muntmanifestatie-2019\\\/\",\"url\":\"https:\\\/\\\/dev.david-coin.com\\\/product\\\/nederland-0-euro-biljet-muntmanifestatie-2019\\\/\",\"name\":\"Nederland 0-Euro biljet Muntmanifestatie 2019\",\"isPartOf\":{\"@id\":\"https:\\\/\\\/dev.david-coin.com\\\/#website\"},\"primaryImageOfPage\":{\"@id\":\"https:\\\/\\\/dev.david-coin.com\\\/product\\\/nederland-0-euro-biljet-muntmanifestatie-2019\\\/#primaryimage\"},\"image\":{\"@id\":\"https:\\\/\\\/dev.david-coin.com\\\/product\\\/nederland-0-euro-biljet-muntmanifestatie-2019\\\/#primaryimage\"},\"thumbnailUrl\":\"https:\\\/\\\/dev.david-coin.com\\\/wp-content\\\/uploads\\\/2020\\\/06\\\/0-euro-biljet-muntmanifestatie-2019-1.jpg\",\"datePublished\":\"2020-06-09T13:09:31+00:00\",\"dateModified\":\"2025-06-13T09:01:54+00:00\",\"description\":\"Ruim aanbod groene en paarse 0 -Eurobiljetten verkrijgbaar bij David-coin. Bekijk nu ons complete aanbod. Vanaf 75 euro gratis verzending binnen NL.\",\"breadcrumb\":{\"@id\":\"https:\\\/\\\/dev.david-coin.com\\\/product\\\/nederland-0-euro-biljet-muntmanifestatie-2019\\\/#breadcrumb\"},\"inLanguage\":\"fr-FR\",\"potentialAction\":[{\"@type\":\"ReadAction\",\"target\":[\"https:\\\/\\\/dev.david-coin.com\\\/product\\\/nederland-0-euro-biljet-muntmanifestatie-2019\\\/\"]}]},{\"@type\":\"ImageObject\",\"inLanguage\":\"fr-FR\",\"@id\":\"https:\\\/\\\/dev.david-coin.com\\\/product\\\/nederland-0-euro-biljet-muntmanifestatie-2019\\\/#primaryimage\",\"url\":\"https:\\\/\\\/dev.david-coin.com\\\/wp-content\\\/uploads\\\/2020\\\/06\\\/0-euro-biljet-muntmanifestatie-2019-1.jpg\",\"contentUrl\":\"https:\\\/\\\/dev.david-coin.com\\\/wp-content\\\/uploads\\\/2020\\\/06\\\/0-euro-biljet-muntmanifestatie-2019-1.jpg\",\"width\":500,\"height\":500},{\"@type\":\"BreadcrumbList\",\"@id\":\"https:\\\/\\\/dev.david-coin.com\\\/product\\\/nederland-0-euro-biljet-muntmanifestatie-2019\\\/#breadcrumb\",\"itemListElement\":[{\"@type\":\"ListItem\",\"position\":1,\"name\":\"Home\",\"item\":\"https:\\\/\\\/dev.david-coin.com\\\/\"},{\"@type\":\"ListItem\",\"position\":2,\"name\":\"Winkel\",\"item\":\"https:\\\/\\\/dev.david-coin.com\\\/winkel\\\/\"},{\"@type\":\"ListItem\",\"position\":3,\"name\":\"Nederland 0-Euro biljet Muntmanifestatie 2019\"}]},{\"@type\":\"WebSite\",\"@id\":\"https:\\\/\\\/dev.david-coin.com\\\/#website\",\"url\":\"https:\\\/\\\/dev.david-coin.com\\\/\",\"name\":\"David Coin\",\"description\":\"\",\"publisher\":{\"@id\":\"https:\\\/\\\/dev.david-coin.com\\\/#organization\"},\"potentialAction\":[{\"@type\":\"SearchAction\",\"target\":{\"@type\":\"EntryPoint\",\"urlTemplate\":\"https:\\\/\\\/dev.david-coin.com\\\/?s={search_term_string}\"},\"query-input\":{\"@type\":\"PropertyValueSpecification\",\"valueRequired\":true,\"valueName\":\"search_term_string\"}}],\"inLanguage\":\"fr-FR\"},{\"@type\":\"Organization\",\"@id\":\"https:\\\/\\\/dev.david-coin.com\\\/#organization\",\"name\":\"David Coin\",\"url\":\"https:\\\/\\\/dev.david-coin.com\\\/\",\"logo\":{\"@type\":\"ImageObject\",\"inLanguage\":\"fr-FR\",\"@id\":\"https:\\\/\\\/dev.david-coin.com\\\/#\\\/schema\\\/logo\\\/image\\\/\",\"url\":\"https:\\\/\\\/dev.david-coin.com\\\/wp-content\\\/uploads\\\/2024\\\/04\\\/davidcoin-logo-final.png\",\"contentUrl\":\"https:\\\/\\\/dev.david-coin.com\\\/wp-content\\\/uploads\\\/2024\\\/04\\\/davidcoin-logo-final.png\",\"width\":800,\"height\":267,\"caption\":\"David Coin\"},\"image\":{\"@id\":\"https:\\\/\\\/dev.david-coin.com\\\/#\\\/schema\\\/logo\\\/image\\\/\"},\"sameAs\":[\"https:\\\/\\\/www.facebook.com\\\/Davidcoininkoopenverkoop\",\"https:\\\/\\\/www.youtube.com\\\/channel\\\/UC39lihLKFSPTff0w6tv0pWQ\"]}]}<\/script>\n<meta property=\"product:price:amount\" content=\"4.95\" \/>\n<meta property=\"product:price:currency\" content=\"EUR\" \/>\n<meta property=\"og:availability\" content=\"instock\" \/>\n<meta property=\"product:availability\" content=\"instock\" \/>\n<meta property=\"product:retailer_item_id\" content=\"4019\" \/>\n<meta property=\"product:condition\" content=\"new\" \/>\n<!-- \/ Yoast SEO Premium plugin. -->","yoast_head_json":{"title":"Manifestation de la pi\u00e8ce de 0 euro des Pays-Bas 2019","description":"Ruim aanbod groene en paarse 0 -Eurobiljetten verkrijgbaar bij David-coin. Bekijk nu ons complete aanbod. Vanaf 75 euro gratis verzending binnen NL.","robots":{"index":"noindex","follow":"follow","max-snippet":"max-snippet:-1","max-image-preview":"max-image-preview:large","max-video-preview":"max-video-preview:-1"},"og_locale":"fr_FR","og_type":"article","og_title":"Nederland 0-Euro biljet Muntmanifestatie 2019","og_description":"Ruim aanbod groene en paarse 0 -Eurobiljetten verkrijgbaar bij David-coin. Bekijk nu ons complete aanbod. Vanaf 75 euro gratis verzending binnen NL.","og_url":"https:\/\/dev.david-coin.com\/fr\/produit\/nederland-0-euro-biljet-muntmanifestatie-2019\/","og_site_name":"David Coin","article_publisher":"https:\/\/www.facebook.com\/Davidcoininkoopenverkoop","article_modified_time":"2025-06-13T09:01:54+00:00","og_image":[{"width":500,"height":500,"url":"https:\/\/dev.david-coin.com\/wp-content\/uploads\/2020\/06\/0-euro-biljet-muntmanifestatie-2019-1.jpg","type":"image\/jpeg"}],"twitter_card":"summary_large_image","twitter_misc":{"Prix":"&euro;&nbsp;4,95","Disponibilit\u00e9":"En stock"},"schema":{"@context":"https:\/\/schema.org","@graph":[{"@type":"WebPage","@id":"https:\/\/dev.david-coin.com\/product\/nederland-0-euro-biljet-muntmanifestatie-2019\/","url":"https:\/\/dev.david-coin.com\/product\/nederland-0-euro-biljet-muntmanifestatie-2019\/","name":"Manifestation de la pi\u00e8ce de 0 euro des Pays-Bas 2019","isPartOf":{"@id":"https:\/\/dev.david-coin.com\/#website"},"primaryImageOfPage":{"@id":"https:\/\/dev.david-coin.com\/product\/nederland-0-euro-biljet-muntmanifestatie-2019\/#primaryimage"},"image":{"@id":"https:\/\/dev.david-coin.com\/product\/nederland-0-euro-biljet-muntmanifestatie-2019\/#primaryimage"},"thumbnailUrl":"https:\/\/dev.david-coin.com\/wp-content\/uploads\/2020\/06\/0-euro-biljet-muntmanifestatie-2019-1.jpg","datePublished":"2020-06-09T13:09:31+00:00","dateModified":"2025-06-13T09:01:54+00:00","description":"Ruim aanbod groene en paarse 0 -Eurobiljetten verkrijgbaar bij David-coin. Bekijk nu ons complete aanbod. Vanaf 75 euro gratis verzending binnen NL.","breadcrumb":{"@id":"https:\/\/dev.david-coin.com\/product\/nederland-0-euro-biljet-muntmanifestatie-2019\/#breadcrumb"},"inLanguage":"fr-FR","potentialAction":[{"@type":"ReadAction","target":["https:\/\/dev.david-coin.com\/product\/nederland-0-euro-biljet-muntmanifestatie-2019\/"]}]},{"@type":"ImageObject","inLanguage":"fr-FR","@id":"https:\/\/dev.david-coin.com\/product\/nederland-0-euro-biljet-muntmanifestatie-2019\/#primaryimage","url":"https:\/\/dev.david-coin.com\/wp-content\/uploads\/2020\/06\/0-euro-biljet-muntmanifestatie-2019-1.jpg","contentUrl":"https:\/\/dev.david-coin.com\/wp-content\/uploads\/2020\/06\/0-euro-biljet-muntmanifestatie-2019-1.jpg","width":500,"height":500},{"@type":"BreadcrumbList","@id":"https:\/\/dev.david-coin.com\/product\/nederland-0-euro-biljet-muntmanifestatie-2019\/#breadcrumb","itemListElement":[{"@type":"ListItem","position":1,"name":"Home","item":"https:\/\/dev.david-coin.com\/"},{"@type":"ListItem","position":2,"name":"Winkel","item":"https:\/\/dev.david-coin.com\/winkel\/"},{"@type":"ListItem","position":3,"name":"Nederland 0-Euro biljet Muntmanifestatie 2019"}]},{"@type":"WebSite","@id":"https:\/\/dev.david-coin.com\/#website","url":"https:\/\/dev.david-coin.com\/","name":"David Coin","description":"","publisher":{"@id":"https:\/\/dev.david-coin.com\/#organization"},"potentialAction":[{"@type":"SearchAction","target":{"@type":"EntryPoint","urlTemplate":"https:\/\/dev.david-coin.com\/?s={search_term_string}"},"query-input":{"@type":"PropertyValueSpecification","valueRequired":true,"valueName":"search_term_string"}}],"inLanguage":"fr-FR"},{"@type":"Organization","@id":"https:\/\/dev.david-coin.com\/#organization","name":"David Coin","url":"https:\/\/dev.david-coin.com\/","logo":{"@type":"ImageObject","inLanguage":"fr-FR","@id":"https:\/\/dev.david-coin.com\/#\/schema\/logo\/image\/","url":"https:\/\/dev.david-coin.com\/wp-content\/uploads\/2024\/04\/davidcoin-logo-final.png","contentUrl":"https:\/\/dev.david-coin.com\/wp-content\/uploads\/2024\/04\/davidcoin-logo-final.png","width":800,"height":267,"caption":"David Coin"},"image":{"@id":"https:\/\/dev.david-coin.com\/#\/schema\/logo\/image\/"},"sameAs":["https:\/\/www.facebook.com\/Davidcoininkoopenverkoop","https:\/\/www.youtube.com\/channel\/UC39lihLKFSPTff0w6tv0pWQ"]}]},"product_price_amount":"4.95","product_price_currency":"EUR","og_availability":"instock","product_availability":"instock","product_retailer_item_id":"4019","product_condition":"new"},"_links":{"self":[{"href":"https:\/\/dev.david-coin.com\/fr\/wp-json\/wp\/v2\/product\/110910","targetHints":{"allow":["GET"]}}],"collection":[{"href":"https:\/\/dev.david-coin.com\/fr\/wp-json\/wp\/v2\/product"}],"about":[{"href":"https:\/\/dev.david-coin.com\/fr\/wp-json\/wp\/v2\/types\/product"}],"replies":[{"embeddable":true,"href":"https:\/\/dev.david-coin.com\/fr\/wp-json\/wp\/v2\/comments?post=110910"}],"version-history":[{"count":0,"href":"https:\/\/dev.david-coin.com\/fr\/wp-json\/wp\/v2\/product\/110910\/revisions"}],"wp:featuredmedia":[{"embeddable":true,"href":"https:\/\/dev.david-coin.com\/fr\/wp-json\/wp\/v2\/media\/110908"}],"wp:attachment":[{"href":"https:\/\/dev.david-coin.com\/fr\/wp-json\/wp\/v2\/media?parent=110910"}],"wp:term":[{"taxonomy":"product_brand","embeddable":true,"href":"https:\/\/dev.david-coin.com\/fr\/wp-json\/wp\/v2\/product_brand?post=110910"},{"taxonomy":"product_cat","embeddable":true,"href":"https:\/\/dev.david-coin.com\/fr\/wp-json\/wp\/v2\/product_cat?post=110910"},{"taxonomy":"product_tag","embeddable":true,"href":"https:\/\/dev.david-coin.com\/fr\/wp-json\/wp\/v2\/product_tag?post=110910"}],"curies":[{"name":"wp","href":"https:\/\/api.w.org\/{rel}","templated":true}]}}