{"id":110346,"date":"2020-04-16T17:56:44","date_gmt":"2020-04-16T17:56:44","guid":{"rendered":"https:\/\/dev.david-coin.com\/product\/nederland-25-cent-1956-juliana\/"},"modified":"2025-08-05T11:21:50","modified_gmt":"2025-08-05T09:21:50","slug":"nederland-25-cent-1956-juliana","status":"publish","type":"product","link":"https:\/\/dev.david-coin.com\/fr\/produit\/nederland-25-cent-1956-juliana\/","title":{"rendered":"Nederland 25 Cent 1956 Juliana"},"content":{"rendered":"<p>Nederland 25 Cent 1956 Juliana<br \/>\nFront : Portrait \u00e0 droite<br \/>\nReverse:25 cents<br \/>\nBord : lisse<br \/>\nPoids : 3 grammes<br \/>\nDiam\u00e8tre : 19 mm.<br \/>\nMarque de ma\u00eetre de la monnaie:Poisson<\/p>\n<p>Na de oorlog werden er nikkelen kwartjes in omloop gebracht, in 1948 met het portret van <a href=\"\/fr\/\u201chttps:\/\/dev.david-coin.com\/categorie-produit\/nederlandse-munten\/wilhelmina-1890-1948\/\u201d\/\">Reine Wilhelmina<\/a> et \u00e0 partir de 1950 avec le portrait de <a href=\"\/fr\/\u201chttps:\/\/dev.david-coin.com\/categorie-produit\/nederlandse-munten\/juliana-1948-1980\/\u201d\/\">Reine Juliana<\/a>. De serie bestaat tot en met 1953 uit een cent, een stuiver, een dubbeltje en een kwartje. Vanaf 1954 komt er een zilveren gulden bij, en vanaf 1959 een zilveren rijksdaalder. Het kwartje van Juliana is geslagen van 1950 tot en met 1980, en is in 2002 uit de omloop gehaald. Het kwartje weegt 3 gram en heeft een diameter van 19 millimeter. Naast het kwartje van Juliana zijn er nog de volgende munten uitgegeven:<br \/>\n&#8211;\t<a href=\"\/fr\/\u201chttps:\/\/dev.david-coin.com\/produit\/nederland-1-cent-1950-juliana\/\u201d\/\">Cent Juliana;<\/a><br \/>\n&#8211;\t<a href=\"\/fr\/\u201chttps:\/\/dev.david-coin.com\/produit\/nederland-5-cent-1950-juliana\/\u201d\/\">Stuiver Juliana ;<\/a><br \/>\n&#8211;\t<a href=\"\/fr\/\u201chttps:\/\/dev.david-coin.com\/produit\/nederland-10-cent-1950-juliana\/\u201d\/\">Double Juliana ;<\/a><br \/>\n&#8211;\t<a href=\"\/fr\/\u201chttps:\/\/dev.david-coin.com\/produit\/nederland-1-gulden-1955-juliana-zilver\/\u201d\/\">Guilder Juliana en argent ;<\/a><br \/>\n&#8211;\t<a href=\"\/fr\/\u201chttps:\/\/dev.david-coin.com\/produit\/nederland-1-gulden-1967-juliana\/\u201d\/\">Guilder Juliana nickel ;<\/a><br \/>\n&#8211;\t<a href=\"\/fr\/\u201chttps:\/\/dev.david-coin.com\/produit\/nederland-2-5-gulden-1961-juliana-zilver\/\u201d\/\">Reichdaalder Juliana argent ;<\/a><br \/>\n&#8211;\t<a href=\"\/fr\/\u201chttps:\/\/dev.david-coin.com\/produit\/nederland-2-5-gulden-1969-haan-juliana\/\u201d\/\">Reichdaalder Juliana nickel ;<\/a><br \/>\n&#8211;\t<a href=\"\/fr\/\u201chttps:\/\/dev.david-coin.com\/produit\/nederland-10-gulden-1970-juliana\/\u201d\/\">Dix florins d'argent Juliana 1970 ;<\/a><br \/>\n&#8211;\t<a href=\"\/fr\/\u201chttps:\/\/dev.david-coin.com\/produit\/nederland-10-gulden-1973-juliana\/\u201d\/\">Dix florins d'argent Juliana 1973.<\/a><br \/>\nLes pi\u00e8ces de Juliana, \u00e0 l'exception du cent, ont continu\u00e9 \u00e0 circuler jusqu'en 2002, jusqu'\u00e0 l'introduction de l'euro. <\/p>\n<p>Voir les scans pour plus de d\u00e9tails.<br \/>\nPour toute question, n'h\u00e9sitez pas \u00e0 nous envoyer un message.<\/p>","protected":false},"excerpt":{"rendered":"<p>Nederland 25 Cent 1956 Juliana Voorzijde:Portret naar rechts Keerzijde:25 Cent Rand:Glad Gewicht:3 gram Diameter:19 mm. Muntmeesterteken:Vis Na de oorlog werden er nikkelen kwartjes in omloop gebracht, in 1948 met het portret van koningin Wilhelmina en vanaf 1950 met het portret van koningin Juliana. De serie bestaat tot en met 1953 uit een cent, een stuiver, [&hellip;]<\/p>\n","protected":false},"featured_media":110341,"comment_status":"closed","ping_status":"closed","template":"","meta":[],"product_brand":[],"product_cat":[5523],"product_tag":[],"class_list":{"0":"post-110346","1":"product","2":"type-product","3":"status-publish","4":"has-post-thumbnail","6":"product_cat-juliana-1948-1980","7":"pa_delcampeid-5269","8":"pa_koning-koningin-juliana","9":"pa_kwaliteit-zeer-fraai","10":"pa_land-nederland","11":"pa_materiaal-nikkel","12":"pa_muntwaarde-25cent","13":"pa_soort-koninkrijksmunten","15":"first","16":"instock","17":"taxable","18":"shipping-taxable","19":"purchasable","20":"product-type-simple"},"yoast_head":"<!-- This site is optimized with the Yoast SEO Premium plugin v26.0 (Yoast SEO v27.5) - https:\/\/yoast.com\/product\/yoast-seo-premium-wordpress\/ -->\n<title>Nederland 25 Cent 1956 Juliana<\/title>\n<meta name=\"description\" content=\"Nederlandse (kilo&#039;s) centen van diverse jaren verkrijgbaar bij David-coin. Bekijk nu ons complete aanbod. Gratis verzending binnen Nederland vanaf 75 euro.\" \/>\n<meta name=\"robots\" content=\"noindex, follow, max-snippet:-1, max-image-preview:large, max-video-preview:-1\" \/>\n<meta property=\"og:locale\" content=\"fr_FR\" \/>\n<meta property=\"og:type\" content=\"article\" \/>\n<meta property=\"og:title\" content=\"Nederland 25 Cent 1956 Juliana\" \/>\n<meta property=\"og:description\" content=\"Nederlandse (kilo&#039;s) centen van diverse jaren verkrijgbaar bij David-coin. Bekijk nu ons complete aanbod. Gratis verzending binnen Nederland vanaf 75 euro.\" \/>\n<meta property=\"og:url\" content=\"https:\/\/dev.david-coin.com\/fr\/produit\/nederland-25-cent-1956-juliana\/\" \/>\n<meta property=\"og:site_name\" content=\"David Coin\" \/>\n<meta property=\"article:publisher\" content=\"https:\/\/www.facebook.com\/Davidcoininkoopenverkoop\" \/>\n<meta property=\"article:modified_time\" content=\"2025-08-05T09:21:50+00:00\" \/>\n<meta property=\"og:image\" content=\"https:\/\/dev.david-coin.com\/wp-content\/uploads\/2020\/04\/Nederland-25-Cent-Juliana-vz-David-coin.jpg\" \/>\n\t<meta property=\"og:image:width\" content=\"529\" \/>\n\t<meta property=\"og:image:height\" content=\"512\" \/>\n\t<meta property=\"og:image:type\" content=\"image\/jpeg\" \/>\n<meta name=\"twitter:card\" content=\"summary_large_image\" \/>\n<meta name=\"twitter:label1\" content=\"Prix\" \/>\n\t<meta name=\"twitter:data1\" content=\"&euro;&nbsp;1,00\" \/>\n\t<meta name=\"twitter:label2\" content=\"Disponibilit\u00e9\" \/>\n\t<meta name=\"twitter:data2\" content=\"En stock\" \/>\n<script type=\"application\/ld+json\" class=\"yoast-schema-graph\">{\"@context\":\"https:\\\/\\\/schema.org\",\"@graph\":[{\"@type\":\"WebPage\",\"@id\":\"https:\\\/\\\/dev.david-coin.com\\\/product\\\/nederland-25-cent-1956-juliana\\\/\",\"url\":\"https:\\\/\\\/dev.david-coin.com\\\/product\\\/nederland-25-cent-1956-juliana\\\/\",\"name\":\"Nederland 25 Cent 1956 Juliana\",\"isPartOf\":{\"@id\":\"https:\\\/\\\/dev.david-coin.com\\\/#website\"},\"primaryImageOfPage\":{\"@id\":\"https:\\\/\\\/dev.david-coin.com\\\/product\\\/nederland-25-cent-1956-juliana\\\/#primaryimage\"},\"image\":{\"@id\":\"https:\\\/\\\/dev.david-coin.com\\\/product\\\/nederland-25-cent-1956-juliana\\\/#primaryimage\"},\"thumbnailUrl\":\"https:\\\/\\\/dev.david-coin.com\\\/wp-content\\\/uploads\\\/2020\\\/04\\\/Nederland-25-Cent-Juliana-vz-David-coin.jpg\",\"datePublished\":\"2020-04-16T17:56:44+00:00\",\"dateModified\":\"2025-08-05T09:21:50+00:00\",\"description\":\"Nederlandse (kilo's) centen van diverse jaren verkrijgbaar bij David-coin. Bekijk nu ons complete aanbod. Gratis verzending binnen Nederland vanaf 75 euro.\",\"breadcrumb\":{\"@id\":\"https:\\\/\\\/dev.david-coin.com\\\/product\\\/nederland-25-cent-1956-juliana\\\/#breadcrumb\"},\"inLanguage\":\"fr-FR\",\"potentialAction\":[{\"@type\":\"ReadAction\",\"target\":[\"https:\\\/\\\/dev.david-coin.com\\\/product\\\/nederland-25-cent-1956-juliana\\\/\"]}]},{\"@type\":\"ImageObject\",\"inLanguage\":\"fr-FR\",\"@id\":\"https:\\\/\\\/dev.david-coin.com\\\/product\\\/nederland-25-cent-1956-juliana\\\/#primaryimage\",\"url\":\"https:\\\/\\\/dev.david-coin.com\\\/wp-content\\\/uploads\\\/2020\\\/04\\\/Nederland-25-Cent-Juliana-vz-David-coin.jpg\",\"contentUrl\":\"https:\\\/\\\/dev.david-coin.com\\\/wp-content\\\/uploads\\\/2020\\\/04\\\/Nederland-25-Cent-Juliana-vz-David-coin.jpg\",\"width\":529,\"height\":512,\"caption\":\"Nederland-25-Cent-Juliana-vz-David-coin.jpg\"},{\"@type\":\"BreadcrumbList\",\"@id\":\"https:\\\/\\\/dev.david-coin.com\\\/product\\\/nederland-25-cent-1956-juliana\\\/#breadcrumb\",\"itemListElement\":[{\"@type\":\"ListItem\",\"position\":1,\"name\":\"Home\",\"item\":\"https:\\\/\\\/dev.david-coin.com\\\/\"},{\"@type\":\"ListItem\",\"position\":2,\"name\":\"Winkel\",\"item\":\"https:\\\/\\\/dev.david-coin.com\\\/winkel\\\/\"},{\"@type\":\"ListItem\",\"position\":3,\"name\":\"Nederland 25 Cent 1956 Juliana\"}]},{\"@type\":\"WebSite\",\"@id\":\"https:\\\/\\\/dev.david-coin.com\\\/#website\",\"url\":\"https:\\\/\\\/dev.david-coin.com\\\/\",\"name\":\"David Coin\",\"description\":\"\",\"publisher\":{\"@id\":\"https:\\\/\\\/dev.david-coin.com\\\/#organization\"},\"potentialAction\":[{\"@type\":\"SearchAction\",\"target\":{\"@type\":\"EntryPoint\",\"urlTemplate\":\"https:\\\/\\\/dev.david-coin.com\\\/?s={search_term_string}\"},\"query-input\":{\"@type\":\"PropertyValueSpecification\",\"valueRequired\":true,\"valueName\":\"search_term_string\"}}],\"inLanguage\":\"fr-FR\"},{\"@type\":\"Organization\",\"@id\":\"https:\\\/\\\/dev.david-coin.com\\\/#organization\",\"name\":\"David Coin\",\"url\":\"https:\\\/\\\/dev.david-coin.com\\\/\",\"logo\":{\"@type\":\"ImageObject\",\"inLanguage\":\"fr-FR\",\"@id\":\"https:\\\/\\\/dev.david-coin.com\\\/#\\\/schema\\\/logo\\\/image\\\/\",\"url\":\"https:\\\/\\\/dev.david-coin.com\\\/wp-content\\\/uploads\\\/2024\\\/04\\\/davidcoin-logo-final.png\",\"contentUrl\":\"https:\\\/\\\/dev.david-coin.com\\\/wp-content\\\/uploads\\\/2024\\\/04\\\/davidcoin-logo-final.png\",\"width\":800,\"height\":267,\"caption\":\"David Coin\"},\"image\":{\"@id\":\"https:\\\/\\\/dev.david-coin.com\\\/#\\\/schema\\\/logo\\\/image\\\/\"},\"sameAs\":[\"https:\\\/\\\/www.facebook.com\\\/Davidcoininkoopenverkoop\",\"https:\\\/\\\/www.youtube.com\\\/channel\\\/UC39lihLKFSPTff0w6tv0pWQ\"]}]}<\/script>\n<meta property=\"product:price:amount\" content=\"1.00\" \/>\n<meta property=\"product:price:currency\" content=\"EUR\" \/>\n<meta property=\"og:availability\" content=\"instock\" \/>\n<meta property=\"product:availability\" content=\"instock\" \/>\n<meta property=\"product:retailer_item_id\" content=\"1402\" \/>\n<meta property=\"product:condition\" content=\"new\" \/>\n<!-- \/ Yoast SEO Premium plugin. -->","yoast_head_json":{"title":"Nederland 25 Cent 1956 Juliana","description":"Nederlandse (kilo's) centen van diverse jaren verkrijgbaar bij David-coin. Bekijk nu ons complete aanbod. Gratis verzending binnen Nederland vanaf 75 euro.","robots":{"index":"noindex","follow":"follow","max-snippet":"max-snippet:-1","max-image-preview":"max-image-preview:large","max-video-preview":"max-video-preview:-1"},"og_locale":"fr_FR","og_type":"article","og_title":"Nederland 25 Cent 1956 Juliana","og_description":"Nederlandse (kilo's) centen van diverse jaren verkrijgbaar bij David-coin. Bekijk nu ons complete aanbod. Gratis verzending binnen Nederland vanaf 75 euro.","og_url":"https:\/\/dev.david-coin.com\/fr\/produit\/nederland-25-cent-1956-juliana\/","og_site_name":"David Coin","article_publisher":"https:\/\/www.facebook.com\/Davidcoininkoopenverkoop","article_modified_time":"2025-08-05T09:21:50+00:00","og_image":[{"width":529,"height":512,"url":"https:\/\/dev.david-coin.com\/wp-content\/uploads\/2020\/04\/Nederland-25-Cent-Juliana-vz-David-coin.jpg","type":"image\/jpeg"}],"twitter_card":"summary_large_image","twitter_misc":{"Prix":"&euro;&nbsp;1,00","Disponibilit\u00e9":"En stock"},"schema":{"@context":"https:\/\/schema.org","@graph":[{"@type":"WebPage","@id":"https:\/\/dev.david-coin.com\/product\/nederland-25-cent-1956-juliana\/","url":"https:\/\/dev.david-coin.com\/product\/nederland-25-cent-1956-juliana\/","name":"Nederland 25 Cent 1956 Juliana","isPartOf":{"@id":"https:\/\/dev.david-coin.com\/#website"},"primaryImageOfPage":{"@id":"https:\/\/dev.david-coin.com\/product\/nederland-25-cent-1956-juliana\/#primaryimage"},"image":{"@id":"https:\/\/dev.david-coin.com\/product\/nederland-25-cent-1956-juliana\/#primaryimage"},"thumbnailUrl":"https:\/\/dev.david-coin.com\/wp-content\/uploads\/2020\/04\/Nederland-25-Cent-Juliana-vz-David-coin.jpg","datePublished":"2020-04-16T17:56:44+00:00","dateModified":"2025-08-05T09:21:50+00:00","description":"Nederlandse (kilo's) centen van diverse jaren verkrijgbaar bij David-coin. Bekijk nu ons complete aanbod. Gratis verzending binnen Nederland vanaf 75 euro.","breadcrumb":{"@id":"https:\/\/dev.david-coin.com\/product\/nederland-25-cent-1956-juliana\/#breadcrumb"},"inLanguage":"fr-FR","potentialAction":[{"@type":"ReadAction","target":["https:\/\/dev.david-coin.com\/product\/nederland-25-cent-1956-juliana\/"]}]},{"@type":"ImageObject","inLanguage":"fr-FR","@id":"https:\/\/dev.david-coin.com\/product\/nederland-25-cent-1956-juliana\/#primaryimage","url":"https:\/\/dev.david-coin.com\/wp-content\/uploads\/2020\/04\/Nederland-25-Cent-Juliana-vz-David-coin.jpg","contentUrl":"https:\/\/dev.david-coin.com\/wp-content\/uploads\/2020\/04\/Nederland-25-Cent-Juliana-vz-David-coin.jpg","width":529,"height":512,"caption":"Nederland-25-Cent-Juliana-vz-David-coin.jpg"},{"@type":"BreadcrumbList","@id":"https:\/\/dev.david-coin.com\/product\/nederland-25-cent-1956-juliana\/#breadcrumb","itemListElement":[{"@type":"ListItem","position":1,"name":"Home","item":"https:\/\/dev.david-coin.com\/"},{"@type":"ListItem","position":2,"name":"Winkel","item":"https:\/\/dev.david-coin.com\/winkel\/"},{"@type":"ListItem","position":3,"name":"Nederland 25 Cent 1956 Juliana"}]},{"@type":"WebSite","@id":"https:\/\/dev.david-coin.com\/#website","url":"https:\/\/dev.david-coin.com\/","name":"David Coin","description":"","publisher":{"@id":"https:\/\/dev.david-coin.com\/#organization"},"potentialAction":[{"@type":"SearchAction","target":{"@type":"EntryPoint","urlTemplate":"https:\/\/dev.david-coin.com\/?s={search_term_string}"},"query-input":{"@type":"PropertyValueSpecification","valueRequired":true,"valueName":"search_term_string"}}],"inLanguage":"fr-FR"},{"@type":"Organization","@id":"https:\/\/dev.david-coin.com\/#organization","name":"David Coin","url":"https:\/\/dev.david-coin.com\/","logo":{"@type":"ImageObject","inLanguage":"fr-FR","@id":"https:\/\/dev.david-coin.com\/#\/schema\/logo\/image\/","url":"https:\/\/dev.david-coin.com\/wp-content\/uploads\/2024\/04\/davidcoin-logo-final.png","contentUrl":"https:\/\/dev.david-coin.com\/wp-content\/uploads\/2024\/04\/davidcoin-logo-final.png","width":800,"height":267,"caption":"David Coin"},"image":{"@id":"https:\/\/dev.david-coin.com\/#\/schema\/logo\/image\/"},"sameAs":["https:\/\/www.facebook.com\/Davidcoininkoopenverkoop","https:\/\/www.youtube.com\/channel\/UC39lihLKFSPTff0w6tv0pWQ"]}]},"product_price_amount":"1.00","product_price_currency":"EUR","og_availability":"instock","product_availability":"instock","product_retailer_item_id":"1402","product_condition":"new"},"_links":{"self":[{"href":"https:\/\/dev.david-coin.com\/fr\/wp-json\/wp\/v2\/product\/110346","targetHints":{"allow":["GET"]}}],"collection":[{"href":"https:\/\/dev.david-coin.com\/fr\/wp-json\/wp\/v2\/product"}],"about":[{"href":"https:\/\/dev.david-coin.com\/fr\/wp-json\/wp\/v2\/types\/product"}],"replies":[{"embeddable":true,"href":"https:\/\/dev.david-coin.com\/fr\/wp-json\/wp\/v2\/comments?post=110346"}],"version-history":[{"count":0,"href":"https:\/\/dev.david-coin.com\/fr\/wp-json\/wp\/v2\/product\/110346\/revisions"}],"wp:featuredmedia":[{"embeddable":true,"href":"https:\/\/dev.david-coin.com\/fr\/wp-json\/wp\/v2\/media\/110341"}],"wp:attachment":[{"href":"https:\/\/dev.david-coin.com\/fr\/wp-json\/wp\/v2\/media?parent=110346"}],"wp:term":[{"taxonomy":"product_brand","embeddable":true,"href":"https:\/\/dev.david-coin.com\/fr\/wp-json\/wp\/v2\/product_brand?post=110346"},{"taxonomy":"product_cat","embeddable":true,"href":"https:\/\/dev.david-coin.com\/fr\/wp-json\/wp\/v2\/product_cat?post=110346"},{"taxonomy":"product_tag","embeddable":true,"href":"https:\/\/dev.david-coin.com\/fr\/wp-json\/wp\/v2\/product_tag?post=110346"}],"curies":[{"name":"wp","href":"https:\/\/api.w.org\/{rel}","templated":true}]}}