{"id":109545,"date":"2019-12-26T13:04:34","date_gmt":"2019-12-26T12:04:34","guid":{"rendered":"https:\/\/dev.david-coin.com\/product\/nederland-5-cent-1853-willem-3\/"},"modified":"2025-08-04T12:43:39","modified_gmt":"2025-08-04T10:43:39","slug":"nederland-5-cent-1853-willem-3","status":"publish","type":"product","link":"https:\/\/dev.david-coin.com\/fr\/produit\/nederland-5-cent-1853-willem-3\/","title":{"rendered":"Nederland 5 Cent 1853 Willem 3"},"content":{"rendered":"<p><span style=\"font-size: 12pt;\">Nederland 5 Cent 1853 Willem 3. <\/span><br \/>\n<span style=\"font-size: 12pt;\"> Ann\u00e9e rare. <\/span><\/p>\n<p>De stuiver van <a href=\"https:\/\/dev.david-coin.com\/fr\/categorie-produit\/nederlandse-munten\/willem-3-1849-1890\/\">William 3<\/a> is geslagen tussen 1850 en 1887. De stuiver van koning Willem 3 is het kleinste zilveren muntstuk dat is uitgegeven in het koninkrijk en is gemaakt van 640\/1000 zilver, weegt 0,68 gram en heeft een diameter van 12,5 millimeter. Op de voorzijde van de munt staat het portret van koning Willem 3, en op de andere zijde staat de muntwaarde samen met het jaartal. Het meest voorkomende jaartal is 1850, de overige jaren hebben slechts oplages van onder de 1 miljoen stuks. Omdat het muntstuk van vijf cent zo klein was, was het niet gemakkelijk in gebruik en werd het nog wel eens gebruikt om sieraden mee te maken. Naast de stuiver van koning Willem 3 zijn er tijdens zijn regeringsperiode nog acht andere munten uitgegeven:<br \/>\n&#8211;\t<a href=\"\/fr\/\u201chttps:\/\/dev.david-coin.com\/produit\/nederland-halve-cent-1850-willem-3-2\/\u201d\/\">Demi-cent William 3 ;<\/a><br \/>\n&#8211;\t<a href=\"\/fr\/\u201chttps:\/\/dev.david-coin.com\/produit\/nederland-1-cent-1860-willem-3\/\u201d\/\">Cent William 3 ;<\/a><br \/>\n&#8211;\t<a href=\"\/fr\/\u201chttps:\/\/dev.david-coin.com\/produit\/nederland-2-5-cent-1877-willem-3\/\u201d\/\">Deux cents et demi William 3 ;<\/a><br \/>\n&#8211;\t<a href=\"\/fr\/\u201chttps:\/\/dev.david-coin.com\/produit\/nederland-10-cent-1853-willem-3\/\u201d\/\">Double William 3 ;<\/a><br \/>\n&#8211;\t<a href=\"\/fr\/\u201chttps:\/\/dev.david-coin.com\/produit\/nederland-25-cent-1889-willem-3\/\u201d\/\">Quart de William 3 ;<\/a><br \/>\n&#8211;\t<a href=\"\/fr\/\u201chttps:\/\/dev.david-coin.com\/produit\/nederland-1-gulden-1866-willem-3\/\u201d\/\">Halve gulden Willem 3;<\/a><br \/>\n&#8211;\t<a href=\"\/fr\/\u201chttps:\/\/dev.david-coin.com\/produit\/nederland-1-gulden-1856-willem-iii\/\u201d\/\">Guillaume d'or 3 ;<\/a><br \/>\n&#8211;\t<a href=\"\/fr\/\u201chttps:\/\/dev.david-coin.com\/produit\/nederland-25-gulden-1857-willem-3\/\u201d\/\">Knaak ou deux florins et demi William 3 ;<\/a><br \/>\n&#8211;\t<a href=\"\/fr\/\u201chttps:\/\/dev.david-coin.com\/produit\/nederland-gouden-5-gulden-1851-willem-3-2\/\u201d\/\">Cinq florins William 3 ;<\/a><br \/>\n&#8211;\t<a href=\"\/fr\/\u201chttps:\/\/dev.david-coin.com\/produit\/nederland-10-gulden-1888-willem-3-2\/\u201d\/\">Dix florins William 3 ;<\/a><br \/>\n- 20 florins (jeton doublement n\u00e9goci\u00e9) William 3.<\/p>\n<p>Les pi\u00e8ces du roi Guillaume III ont lentement disparu de la circulation au d\u00e9but du 20e si\u00e8cle et ont \u00e9t\u00e9 progressivement remplac\u00e9es par les pi\u00e8ces du roi de France. <a href=\"\/fr\/\u201chttps:\/\/dev.david-coin.com\/categorie-produit\/nederlandse-munten\/wilhelmina-1890-1948\/\u201d\/\">Reine Wilhelmina<\/a>. Aujourd'hui, ils sont toujours tr\u00e8s recherch\u00e9s par les collectionneurs et sont donc tr\u00e8s appr\u00e9ci\u00e9s. <\/p>\n<p><span style=\"font-size: 12pt;\"> Pour toute question, n'h\u00e9sitez pas \u00e0 nous envoyer un message.<\/span><\/p>","protected":false},"excerpt":{"rendered":"<p>Lastiger jaar<\/p>","protected":false},"featured_media":109543,"comment_status":"closed","ping_status":"open","template":"","meta":[],"product_brand":[],"product_cat":[5471,5521],"product_tag":[],"class_list":{"0":"post-109545","1":"product","2":"type-product","3":"status-publish","4":"has-post-thumbnail","6":"product_cat-nederlandse-munten","7":"product_cat-willem-3-1849-1890","8":"pa_delcampeid-5289","9":"pa_koning-koningin-willem3","10":"pa_kwaliteit-fraai","11":"pa_land-nederland","12":"pa_materiaal-zilver","13":"pa_muntwaarde-5cent","14":"pa_soort-koninkrijksmunten","16":"first","17":"outofstock","18":"sale","19":"taxable","20":"shipping-taxable","21":"purchasable","22":"product-type-simple"},"yoast_head":"<!-- This site is optimized with the Yoast SEO Premium plugin v26.0 (Yoast SEO v27.4) - https:\/\/yoast.com\/product\/yoast-seo-premium-wordpress\/ -->\n<title>Nederland 5 Cent 1853 Willem 3<\/title>\n<meta name=\"description\" content=\"Nederlandse munten verkrijgbaar van Willem 1 t\/m heden bij David-coin. Bekijk nu ons complete aanbod. Gratis verzending binnen Nederland vanaf 75 euro.\" \/>\n<meta name=\"robots\" content=\"noindex, follow, max-snippet:-1, max-image-preview:large, max-video-preview:-1\" \/>\n<meta property=\"og:locale\" content=\"fr_FR\" \/>\n<meta property=\"og:type\" content=\"article\" \/>\n<meta property=\"og:title\" content=\"Nederland 5 Cent 1853 Willem 3\" \/>\n<meta property=\"og:description\" content=\"Nederlandse munten verkrijgbaar van Willem 1 t\/m heden bij David-coin. Bekijk nu ons complete aanbod. Gratis verzending binnen Nederland vanaf 75 euro.\" \/>\n<meta property=\"og:url\" content=\"https:\/\/dev.david-coin.com\/fr\/produit\/nederland-5-cent-1853-willem-3\/\" \/>\n<meta property=\"og:site_name\" content=\"David Coin\" \/>\n<meta property=\"article:publisher\" content=\"https:\/\/www.facebook.com\/Davidcoininkoopenverkoop\" \/>\n<meta property=\"article:modified_time\" content=\"2025-08-04T10:43:39+00:00\" \/>\n<meta property=\"og:image\" content=\"https:\/\/dev.david-coin.com\/wp-content\/uploads\/2019\/12\/5cent1853willem3.jpg\" \/>\n\t<meta property=\"og:image:width\" content=\"513\" \/>\n\t<meta property=\"og:image:height\" content=\"496\" \/>\n\t<meta property=\"og:image:type\" content=\"image\/jpeg\" \/>\n<meta name=\"twitter:card\" content=\"summary_large_image\" \/>\n<meta name=\"twitter:label1\" content=\"Prix\" \/>\n\t<meta name=\"twitter:data1\" content=\"&euro;&nbsp;299,95\" \/>\n\t<meta name=\"twitter:label2\" content=\"Disponibilit\u00e9\" \/>\n\t<meta name=\"twitter:data2\" content=\"Rupture de stock\" \/>\n<script type=\"application\/ld+json\" class=\"yoast-schema-graph\">{\"@context\":\"https:\\\/\\\/schema.org\",\"@graph\":[{\"@type\":\"WebPage\",\"@id\":\"https:\\\/\\\/dev.david-coin.com\\\/product\\\/nederland-5-cent-1853-willem-3\\\/\",\"url\":\"https:\\\/\\\/dev.david-coin.com\\\/product\\\/nederland-5-cent-1853-willem-3\\\/\",\"name\":\"Nederland 5 Cent 1853 Willem 3\",\"isPartOf\":{\"@id\":\"https:\\\/\\\/dev.david-coin.com\\\/#website\"},\"primaryImageOfPage\":{\"@id\":\"https:\\\/\\\/dev.david-coin.com\\\/product\\\/nederland-5-cent-1853-willem-3\\\/#primaryimage\"},\"image\":{\"@id\":\"https:\\\/\\\/dev.david-coin.com\\\/product\\\/nederland-5-cent-1853-willem-3\\\/#primaryimage\"},\"thumbnailUrl\":\"https:\\\/\\\/dev.david-coin.com\\\/wp-content\\\/uploads\\\/2019\\\/12\\\/5cent1853willem3.jpg\",\"datePublished\":\"2019-12-26T12:04:34+00:00\",\"dateModified\":\"2025-08-04T10:43:39+00:00\",\"description\":\"Nederlandse munten verkrijgbaar van Willem 1 t\\\/m heden bij David-coin. Bekijk nu ons complete aanbod. Gratis verzending binnen Nederland vanaf 75 euro.\",\"breadcrumb\":{\"@id\":\"https:\\\/\\\/dev.david-coin.com\\\/product\\\/nederland-5-cent-1853-willem-3\\\/#breadcrumb\"},\"inLanguage\":\"fr-FR\",\"potentialAction\":[{\"@type\":\"ReadAction\",\"target\":[\"https:\\\/\\\/dev.david-coin.com\\\/product\\\/nederland-5-cent-1853-willem-3\\\/\"]}]},{\"@type\":\"ImageObject\",\"inLanguage\":\"fr-FR\",\"@id\":\"https:\\\/\\\/dev.david-coin.com\\\/product\\\/nederland-5-cent-1853-willem-3\\\/#primaryimage\",\"url\":\"https:\\\/\\\/dev.david-coin.com\\\/wp-content\\\/uploads\\\/2019\\\/12\\\/5cent1853willem3.jpg\",\"contentUrl\":\"https:\\\/\\\/dev.david-coin.com\\\/wp-content\\\/uploads\\\/2019\\\/12\\\/5cent1853willem3.jpg\",\"width\":513,\"height\":496},{\"@type\":\"BreadcrumbList\",\"@id\":\"https:\\\/\\\/dev.david-coin.com\\\/product\\\/nederland-5-cent-1853-willem-3\\\/#breadcrumb\",\"itemListElement\":[{\"@type\":\"ListItem\",\"position\":1,\"name\":\"Home\",\"item\":\"https:\\\/\\\/dev.david-coin.com\\\/\"},{\"@type\":\"ListItem\",\"position\":2,\"name\":\"Winkel\",\"item\":\"https:\\\/\\\/dev.david-coin.com\\\/winkel\\\/\"},{\"@type\":\"ListItem\",\"position\":3,\"name\":\"Nederland 5 Cent 1853 Willem 3\"}]},{\"@type\":\"WebSite\",\"@id\":\"https:\\\/\\\/dev.david-coin.com\\\/#website\",\"url\":\"https:\\\/\\\/dev.david-coin.com\\\/\",\"name\":\"David Coin\",\"description\":\"\",\"publisher\":{\"@id\":\"https:\\\/\\\/dev.david-coin.com\\\/#organization\"},\"potentialAction\":[{\"@type\":\"SearchAction\",\"target\":{\"@type\":\"EntryPoint\",\"urlTemplate\":\"https:\\\/\\\/dev.david-coin.com\\\/?s={search_term_string}\"},\"query-input\":{\"@type\":\"PropertyValueSpecification\",\"valueRequired\":true,\"valueName\":\"search_term_string\"}}],\"inLanguage\":\"fr-FR\"},{\"@type\":\"Organization\",\"@id\":\"https:\\\/\\\/dev.david-coin.com\\\/#organization\",\"name\":\"David Coin\",\"url\":\"https:\\\/\\\/dev.david-coin.com\\\/\",\"logo\":{\"@type\":\"ImageObject\",\"inLanguage\":\"fr-FR\",\"@id\":\"https:\\\/\\\/dev.david-coin.com\\\/#\\\/schema\\\/logo\\\/image\\\/\",\"url\":\"https:\\\/\\\/dev.david-coin.com\\\/wp-content\\\/uploads\\\/2024\\\/04\\\/davidcoin-logo-final.png\",\"contentUrl\":\"https:\\\/\\\/dev.david-coin.com\\\/wp-content\\\/uploads\\\/2024\\\/04\\\/davidcoin-logo-final.png\",\"width\":800,\"height\":267,\"caption\":\"David Coin\"},\"image\":{\"@id\":\"https:\\\/\\\/dev.david-coin.com\\\/#\\\/schema\\\/logo\\\/image\\\/\"},\"sameAs\":[\"https:\\\/\\\/www.facebook.com\\\/Davidcoininkoopenverkoop\",\"https:\\\/\\\/www.youtube.com\\\/channel\\\/UC39lihLKFSPTff0w6tv0pWQ\"]}]}<\/script>\n<meta property=\"product:price:amount\" content=\"299.95\" \/>\n<meta property=\"product:price:currency\" content=\"EUR\" \/>\n<meta property=\"og:availability\" content=\"out of stock\" \/>\n<meta property=\"product:availability\" content=\"out of stock\" \/>\n<meta property=\"product:retailer_item_id\" content=\"1224\" \/>\n<meta property=\"product:condition\" content=\"new\" \/>\n<!-- \/ Yoast SEO Premium plugin. -->","yoast_head_json":{"title":"Nederland 5 Cent 1853 Willem 3","description":"Nederlandse munten verkrijgbaar van Willem 1 t\/m heden bij David-coin. Bekijk nu ons complete aanbod. Gratis verzending binnen Nederland vanaf 75 euro.","robots":{"index":"noindex","follow":"follow","max-snippet":"max-snippet:-1","max-image-preview":"max-image-preview:large","max-video-preview":"max-video-preview:-1"},"og_locale":"fr_FR","og_type":"article","og_title":"Nederland 5 Cent 1853 Willem 3","og_description":"Nederlandse munten verkrijgbaar van Willem 1 t\/m heden bij David-coin. Bekijk nu ons complete aanbod. Gratis verzending binnen Nederland vanaf 75 euro.","og_url":"https:\/\/dev.david-coin.com\/fr\/produit\/nederland-5-cent-1853-willem-3\/","og_site_name":"David Coin","article_publisher":"https:\/\/www.facebook.com\/Davidcoininkoopenverkoop","article_modified_time":"2025-08-04T10:43:39+00:00","og_image":[{"width":513,"height":496,"url":"https:\/\/dev.david-coin.com\/wp-content\/uploads\/2019\/12\/5cent1853willem3.jpg","type":"image\/jpeg"}],"twitter_card":"summary_large_image","twitter_misc":{"Prix":"&euro;&nbsp;299,95","Disponibilit\u00e9":"Rupture de stock"},"schema":{"@context":"https:\/\/schema.org","@graph":[{"@type":"WebPage","@id":"https:\/\/dev.david-coin.com\/product\/nederland-5-cent-1853-willem-3\/","url":"https:\/\/dev.david-coin.com\/product\/nederland-5-cent-1853-willem-3\/","name":"Nederland 5 Cent 1853 Willem 3","isPartOf":{"@id":"https:\/\/dev.david-coin.com\/#website"},"primaryImageOfPage":{"@id":"https:\/\/dev.david-coin.com\/product\/nederland-5-cent-1853-willem-3\/#primaryimage"},"image":{"@id":"https:\/\/dev.david-coin.com\/product\/nederland-5-cent-1853-willem-3\/#primaryimage"},"thumbnailUrl":"https:\/\/dev.david-coin.com\/wp-content\/uploads\/2019\/12\/5cent1853willem3.jpg","datePublished":"2019-12-26T12:04:34+00:00","dateModified":"2025-08-04T10:43:39+00:00","description":"Nederlandse munten verkrijgbaar van Willem 1 t\/m heden bij David-coin. Bekijk nu ons complete aanbod. Gratis verzending binnen Nederland vanaf 75 euro.","breadcrumb":{"@id":"https:\/\/dev.david-coin.com\/product\/nederland-5-cent-1853-willem-3\/#breadcrumb"},"inLanguage":"fr-FR","potentialAction":[{"@type":"ReadAction","target":["https:\/\/dev.david-coin.com\/product\/nederland-5-cent-1853-willem-3\/"]}]},{"@type":"ImageObject","inLanguage":"fr-FR","@id":"https:\/\/dev.david-coin.com\/product\/nederland-5-cent-1853-willem-3\/#primaryimage","url":"https:\/\/dev.david-coin.com\/wp-content\/uploads\/2019\/12\/5cent1853willem3.jpg","contentUrl":"https:\/\/dev.david-coin.com\/wp-content\/uploads\/2019\/12\/5cent1853willem3.jpg","width":513,"height":496},{"@type":"BreadcrumbList","@id":"https:\/\/dev.david-coin.com\/product\/nederland-5-cent-1853-willem-3\/#breadcrumb","itemListElement":[{"@type":"ListItem","position":1,"name":"Home","item":"https:\/\/dev.david-coin.com\/"},{"@type":"ListItem","position":2,"name":"Winkel","item":"https:\/\/dev.david-coin.com\/winkel\/"},{"@type":"ListItem","position":3,"name":"Nederland 5 Cent 1853 Willem 3"}]},{"@type":"WebSite","@id":"https:\/\/dev.david-coin.com\/#website","url":"https:\/\/dev.david-coin.com\/","name":"David Coin","description":"","publisher":{"@id":"https:\/\/dev.david-coin.com\/#organization"},"potentialAction":[{"@type":"SearchAction","target":{"@type":"EntryPoint","urlTemplate":"https:\/\/dev.david-coin.com\/?s={search_term_string}"},"query-input":{"@type":"PropertyValueSpecification","valueRequired":true,"valueName":"search_term_string"}}],"inLanguage":"fr-FR"},{"@type":"Organization","@id":"https:\/\/dev.david-coin.com\/#organization","name":"David Coin","url":"https:\/\/dev.david-coin.com\/","logo":{"@type":"ImageObject","inLanguage":"fr-FR","@id":"https:\/\/dev.david-coin.com\/#\/schema\/logo\/image\/","url":"https:\/\/dev.david-coin.com\/wp-content\/uploads\/2024\/04\/davidcoin-logo-final.png","contentUrl":"https:\/\/dev.david-coin.com\/wp-content\/uploads\/2024\/04\/davidcoin-logo-final.png","width":800,"height":267,"caption":"David Coin"},"image":{"@id":"https:\/\/dev.david-coin.com\/#\/schema\/logo\/image\/"},"sameAs":["https:\/\/www.facebook.com\/Davidcoininkoopenverkoop","https:\/\/www.youtube.com\/channel\/UC39lihLKFSPTff0w6tv0pWQ"]}]},"product_price_amount":"299.95","product_price_currency":"EUR","og_availability":"out of stock","product_availability":"out of stock","product_retailer_item_id":"1224","product_condition":"new"},"_links":{"self":[{"href":"https:\/\/dev.david-coin.com\/fr\/wp-json\/wp\/v2\/product\/109545","targetHints":{"allow":["GET"]}}],"collection":[{"href":"https:\/\/dev.david-coin.com\/fr\/wp-json\/wp\/v2\/product"}],"about":[{"href":"https:\/\/dev.david-coin.com\/fr\/wp-json\/wp\/v2\/types\/product"}],"replies":[{"embeddable":true,"href":"https:\/\/dev.david-coin.com\/fr\/wp-json\/wp\/v2\/comments?post=109545"}],"version-history":[{"count":0,"href":"https:\/\/dev.david-coin.com\/fr\/wp-json\/wp\/v2\/product\/109545\/revisions"}],"wp:featuredmedia":[{"embeddable":true,"href":"https:\/\/dev.david-coin.com\/fr\/wp-json\/wp\/v2\/media\/109543"}],"wp:attachment":[{"href":"https:\/\/dev.david-coin.com\/fr\/wp-json\/wp\/v2\/media?parent=109545"}],"wp:term":[{"taxonomy":"product_brand","embeddable":true,"href":"https:\/\/dev.david-coin.com\/fr\/wp-json\/wp\/v2\/product_brand?post=109545"},{"taxonomy":"product_cat","embeddable":true,"href":"https:\/\/dev.david-coin.com\/fr\/wp-json\/wp\/v2\/product_cat?post=109545"},{"taxonomy":"product_tag","embeddable":true,"href":"https:\/\/dev.david-coin.com\/fr\/wp-json\/wp\/v2\/product_tag?post=109545"}],"curies":[{"name":"wp","href":"https:\/\/api.w.org\/{rel}","templated":true}]}}