{"id":109536,"date":"2019-12-23T21:01:52","date_gmt":"2019-12-23T20:01:52","guid":{"rendered":"https:\/\/dev.david-coin.com\/product\/europa-set-versnipperde-biljetten-dnb\/"},"modified":"2025-08-05T14:37:34","modified_gmt":"2025-08-05T12:37:34","slug":"europa-set-versnipperde-biljetten-dnb","status":"publish","type":"product","link":"https:\/\/dev.david-coin.com\/fr\/produit\/europa-set-versnipperde-biljetten-dnb\/","title":{"rendered":"Ensemble europ\u00e9en de billets d\u00e9chiquet\u00e9s DNB"},"content":{"rendered":"<p><strong>Ensemble europ\u00e9en de billets d\u00e9chiquet\u00e9s DNB<\/strong><br \/>\nCe set peut contenir les billets en euros d\u00e9chiquet\u00e9s suivants ;<\/p>\n<p>-5 euros<br \/>\n-10 euros<br \/>\n-20 Euro<br \/>\n-$50<br \/>\n-$100<br \/>\n-$200<br \/>\n-$500<\/p>\n<p>Le sac contient le texte suivant : \"L'argent ne fait pas le bonheur, mais le bonheur fait l'argent\".<br \/>\nCe dossier a \u00e9t\u00e9 \u00e9mis par la Nederlandsche Bank (DNB).<\/p>\n<p>Voir les scans pour plus de d\u00e9tails.<br \/>\nPour toute question, n'h\u00e9sitez pas \u00e0 nous envoyer un message.<\/p>","protected":false},"excerpt":{"rendered":"<p>Europa set versnipperde Biljetten DNB Deze set kan de volgende versnipperde Eurobiljetten bevatten; -5 Euro -10 Euro -20 Euro -50 Euro -100 Euro -200 Euro -500 Euro Het\u00a0zakje bevat de volgende tekst:&#8221;Geld maakt niet gelukkig, maar gelukkig maken wij wel geld.&#8221; Deze verpakking met inhoud is uitgegeven door de Nederlandse Bank (DNB). Zie scans voor [&hellip;]<\/p>\n","protected":false},"featured_media":109534,"comment_status":"closed","ping_status":"open","template":"","meta":[],"product_brand":[],"product_cat":[6235,5472,5474],"product_tag":[],"class_list":{"0":"post-109536","1":"product","2":"type-product","3":"status-publish","4":"has-post-thumbnail","6":"product_cat-euro-bankbiljetten","7":"product_cat-nederlandse-bankbiljetten","8":"product_cat-wereld-bankbiljetten-buitenlandse-bankbiljetten","9":"pa_delcampeid-5373","10":"pa_soort-eurobiljetten","12":"first","13":"outofstock","14":"taxable","15":"shipping-taxable","16":"purchasable","17":"product-type-simple"},"yoast_head":"<!-- This site is optimized with the Yoast SEO Premium plugin v26.0 (Yoast SEO v27.4) - https:\/\/yoast.com\/product\/yoast-seo-premium-wordpress\/ -->\n<title>Europa set versnipperde Biljetten DNB<\/title>\n<meta name=\"description\" content=\"Europa set versnipperde Biljetten DNB. Bekijk ons ruime aanbod op David-coin. Gratis verzending binnen Nederland vanaf 75 euro.\" \/>\n<meta name=\"robots\" content=\"noindex, follow, max-snippet:-1, max-image-preview:large, max-video-preview:-1\" \/>\n<meta property=\"og:locale\" content=\"fr_FR\" \/>\n<meta property=\"og:type\" content=\"article\" \/>\n<meta property=\"og:title\" content=\"Europa set versnipperde Biljetten DNB\" \/>\n<meta property=\"og:description\" content=\"Europa set versnipperde Biljetten DNB. Bekijk ons ruime aanbod op David-coin. Gratis verzending binnen Nederland vanaf 75 euro.\" \/>\n<meta property=\"og:url\" content=\"https:\/\/dev.david-coin.com\/fr\/produit\/europa-set-versnipperde-biljetten-dnb\/\" \/>\n<meta property=\"og:site_name\" content=\"David Coin\" \/>\n<meta property=\"article:publisher\" content=\"https:\/\/www.facebook.com\/Davidcoininkoopenverkoop\" \/>\n<meta property=\"article:modified_time\" content=\"2025-08-05T12:37:34+00:00\" \/>\n<meta property=\"og:image\" content=\"https:\/\/dev.david-coin.com\/wp-content\/uploads\/2019\/12\/Setversnipperdeurogeld_2084vz_.jpg\" \/>\n\t<meta property=\"og:image:width\" content=\"280\" \/>\n\t<meta property=\"og:image:height\" content=\"498\" \/>\n\t<meta property=\"og:image:type\" content=\"image\/jpeg\" \/>\n<meta name=\"twitter:card\" content=\"summary_large_image\" \/>\n<meta name=\"twitter:label1\" content=\"Prix\" \/>\n\t<meta name=\"twitter:data1\" content=\"&euro;&nbsp;7,50\" \/>\n\t<meta name=\"twitter:label2\" content=\"Disponibilit\u00e9\" \/>\n\t<meta name=\"twitter:data2\" content=\"Rupture de stock\" \/>\n<script type=\"application\/ld+json\" class=\"yoast-schema-graph\">{\"@context\":\"https:\\\/\\\/schema.org\",\"@graph\":[{\"@type\":\"WebPage\",\"@id\":\"https:\\\/\\\/dev.david-coin.com\\\/product\\\/europa-set-versnipperde-biljetten-dnb\\\/\",\"url\":\"https:\\\/\\\/dev.david-coin.com\\\/product\\\/europa-set-versnipperde-biljetten-dnb\\\/\",\"name\":\"Europa set versnipperde Biljetten DNB\",\"isPartOf\":{\"@id\":\"https:\\\/\\\/dev.david-coin.com\\\/#website\"},\"primaryImageOfPage\":{\"@id\":\"https:\\\/\\\/dev.david-coin.com\\\/product\\\/europa-set-versnipperde-biljetten-dnb\\\/#primaryimage\"},\"image\":{\"@id\":\"https:\\\/\\\/dev.david-coin.com\\\/product\\\/europa-set-versnipperde-biljetten-dnb\\\/#primaryimage\"},\"thumbnailUrl\":\"https:\\\/\\\/dev.david-coin.com\\\/wp-content\\\/uploads\\\/2019\\\/12\\\/Setversnipperdeurogeld_2084vz_.jpg\",\"datePublished\":\"2019-12-23T20:01:52+00:00\",\"dateModified\":\"2025-08-05T12:37:34+00:00\",\"description\":\"Europa set versnipperde Biljetten DNB. Bekijk ons ruime aanbod op David-coin. Gratis verzending binnen Nederland vanaf 75 euro.\",\"breadcrumb\":{\"@id\":\"https:\\\/\\\/dev.david-coin.com\\\/product\\\/europa-set-versnipperde-biljetten-dnb\\\/#breadcrumb\"},\"inLanguage\":\"fr-FR\",\"potentialAction\":[{\"@type\":\"ReadAction\",\"target\":[\"https:\\\/\\\/dev.david-coin.com\\\/product\\\/europa-set-versnipperde-biljetten-dnb\\\/\"]}]},{\"@type\":\"ImageObject\",\"inLanguage\":\"fr-FR\",\"@id\":\"https:\\\/\\\/dev.david-coin.com\\\/product\\\/europa-set-versnipperde-biljetten-dnb\\\/#primaryimage\",\"url\":\"https:\\\/\\\/dev.david-coin.com\\\/wp-content\\\/uploads\\\/2019\\\/12\\\/Setversnipperdeurogeld_2084vz_.jpg\",\"contentUrl\":\"https:\\\/\\\/dev.david-coin.com\\\/wp-content\\\/uploads\\\/2019\\\/12\\\/Setversnipperdeurogeld_2084vz_.jpg\",\"width\":280,\"height\":498,\"caption\":\"Setversnipperdeurogeld_2084vz_.jpg\"},{\"@type\":\"BreadcrumbList\",\"@id\":\"https:\\\/\\\/dev.david-coin.com\\\/product\\\/europa-set-versnipperde-biljetten-dnb\\\/#breadcrumb\",\"itemListElement\":[{\"@type\":\"ListItem\",\"position\":1,\"name\":\"Home\",\"item\":\"https:\\\/\\\/dev.david-coin.com\\\/\"},{\"@type\":\"ListItem\",\"position\":2,\"name\":\"Winkel\",\"item\":\"https:\\\/\\\/dev.david-coin.com\\\/winkel\\\/\"},{\"@type\":\"ListItem\",\"position\":3,\"name\":\"Europa set versnipperde Biljetten DNB\"}]},{\"@type\":\"WebSite\",\"@id\":\"https:\\\/\\\/dev.david-coin.com\\\/#website\",\"url\":\"https:\\\/\\\/dev.david-coin.com\\\/\",\"name\":\"David Coin\",\"description\":\"\",\"publisher\":{\"@id\":\"https:\\\/\\\/dev.david-coin.com\\\/#organization\"},\"potentialAction\":[{\"@type\":\"SearchAction\",\"target\":{\"@type\":\"EntryPoint\",\"urlTemplate\":\"https:\\\/\\\/dev.david-coin.com\\\/?s={search_term_string}\"},\"query-input\":{\"@type\":\"PropertyValueSpecification\",\"valueRequired\":true,\"valueName\":\"search_term_string\"}}],\"inLanguage\":\"fr-FR\"},{\"@type\":\"Organization\",\"@id\":\"https:\\\/\\\/dev.david-coin.com\\\/#organization\",\"name\":\"David Coin\",\"url\":\"https:\\\/\\\/dev.david-coin.com\\\/\",\"logo\":{\"@type\":\"ImageObject\",\"inLanguage\":\"fr-FR\",\"@id\":\"https:\\\/\\\/dev.david-coin.com\\\/#\\\/schema\\\/logo\\\/image\\\/\",\"url\":\"https:\\\/\\\/dev.david-coin.com\\\/wp-content\\\/uploads\\\/2024\\\/04\\\/davidcoin-logo-final.png\",\"contentUrl\":\"https:\\\/\\\/dev.david-coin.com\\\/wp-content\\\/uploads\\\/2024\\\/04\\\/davidcoin-logo-final.png\",\"width\":800,\"height\":267,\"caption\":\"David Coin\"},\"image\":{\"@id\":\"https:\\\/\\\/dev.david-coin.com\\\/#\\\/schema\\\/logo\\\/image\\\/\"},\"sameAs\":[\"https:\\\/\\\/www.facebook.com\\\/Davidcoininkoopenverkoop\",\"https:\\\/\\\/www.youtube.com\\\/channel\\\/UC39lihLKFSPTff0w6tv0pWQ\"]}]}<\/script>\n<meta property=\"product:price:amount\" content=\"7.50\" \/>\n<meta property=\"product:price:currency\" content=\"EUR\" \/>\n<meta property=\"og:availability\" content=\"out of stock\" \/>\n<meta property=\"product:availability\" content=\"out of stock\" \/>\n<meta property=\"product:retailer_item_id\" content=\"2084\" \/>\n<meta property=\"product:condition\" content=\"new\" \/>\n<!-- \/ Yoast SEO Premium plugin. -->","yoast_head_json":{"title":"Ensemble europ\u00e9en de billets d\u00e9chiquet\u00e9s DNB","description":"Europa set versnipperde Biljetten DNB. Bekijk ons ruime aanbod op David-coin. Gratis verzending binnen Nederland vanaf 75 euro.","robots":{"index":"noindex","follow":"follow","max-snippet":"max-snippet:-1","max-image-preview":"max-image-preview:large","max-video-preview":"max-video-preview:-1"},"og_locale":"fr_FR","og_type":"article","og_title":"Europa set versnipperde Biljetten DNB","og_description":"Europa set versnipperde Biljetten DNB. Bekijk ons ruime aanbod op David-coin. Gratis verzending binnen Nederland vanaf 75 euro.","og_url":"https:\/\/dev.david-coin.com\/fr\/produit\/europa-set-versnipperde-biljetten-dnb\/","og_site_name":"David Coin","article_publisher":"https:\/\/www.facebook.com\/Davidcoininkoopenverkoop","article_modified_time":"2025-08-05T12:37:34+00:00","og_image":[{"width":280,"height":498,"url":"https:\/\/dev.david-coin.com\/wp-content\/uploads\/2019\/12\/Setversnipperdeurogeld_2084vz_.jpg","type":"image\/jpeg"}],"twitter_card":"summary_large_image","twitter_misc":{"Prix":"&euro;&nbsp;7,50","Disponibilit\u00e9":"Rupture de stock"},"schema":{"@context":"https:\/\/schema.org","@graph":[{"@type":"WebPage","@id":"https:\/\/dev.david-coin.com\/product\/europa-set-versnipperde-biljetten-dnb\/","url":"https:\/\/dev.david-coin.com\/product\/europa-set-versnipperde-biljetten-dnb\/","name":"Ensemble europ\u00e9en de billets d\u00e9chiquet\u00e9s DNB","isPartOf":{"@id":"https:\/\/dev.david-coin.com\/#website"},"primaryImageOfPage":{"@id":"https:\/\/dev.david-coin.com\/product\/europa-set-versnipperde-biljetten-dnb\/#primaryimage"},"image":{"@id":"https:\/\/dev.david-coin.com\/product\/europa-set-versnipperde-biljetten-dnb\/#primaryimage"},"thumbnailUrl":"https:\/\/dev.david-coin.com\/wp-content\/uploads\/2019\/12\/Setversnipperdeurogeld_2084vz_.jpg","datePublished":"2019-12-23T20:01:52+00:00","dateModified":"2025-08-05T12:37:34+00:00","description":"Europa set versnipperde Biljetten DNB. Bekijk ons ruime aanbod op David-coin. Gratis verzending binnen Nederland vanaf 75 euro.","breadcrumb":{"@id":"https:\/\/dev.david-coin.com\/product\/europa-set-versnipperde-biljetten-dnb\/#breadcrumb"},"inLanguage":"fr-FR","potentialAction":[{"@type":"ReadAction","target":["https:\/\/dev.david-coin.com\/product\/europa-set-versnipperde-biljetten-dnb\/"]}]},{"@type":"ImageObject","inLanguage":"fr-FR","@id":"https:\/\/dev.david-coin.com\/product\/europa-set-versnipperde-biljetten-dnb\/#primaryimage","url":"https:\/\/dev.david-coin.com\/wp-content\/uploads\/2019\/12\/Setversnipperdeurogeld_2084vz_.jpg","contentUrl":"https:\/\/dev.david-coin.com\/wp-content\/uploads\/2019\/12\/Setversnipperdeurogeld_2084vz_.jpg","width":280,"height":498,"caption":"Setversnipperdeurogeld_2084vz_.jpg"},{"@type":"BreadcrumbList","@id":"https:\/\/dev.david-coin.com\/product\/europa-set-versnipperde-biljetten-dnb\/#breadcrumb","itemListElement":[{"@type":"ListItem","position":1,"name":"Home","item":"https:\/\/dev.david-coin.com\/"},{"@type":"ListItem","position":2,"name":"Winkel","item":"https:\/\/dev.david-coin.com\/winkel\/"},{"@type":"ListItem","position":3,"name":"Europa set versnipperde Biljetten DNB"}]},{"@type":"WebSite","@id":"https:\/\/dev.david-coin.com\/#website","url":"https:\/\/dev.david-coin.com\/","name":"David Coin","description":"","publisher":{"@id":"https:\/\/dev.david-coin.com\/#organization"},"potentialAction":[{"@type":"SearchAction","target":{"@type":"EntryPoint","urlTemplate":"https:\/\/dev.david-coin.com\/?s={search_term_string}"},"query-input":{"@type":"PropertyValueSpecification","valueRequired":true,"valueName":"search_term_string"}}],"inLanguage":"fr-FR"},{"@type":"Organization","@id":"https:\/\/dev.david-coin.com\/#organization","name":"David Coin","url":"https:\/\/dev.david-coin.com\/","logo":{"@type":"ImageObject","inLanguage":"fr-FR","@id":"https:\/\/dev.david-coin.com\/#\/schema\/logo\/image\/","url":"https:\/\/dev.david-coin.com\/wp-content\/uploads\/2024\/04\/davidcoin-logo-final.png","contentUrl":"https:\/\/dev.david-coin.com\/wp-content\/uploads\/2024\/04\/davidcoin-logo-final.png","width":800,"height":267,"caption":"David Coin"},"image":{"@id":"https:\/\/dev.david-coin.com\/#\/schema\/logo\/image\/"},"sameAs":["https:\/\/www.facebook.com\/Davidcoininkoopenverkoop","https:\/\/www.youtube.com\/channel\/UC39lihLKFSPTff0w6tv0pWQ"]}]},"product_price_amount":"7.50","product_price_currency":"EUR","og_availability":"out of stock","product_availability":"out of stock","product_retailer_item_id":"2084","product_condition":"new"},"_links":{"self":[{"href":"https:\/\/dev.david-coin.com\/fr\/wp-json\/wp\/v2\/product\/109536","targetHints":{"allow":["GET"]}}],"collection":[{"href":"https:\/\/dev.david-coin.com\/fr\/wp-json\/wp\/v2\/product"}],"about":[{"href":"https:\/\/dev.david-coin.com\/fr\/wp-json\/wp\/v2\/types\/product"}],"replies":[{"embeddable":true,"href":"https:\/\/dev.david-coin.com\/fr\/wp-json\/wp\/v2\/comments?post=109536"}],"version-history":[{"count":0,"href":"https:\/\/dev.david-coin.com\/fr\/wp-json\/wp\/v2\/product\/109536\/revisions"}],"wp:featuredmedia":[{"embeddable":true,"href":"https:\/\/dev.david-coin.com\/fr\/wp-json\/wp\/v2\/media\/109534"}],"wp:attachment":[{"href":"https:\/\/dev.david-coin.com\/fr\/wp-json\/wp\/v2\/media?parent=109536"}],"wp:term":[{"taxonomy":"product_brand","embeddable":true,"href":"https:\/\/dev.david-coin.com\/fr\/wp-json\/wp\/v2\/product_brand?post=109536"},{"taxonomy":"product_cat","embeddable":true,"href":"https:\/\/dev.david-coin.com\/fr\/wp-json\/wp\/v2\/product_cat?post=109536"},{"taxonomy":"product_tag","embeddable":true,"href":"https:\/\/dev.david-coin.com\/fr\/wp-json\/wp\/v2\/product_tag?post=109536"}],"curies":[{"name":"wp","href":"https:\/\/api.w.org\/{rel}","templated":true}]}}