{"id":108908,"date":"2019-10-08T10:24:27","date_gmt":"2019-10-08T10:24:27","guid":{"rendered":"https:\/\/dev.david-coin.com\/product\/1-cent-1919\/"},"modified":"2025-08-05T10:49:30","modified_gmt":"2025-08-05T08:49:30","slug":"1-cent-1919","status":"publish","type":"product","link":"https:\/\/dev.david-coin.com\/fr\/produit\/1-cent-1919\/","title":{"rendered":"Nederland 1 Cent 1919 Wilhelmina"},"content":{"rendered":"<p><span style=\"font-size: 12pt;\">Nederland 1 Cent 1919 Wilhelmina<\/span><\/p>\n<p>De cent van <a href=\"\/fr\/\u201chttps:\/\/dev.david-coin.com\/categorie-produit\/nederlandse-munten\/wilhelmina-1890-1948\/\u201d\/\">Reine Wilhelmina<\/a> is geslagen van 1892 tot en met 1948, de cent weegt 2,5 gram en heeft een diameter van 19 millimeter. Op de voorzijde van de munt staat een Leeuw en op de achterzijde van de munt staat de muntwaarde. Naast de cent van <a href=\"\/fr\/\u201chttps:\/\/dev.david-coin.com\/categorie-produit\/nederlandse-munten\/wilhelmina-1890-1948\/\u201d\/\">Reine Wilhelmina<\/a> les pi\u00e8ces suivantes \u00e9taient encore \u00e9mises sous son r\u00e8gne :<br \/>\n&#8211;\t<a href=\"https:\/\/dev.david-coin.com\/fr\/produit\/nederland-1-2-cent-1894-wilhelmina\/\">Halve cent Wilhelmina;<\/a><br \/>\n&#8211;\t<a href=\"\/fr\/\u201chttps:\/\/dev.david-coin.com\/produit\/nederland-2-1-2-cent-1898-wilhelmina\/\u201d\/\">Deux cents et demi Wilhelmina ;<\/a><br \/>\n&#8211;\t<a href=\"\/fr\/\u201chttps:\/\/dev.david-coin.com\/produit\/nederland-5-cent-1909-1\/\u201d\/\">Wilhelmina, \"pi\u00e8ce de nuit\" \u00e0 cinq cents ;<\/a><br \/>\n&#8211;\t<a href=\"\/fr\/\u201chttps:\/\/dev.david-coin.com\/produit\/nederland-5-cent-1933\/\u201d\/\">Carr\u00e9 de cinq cents Wilhelmina ;<\/a><br \/>\n&#8211;\t<a href=\"\/fr\/\u201chttps:\/\/dev.david-coin.com\/produit\/nederland-10-cent-1892-wilhelmina\/\u201d\/\">Wilhelmina \u00e0 dix centimes ;<\/a><br \/>\n&#8211;\t<a href=\"\/fr\/\u201chttps:\/\/dev.david-coin.com\/produit\/nederland-25-cent-1892-wilhelmina-loshangend-haar\/\u201d\/\">Quartier Wilhelmina ;<\/a><br \/>\n&#8211;\t<a href=\"\/fr\/\u201chttps:\/\/dev.david-coin.com\/produit\/nederland-halve-gulden-1904-wilhelmina\/\u201d\/\">Demi florin Wilhelmina ;<\/a><br \/>\n&#8211;\t<a href=\"\/fr\/\u201chttps:\/\/dev.david-coin.com\/produit\/nederland-1-gulden-1892-wilhelmina-2\/\u201d\/\">Florin Wilhelmina ;<\/a><br \/>\n&#8211;\t<a href=\"\/fr\/\u201chttps:\/\/dev.david-coin.com\/produit\/25-gulden-1898-wilhelmina-kroningsjaar-1\/\u201d\/\">Reichdaalder ou deux florins et demi Wilhelmina ;<\/a><br \/>\n&#8211;\t<a href=\"\/fr\/\u201chttps:\/\/dev.david-coin.com\/produit\/nederland-gouden-vijfje-1912-wilhelmina-842\/\u201d\/\">Cinq florins Wilhelmina ;<\/a><br \/>\n&#8211;\t<a href=\"\/fr\/\u201chttps:\/\/dev.david-coin.com\/produit\/nederland-10-gulden-1898-wilhelmina-3971\/\u201d\/\">Dix florins Wilhelmina.<\/a> <\/p>\n<p>Les pi\u00e8ces d'argent de <a href=\"\/fr\/\u201chttps:\/\/dev.david-coin.com\/categorie-produit\/nederlandse-munten\/wilhelmina-1890-1948\/\u201d\/\">Reine Wilhelmina<\/a> ont \u00e9t\u00e9 retir\u00e9es de la circulation pendant la Seconde Guerre mondiale et, \u00e0 partir de 1948, les pi\u00e8ces restantes ont \u00e9t\u00e9 remplac\u00e9es par une nouvelle s\u00e9rie de ;<br \/>\n&#8211;\t<a href=\"\/fr\/\u201chttps:\/\/dev.david-coin.com\/produit\/nederland-1-cent-1948-wilhelmina\/\u201d\/\">1 cent 1948 ;<\/a><br \/>\n&#8211;\t<a href=\"\/fr\/\u201chttps:\/\/dev.david-coin.com\/produit\/nederland-5-cent-1948-wilhelmina\/\u201d\/\">5 cents 1948 ;<\/a><br \/>\n&#8211;\t<a href=\"\/fr\/\u201chttps:\/\/dev.david-coin.com\/produit\/nederland-10-cent-1948-wilhelmina\/\u201d\/\">10 cents 1948 ;<\/a><br \/>\n&#8211;\t<a href=\"\/fr\/\u201chttps:\/\/dev.david-coin.com\/produit\/nederland-25-cent-1948-wilhelmina\/\u201d\/\">25 cents 1948.<\/a><br \/>\nLes pi\u00e8ces de monnaie de <a href=\"\/fr\/\u201chttps:\/\/dev.david-coin.com\/categorie-produit\/nederlandse-munten\/wilhelmina-1890-1948\/\u201d\/\">Reine Wilhelmina<\/a> sont tr\u00e8s populaires aupr\u00e8s des collectionneurs de pi\u00e8ces et sont donc tr\u00e8s demand\u00e9es aujourd'hui. <\/p>\n<p><span style=\"font-size: 12pt;\">Voir les scans pour plus de d\u00e9tails.<\/span><br \/>\n<span style=\"font-size: 12pt;\">Pour toute question, n'h\u00e9sitez pas \u00e0 nous envoyer un message.\u00a0<\/span><\/p>","protected":false},"excerpt":{"rendered":"<p>Nederland 1 Cent 1919 Wilhelmina De cent van koningin Wilhelmina is geslagen van 1892 tot en met 1948, de cent weegt 2,5 gram en heeft een diameter van 19 millimeter. Op de voorzijde van de munt staat een Leeuw en op de achterzijde van de munt staat de muntwaarde. Naast de cent van koningin Wilhelmina [&hellip;]<\/p>\n","protected":false},"featured_media":108906,"comment_status":"closed","ping_status":"closed","template":"","meta":[],"product_brand":[],"product_cat":[5471,5522],"product_tag":[],"class_list":{"0":"post-108908","1":"product","2":"type-product","3":"status-publish","4":"has-post-thumbnail","6":"product_cat-nederlandse-munten","7":"product_cat-wilhelmina-1890-1948","8":"pa_delcampeid-5307","9":"pa_koning-koningin-wilhelmina","10":"pa_kwaliteit-zeer-fraai","11":"pa_land-nederland","12":"pa_materiaal-brons","13":"pa_muntwaarde-1cent","15":"first","16":"instock","17":"taxable","18":"shipping-taxable","19":"purchasable","20":"product-type-simple"},"yoast_head":"<!-- This site is optimized with the Yoast SEO Premium plugin v26.0 (Yoast SEO v27.4) - https:\/\/yoast.com\/product\/yoast-seo-premium-wordpress\/ -->\n<title>Nederland 1 Cent 1919 Wilhelmina<\/title>\n<meta name=\"description\" content=\"Nederlandse munten kopen? Bekijk nu ons aanbod Willem 1 t\/m Beatrix, halve centen t\/m zilveren 50 guldenmunten. Gratis verzending vanaf 75 euro binnen NL.\" \/>\n<meta name=\"robots\" content=\"noindex, follow, max-snippet:-1, max-image-preview:large, max-video-preview:-1\" \/>\n<meta property=\"og:locale\" content=\"fr_FR\" \/>\n<meta property=\"og:type\" content=\"article\" \/>\n<meta property=\"og:title\" content=\"Nederland 1 Cent 1919 Wilhelmina\" \/>\n<meta property=\"og:description\" content=\"Nederlandse munten kopen? Bekijk nu ons aanbod Willem 1 t\/m Beatrix, halve centen t\/m zilveren 50 guldenmunten. Gratis verzending vanaf 75 euro binnen NL.\" \/>\n<meta property=\"og:url\" content=\"https:\/\/dev.david-coin.com\/fr\/produit\/1-cent-1919\/\" \/>\n<meta property=\"og:site_name\" content=\"David Coin\" \/>\n<meta property=\"article:publisher\" content=\"https:\/\/www.facebook.com\/Davidcoininkoopenverkoop\" \/>\n<meta property=\"article:modified_time\" content=\"2025-08-05T08:49:30+00:00\" \/>\n<meta property=\"og:image\" content=\"https:\/\/dev.david-coin.com\/wp-content\/uploads\/2019\/10\/1cent1919_1060vz_.jpg\" \/>\n\t<meta property=\"og:image:width\" content=\"298\" \/>\n\t<meta property=\"og:image:height\" content=\"300\" \/>\n\t<meta property=\"og:image:type\" content=\"image\/jpeg\" \/>\n<meta name=\"twitter:card\" content=\"summary_large_image\" \/>\n<meta name=\"twitter:label1\" content=\"Prix\" \/>\n\t<meta name=\"twitter:data1\" content=\"&euro;&nbsp;3,50\" \/>\n\t<meta name=\"twitter:label2\" content=\"Disponibilit\u00e9\" \/>\n\t<meta name=\"twitter:data2\" content=\"En stock\" \/>\n<script type=\"application\/ld+json\" class=\"yoast-schema-graph\">{\"@context\":\"https:\\\/\\\/schema.org\",\"@graph\":[{\"@type\":\"WebPage\",\"@id\":\"https:\\\/\\\/dev.david-coin.com\\\/product\\\/1-cent-1919\\\/\",\"url\":\"https:\\\/\\\/dev.david-coin.com\\\/product\\\/1-cent-1919\\\/\",\"name\":\"Nederland 1 Cent 1919 Wilhelmina\",\"isPartOf\":{\"@id\":\"https:\\\/\\\/dev.david-coin.com\\\/#website\"},\"primaryImageOfPage\":{\"@id\":\"https:\\\/\\\/dev.david-coin.com\\\/product\\\/1-cent-1919\\\/#primaryimage\"},\"image\":{\"@id\":\"https:\\\/\\\/dev.david-coin.com\\\/product\\\/1-cent-1919\\\/#primaryimage\"},\"thumbnailUrl\":\"https:\\\/\\\/dev.david-coin.com\\\/wp-content\\\/uploads\\\/2019\\\/10\\\/1cent1919_1060vz_.jpg\",\"datePublished\":\"2019-10-08T10:24:27+00:00\",\"dateModified\":\"2025-08-05T08:49:30+00:00\",\"description\":\"Nederlandse munten kopen? Bekijk nu ons aanbod Willem 1 t\\\/m Beatrix, halve centen t\\\/m zilveren 50 guldenmunten. Gratis verzending vanaf 75 euro binnen NL.\",\"breadcrumb\":{\"@id\":\"https:\\\/\\\/dev.david-coin.com\\\/product\\\/1-cent-1919\\\/#breadcrumb\"},\"inLanguage\":\"fr-FR\",\"potentialAction\":[{\"@type\":\"ReadAction\",\"target\":[\"https:\\\/\\\/dev.david-coin.com\\\/product\\\/1-cent-1919\\\/\"]}]},{\"@type\":\"ImageObject\",\"inLanguage\":\"fr-FR\",\"@id\":\"https:\\\/\\\/dev.david-coin.com\\\/product\\\/1-cent-1919\\\/#primaryimage\",\"url\":\"https:\\\/\\\/dev.david-coin.com\\\/wp-content\\\/uploads\\\/2019\\\/10\\\/1cent1919_1060vz_.jpg\",\"contentUrl\":\"https:\\\/\\\/dev.david-coin.com\\\/wp-content\\\/uploads\\\/2019\\\/10\\\/1cent1919_1060vz_.jpg\",\"width\":298,\"height\":300,\"caption\":\"1cent1919_1060vz_.jpg\"},{\"@type\":\"BreadcrumbList\",\"@id\":\"https:\\\/\\\/dev.david-coin.com\\\/product\\\/1-cent-1919\\\/#breadcrumb\",\"itemListElement\":[{\"@type\":\"ListItem\",\"position\":1,\"name\":\"Home\",\"item\":\"https:\\\/\\\/dev.david-coin.com\\\/\"},{\"@type\":\"ListItem\",\"position\":2,\"name\":\"Winkel\",\"item\":\"https:\\\/\\\/dev.david-coin.com\\\/winkel\\\/\"},{\"@type\":\"ListItem\",\"position\":3,\"name\":\"Nederland 1 Cent 1919 Wilhelmina\"}]},{\"@type\":\"WebSite\",\"@id\":\"https:\\\/\\\/dev.david-coin.com\\\/#website\",\"url\":\"https:\\\/\\\/dev.david-coin.com\\\/\",\"name\":\"David Coin\",\"description\":\"\",\"publisher\":{\"@id\":\"https:\\\/\\\/dev.david-coin.com\\\/#organization\"},\"potentialAction\":[{\"@type\":\"SearchAction\",\"target\":{\"@type\":\"EntryPoint\",\"urlTemplate\":\"https:\\\/\\\/dev.david-coin.com\\\/?s={search_term_string}\"},\"query-input\":{\"@type\":\"PropertyValueSpecification\",\"valueRequired\":true,\"valueName\":\"search_term_string\"}}],\"inLanguage\":\"fr-FR\"},{\"@type\":\"Organization\",\"@id\":\"https:\\\/\\\/dev.david-coin.com\\\/#organization\",\"name\":\"David Coin\",\"url\":\"https:\\\/\\\/dev.david-coin.com\\\/\",\"logo\":{\"@type\":\"ImageObject\",\"inLanguage\":\"fr-FR\",\"@id\":\"https:\\\/\\\/dev.david-coin.com\\\/#\\\/schema\\\/logo\\\/image\\\/\",\"url\":\"https:\\\/\\\/dev.david-coin.com\\\/wp-content\\\/uploads\\\/2024\\\/04\\\/davidcoin-logo-final.png\",\"contentUrl\":\"https:\\\/\\\/dev.david-coin.com\\\/wp-content\\\/uploads\\\/2024\\\/04\\\/davidcoin-logo-final.png\",\"width\":800,\"height\":267,\"caption\":\"David Coin\"},\"image\":{\"@id\":\"https:\\\/\\\/dev.david-coin.com\\\/#\\\/schema\\\/logo\\\/image\\\/\"},\"sameAs\":[\"https:\\\/\\\/www.facebook.com\\\/Davidcoininkoopenverkoop\",\"https:\\\/\\\/www.youtube.com\\\/channel\\\/UC39lihLKFSPTff0w6tv0pWQ\"]}]}<\/script>\n<meta property=\"product:price:amount\" content=\"3.50\" \/>\n<meta property=\"product:price:currency\" content=\"EUR\" \/>\n<meta property=\"og:availability\" content=\"instock\" \/>\n<meta property=\"product:availability\" content=\"instock\" \/>\n<meta property=\"product:retailer_item_id\" content=\"1060\" \/>\n<meta property=\"product:condition\" content=\"new\" \/>\n<!-- \/ Yoast SEO Premium plugin. -->","yoast_head_json":{"title":"Nederland 1 Cent 1919 Wilhelmina","description":"Nederlandse munten kopen? Bekijk nu ons aanbod Willem 1 t\/m Beatrix, halve centen t\/m zilveren 50 guldenmunten. Gratis verzending vanaf 75 euro binnen NL.","robots":{"index":"noindex","follow":"follow","max-snippet":"max-snippet:-1","max-image-preview":"max-image-preview:large","max-video-preview":"max-video-preview:-1"},"og_locale":"fr_FR","og_type":"article","og_title":"Nederland 1 Cent 1919 Wilhelmina","og_description":"Nederlandse munten kopen? Bekijk nu ons aanbod Willem 1 t\/m Beatrix, halve centen t\/m zilveren 50 guldenmunten. Gratis verzending vanaf 75 euro binnen NL.","og_url":"https:\/\/dev.david-coin.com\/fr\/produit\/1-cent-1919\/","og_site_name":"David Coin","article_publisher":"https:\/\/www.facebook.com\/Davidcoininkoopenverkoop","article_modified_time":"2025-08-05T08:49:30+00:00","og_image":[{"width":298,"height":300,"url":"https:\/\/dev.david-coin.com\/wp-content\/uploads\/2019\/10\/1cent1919_1060vz_.jpg","type":"image\/jpeg"}],"twitter_card":"summary_large_image","twitter_misc":{"Prix":"&euro;&nbsp;3,50","Disponibilit\u00e9":"En stock"},"schema":{"@context":"https:\/\/schema.org","@graph":[{"@type":"WebPage","@id":"https:\/\/dev.david-coin.com\/product\/1-cent-1919\/","url":"https:\/\/dev.david-coin.com\/product\/1-cent-1919\/","name":"Nederland 1 Cent 1919 Wilhelmina","isPartOf":{"@id":"https:\/\/dev.david-coin.com\/#website"},"primaryImageOfPage":{"@id":"https:\/\/dev.david-coin.com\/product\/1-cent-1919\/#primaryimage"},"image":{"@id":"https:\/\/dev.david-coin.com\/product\/1-cent-1919\/#primaryimage"},"thumbnailUrl":"https:\/\/dev.david-coin.com\/wp-content\/uploads\/2019\/10\/1cent1919_1060vz_.jpg","datePublished":"2019-10-08T10:24:27+00:00","dateModified":"2025-08-05T08:49:30+00:00","description":"Nederlandse munten kopen? Bekijk nu ons aanbod Willem 1 t\/m Beatrix, halve centen t\/m zilveren 50 guldenmunten. Gratis verzending vanaf 75 euro binnen NL.","breadcrumb":{"@id":"https:\/\/dev.david-coin.com\/product\/1-cent-1919\/#breadcrumb"},"inLanguage":"fr-FR","potentialAction":[{"@type":"ReadAction","target":["https:\/\/dev.david-coin.com\/product\/1-cent-1919\/"]}]},{"@type":"ImageObject","inLanguage":"fr-FR","@id":"https:\/\/dev.david-coin.com\/product\/1-cent-1919\/#primaryimage","url":"https:\/\/dev.david-coin.com\/wp-content\/uploads\/2019\/10\/1cent1919_1060vz_.jpg","contentUrl":"https:\/\/dev.david-coin.com\/wp-content\/uploads\/2019\/10\/1cent1919_1060vz_.jpg","width":298,"height":300,"caption":"1cent1919_1060vz_.jpg"},{"@type":"BreadcrumbList","@id":"https:\/\/dev.david-coin.com\/product\/1-cent-1919\/#breadcrumb","itemListElement":[{"@type":"ListItem","position":1,"name":"Home","item":"https:\/\/dev.david-coin.com\/"},{"@type":"ListItem","position":2,"name":"Winkel","item":"https:\/\/dev.david-coin.com\/winkel\/"},{"@type":"ListItem","position":3,"name":"Nederland 1 Cent 1919 Wilhelmina"}]},{"@type":"WebSite","@id":"https:\/\/dev.david-coin.com\/#website","url":"https:\/\/dev.david-coin.com\/","name":"David Coin","description":"","publisher":{"@id":"https:\/\/dev.david-coin.com\/#organization"},"potentialAction":[{"@type":"SearchAction","target":{"@type":"EntryPoint","urlTemplate":"https:\/\/dev.david-coin.com\/?s={search_term_string}"},"query-input":{"@type":"PropertyValueSpecification","valueRequired":true,"valueName":"search_term_string"}}],"inLanguage":"fr-FR"},{"@type":"Organization","@id":"https:\/\/dev.david-coin.com\/#organization","name":"David Coin","url":"https:\/\/dev.david-coin.com\/","logo":{"@type":"ImageObject","inLanguage":"fr-FR","@id":"https:\/\/dev.david-coin.com\/#\/schema\/logo\/image\/","url":"https:\/\/dev.david-coin.com\/wp-content\/uploads\/2024\/04\/davidcoin-logo-final.png","contentUrl":"https:\/\/dev.david-coin.com\/wp-content\/uploads\/2024\/04\/davidcoin-logo-final.png","width":800,"height":267,"caption":"David Coin"},"image":{"@id":"https:\/\/dev.david-coin.com\/#\/schema\/logo\/image\/"},"sameAs":["https:\/\/www.facebook.com\/Davidcoininkoopenverkoop","https:\/\/www.youtube.com\/channel\/UC39lihLKFSPTff0w6tv0pWQ"]}]},"product_price_amount":"3.50","product_price_currency":"EUR","og_availability":"instock","product_availability":"instock","product_retailer_item_id":"1060","product_condition":"new"},"_links":{"self":[{"href":"https:\/\/dev.david-coin.com\/fr\/wp-json\/wp\/v2\/product\/108908","targetHints":{"allow":["GET"]}}],"collection":[{"href":"https:\/\/dev.david-coin.com\/fr\/wp-json\/wp\/v2\/product"}],"about":[{"href":"https:\/\/dev.david-coin.com\/fr\/wp-json\/wp\/v2\/types\/product"}],"replies":[{"embeddable":true,"href":"https:\/\/dev.david-coin.com\/fr\/wp-json\/wp\/v2\/comments?post=108908"}],"version-history":[{"count":0,"href":"https:\/\/dev.david-coin.com\/fr\/wp-json\/wp\/v2\/product\/108908\/revisions"}],"wp:featuredmedia":[{"embeddable":true,"href":"https:\/\/dev.david-coin.com\/fr\/wp-json\/wp\/v2\/media\/108906"}],"wp:attachment":[{"href":"https:\/\/dev.david-coin.com\/fr\/wp-json\/wp\/v2\/media?parent=108908"}],"wp:term":[{"taxonomy":"product_brand","embeddable":true,"href":"https:\/\/dev.david-coin.com\/fr\/wp-json\/wp\/v2\/product_brand?post=108908"},{"taxonomy":"product_cat","embeddable":true,"href":"https:\/\/dev.david-coin.com\/fr\/wp-json\/wp\/v2\/product_cat?post=108908"},{"taxonomy":"product_tag","embeddable":true,"href":"https:\/\/dev.david-coin.com\/fr\/wp-json\/wp\/v2\/product_tag?post=108908"}],"curies":[{"name":"wp","href":"https:\/\/api.w.org\/{rel}","templated":true}]}}