{"id":142064,"date":"2025-01-10T07:00:00","date_gmt":"2025-01-10T06:00:00","guid":{"rendered":"https:\/\/dev.david-coin.com\/?post_type=product&#038;p=142064"},"modified":"2025-04-10T11:46:41","modified_gmt":"2025-04-10T09:46:41","slug":"lord-of-the-rings-eerste-dag-enveloppen-2003","status":"publish","type":"product","link":"https:\/\/dev.david-coin.com\/en\/product\/lord-of-the-rings-eerste-dag-enveloppen-2003\/","title":{"rendered":"Lord of the rings First day envelopes 2003"},"content":{"rendered":"<p><strong>Lord of the rings First day envelopes 2003<\/strong><\/p>\n<p>Twee gestempelde, ongeadresseerde eerste dag enveloppen, waarvan \u00e9\u00e9n met een complete set van zes gegomde vastgeplakte postzegels en \u00e9\u00e9n met een complete set van zes zelfklevende vastgeplakte postzegels. Afkomstig uit Nieuw-Zeeland. The Return of the King collectorsitem. De set heeft een lichte beschadiging in de linkerbovenhoek op het plastic bij de envelop.<\/p>\n<p>De postzegels hebben diverse waardes (Nieuw-Zeelandse dollar) en afbeeldingen:<\/p>\n<ul>\n<li>Merry and Pippin 90 cent.<\/li>\n<li>Gollem 2,00 dollar<\/li>\n<li>Legolas 40 cent<\/li>\n<li>Frodo 80 cent<\/li>\n<li>Aragorn 1,30 dollar<\/li>\n<li>Gandalf the White 1,50 dollar<\/li>\n<\/ul>\n<p>De enveloppen hebben de volgende afbeeldingen:<\/p>\n<ul>\n<li>Ride of the Rohirrim<\/li>\n<li>Osgiliath<\/li>\n<\/ul>\n<p>&nbsp;<\/p>\n<p>See scans for more details.<br \/>\nFor questions feel free to send us a message.<\/p>","protected":false},"excerpt":{"rendered":"<p>Verzamelitem Lord of the Rings, Return of the King collectie.<\/p>\n<p>&nbsp;<\/p>","protected":false},"featured_media":142066,"comment_status":"closed","ping_status":"closed","template":"","meta":[],"product_brand":[],"product_cat":[6217,5480],"product_tag":[],"class_list":{"0":"post-142064","1":"product","2":"type-product","3":"status-publish","4":"has-post-thumbnail","6":"product_cat-lord-of-the-rings-items","7":"product_cat-overige-verzamelitems","9":"first","10":"instock","11":"taxable","12":"shipping-taxable","13":"purchasable","14":"product-type-simple"},"yoast_head":"<!-- This site is optimized with the Yoast SEO Premium plugin v26.0 (Yoast SEO v27.4) - https:\/\/yoast.com\/product\/yoast-seo-premium-wordpress\/ -->\n<title>Lord of the rings Eerste dag enveloppen 2003<\/title>\n<meta name=\"description\" content=\"Lord of the rings Eerste dag enveloppen 2003 kopen? Scoor nu je Return of the King collectorsitem! Gratis verzending binnen Nederland vanaf 75 euro.\" \/>\n<meta name=\"robots\" content=\"noindex, follow, max-snippet:-1, max-image-preview:large, max-video-preview:-1\" \/>\n<meta property=\"og:locale\" content=\"en_US\" \/>\n<meta property=\"og:type\" content=\"article\" \/>\n<meta property=\"og:title\" content=\"Lord of the rings Eerste dag enveloppen 2003\" \/>\n<meta property=\"og:description\" content=\"Lord of the rings Eerste dag enveloppen 2003 kopen? Scoor nu je Return of the King collectorsitem! Gratis verzending binnen Nederland vanaf 75 euro.\" \/>\n<meta property=\"og:url\" content=\"https:\/\/dev.david-coin.com\/en\/product\/lord-of-the-rings-eerste-dag-enveloppen-2003\/\" \/>\n<meta property=\"og:site_name\" content=\"David Coin\" \/>\n<meta property=\"article:publisher\" content=\"https:\/\/www.facebook.com\/Davidcoininkoopenverkoop\" \/>\n<meta property=\"article:modified_time\" content=\"2025-04-10T09:46:41+00:00\" \/>\n<meta property=\"og:image\" content=\"https:\/\/dev.david-coin.com\/wp-content\/uploads\/2025\/01\/Lotr-enveloppen-2003-vz-e1736329109365.jpg\" \/>\n\t<meta property=\"og:image:width\" content=\"1079\" \/>\n\t<meta property=\"og:image:height\" content=\"1079\" \/>\n\t<meta property=\"og:image:type\" content=\"image\/jpeg\" \/>\n<meta name=\"twitter:card\" content=\"summary_large_image\" \/>\n<meta name=\"twitter:label1\" content=\"Price\" \/>\n\t<meta name=\"twitter:data1\" content=\"&euro;&nbsp;19,95\" \/>\n\t<meta name=\"twitter:label2\" content=\"Availability\" \/>\n\t<meta name=\"twitter:data2\" content=\"In stock\" \/>\n<script type=\"application\/ld+json\" class=\"yoast-schema-graph\">{\"@context\":\"https:\\\/\\\/schema.org\",\"@graph\":[{\"@type\":\"WebPage\",\"@id\":\"https:\\\/\\\/dev.david-coin.com\\\/product\\\/lord-of-the-rings-eerste-dag-enveloppen-2003\\\/\",\"url\":\"https:\\\/\\\/dev.david-coin.com\\\/product\\\/lord-of-the-rings-eerste-dag-enveloppen-2003\\\/\",\"name\":\"Lord of the rings Eerste dag enveloppen 2003\",\"isPartOf\":{\"@id\":\"https:\\\/\\\/dev.david-coin.com\\\/#website\"},\"primaryImageOfPage\":{\"@id\":\"https:\\\/\\\/dev.david-coin.com\\\/product\\\/lord-of-the-rings-eerste-dag-enveloppen-2003\\\/#primaryimage\"},\"image\":{\"@id\":\"https:\\\/\\\/dev.david-coin.com\\\/product\\\/lord-of-the-rings-eerste-dag-enveloppen-2003\\\/#primaryimage\"},\"thumbnailUrl\":\"https:\\\/\\\/dev.david-coin.com\\\/wp-content\\\/uploads\\\/2025\\\/01\\\/Lotr-enveloppen-2003-vz-e1736329109365.jpg\",\"datePublished\":\"2025-01-10T06:00:00+00:00\",\"dateModified\":\"2025-04-10T09:46:41+00:00\",\"description\":\"Lord of the rings Eerste dag enveloppen 2003 kopen? Scoor nu je Return of the King collectorsitem! Gratis verzending binnen Nederland vanaf 75 euro.\",\"breadcrumb\":{\"@id\":\"https:\\\/\\\/dev.david-coin.com\\\/product\\\/lord-of-the-rings-eerste-dag-enveloppen-2003\\\/#breadcrumb\"},\"inLanguage\":\"en-US\",\"potentialAction\":[{\"@type\":\"ReadAction\",\"target\":[\"https:\\\/\\\/dev.david-coin.com\\\/product\\\/lord-of-the-rings-eerste-dag-enveloppen-2003\\\/\"]}]},{\"@type\":\"ImageObject\",\"inLanguage\":\"en-US\",\"@id\":\"https:\\\/\\\/dev.david-coin.com\\\/product\\\/lord-of-the-rings-eerste-dag-enveloppen-2003\\\/#primaryimage\",\"url\":\"https:\\\/\\\/dev.david-coin.com\\\/wp-content\\\/uploads\\\/2025\\\/01\\\/Lotr-enveloppen-2003-vz-e1736329109365.jpg\",\"contentUrl\":\"https:\\\/\\\/dev.david-coin.com\\\/wp-content\\\/uploads\\\/2025\\\/01\\\/Lotr-enveloppen-2003-vz-e1736329109365.jpg\",\"width\":1079,\"height\":1079,\"caption\":\"Lord of the rings Eerste dag enveloppen 2003\"},{\"@type\":\"BreadcrumbList\",\"@id\":\"https:\\\/\\\/dev.david-coin.com\\\/product\\\/lord-of-the-rings-eerste-dag-enveloppen-2003\\\/#breadcrumb\",\"itemListElement\":[{\"@type\":\"ListItem\",\"position\":1,\"name\":\"Home\",\"item\":\"https:\\\/\\\/dev.david-coin.com\\\/\"},{\"@type\":\"ListItem\",\"position\":2,\"name\":\"Winkel\",\"item\":\"https:\\\/\\\/dev.david-coin.com\\\/winkel\\\/\"},{\"@type\":\"ListItem\",\"position\":3,\"name\":\"Lord of the rings Eerste dag enveloppen 2003\"}]},{\"@type\":\"WebSite\",\"@id\":\"https:\\\/\\\/dev.david-coin.com\\\/#website\",\"url\":\"https:\\\/\\\/dev.david-coin.com\\\/\",\"name\":\"David Coin\",\"description\":\"\",\"publisher\":{\"@id\":\"https:\\\/\\\/dev.david-coin.com\\\/#organization\"},\"potentialAction\":[{\"@type\":\"SearchAction\",\"target\":{\"@type\":\"EntryPoint\",\"urlTemplate\":\"https:\\\/\\\/dev.david-coin.com\\\/?s={search_term_string}\"},\"query-input\":{\"@type\":\"PropertyValueSpecification\",\"valueRequired\":true,\"valueName\":\"search_term_string\"}}],\"inLanguage\":\"en-US\"},{\"@type\":\"Organization\",\"@id\":\"https:\\\/\\\/dev.david-coin.com\\\/#organization\",\"name\":\"David Coin\",\"url\":\"https:\\\/\\\/dev.david-coin.com\\\/\",\"logo\":{\"@type\":\"ImageObject\",\"inLanguage\":\"en-US\",\"@id\":\"https:\\\/\\\/dev.david-coin.com\\\/#\\\/schema\\\/logo\\\/image\\\/\",\"url\":\"https:\\\/\\\/dev.david-coin.com\\\/wp-content\\\/uploads\\\/2024\\\/04\\\/davidcoin-logo-final.png\",\"contentUrl\":\"https:\\\/\\\/dev.david-coin.com\\\/wp-content\\\/uploads\\\/2024\\\/04\\\/davidcoin-logo-final.png\",\"width\":800,\"height\":267,\"caption\":\"David Coin\"},\"image\":{\"@id\":\"https:\\\/\\\/dev.david-coin.com\\\/#\\\/schema\\\/logo\\\/image\\\/\"},\"sameAs\":[\"https:\\\/\\\/www.facebook.com\\\/Davidcoininkoopenverkoop\",\"https:\\\/\\\/www.youtube.com\\\/channel\\\/UC39lihLKFSPTff0w6tv0pWQ\"]}]}<\/script>\n<meta property=\"product:price:amount\" content=\"19.95\" \/>\n<meta property=\"product:price:currency\" content=\"EUR\" \/>\n<meta property=\"og:availability\" content=\"instock\" \/>\n<meta property=\"product:availability\" content=\"instock\" \/>\n<meta property=\"product:retailer_item_id\" content=\"10064\" \/>\n<meta property=\"product:condition\" content=\"new\" \/>\n<!-- \/ Yoast SEO Premium plugin. -->","yoast_head_json":{"title":"Lord of the rings First day envelopes 2003","description":"Lord of the rings Eerste dag enveloppen 2003 kopen? Scoor nu je Return of the King collectorsitem! Gratis verzending binnen Nederland vanaf 75 euro.","robots":{"index":"noindex","follow":"follow","max-snippet":"max-snippet:-1","max-image-preview":"max-image-preview:large","max-video-preview":"max-video-preview:-1"},"og_locale":"en_US","og_type":"article","og_title":"Lord of the rings Eerste dag enveloppen 2003","og_description":"Lord of the rings Eerste dag enveloppen 2003 kopen? Scoor nu je Return of the King collectorsitem! Gratis verzending binnen Nederland vanaf 75 euro.","og_url":"https:\/\/dev.david-coin.com\/en\/product\/lord-of-the-rings-eerste-dag-enveloppen-2003\/","og_site_name":"David Coin","article_publisher":"https:\/\/www.facebook.com\/Davidcoininkoopenverkoop","article_modified_time":"2025-04-10T09:46:41+00:00","og_image":[{"width":1079,"height":1079,"url":"https:\/\/dev.david-coin.com\/wp-content\/uploads\/2025\/01\/Lotr-enveloppen-2003-vz-e1736329109365.jpg","type":"image\/jpeg"}],"twitter_card":"summary_large_image","twitter_misc":{"Price":"&euro;&nbsp;19,95","Availability":"In stock"},"schema":{"@context":"https:\/\/schema.org","@graph":[{"@type":"WebPage","@id":"https:\/\/dev.david-coin.com\/product\/lord-of-the-rings-eerste-dag-enveloppen-2003\/","url":"https:\/\/dev.david-coin.com\/product\/lord-of-the-rings-eerste-dag-enveloppen-2003\/","name":"Lord of the rings First day envelopes 2003","isPartOf":{"@id":"https:\/\/dev.david-coin.com\/#website"},"primaryImageOfPage":{"@id":"https:\/\/dev.david-coin.com\/product\/lord-of-the-rings-eerste-dag-enveloppen-2003\/#primaryimage"},"image":{"@id":"https:\/\/dev.david-coin.com\/product\/lord-of-the-rings-eerste-dag-enveloppen-2003\/#primaryimage"},"thumbnailUrl":"https:\/\/dev.david-coin.com\/wp-content\/uploads\/2025\/01\/Lotr-enveloppen-2003-vz-e1736329109365.jpg","datePublished":"2025-01-10T06:00:00+00:00","dateModified":"2025-04-10T09:46:41+00:00","description":"Lord of the rings Eerste dag enveloppen 2003 kopen? Scoor nu je Return of the King collectorsitem! Gratis verzending binnen Nederland vanaf 75 euro.","breadcrumb":{"@id":"https:\/\/dev.david-coin.com\/product\/lord-of-the-rings-eerste-dag-enveloppen-2003\/#breadcrumb"},"inLanguage":"en-US","potentialAction":[{"@type":"ReadAction","target":["https:\/\/dev.david-coin.com\/product\/lord-of-the-rings-eerste-dag-enveloppen-2003\/"]}]},{"@type":"ImageObject","inLanguage":"en-US","@id":"https:\/\/dev.david-coin.com\/product\/lord-of-the-rings-eerste-dag-enveloppen-2003\/#primaryimage","url":"https:\/\/dev.david-coin.com\/wp-content\/uploads\/2025\/01\/Lotr-enveloppen-2003-vz-e1736329109365.jpg","contentUrl":"https:\/\/dev.david-coin.com\/wp-content\/uploads\/2025\/01\/Lotr-enveloppen-2003-vz-e1736329109365.jpg","width":1079,"height":1079,"caption":"Lord of the rings Eerste dag enveloppen 2003"},{"@type":"BreadcrumbList","@id":"https:\/\/dev.david-coin.com\/product\/lord-of-the-rings-eerste-dag-enveloppen-2003\/#breadcrumb","itemListElement":[{"@type":"ListItem","position":1,"name":"Home","item":"https:\/\/dev.david-coin.com\/"},{"@type":"ListItem","position":2,"name":"Winkel","item":"https:\/\/dev.david-coin.com\/winkel\/"},{"@type":"ListItem","position":3,"name":"Lord of the rings Eerste dag enveloppen 2003"}]},{"@type":"WebSite","@id":"https:\/\/dev.david-coin.com\/#website","url":"https:\/\/dev.david-coin.com\/","name":"David Coin","description":"","publisher":{"@id":"https:\/\/dev.david-coin.com\/#organization"},"potentialAction":[{"@type":"SearchAction","target":{"@type":"EntryPoint","urlTemplate":"https:\/\/dev.david-coin.com\/?s={search_term_string}"},"query-input":{"@type":"PropertyValueSpecification","valueRequired":true,"valueName":"search_term_string"}}],"inLanguage":"en-US"},{"@type":"Organization","@id":"https:\/\/dev.david-coin.com\/#organization","name":"David Coin","url":"https:\/\/dev.david-coin.com\/","logo":{"@type":"ImageObject","inLanguage":"en-US","@id":"https:\/\/dev.david-coin.com\/#\/schema\/logo\/image\/","url":"https:\/\/dev.david-coin.com\/wp-content\/uploads\/2024\/04\/davidcoin-logo-final.png","contentUrl":"https:\/\/dev.david-coin.com\/wp-content\/uploads\/2024\/04\/davidcoin-logo-final.png","width":800,"height":267,"caption":"David Coin"},"image":{"@id":"https:\/\/dev.david-coin.com\/#\/schema\/logo\/image\/"},"sameAs":["https:\/\/www.facebook.com\/Davidcoininkoopenverkoop","https:\/\/www.youtube.com\/channel\/UC39lihLKFSPTff0w6tv0pWQ"]}]},"product_price_amount":"19.95","product_price_currency":"EUR","og_availability":"instock","product_availability":"instock","product_retailer_item_id":"10064","product_condition":"new"},"_links":{"self":[{"href":"https:\/\/dev.david-coin.com\/en\/wp-json\/wp\/v2\/product\/142064","targetHints":{"allow":["GET"]}}],"collection":[{"href":"https:\/\/dev.david-coin.com\/en\/wp-json\/wp\/v2\/product"}],"about":[{"href":"https:\/\/dev.david-coin.com\/en\/wp-json\/wp\/v2\/types\/product"}],"replies":[{"embeddable":true,"href":"https:\/\/dev.david-coin.com\/en\/wp-json\/wp\/v2\/comments?post=142064"}],"version-history":[{"count":0,"href":"https:\/\/dev.david-coin.com\/en\/wp-json\/wp\/v2\/product\/142064\/revisions"}],"wp:featuredmedia":[{"embeddable":true,"href":"https:\/\/dev.david-coin.com\/en\/wp-json\/wp\/v2\/media\/142066"}],"wp:attachment":[{"href":"https:\/\/dev.david-coin.com\/en\/wp-json\/wp\/v2\/media?parent=142064"}],"wp:term":[{"taxonomy":"product_brand","embeddable":true,"href":"https:\/\/dev.david-coin.com\/en\/wp-json\/wp\/v2\/product_brand?post=142064"},{"taxonomy":"product_cat","embeddable":true,"href":"https:\/\/dev.david-coin.com\/en\/wp-json\/wp\/v2\/product_cat?post=142064"},{"taxonomy":"product_tag","embeddable":true,"href":"https:\/\/dev.david-coin.com\/en\/wp-json\/wp\/v2\/product_tag?post=142064"}],"curies":[{"name":"wp","href":"https:\/\/api.w.org\/{rel}","templated":true}]}}