{"id":122928,"date":"2024-01-15T13:34:01","date_gmt":"2024-01-15T13:34:01","guid":{"rendered":"https:\/\/dev.david-coin.com\/product\/china-30-gram-zilveren-panda-2023-ms69\/"},"modified":"2025-07-21T17:09:32","modified_gmt":"2025-07-21T15:09:32","slug":"china-30-gram-zilveren-panda-2023-ms69","status":"publish","type":"product","link":"https:\/\/dev.david-coin.com\/en\/product\/china-30-gram-zilveren-panda-2023-ms69\/","title":{"rendered":"China 30 grams Silver panda 2023 MS69"},"content":{"rendered":"<p><span style=\"font-size: 12pt;\"><strong><span style=\"font-family: arial, helvetica, sans-serif;\">China 30 grams Silver panda 2023 MS69<\/span><\/strong><\/span><\/p>\n<p><span style=\"color: #000000; font-size: 12pt; font-family: arial, helvetica, sans-serif;\">The Chinese Silver Panda ( Chinese :<span lang=\"zh\">\u718a\u732b \u94f6\u5e01<\/span>;\u00a0<a style=\"color: #000000;\" title=\"Pinyin\" href=\"https:\/\/en.wikipedia.org\/wiki\/Pinyin\">pinyin<\/a>\u00a0:\u00a0<i><span lang=\"zh-Latn-pinyin\">xi\u00f3ngm\u0101o y\u00ednb\u00ec<\/span><\/i>\u00a0) is a series of silver bullion coins issued by the People's Republic of China. The panda design is changed every year and minted in different sizes and denominations, ranging from 0.5 troy oz. to 1 kilogram. As of 2016, pandas switched to metric sizes. The coin of 1\u00a0<a style=\"color: #000000;\" title=\"Troy weight\" href=\"https:\/\/en.wikipedia.org\/wiki\/Troy_weight\">troy<\/a>\u00a0ounce was reduced to 30 grams, while the 5 troy ounce coin was reduced to 150 grams. A popular collector's item among investors and collectors alike.<\/span><\/p>\n<p><span style=\"color: #000000; font-size: 12pt; font-family: arial, helvetica, sans-serif;\">Weight:30 grams<br \/>\nAssay:999\/1000<br \/>\n<\/span><\/p>\n<p><span style=\"color: #000000; font-size: 12pt; font-family: arial, helvetica, sans-serif;\">Vb photo. You will receive an identical copy.<br \/>\nSee scans for more details.<br \/>\nFor questions feel free to send us a message.<\/span><\/p>\n<p><span style=\"font-family: arial, helvetica, sans-serif; font-size: 12pt;\">\u00a0<\/span><\/p>","protected":false},"excerpt":{"rendered":"<p>999\/1000<\/p>","protected":false},"featured_media":122926,"comment_status":"closed","ping_status":"closed","template":"","meta":[],"product_brand":[],"product_cat":[5485,5479,5602,5473,5968],"product_tag":[],"class_list":{"0":"post-122928","1":"product","2":"type-product","3":"status-publish","4":"has-post-thumbnail","6":"product_cat-azie","7":"product_cat-edelmetaal-goud-kopen","8":"product_cat-troy-ounce-munten","9":"product_cat-world-coins-romeinse-munten","10":"product_cat-zilveren-chinese-panda","11":"pa_gewicht-30gram","12":"pa_kwaliteit-proof","13":"pa_land-china","14":"pa_materiaal-zilver","15":"pa_muntwaarde-10yuan","17":"first","18":"outofstock","19":"taxable","20":"shipping-taxable","21":"purchasable","22":"product-type-simple"},"yoast_head":"<!-- This site is optimized with the Yoast SEO Premium plugin v26.0 (Yoast SEO v27.4) - https:\/\/yoast.com\/product\/yoast-seo-premium-wordpress\/ -->\n<title>China 30 gram Zilveren panda 2023 MS69<\/title>\n<meta name=\"description\" content=\"Wereldmunten verkrijgbaar van diverse landen bij David-coin. Bekijk nu ons ruime aanbod. Gratis verzending vanaf 75 euro binnen Nederland.\" \/>\n<meta name=\"robots\" content=\"noindex, follow, max-snippet:-1, max-image-preview:large, max-video-preview:-1\" \/>\n<meta property=\"og:locale\" content=\"en_US\" \/>\n<meta property=\"og:type\" content=\"article\" \/>\n<meta property=\"og:title\" content=\"China 30 gram Zilveren panda 2023 MS69\" \/>\n<meta property=\"og:description\" content=\"Wereldmunten verkrijgbaar van diverse landen bij David-coin. Bekijk nu ons ruime aanbod. Gratis verzending vanaf 75 euro binnen Nederland.\" \/>\n<meta property=\"og:url\" content=\"https:\/\/dev.david-coin.com\/en\/product\/china-30-gram-zilveren-panda-2023-ms69\/\" \/>\n<meta property=\"og:site_name\" content=\"David Coin\" \/>\n<meta property=\"article:publisher\" content=\"https:\/\/www.facebook.com\/Davidcoininkoopenverkoop\" \/>\n<meta property=\"article:modified_time\" content=\"2025-07-21T15:09:32+00:00\" \/>\n<meta property=\"og:image\" content=\"https:\/\/dev.david-coin.com\/wp-content\/uploads\/2024\/01\/Panda2023-MS69.jpg\" \/>\n\t<meta property=\"og:image:width\" content=\"656\" \/>\n\t<meta property=\"og:image:height\" content=\"800\" \/>\n\t<meta property=\"og:image:type\" content=\"image\/jpeg\" \/>\n<meta name=\"twitter:card\" content=\"summary_large_image\" \/>\n<meta name=\"twitter:label1\" content=\"Price\" \/>\n\t<meta name=\"twitter:data1\" content=\"&euro;&nbsp;79,95\" \/>\n\t<meta name=\"twitter:label2\" content=\"Availability\" \/>\n\t<meta name=\"twitter:data2\" content=\"Out of stock\" \/>\n<script type=\"application\/ld+json\" class=\"yoast-schema-graph\">{\"@context\":\"https:\\\/\\\/schema.org\",\"@graph\":[{\"@type\":\"WebPage\",\"@id\":\"https:\\\/\\\/dev.david-coin.com\\\/product\\\/china-30-gram-zilveren-panda-2023-ms69\\\/\",\"url\":\"https:\\\/\\\/dev.david-coin.com\\\/product\\\/china-30-gram-zilveren-panda-2023-ms69\\\/\",\"name\":\"China 30 gram Zilveren panda 2023 MS69\",\"isPartOf\":{\"@id\":\"https:\\\/\\\/dev.david-coin.com\\\/#website\"},\"primaryImageOfPage\":{\"@id\":\"https:\\\/\\\/dev.david-coin.com\\\/product\\\/china-30-gram-zilveren-panda-2023-ms69\\\/#primaryimage\"},\"image\":{\"@id\":\"https:\\\/\\\/dev.david-coin.com\\\/product\\\/china-30-gram-zilveren-panda-2023-ms69\\\/#primaryimage\"},\"thumbnailUrl\":\"https:\\\/\\\/dev.david-coin.com\\\/wp-content\\\/uploads\\\/2024\\\/01\\\/Panda2023-MS69.jpg\",\"datePublished\":\"2024-01-15T13:34:01+00:00\",\"dateModified\":\"2025-07-21T15:09:32+00:00\",\"description\":\"Wereldmunten verkrijgbaar van diverse landen bij David-coin. Bekijk nu ons ruime aanbod. Gratis verzending vanaf 75 euro binnen Nederland.\",\"breadcrumb\":{\"@id\":\"https:\\\/\\\/dev.david-coin.com\\\/product\\\/china-30-gram-zilveren-panda-2023-ms69\\\/#breadcrumb\"},\"inLanguage\":\"en-US\",\"potentialAction\":[{\"@type\":\"ReadAction\",\"target\":[\"https:\\\/\\\/dev.david-coin.com\\\/product\\\/china-30-gram-zilveren-panda-2023-ms69\\\/\"]}]},{\"@type\":\"ImageObject\",\"inLanguage\":\"en-US\",\"@id\":\"https:\\\/\\\/dev.david-coin.com\\\/product\\\/china-30-gram-zilveren-panda-2023-ms69\\\/#primaryimage\",\"url\":\"https:\\\/\\\/dev.david-coin.com\\\/wp-content\\\/uploads\\\/2024\\\/01\\\/Panda2023-MS69.jpg\",\"contentUrl\":\"https:\\\/\\\/dev.david-coin.com\\\/wp-content\\\/uploads\\\/2024\\\/01\\\/Panda2023-MS69.jpg\",\"width\":656,\"height\":800},{\"@type\":\"BreadcrumbList\",\"@id\":\"https:\\\/\\\/dev.david-coin.com\\\/product\\\/china-30-gram-zilveren-panda-2023-ms69\\\/#breadcrumb\",\"itemListElement\":[{\"@type\":\"ListItem\",\"position\":1,\"name\":\"Home\",\"item\":\"https:\\\/\\\/dev.david-coin.com\\\/\"},{\"@type\":\"ListItem\",\"position\":2,\"name\":\"Winkel\",\"item\":\"https:\\\/\\\/dev.david-coin.com\\\/winkel\\\/\"},{\"@type\":\"ListItem\",\"position\":3,\"name\":\"China 30 gram Zilveren panda 2023 MS69\"}]},{\"@type\":\"WebSite\",\"@id\":\"https:\\\/\\\/dev.david-coin.com\\\/#website\",\"url\":\"https:\\\/\\\/dev.david-coin.com\\\/\",\"name\":\"David Coin\",\"description\":\"\",\"publisher\":{\"@id\":\"https:\\\/\\\/dev.david-coin.com\\\/#organization\"},\"potentialAction\":[{\"@type\":\"SearchAction\",\"target\":{\"@type\":\"EntryPoint\",\"urlTemplate\":\"https:\\\/\\\/dev.david-coin.com\\\/?s={search_term_string}\"},\"query-input\":{\"@type\":\"PropertyValueSpecification\",\"valueRequired\":true,\"valueName\":\"search_term_string\"}}],\"inLanguage\":\"en-US\"},{\"@type\":\"Organization\",\"@id\":\"https:\\\/\\\/dev.david-coin.com\\\/#organization\",\"name\":\"David Coin\",\"url\":\"https:\\\/\\\/dev.david-coin.com\\\/\",\"logo\":{\"@type\":\"ImageObject\",\"inLanguage\":\"en-US\",\"@id\":\"https:\\\/\\\/dev.david-coin.com\\\/#\\\/schema\\\/logo\\\/image\\\/\",\"url\":\"https:\\\/\\\/dev.david-coin.com\\\/wp-content\\\/uploads\\\/2024\\\/04\\\/davidcoin-logo-final.png\",\"contentUrl\":\"https:\\\/\\\/dev.david-coin.com\\\/wp-content\\\/uploads\\\/2024\\\/04\\\/davidcoin-logo-final.png\",\"width\":800,\"height\":267,\"caption\":\"David Coin\"},\"image\":{\"@id\":\"https:\\\/\\\/dev.david-coin.com\\\/#\\\/schema\\\/logo\\\/image\\\/\"},\"sameAs\":[\"https:\\\/\\\/www.facebook.com\\\/Davidcoininkoopenverkoop\",\"https:\\\/\\\/www.youtube.com\\\/channel\\\/UC39lihLKFSPTff0w6tv0pWQ\"]}]}<\/script>\n<meta property=\"product:price:amount\" content=\"79.95\" \/>\n<meta property=\"product:price:currency\" content=\"EUR\" \/>\n<meta property=\"og:availability\" content=\"out of stock\" \/>\n<meta property=\"product:availability\" content=\"out of stock\" \/>\n<meta property=\"product:retailer_item_id\" content=\"9310\" \/>\n<meta property=\"product:condition\" content=\"new\" \/>\n<!-- \/ Yoast SEO Premium plugin. -->","yoast_head_json":{"title":"China 30 grams Silver panda 2023 MS69","description":"Wereldmunten verkrijgbaar van diverse landen bij David-coin. Bekijk nu ons ruime aanbod. Gratis verzending vanaf 75 euro binnen Nederland.","robots":{"index":"noindex","follow":"follow","max-snippet":"max-snippet:-1","max-image-preview":"max-image-preview:large","max-video-preview":"max-video-preview:-1"},"og_locale":"en_US","og_type":"article","og_title":"China 30 gram Zilveren panda 2023 MS69","og_description":"Wereldmunten verkrijgbaar van diverse landen bij David-coin. Bekijk nu ons ruime aanbod. Gratis verzending vanaf 75 euro binnen Nederland.","og_url":"https:\/\/dev.david-coin.com\/en\/product\/china-30-gram-zilveren-panda-2023-ms69\/","og_site_name":"David Coin","article_publisher":"https:\/\/www.facebook.com\/Davidcoininkoopenverkoop","article_modified_time":"2025-07-21T15:09:32+00:00","og_image":[{"width":656,"height":800,"url":"https:\/\/dev.david-coin.com\/wp-content\/uploads\/2024\/01\/Panda2023-MS69.jpg","type":"image\/jpeg"}],"twitter_card":"summary_large_image","twitter_misc":{"Price":"&euro;&nbsp;79,95","Availability":"Out of stock"},"schema":{"@context":"https:\/\/schema.org","@graph":[{"@type":"WebPage","@id":"https:\/\/dev.david-coin.com\/product\/china-30-gram-zilveren-panda-2023-ms69\/","url":"https:\/\/dev.david-coin.com\/product\/china-30-gram-zilveren-panda-2023-ms69\/","name":"China 30 grams Silver panda 2023 MS69","isPartOf":{"@id":"https:\/\/dev.david-coin.com\/#website"},"primaryImageOfPage":{"@id":"https:\/\/dev.david-coin.com\/product\/china-30-gram-zilveren-panda-2023-ms69\/#primaryimage"},"image":{"@id":"https:\/\/dev.david-coin.com\/product\/china-30-gram-zilveren-panda-2023-ms69\/#primaryimage"},"thumbnailUrl":"https:\/\/dev.david-coin.com\/wp-content\/uploads\/2024\/01\/Panda2023-MS69.jpg","datePublished":"2024-01-15T13:34:01+00:00","dateModified":"2025-07-21T15:09:32+00:00","description":"Wereldmunten verkrijgbaar van diverse landen bij David-coin. Bekijk nu ons ruime aanbod. Gratis verzending vanaf 75 euro binnen Nederland.","breadcrumb":{"@id":"https:\/\/dev.david-coin.com\/product\/china-30-gram-zilveren-panda-2023-ms69\/#breadcrumb"},"inLanguage":"en-US","potentialAction":[{"@type":"ReadAction","target":["https:\/\/dev.david-coin.com\/product\/china-30-gram-zilveren-panda-2023-ms69\/"]}]},{"@type":"ImageObject","inLanguage":"en-US","@id":"https:\/\/dev.david-coin.com\/product\/china-30-gram-zilveren-panda-2023-ms69\/#primaryimage","url":"https:\/\/dev.david-coin.com\/wp-content\/uploads\/2024\/01\/Panda2023-MS69.jpg","contentUrl":"https:\/\/dev.david-coin.com\/wp-content\/uploads\/2024\/01\/Panda2023-MS69.jpg","width":656,"height":800},{"@type":"BreadcrumbList","@id":"https:\/\/dev.david-coin.com\/product\/china-30-gram-zilveren-panda-2023-ms69\/#breadcrumb","itemListElement":[{"@type":"ListItem","position":1,"name":"Home","item":"https:\/\/dev.david-coin.com\/"},{"@type":"ListItem","position":2,"name":"Winkel","item":"https:\/\/dev.david-coin.com\/winkel\/"},{"@type":"ListItem","position":3,"name":"China 30 gram Zilveren panda 2023 MS69"}]},{"@type":"WebSite","@id":"https:\/\/dev.david-coin.com\/#website","url":"https:\/\/dev.david-coin.com\/","name":"David Coin","description":"","publisher":{"@id":"https:\/\/dev.david-coin.com\/#organization"},"potentialAction":[{"@type":"SearchAction","target":{"@type":"EntryPoint","urlTemplate":"https:\/\/dev.david-coin.com\/?s={search_term_string}"},"query-input":{"@type":"PropertyValueSpecification","valueRequired":true,"valueName":"search_term_string"}}],"inLanguage":"en-US"},{"@type":"Organization","@id":"https:\/\/dev.david-coin.com\/#organization","name":"David Coin","url":"https:\/\/dev.david-coin.com\/","logo":{"@type":"ImageObject","inLanguage":"en-US","@id":"https:\/\/dev.david-coin.com\/#\/schema\/logo\/image\/","url":"https:\/\/dev.david-coin.com\/wp-content\/uploads\/2024\/04\/davidcoin-logo-final.png","contentUrl":"https:\/\/dev.david-coin.com\/wp-content\/uploads\/2024\/04\/davidcoin-logo-final.png","width":800,"height":267,"caption":"David Coin"},"image":{"@id":"https:\/\/dev.david-coin.com\/#\/schema\/logo\/image\/"},"sameAs":["https:\/\/www.facebook.com\/Davidcoininkoopenverkoop","https:\/\/www.youtube.com\/channel\/UC39lihLKFSPTff0w6tv0pWQ"]}]},"product_price_amount":"79.95","product_price_currency":"EUR","og_availability":"out of stock","product_availability":"out of stock","product_retailer_item_id":"9310","product_condition":"new"},"_links":{"self":[{"href":"https:\/\/dev.david-coin.com\/en\/wp-json\/wp\/v2\/product\/122928","targetHints":{"allow":["GET"]}}],"collection":[{"href":"https:\/\/dev.david-coin.com\/en\/wp-json\/wp\/v2\/product"}],"about":[{"href":"https:\/\/dev.david-coin.com\/en\/wp-json\/wp\/v2\/types\/product"}],"replies":[{"embeddable":true,"href":"https:\/\/dev.david-coin.com\/en\/wp-json\/wp\/v2\/comments?post=122928"}],"version-history":[{"count":0,"href":"https:\/\/dev.david-coin.com\/en\/wp-json\/wp\/v2\/product\/122928\/revisions"}],"wp:featuredmedia":[{"embeddable":true,"href":"https:\/\/dev.david-coin.com\/en\/wp-json\/wp\/v2\/media\/122926"}],"wp:attachment":[{"href":"https:\/\/dev.david-coin.com\/en\/wp-json\/wp\/v2\/media?parent=122928"}],"wp:term":[{"taxonomy":"product_brand","embeddable":true,"href":"https:\/\/dev.david-coin.com\/en\/wp-json\/wp\/v2\/product_brand?post=122928"},{"taxonomy":"product_cat","embeddable":true,"href":"https:\/\/dev.david-coin.com\/en\/wp-json\/wp\/v2\/product_cat?post=122928"},{"taxonomy":"product_tag","embeddable":true,"href":"https:\/\/dev.david-coin.com\/en\/wp-json\/wp\/v2\/product_tag?post=122928"}],"curies":[{"name":"wp","href":"https:\/\/api.w.org\/{rel}","templated":true}]}}