{"id":154988,"date":"2025-09-27T19:00:00","date_gmt":"2025-09-27T17:00:00","guid":{"rendered":"https:\/\/dev.david-coin.com\/product\/zambia-muntset-kwacha-ngwee-2\/"},"modified":"2025-09-26T17:08:08","modified_gmt":"2025-09-26T15:08:08","slug":"zambia-muntset-kwacha-ngwee-2","status":"publish","type":"product","link":"https:\/\/dev.david-coin.com\/de\/produkt\/zambia-muntset-kwacha-ngwee-2\/","title":{"rendered":"Zambia Muntset Kwacha\/Ngwee"},"content":{"rendered":"<p>Zambia Muntset Kwacha\/Ngwee<br \/>Aus der Serie 'M\u00fcnzen der Welt. Auf Weltreise mit der K\u00f6niglichen Niederl\u00e4ndischen M\u00fcnze\", Unterserie \"Afrika\". Herausgegeben vom KNM. <br \/> Die Jahreszahlen der M\u00fcnzen k\u00f6nnen variieren. <\/p>\n<p> Exclusief Certificaat van Echtheid. <\/p>\n<p> Beispielfoto. Sie erhalten ein \u00e4hnliches Exemplar. <\/p>\n<p>Siehe Scans f\u00fcr weitere Einzelheiten. <br \/>\nBei Fragen k\u00f6nnen Sie uns gerne eine Nachricht schicken.<\/p>\n<p>&nbsp;<\/p>","protected":false},"excerpt":{"rendered":"<p>Afrikanischer Kursm\u00fcnzensatz aus der Serie M\u00fcnzen der Welt<\/p>","protected":false},"featured_media":149289,"comment_status":"closed","ping_status":"open","template":"","meta":[],"product_brand":[],"product_cat":[5483,5579,5473],"product_tag":[],"class_list":{"0":"post-154988","1":"product","2":"type-product","3":"status-publish","4":"has-post-thumbnail","6":"product_cat-afrika","7":"product_cat-wereld-sets","8":"product_cat-world-coins-romeinse-munten","9":"pa_delcampeid-6567","10":"pa_kwaliteit-unc","11":"pa_land-zambia","12":"pa_materiaal-divers","13":"pa_muntwaarde-divers","14":"pa_muntwaarde-set","15":"pa_soort-muntset","17":"first","18":"instock","19":"purchasable","20":"product-type-simple"},"yoast_head":"<!-- This site is optimized with the Yoast SEO Premium plugin v26.0 (Yoast SEO v27.5) - https:\/\/yoast.com\/product\/yoast-seo-premium-wordpress\/ -->\n<title>Zambia Muntset Kwacha\/Ngwee<\/title>\n<meta name=\"description\" content=\"Muntsets uit de hele wereld verkrijgbaar bij David-Coin. Bekijk ons ruime aanbod sets munten uit Amerika, Afrika, Azi\u00eb, Oceani\u00eb en Europa.\" \/>\n<meta name=\"robots\" content=\"noindex, follow, max-snippet:-1, max-image-preview:large, max-video-preview:-1\" \/>\n<meta property=\"og:locale\" content=\"de_DE\" \/>\n<meta property=\"og:type\" content=\"article\" \/>\n<meta property=\"og:title\" content=\"Zambia Muntset Kwacha\/Ngwee\" \/>\n<meta property=\"og:description\" content=\"Muntsets uit de hele wereld verkrijgbaar bij David-Coin. Bekijk ons ruime aanbod sets munten uit Amerika, Afrika, Azi\u00eb, Oceani\u00eb en Europa.\" \/>\n<meta property=\"og:url\" content=\"https:\/\/dev.david-coin.com\/de\/produkt\/zambia-muntset-kwacha-ngwee-2\/\" \/>\n<meta property=\"og:site_name\" content=\"David Coin\" \/>\n<meta property=\"article:publisher\" content=\"https:\/\/www.facebook.com\/Davidcoininkoopenverkoop\" \/>\n<meta property=\"og:image\" content=\"https:\/\/dev.david-coin.com\/wp-content\/uploads\/2025\/06\/Zambia-muntset-vz.jpg\" \/>\n\t<meta property=\"og:image:width\" content=\"550\" \/>\n\t<meta property=\"og:image:height\" content=\"368\" \/>\n\t<meta property=\"og:image:type\" content=\"image\/jpeg\" \/>\n<meta name=\"twitter:card\" content=\"summary_large_image\" \/>\n<meta name=\"twitter:label1\" content=\"Preis\" \/>\n\t<meta name=\"twitter:data1\" content=\"&euro;&nbsp;9,95\" \/>\n\t<meta name=\"twitter:label2\" content=\"Verf\u00fcgbarkeit\" \/>\n\t<meta name=\"twitter:data2\" content=\"Auf Lager\" \/>\n<script type=\"application\/ld+json\" class=\"yoast-schema-graph\">{\"@context\":\"https:\\\/\\\/schema.org\",\"@graph\":[{\"@type\":\"WebPage\",\"@id\":\"https:\\\/\\\/dev.david-coin.com\\\/product\\\/zambia-muntset-kwacha-ngwee-2\\\/\",\"url\":\"https:\\\/\\\/dev.david-coin.com\\\/product\\\/zambia-muntset-kwacha-ngwee-2\\\/\",\"name\":\"Zambia Muntset Kwacha\\\/Ngwee\",\"isPartOf\":{\"@id\":\"https:\\\/\\\/dev.david-coin.com\\\/#website\"},\"primaryImageOfPage\":{\"@id\":\"https:\\\/\\\/dev.david-coin.com\\\/product\\\/zambia-muntset-kwacha-ngwee-2\\\/#primaryimage\"},\"image\":{\"@id\":\"https:\\\/\\\/dev.david-coin.com\\\/product\\\/zambia-muntset-kwacha-ngwee-2\\\/#primaryimage\"},\"thumbnailUrl\":\"https:\\\/\\\/dev.david-coin.com\\\/wp-content\\\/uploads\\\/2025\\\/06\\\/Zambia-muntset-vz.jpg\",\"datePublished\":\"2025-09-27T17:00:00+00:00\",\"description\":\"Muntsets uit de hele wereld verkrijgbaar bij David-Coin. Bekijk ons ruime aanbod sets munten uit Amerika, Afrika, Azi\u00eb, Oceani\u00eb en Europa.\",\"breadcrumb\":{\"@id\":\"https:\\\/\\\/dev.david-coin.com\\\/product\\\/zambia-muntset-kwacha-ngwee-2\\\/#breadcrumb\"},\"inLanguage\":\"de\",\"potentialAction\":[{\"@type\":\"ReadAction\",\"target\":[\"https:\\\/\\\/dev.david-coin.com\\\/product\\\/zambia-muntset-kwacha-ngwee-2\\\/\"]}]},{\"@type\":\"ImageObject\",\"inLanguage\":\"de\",\"@id\":\"https:\\\/\\\/dev.david-coin.com\\\/product\\\/zambia-muntset-kwacha-ngwee-2\\\/#primaryimage\",\"url\":\"https:\\\/\\\/dev.david-coin.com\\\/wp-content\\\/uploads\\\/2025\\\/06\\\/Zambia-muntset-vz.jpg\",\"contentUrl\":\"https:\\\/\\\/dev.david-coin.com\\\/wp-content\\\/uploads\\\/2025\\\/06\\\/Zambia-muntset-vz.jpg\",\"width\":550,\"height\":368,\"caption\":\"Zambia Muntset Kwacha\\\/Ngwee\"},{\"@type\":\"BreadcrumbList\",\"@id\":\"https:\\\/\\\/dev.david-coin.com\\\/product\\\/zambia-muntset-kwacha-ngwee-2\\\/#breadcrumb\",\"itemListElement\":[{\"@type\":\"ListItem\",\"position\":1,\"name\":\"Home\",\"item\":\"https:\\\/\\\/dev.david-coin.com\\\/\"},{\"@type\":\"ListItem\",\"position\":2,\"name\":\"Winkel\",\"item\":\"https:\\\/\\\/dev.david-coin.com\\\/winkel\\\/\"},{\"@type\":\"ListItem\",\"position\":3,\"name\":\"Zambia Muntset Kwacha\\\/Ngwee\"}]},{\"@type\":\"WebSite\",\"@id\":\"https:\\\/\\\/dev.david-coin.com\\\/#website\",\"url\":\"https:\\\/\\\/dev.david-coin.com\\\/\",\"name\":\"David Coin\",\"description\":\"\",\"publisher\":{\"@id\":\"https:\\\/\\\/dev.david-coin.com\\\/#organization\"},\"potentialAction\":[{\"@type\":\"SearchAction\",\"target\":{\"@type\":\"EntryPoint\",\"urlTemplate\":\"https:\\\/\\\/dev.david-coin.com\\\/?s={search_term_string}\"},\"query-input\":{\"@type\":\"PropertyValueSpecification\",\"valueRequired\":true,\"valueName\":\"search_term_string\"}}],\"inLanguage\":\"de\"},{\"@type\":\"Organization\",\"@id\":\"https:\\\/\\\/dev.david-coin.com\\\/#organization\",\"name\":\"David Coin\",\"url\":\"https:\\\/\\\/dev.david-coin.com\\\/\",\"logo\":{\"@type\":\"ImageObject\",\"inLanguage\":\"de\",\"@id\":\"https:\\\/\\\/dev.david-coin.com\\\/#\\\/schema\\\/logo\\\/image\\\/\",\"url\":\"https:\\\/\\\/dev.david-coin.com\\\/wp-content\\\/uploads\\\/2024\\\/04\\\/davidcoin-logo-final.png\",\"contentUrl\":\"https:\\\/\\\/dev.david-coin.com\\\/wp-content\\\/uploads\\\/2024\\\/04\\\/davidcoin-logo-final.png\",\"width\":800,\"height\":267,\"caption\":\"David Coin\"},\"image\":{\"@id\":\"https:\\\/\\\/dev.david-coin.com\\\/#\\\/schema\\\/logo\\\/image\\\/\"},\"sameAs\":[\"https:\\\/\\\/www.facebook.com\\\/Davidcoininkoopenverkoop\",\"https:\\\/\\\/www.youtube.com\\\/channel\\\/UC39lihLKFSPTff0w6tv0pWQ\"]}]}<\/script>\n<meta property=\"product:price:amount\" content=\"9.95\" \/>\n<meta property=\"product:price:currency\" content=\"EUR\" \/>\n<meta property=\"og:availability\" content=\"instock\" \/>\n<meta property=\"product:availability\" content=\"instock\" \/>\n<meta property=\"product:retailer_item_id\" content=\"21446\" \/>\n<meta property=\"product:condition\" content=\"new\" \/>\n<!-- \/ Yoast SEO Premium plugin. -->","yoast_head_json":{"title":"Zambia Muntset Kwacha\/Ngwee","description":"Muntsets uit de hele wereld verkrijgbaar bij David-Coin. Bekijk ons ruime aanbod sets munten uit Amerika, Afrika, Azi\u00eb, Oceani\u00eb en Europa.","robots":{"index":"noindex","follow":"follow","max-snippet":"max-snippet:-1","max-image-preview":"max-image-preview:large","max-video-preview":"max-video-preview:-1"},"og_locale":"de_DE","og_type":"article","og_title":"Zambia Muntset Kwacha\/Ngwee","og_description":"Muntsets uit de hele wereld verkrijgbaar bij David-Coin. Bekijk ons ruime aanbod sets munten uit Amerika, Afrika, Azi\u00eb, Oceani\u00eb en Europa.","og_url":"https:\/\/dev.david-coin.com\/de\/produkt\/zambia-muntset-kwacha-ngwee-2\/","og_site_name":"David Coin","article_publisher":"https:\/\/www.facebook.com\/Davidcoininkoopenverkoop","og_image":[{"width":550,"height":368,"url":"https:\/\/dev.david-coin.com\/wp-content\/uploads\/2025\/06\/Zambia-muntset-vz.jpg","type":"image\/jpeg"}],"twitter_card":"summary_large_image","twitter_misc":{"Preis":"&euro;&nbsp;9,95","Verf\u00fcgbarkeit":"Auf Lager"},"schema":{"@context":"https:\/\/schema.org","@graph":[{"@type":"WebPage","@id":"https:\/\/dev.david-coin.com\/product\/zambia-muntset-kwacha-ngwee-2\/","url":"https:\/\/dev.david-coin.com\/product\/zambia-muntset-kwacha-ngwee-2\/","name":"Zambia Muntset Kwacha\/Ngwee","isPartOf":{"@id":"https:\/\/dev.david-coin.com\/#website"},"primaryImageOfPage":{"@id":"https:\/\/dev.david-coin.com\/product\/zambia-muntset-kwacha-ngwee-2\/#primaryimage"},"image":{"@id":"https:\/\/dev.david-coin.com\/product\/zambia-muntset-kwacha-ngwee-2\/#primaryimage"},"thumbnailUrl":"https:\/\/dev.david-coin.com\/wp-content\/uploads\/2025\/06\/Zambia-muntset-vz.jpg","datePublished":"2025-09-27T17:00:00+00:00","description":"Muntsets uit de hele wereld verkrijgbaar bij David-Coin. Bekijk ons ruime aanbod sets munten uit Amerika, Afrika, Azi\u00eb, Oceani\u00eb en Europa.","breadcrumb":{"@id":"https:\/\/dev.david-coin.com\/product\/zambia-muntset-kwacha-ngwee-2\/#breadcrumb"},"inLanguage":"de","potentialAction":[{"@type":"ReadAction","target":["https:\/\/dev.david-coin.com\/product\/zambia-muntset-kwacha-ngwee-2\/"]}]},{"@type":"ImageObject","inLanguage":"de","@id":"https:\/\/dev.david-coin.com\/product\/zambia-muntset-kwacha-ngwee-2\/#primaryimage","url":"https:\/\/dev.david-coin.com\/wp-content\/uploads\/2025\/06\/Zambia-muntset-vz.jpg","contentUrl":"https:\/\/dev.david-coin.com\/wp-content\/uploads\/2025\/06\/Zambia-muntset-vz.jpg","width":550,"height":368,"caption":"Zambia Muntset Kwacha\/Ngwee"},{"@type":"BreadcrumbList","@id":"https:\/\/dev.david-coin.com\/product\/zambia-muntset-kwacha-ngwee-2\/#breadcrumb","itemListElement":[{"@type":"ListItem","position":1,"name":"Home","item":"https:\/\/dev.david-coin.com\/"},{"@type":"ListItem","position":2,"name":"Winkel","item":"https:\/\/dev.david-coin.com\/winkel\/"},{"@type":"ListItem","position":3,"name":"Zambia Muntset Kwacha\/Ngwee"}]},{"@type":"WebSite","@id":"https:\/\/dev.david-coin.com\/#website","url":"https:\/\/dev.david-coin.com\/","name":"David Coin","description":"","publisher":{"@id":"https:\/\/dev.david-coin.com\/#organization"},"potentialAction":[{"@type":"SearchAction","target":{"@type":"EntryPoint","urlTemplate":"https:\/\/dev.david-coin.com\/?s={search_term_string}"},"query-input":{"@type":"PropertyValueSpecification","valueRequired":true,"valueName":"search_term_string"}}],"inLanguage":"de"},{"@type":"Organization","@id":"https:\/\/dev.david-coin.com\/#organization","name":"David Coin","url":"https:\/\/dev.david-coin.com\/","logo":{"@type":"ImageObject","inLanguage":"de","@id":"https:\/\/dev.david-coin.com\/#\/schema\/logo\/image\/","url":"https:\/\/dev.david-coin.com\/wp-content\/uploads\/2024\/04\/davidcoin-logo-final.png","contentUrl":"https:\/\/dev.david-coin.com\/wp-content\/uploads\/2024\/04\/davidcoin-logo-final.png","width":800,"height":267,"caption":"David Coin"},"image":{"@id":"https:\/\/dev.david-coin.com\/#\/schema\/logo\/image\/"},"sameAs":["https:\/\/www.facebook.com\/Davidcoininkoopenverkoop","https:\/\/www.youtube.com\/channel\/UC39lihLKFSPTff0w6tv0pWQ"]}]},"product_price_amount":"9.95","product_price_currency":"EUR","og_availability":"instock","product_availability":"instock","product_retailer_item_id":"21446","product_condition":"new"},"_links":{"self":[{"href":"https:\/\/dev.david-coin.com\/de\/wp-json\/wp\/v2\/product\/154988","targetHints":{"allow":["GET"]}}],"collection":[{"href":"https:\/\/dev.david-coin.com\/de\/wp-json\/wp\/v2\/product"}],"about":[{"href":"https:\/\/dev.david-coin.com\/de\/wp-json\/wp\/v2\/types\/product"}],"replies":[{"embeddable":true,"href":"https:\/\/dev.david-coin.com\/de\/wp-json\/wp\/v2\/comments?post=154988"}],"version-history":[{"count":0,"href":"https:\/\/dev.david-coin.com\/de\/wp-json\/wp\/v2\/product\/154988\/revisions"}],"wp:featuredmedia":[{"embeddable":true,"href":"https:\/\/dev.david-coin.com\/de\/wp-json\/wp\/v2\/media\/149289"}],"wp:attachment":[{"href":"https:\/\/dev.david-coin.com\/de\/wp-json\/wp\/v2\/media?parent=154988"}],"wp:term":[{"taxonomy":"product_brand","embeddable":true,"href":"https:\/\/dev.david-coin.com\/de\/wp-json\/wp\/v2\/product_brand?post=154988"},{"taxonomy":"product_cat","embeddable":true,"href":"https:\/\/dev.david-coin.com\/de\/wp-json\/wp\/v2\/product_cat?post=154988"},{"taxonomy":"product_tag","embeddable":true,"href":"https:\/\/dev.david-coin.com\/de\/wp-json\/wp\/v2\/product_tag?post=154988"}],"curies":[{"name":"wp","href":"https:\/\/api.w.org\/{rel}","templated":true}]}}