{"id":149772,"date":"2025-06-28T11:00:00","date_gmt":"2025-06-28T09:00:00","guid":{"rendered":"https:\/\/dev.david-coin.com\/?post_type=product&#038;p=149772"},"modified":"2025-08-05T10:59:42","modified_gmt":"2025-08-05T08:59:42","slug":"nederland-25-gulden-1898-wilhelmina-met-patina","status":"publish","type":"product","link":"https:\/\/dev.david-coin.com\/de\/produkt\/nederland-25-gulden-1898-wilhelmina-met-patina\/","title":{"rendered":"Nederland 2,5 Gulden 1898 Wilhelmina met patina"},"content":{"rendered":"<p>Nederland 2,5 Gulden 1898 Wilhelmina met diadeem met patina  <\/p>\n<p><strong>Wilhelmina's silberner Rijksdaalder oder Knaak<\/strong><br \/>\nAls h\u00f6chste Silberm\u00fcnze wurde w\u00e4hrend der Regierungszeit von Wilhelmina (1890-1948) eine M\u00fcnze im Wert von zweieinhalb Gulden, auch Silberknaak oder Rijksdaalder genannt, ausgegeben. Der silberne Rijksdaalder zeigt zwei Portr\u00e4ts von K\u00f6nigin Wilhelmina.<br \/>\n&#8211;\t<a href=\"\/de\/\u201dhttps:\/\/dev.david-coin.com\/produkt\/25-gulden-1898-wilhelmina-kroningsjaar-1\/\u201d\/\"> Wilhelmina Kr\u00f6nung Typ;<\/a><br \/>\n&#8211;\t<a href=\"https:\/\/dev.david-coin.com\/de\/produkt\/nederland-25-gulden-1930-wilhelmina\/\">Wilhelmina mit hochgestecktem Haar.<\/a><br \/>\nDer Rijksdaalder wurde im Jahr 1898 und von 1929 bis 1940 ausgegeben. Der Rijksdaalder wurde 1898 in 945\/1000 Silber und von 1929 bis 1940 in 720\/1000 Silber ausgegeben. Der Rijksdaalder von Wilhelmina hat ein Gewicht von 25 Gramm und einen Durchmesser von 38 Millimetern. W\u00e4hrend des Krieges wurde in Denver (Colorado) ein silberner Rijksdaalder mit der Jahreszahl 1944 (720\/1000 Silber) f\u00fcr Cura\u00e7ao in den Vereinigten Staaten gepr\u00e4gt.  <\/p>\n<p>Siehe Scans f\u00fcr weitere Einzelheiten. <br \/>\nBei Fragen k\u00f6nnen Sie uns gerne eine Nachricht schicken.<\/p>\n<p>&nbsp;<\/p>","protected":false},"excerpt":{"rendered":"<p>Rijksdaalder &#8211; Koninkrijksmunt<\/p>","protected":false},"featured_media":149481,"comment_status":"closed","ping_status":"closed","template":"","meta":[],"product_brand":[],"product_cat":[5471,5522],"product_tag":[],"class_list":{"0":"post-149772","1":"product","2":"type-product","3":"status-publish","4":"has-post-thumbnail","6":"product_cat-nederlandse-munten","7":"product_cat-wilhelmina-1890-1948","8":"pa_delcampeid-5362","9":"pa_koning-koningin-wilhelmina","10":"pa_kwaliteit-zeer-fraai","11":"pa_land-nederland","12":"pa_materiaal-zilver","13":"pa_muntwaarde-2_5gulden","15":"first","16":"instock","17":"purchasable","18":"product-type-simple"},"yoast_head":"<!-- This site is optimized with the Yoast SEO Premium plugin v26.0 (Yoast SEO v27.4) - https:\/\/yoast.com\/product\/yoast-seo-premium-wordpress\/ -->\n<title>Nederland 2.5 Gulden 1898 Wilhelmina met patina<\/title>\n<meta name=\"description\" content=\"2 1\/2 Gulden-munten Wilhelmina verkrijgbaar bij David-coin. Zie ons ruime aanbod Koninkrijksmunten. Gratis verzending vanaf 75 euro binnen Nederland.\" \/>\n<meta name=\"robots\" content=\"noindex, follow, max-snippet:-1, max-image-preview:large, max-video-preview:-1\" \/>\n<meta property=\"og:locale\" content=\"de_DE\" \/>\n<meta property=\"og:type\" content=\"article\" \/>\n<meta property=\"og:title\" content=\"Nederland 2,5 Gulden 1898 Wilhelmina met patina\" \/>\n<meta property=\"og:description\" content=\"2 1\/2 Gulden-munten Wilhelmina verkrijgbaar bij David-coin. Zie ons ruime aanbod Koninkrijksmunten. Gratis verzending vanaf 75 euro binnen Nederland.\" \/>\n<meta property=\"og:url\" content=\"https:\/\/dev.david-coin.com\/de\/produkt\/nederland-25-gulden-1898-wilhelmina-met-patina\/\" \/>\n<meta property=\"og:site_name\" content=\"David Coin\" \/>\n<meta property=\"article:publisher\" content=\"https:\/\/www.facebook.com\/Davidcoininkoopenverkoop\" \/>\n<meta property=\"article:modified_time\" content=\"2025-08-05T08:59:42+00:00\" \/>\n<meta property=\"og:image\" content=\"https:\/\/dev.david-coin.com\/wp-content\/uploads\/2025\/06\/Nederland-2.5G-1898-vz-koninkrijksmunt.jpg\" \/>\n\t<meta property=\"og:image:width\" content=\"756\" \/>\n\t<meta property=\"og:image:height\" content=\"756\" \/>\n\t<meta property=\"og:image:type\" content=\"image\/jpeg\" \/>\n<meta name=\"twitter:card\" content=\"summary_large_image\" \/>\n<meta name=\"twitter:label1\" content=\"Preis\" \/>\n\t<meta name=\"twitter:data1\" content=\"&euro;&nbsp;275,00\" \/>\n\t<meta name=\"twitter:label2\" content=\"Verf\u00fcgbarkeit\" \/>\n\t<meta name=\"twitter:data2\" content=\"Auf Lager\" \/>\n<script type=\"application\/ld+json\" class=\"yoast-schema-graph\">{\"@context\":\"https:\\\/\\\/schema.org\",\"@graph\":[{\"@type\":\"WebPage\",\"@id\":\"https:\\\/\\\/dev.david-coin.com\\\/product\\\/nederland-25-gulden-1898-wilhelmina-met-patina\\\/\",\"url\":\"https:\\\/\\\/dev.david-coin.com\\\/product\\\/nederland-25-gulden-1898-wilhelmina-met-patina\\\/\",\"name\":\"Nederland 2.5 Gulden 1898 Wilhelmina met patina\",\"isPartOf\":{\"@id\":\"https:\\\/\\\/dev.david-coin.com\\\/#website\"},\"primaryImageOfPage\":{\"@id\":\"https:\\\/\\\/dev.david-coin.com\\\/product\\\/nederland-25-gulden-1898-wilhelmina-met-patina\\\/#primaryimage\"},\"image\":{\"@id\":\"https:\\\/\\\/dev.david-coin.com\\\/product\\\/nederland-25-gulden-1898-wilhelmina-met-patina\\\/#primaryimage\"},\"thumbnailUrl\":\"https:\\\/\\\/dev.david-coin.com\\\/wp-content\\\/uploads\\\/2025\\\/06\\\/Nederland-2.5G-1898-vz-koninkrijksmunt.jpg\",\"datePublished\":\"2025-06-28T09:00:00+00:00\",\"dateModified\":\"2025-08-05T08:59:42+00:00\",\"description\":\"2 1\\\/2 Gulden-munten Wilhelmina verkrijgbaar bij David-coin. Zie ons ruime aanbod Koninkrijksmunten. Gratis verzending vanaf 75 euro binnen Nederland.\",\"breadcrumb\":{\"@id\":\"https:\\\/\\\/dev.david-coin.com\\\/product\\\/nederland-25-gulden-1898-wilhelmina-met-patina\\\/#breadcrumb\"},\"inLanguage\":\"de\",\"potentialAction\":[{\"@type\":\"ReadAction\",\"target\":[\"https:\\\/\\\/dev.david-coin.com\\\/product\\\/nederland-25-gulden-1898-wilhelmina-met-patina\\\/\"]}]},{\"@type\":\"ImageObject\",\"inLanguage\":\"de\",\"@id\":\"https:\\\/\\\/dev.david-coin.com\\\/product\\\/nederland-25-gulden-1898-wilhelmina-met-patina\\\/#primaryimage\",\"url\":\"https:\\\/\\\/dev.david-coin.com\\\/wp-content\\\/uploads\\\/2025\\\/06\\\/Nederland-2.5G-1898-vz-koninkrijksmunt.jpg\",\"contentUrl\":\"https:\\\/\\\/dev.david-coin.com\\\/wp-content\\\/uploads\\\/2025\\\/06\\\/Nederland-2.5G-1898-vz-koninkrijksmunt.jpg\",\"width\":756,\"height\":756,\"caption\":\"Nederland 2\"},{\"@type\":\"BreadcrumbList\",\"@id\":\"https:\\\/\\\/dev.david-coin.com\\\/product\\\/nederland-25-gulden-1898-wilhelmina-met-patina\\\/#breadcrumb\",\"itemListElement\":[{\"@type\":\"ListItem\",\"position\":1,\"name\":\"Home\",\"item\":\"https:\\\/\\\/dev.david-coin.com\\\/\"},{\"@type\":\"ListItem\",\"position\":2,\"name\":\"Winkel\",\"item\":\"https:\\\/\\\/dev.david-coin.com\\\/winkel\\\/\"},{\"@type\":\"ListItem\",\"position\":3,\"name\":\"Nederland 2,5 Gulden 1898 Wilhelmina met patina\"}]},{\"@type\":\"WebSite\",\"@id\":\"https:\\\/\\\/dev.david-coin.com\\\/#website\",\"url\":\"https:\\\/\\\/dev.david-coin.com\\\/\",\"name\":\"David Coin\",\"description\":\"\",\"publisher\":{\"@id\":\"https:\\\/\\\/dev.david-coin.com\\\/#organization\"},\"potentialAction\":[{\"@type\":\"SearchAction\",\"target\":{\"@type\":\"EntryPoint\",\"urlTemplate\":\"https:\\\/\\\/dev.david-coin.com\\\/?s={search_term_string}\"},\"query-input\":{\"@type\":\"PropertyValueSpecification\",\"valueRequired\":true,\"valueName\":\"search_term_string\"}}],\"inLanguage\":\"de\"},{\"@type\":\"Organization\",\"@id\":\"https:\\\/\\\/dev.david-coin.com\\\/#organization\",\"name\":\"David Coin\",\"url\":\"https:\\\/\\\/dev.david-coin.com\\\/\",\"logo\":{\"@type\":\"ImageObject\",\"inLanguage\":\"de\",\"@id\":\"https:\\\/\\\/dev.david-coin.com\\\/#\\\/schema\\\/logo\\\/image\\\/\",\"url\":\"https:\\\/\\\/dev.david-coin.com\\\/wp-content\\\/uploads\\\/2024\\\/04\\\/davidcoin-logo-final.png\",\"contentUrl\":\"https:\\\/\\\/dev.david-coin.com\\\/wp-content\\\/uploads\\\/2024\\\/04\\\/davidcoin-logo-final.png\",\"width\":800,\"height\":267,\"caption\":\"David Coin\"},\"image\":{\"@id\":\"https:\\\/\\\/dev.david-coin.com\\\/#\\\/schema\\\/logo\\\/image\\\/\"},\"sameAs\":[\"https:\\\/\\\/www.facebook.com\\\/Davidcoininkoopenverkoop\",\"https:\\\/\\\/www.youtube.com\\\/channel\\\/UC39lihLKFSPTff0w6tv0pWQ\"]}]}<\/script>\n<meta property=\"product:price:amount\" content=\"275.00\" \/>\n<meta property=\"product:price:currency\" content=\"EUR\" \/>\n<meta property=\"og:availability\" content=\"instock\" \/>\n<meta property=\"product:availability\" content=\"instock\" \/>\n<meta property=\"product:retailer_item_id\" content=\"16089\" \/>\n<meta property=\"product:condition\" content=\"new\" \/>\n<!-- \/ Yoast SEO Premium plugin. -->","yoast_head_json":{"title":"Nederland 2.5 Gulden 1898 Wilhelmina met patina","description":"2 1\/2 Gulden-munten Wilhelmina verkrijgbaar bij David-coin. Zie ons ruime aanbod Koninkrijksmunten. Gratis verzending vanaf 75 euro binnen Nederland.","robots":{"index":"noindex","follow":"follow","max-snippet":"max-snippet:-1","max-image-preview":"max-image-preview:large","max-video-preview":"max-video-preview:-1"},"og_locale":"de_DE","og_type":"article","og_title":"Nederland 2,5 Gulden 1898 Wilhelmina met patina","og_description":"2 1\/2 Gulden-munten Wilhelmina verkrijgbaar bij David-coin. Zie ons ruime aanbod Koninkrijksmunten. Gratis verzending vanaf 75 euro binnen Nederland.","og_url":"https:\/\/dev.david-coin.com\/de\/produkt\/nederland-25-gulden-1898-wilhelmina-met-patina\/","og_site_name":"David Coin","article_publisher":"https:\/\/www.facebook.com\/Davidcoininkoopenverkoop","article_modified_time":"2025-08-05T08:59:42+00:00","og_image":[{"width":756,"height":756,"url":"https:\/\/dev.david-coin.com\/wp-content\/uploads\/2025\/06\/Nederland-2.5G-1898-vz-koninkrijksmunt.jpg","type":"image\/jpeg"}],"twitter_card":"summary_large_image","twitter_misc":{"Preis":"&euro;&nbsp;275,00","Verf\u00fcgbarkeit":"Auf Lager"},"schema":{"@context":"https:\/\/schema.org","@graph":[{"@type":"WebPage","@id":"https:\/\/dev.david-coin.com\/product\/nederland-25-gulden-1898-wilhelmina-met-patina\/","url":"https:\/\/dev.david-coin.com\/product\/nederland-25-gulden-1898-wilhelmina-met-patina\/","name":"Nederland 2.5 Gulden 1898 Wilhelmina met patina","isPartOf":{"@id":"https:\/\/dev.david-coin.com\/#website"},"primaryImageOfPage":{"@id":"https:\/\/dev.david-coin.com\/product\/nederland-25-gulden-1898-wilhelmina-met-patina\/#primaryimage"},"image":{"@id":"https:\/\/dev.david-coin.com\/product\/nederland-25-gulden-1898-wilhelmina-met-patina\/#primaryimage"},"thumbnailUrl":"https:\/\/dev.david-coin.com\/wp-content\/uploads\/2025\/06\/Nederland-2.5G-1898-vz-koninkrijksmunt.jpg","datePublished":"2025-06-28T09:00:00+00:00","dateModified":"2025-08-05T08:59:42+00:00","description":"2 1\/2 Gulden-munten Wilhelmina verkrijgbaar bij David-coin. Zie ons ruime aanbod Koninkrijksmunten. Gratis verzending vanaf 75 euro binnen Nederland.","breadcrumb":{"@id":"https:\/\/dev.david-coin.com\/product\/nederland-25-gulden-1898-wilhelmina-met-patina\/#breadcrumb"},"inLanguage":"de","potentialAction":[{"@type":"ReadAction","target":["https:\/\/dev.david-coin.com\/product\/nederland-25-gulden-1898-wilhelmina-met-patina\/"]}]},{"@type":"ImageObject","inLanguage":"de","@id":"https:\/\/dev.david-coin.com\/product\/nederland-25-gulden-1898-wilhelmina-met-patina\/#primaryimage","url":"https:\/\/dev.david-coin.com\/wp-content\/uploads\/2025\/06\/Nederland-2.5G-1898-vz-koninkrijksmunt.jpg","contentUrl":"https:\/\/dev.david-coin.com\/wp-content\/uploads\/2025\/06\/Nederland-2.5G-1898-vz-koninkrijksmunt.jpg","width":756,"height":756,"caption":"Nederland 2"},{"@type":"BreadcrumbList","@id":"https:\/\/dev.david-coin.com\/product\/nederland-25-gulden-1898-wilhelmina-met-patina\/#breadcrumb","itemListElement":[{"@type":"ListItem","position":1,"name":"Home","item":"https:\/\/dev.david-coin.com\/"},{"@type":"ListItem","position":2,"name":"Winkel","item":"https:\/\/dev.david-coin.com\/winkel\/"},{"@type":"ListItem","position":3,"name":"Nederland 2,5 Gulden 1898 Wilhelmina met patina"}]},{"@type":"WebSite","@id":"https:\/\/dev.david-coin.com\/#website","url":"https:\/\/dev.david-coin.com\/","name":"David Coin","description":"","publisher":{"@id":"https:\/\/dev.david-coin.com\/#organization"},"potentialAction":[{"@type":"SearchAction","target":{"@type":"EntryPoint","urlTemplate":"https:\/\/dev.david-coin.com\/?s={search_term_string}"},"query-input":{"@type":"PropertyValueSpecification","valueRequired":true,"valueName":"search_term_string"}}],"inLanguage":"de"},{"@type":"Organization","@id":"https:\/\/dev.david-coin.com\/#organization","name":"David Coin","url":"https:\/\/dev.david-coin.com\/","logo":{"@type":"ImageObject","inLanguage":"de","@id":"https:\/\/dev.david-coin.com\/#\/schema\/logo\/image\/","url":"https:\/\/dev.david-coin.com\/wp-content\/uploads\/2024\/04\/davidcoin-logo-final.png","contentUrl":"https:\/\/dev.david-coin.com\/wp-content\/uploads\/2024\/04\/davidcoin-logo-final.png","width":800,"height":267,"caption":"David Coin"},"image":{"@id":"https:\/\/dev.david-coin.com\/#\/schema\/logo\/image\/"},"sameAs":["https:\/\/www.facebook.com\/Davidcoininkoopenverkoop","https:\/\/www.youtube.com\/channel\/UC39lihLKFSPTff0w6tv0pWQ"]}]},"product_price_amount":"275.00","product_price_currency":"EUR","og_availability":"instock","product_availability":"instock","product_retailer_item_id":"16089","product_condition":"new"},"_links":{"self":[{"href":"https:\/\/dev.david-coin.com\/de\/wp-json\/wp\/v2\/product\/149772","targetHints":{"allow":["GET"]}}],"collection":[{"href":"https:\/\/dev.david-coin.com\/de\/wp-json\/wp\/v2\/product"}],"about":[{"href":"https:\/\/dev.david-coin.com\/de\/wp-json\/wp\/v2\/types\/product"}],"replies":[{"embeddable":true,"href":"https:\/\/dev.david-coin.com\/de\/wp-json\/wp\/v2\/comments?post=149772"}],"version-history":[{"count":0,"href":"https:\/\/dev.david-coin.com\/de\/wp-json\/wp\/v2\/product\/149772\/revisions"}],"wp:featuredmedia":[{"embeddable":true,"href":"https:\/\/dev.david-coin.com\/de\/wp-json\/wp\/v2\/media\/149481"}],"wp:attachment":[{"href":"https:\/\/dev.david-coin.com\/de\/wp-json\/wp\/v2\/media?parent=149772"}],"wp:term":[{"taxonomy":"product_brand","embeddable":true,"href":"https:\/\/dev.david-coin.com\/de\/wp-json\/wp\/v2\/product_brand?post=149772"},{"taxonomy":"product_cat","embeddable":true,"href":"https:\/\/dev.david-coin.com\/de\/wp-json\/wp\/v2\/product_cat?post=149772"},{"taxonomy":"product_tag","embeddable":true,"href":"https:\/\/dev.david-coin.com\/de\/wp-json\/wp\/v2\/product_tag?post=149772"}],"curies":[{"name":"wp","href":"https:\/\/api.w.org\/{rel}","templated":true}]}}