{"id":128149,"date":"2024-05-13T17:00:29","date_gmt":"2024-05-13T15:00:29","guid":{"rendered":"https:\/\/dev.david-coin.com\/?post_type=product&#038;p=128149"},"modified":"2025-08-05T14:44:54","modified_gmt":"2025-08-05T12:44:54","slug":"nederland-10-gulden-1997-ijsvogel-pmg67-epq","status":"publish","type":"product","link":"https:\/\/dev.david-coin.com\/de\/produkt\/nederland-10-gulden-1997-ijsvogel-pmg67-epq\/","title":{"rendered":"Nederland 10 Gulden 1997 ijsvogel PMG67 EPQ"},"content":{"rendered":"<p><span style=\"font-size: 12pt;\">Nederland 10 Gulden 1997 ijsvogel PMG67 EPQ<br \/>\n<\/span>Au\u00dfergew\u00f6hnliche Papierqualit\u00e4t.<br \/>\n<span style=\"font-size: 12pt;\"> Laatste tientje voordat de Euro kwam.<\/span><\/p>\n<p><span style=\"font-size: 12pt;\"> NVMH: 50-1 <\/span><br \/>\n<span style=\"font-size: 12pt;\"> Plomp: PL48<br \/>\nPick:99<\/span><\/p>\n<p><strong>Tien gulden 1997 IJsvogel<\/strong><br \/>\nDe tien gulden ijsvogel is in 1997 als laatste Nederlandse bankbiljet in omloop gebracht. Het tientje is ontworpen door Jaap Drupsteen, en heeft veel grafische modernistische vormen in het ontwerp. Ook is er een blauw\/paarse vorm naast het watermerk te vinden die glanst als deze met licht wordt beschenen en zijn op de achterkant verschillende glimmende vlokjes te zien. De term ijsvogel komt van het ijsvogeltje in het watermerk van het biljet. Het tientje is onderdeel van de laatste serie Nederlandse guldenbiljetten, naast de ijsvogel zijn er ook nog de:<br \/>\n&#8211;\t<a href=\"\/de\/\u201d\/\" https:>Vijfentwintig gulden 1989 Roodborstje;<\/a><br \/>\n&#8211;\t<a href=\"\/de\/\u201d\/\" https:>Honderd gulden 1992 Steenuil;<\/a><br \/>\n&#8211;\t<a href=\"\/de\/\u201d\/\" https:>Duizend gulden 1994 Kieviet.<\/a><br \/>\nHet tientje met de ijsvogel is overigens het enige Nederlandse bankbiljet dat de afkorting (ISO-CODE) van de Nederlandse gulden bevat, namelijk &#8216;NLG&#8217;. Het tientje met de ijsvogel werd in 2002 met de invoering van de euro uiteindelijk uit omloop gehaald. <\/p>\n<p><span style=\"font-size: 12pt;\"> Siehe Scans f\u00fcr weitere Einzelheiten.<\/span><br \/>\n<span style=\"font-size: 12pt;\"> Bei Fragen k\u00f6nnen Sie uns gerne eine Nachricht schicken.<\/span><\/p>","protected":false},"excerpt":{"rendered":"<p>NVMH: 50-1<\/p>","protected":false},"featured_media":128143,"comment_status":"closed","ping_status":"closed","template":"","meta":[],"product_brand":[],"product_cat":[5491,5472],"product_tag":[],"class_list":{"0":"post-128149","1":"product","2":"type-product","3":"status-publish","4":"has-post-thumbnail","6":"product_cat-10-gulden-biljet","7":"product_cat-nederlandse-bankbiljetten","8":"pa_bankbiljetwaarde-10gulden","9":"pa_delcampeid-5270","10":"pa_kwaliteit-unc","11":"pa_land-nederland","12":"pa_soort-pmgnotes","14":"first","15":"instock","16":"taxable","17":"shipping-taxable","18":"purchasable","19":"product-type-simple"},"yoast_head":"<!-- This site is optimized with the Yoast SEO Premium plugin v26.0 (Yoast SEO v27.4) - https:\/\/yoast.com\/product\/yoast-seo-premium-wordpress\/ -->\n<title>Nederland 10 Gulden 1997 ijsvogel PMG67 EPQ<\/title>\n<meta name=\"description\" content=\"Groot aanbod Nederlandse bankbiljetten. Bekijk ons volledige aanbod uit de guldentijd. Gratis verzending binnen Nederland vanaf 75 euro.\" \/>\n<meta name=\"robots\" content=\"noindex, follow, max-snippet:-1, max-image-preview:large, max-video-preview:-1\" \/>\n<meta property=\"og:locale\" content=\"de_DE\" \/>\n<meta property=\"og:type\" content=\"article\" \/>\n<meta property=\"og:title\" content=\"Nederland 10 Gulden 1997 ijsvogel PMG67 EPQ\" \/>\n<meta property=\"og:description\" content=\"Groot aanbod Nederlandse bankbiljetten. Bekijk ons volledige aanbod uit de guldentijd. Gratis verzending binnen Nederland vanaf 75 euro.\" \/>\n<meta property=\"og:url\" content=\"https:\/\/dev.david-coin.com\/de\/produkt\/nederland-10-gulden-1997-ijsvogel-pmg67-epq\/\" \/>\n<meta property=\"og:site_name\" content=\"David Coin\" \/>\n<meta property=\"article:publisher\" content=\"https:\/\/www.facebook.com\/Davidcoininkoopenverkoop\" \/>\n<meta property=\"article:modified_time\" content=\"2025-08-05T12:44:54+00:00\" \/>\n<meta property=\"og:image\" content=\"https:\/\/dev.david-coin.com\/wp-content\/uploads\/2024\/05\/nederland10gulden1997PMG67-2.jpg\" \/>\n\t<meta property=\"og:image:width\" content=\"984\" \/>\n\t<meta property=\"og:image:height\" content=\"616\" \/>\n\t<meta property=\"og:image:type\" content=\"image\/jpeg\" \/>\n<meta name=\"twitter:card\" content=\"summary_large_image\" \/>\n<meta name=\"twitter:label1\" content=\"Preis\" \/>\n\t<meta name=\"twitter:data1\" content=\"&euro;&nbsp;74,95\" \/>\n\t<meta name=\"twitter:label2\" content=\"Verf\u00fcgbarkeit\" \/>\n\t<meta name=\"twitter:data2\" content=\"Auf Lager\" \/>\n<script type=\"application\/ld+json\" class=\"yoast-schema-graph\">{\"@context\":\"https:\\\/\\\/schema.org\",\"@graph\":[{\"@type\":\"WebPage\",\"@id\":\"https:\\\/\\\/dev.david-coin.com\\\/product\\\/nederland-10-gulden-1997-ijsvogel-pmg67-epq\\\/\",\"url\":\"https:\\\/\\\/dev.david-coin.com\\\/product\\\/nederland-10-gulden-1997-ijsvogel-pmg67-epq\\\/\",\"name\":\"Nederland 10 Gulden 1997 ijsvogel PMG67 EPQ\",\"isPartOf\":{\"@id\":\"https:\\\/\\\/dev.david-coin.com\\\/#website\"},\"primaryImageOfPage\":{\"@id\":\"https:\\\/\\\/dev.david-coin.com\\\/product\\\/nederland-10-gulden-1997-ijsvogel-pmg67-epq\\\/#primaryimage\"},\"image\":{\"@id\":\"https:\\\/\\\/dev.david-coin.com\\\/product\\\/nederland-10-gulden-1997-ijsvogel-pmg67-epq\\\/#primaryimage\"},\"thumbnailUrl\":\"https:\\\/\\\/dev.david-coin.com\\\/wp-content\\\/uploads\\\/2024\\\/05\\\/nederland10gulden1997PMG67-2.jpg\",\"datePublished\":\"2024-05-13T15:00:29+00:00\",\"dateModified\":\"2025-08-05T12:44:54+00:00\",\"description\":\"Groot aanbod Nederlandse bankbiljetten. Bekijk ons volledige aanbod uit de guldentijd. Gratis verzending binnen Nederland vanaf 75 euro.\",\"breadcrumb\":{\"@id\":\"https:\\\/\\\/dev.david-coin.com\\\/product\\\/nederland-10-gulden-1997-ijsvogel-pmg67-epq\\\/#breadcrumb\"},\"inLanguage\":\"de\",\"potentialAction\":[{\"@type\":\"ReadAction\",\"target\":[\"https:\\\/\\\/dev.david-coin.com\\\/product\\\/nederland-10-gulden-1997-ijsvogel-pmg67-epq\\\/\"]}]},{\"@type\":\"ImageObject\",\"inLanguage\":\"de\",\"@id\":\"https:\\\/\\\/dev.david-coin.com\\\/product\\\/nederland-10-gulden-1997-ijsvogel-pmg67-epq\\\/#primaryimage\",\"url\":\"https:\\\/\\\/dev.david-coin.com\\\/wp-content\\\/uploads\\\/2024\\\/05\\\/nederland10gulden1997PMG67-2.jpg\",\"contentUrl\":\"https:\\\/\\\/dev.david-coin.com\\\/wp-content\\\/uploads\\\/2024\\\/05\\\/nederland10gulden1997PMG67-2.jpg\",\"width\":984,\"height\":616},{\"@type\":\"BreadcrumbList\",\"@id\":\"https:\\\/\\\/dev.david-coin.com\\\/product\\\/nederland-10-gulden-1997-ijsvogel-pmg67-epq\\\/#breadcrumb\",\"itemListElement\":[{\"@type\":\"ListItem\",\"position\":1,\"name\":\"Home\",\"item\":\"https:\\\/\\\/dev.david-coin.com\\\/\"},{\"@type\":\"ListItem\",\"position\":2,\"name\":\"Winkel\",\"item\":\"https:\\\/\\\/dev.david-coin.com\\\/winkel\\\/\"},{\"@type\":\"ListItem\",\"position\":3,\"name\":\"Nederland 10 Gulden 1997 ijsvogel PMG67 EPQ\"}]},{\"@type\":\"WebSite\",\"@id\":\"https:\\\/\\\/dev.david-coin.com\\\/#website\",\"url\":\"https:\\\/\\\/dev.david-coin.com\\\/\",\"name\":\"David Coin\",\"description\":\"\",\"publisher\":{\"@id\":\"https:\\\/\\\/dev.david-coin.com\\\/#organization\"},\"potentialAction\":[{\"@type\":\"SearchAction\",\"target\":{\"@type\":\"EntryPoint\",\"urlTemplate\":\"https:\\\/\\\/dev.david-coin.com\\\/?s={search_term_string}\"},\"query-input\":{\"@type\":\"PropertyValueSpecification\",\"valueRequired\":true,\"valueName\":\"search_term_string\"}}],\"inLanguage\":\"de\"},{\"@type\":\"Organization\",\"@id\":\"https:\\\/\\\/dev.david-coin.com\\\/#organization\",\"name\":\"David Coin\",\"url\":\"https:\\\/\\\/dev.david-coin.com\\\/\",\"logo\":{\"@type\":\"ImageObject\",\"inLanguage\":\"de\",\"@id\":\"https:\\\/\\\/dev.david-coin.com\\\/#\\\/schema\\\/logo\\\/image\\\/\",\"url\":\"https:\\\/\\\/dev.david-coin.com\\\/wp-content\\\/uploads\\\/2024\\\/04\\\/davidcoin-logo-final.png\",\"contentUrl\":\"https:\\\/\\\/dev.david-coin.com\\\/wp-content\\\/uploads\\\/2024\\\/04\\\/davidcoin-logo-final.png\",\"width\":800,\"height\":267,\"caption\":\"David Coin\"},\"image\":{\"@id\":\"https:\\\/\\\/dev.david-coin.com\\\/#\\\/schema\\\/logo\\\/image\\\/\"},\"sameAs\":[\"https:\\\/\\\/www.facebook.com\\\/Davidcoininkoopenverkoop\",\"https:\\\/\\\/www.youtube.com\\\/channel\\\/UC39lihLKFSPTff0w6tv0pWQ\"]}]}<\/script>\n<meta property=\"product:price:amount\" content=\"74.95\" \/>\n<meta property=\"product:price:currency\" content=\"EUR\" \/>\n<meta property=\"og:availability\" content=\"instock\" \/>\n<meta property=\"product:availability\" content=\"instock\" \/>\n<meta property=\"product:retailer_item_id\" content=\"2736\" \/>\n<meta property=\"product:condition\" content=\"new\" \/>\n<!-- \/ Yoast SEO Premium plugin. -->","yoast_head_json":{"title":"Nederland 10 Gulden 1997 ijsvogel PMG67 EPQ","description":"Groot aanbod Nederlandse bankbiljetten. Bekijk ons volledige aanbod uit de guldentijd. Gratis verzending binnen Nederland vanaf 75 euro.","robots":{"index":"noindex","follow":"follow","max-snippet":"max-snippet:-1","max-image-preview":"max-image-preview:large","max-video-preview":"max-video-preview:-1"},"og_locale":"de_DE","og_type":"article","og_title":"Nederland 10 Gulden 1997 ijsvogel PMG67 EPQ","og_description":"Groot aanbod Nederlandse bankbiljetten. Bekijk ons volledige aanbod uit de guldentijd. Gratis verzending binnen Nederland vanaf 75 euro.","og_url":"https:\/\/dev.david-coin.com\/de\/produkt\/nederland-10-gulden-1997-ijsvogel-pmg67-epq\/","og_site_name":"David Coin","article_publisher":"https:\/\/www.facebook.com\/Davidcoininkoopenverkoop","article_modified_time":"2025-08-05T12:44:54+00:00","og_image":[{"width":984,"height":616,"url":"https:\/\/dev.david-coin.com\/wp-content\/uploads\/2024\/05\/nederland10gulden1997PMG67-2.jpg","type":"image\/jpeg"}],"twitter_card":"summary_large_image","twitter_misc":{"Preis":"&euro;&nbsp;74,95","Verf\u00fcgbarkeit":"Auf Lager"},"schema":{"@context":"https:\/\/schema.org","@graph":[{"@type":"WebPage","@id":"https:\/\/dev.david-coin.com\/product\/nederland-10-gulden-1997-ijsvogel-pmg67-epq\/","url":"https:\/\/dev.david-coin.com\/product\/nederland-10-gulden-1997-ijsvogel-pmg67-epq\/","name":"Nederland 10 Gulden 1997 ijsvogel PMG67 EPQ","isPartOf":{"@id":"https:\/\/dev.david-coin.com\/#website"},"primaryImageOfPage":{"@id":"https:\/\/dev.david-coin.com\/product\/nederland-10-gulden-1997-ijsvogel-pmg67-epq\/#primaryimage"},"image":{"@id":"https:\/\/dev.david-coin.com\/product\/nederland-10-gulden-1997-ijsvogel-pmg67-epq\/#primaryimage"},"thumbnailUrl":"https:\/\/dev.david-coin.com\/wp-content\/uploads\/2024\/05\/nederland10gulden1997PMG67-2.jpg","datePublished":"2024-05-13T15:00:29+00:00","dateModified":"2025-08-05T12:44:54+00:00","description":"Groot aanbod Nederlandse bankbiljetten. Bekijk ons volledige aanbod uit de guldentijd. Gratis verzending binnen Nederland vanaf 75 euro.","breadcrumb":{"@id":"https:\/\/dev.david-coin.com\/product\/nederland-10-gulden-1997-ijsvogel-pmg67-epq\/#breadcrumb"},"inLanguage":"de","potentialAction":[{"@type":"ReadAction","target":["https:\/\/dev.david-coin.com\/product\/nederland-10-gulden-1997-ijsvogel-pmg67-epq\/"]}]},{"@type":"ImageObject","inLanguage":"de","@id":"https:\/\/dev.david-coin.com\/product\/nederland-10-gulden-1997-ijsvogel-pmg67-epq\/#primaryimage","url":"https:\/\/dev.david-coin.com\/wp-content\/uploads\/2024\/05\/nederland10gulden1997PMG67-2.jpg","contentUrl":"https:\/\/dev.david-coin.com\/wp-content\/uploads\/2024\/05\/nederland10gulden1997PMG67-2.jpg","width":984,"height":616},{"@type":"BreadcrumbList","@id":"https:\/\/dev.david-coin.com\/product\/nederland-10-gulden-1997-ijsvogel-pmg67-epq\/#breadcrumb","itemListElement":[{"@type":"ListItem","position":1,"name":"Home","item":"https:\/\/dev.david-coin.com\/"},{"@type":"ListItem","position":2,"name":"Winkel","item":"https:\/\/dev.david-coin.com\/winkel\/"},{"@type":"ListItem","position":3,"name":"Nederland 10 Gulden 1997 ijsvogel PMG67 EPQ"}]},{"@type":"WebSite","@id":"https:\/\/dev.david-coin.com\/#website","url":"https:\/\/dev.david-coin.com\/","name":"David Coin","description":"","publisher":{"@id":"https:\/\/dev.david-coin.com\/#organization"},"potentialAction":[{"@type":"SearchAction","target":{"@type":"EntryPoint","urlTemplate":"https:\/\/dev.david-coin.com\/?s={search_term_string}"},"query-input":{"@type":"PropertyValueSpecification","valueRequired":true,"valueName":"search_term_string"}}],"inLanguage":"de"},{"@type":"Organization","@id":"https:\/\/dev.david-coin.com\/#organization","name":"David Coin","url":"https:\/\/dev.david-coin.com\/","logo":{"@type":"ImageObject","inLanguage":"de","@id":"https:\/\/dev.david-coin.com\/#\/schema\/logo\/image\/","url":"https:\/\/dev.david-coin.com\/wp-content\/uploads\/2024\/04\/davidcoin-logo-final.png","contentUrl":"https:\/\/dev.david-coin.com\/wp-content\/uploads\/2024\/04\/davidcoin-logo-final.png","width":800,"height":267,"caption":"David Coin"},"image":{"@id":"https:\/\/dev.david-coin.com\/#\/schema\/logo\/image\/"},"sameAs":["https:\/\/www.facebook.com\/Davidcoininkoopenverkoop","https:\/\/www.youtube.com\/channel\/UC39lihLKFSPTff0w6tv0pWQ"]}]},"product_price_amount":"74.95","product_price_currency":"EUR","og_availability":"instock","product_availability":"instock","product_retailer_item_id":"2736","product_condition":"new"},"_links":{"self":[{"href":"https:\/\/dev.david-coin.com\/de\/wp-json\/wp\/v2\/product\/128149","targetHints":{"allow":["GET"]}}],"collection":[{"href":"https:\/\/dev.david-coin.com\/de\/wp-json\/wp\/v2\/product"}],"about":[{"href":"https:\/\/dev.david-coin.com\/de\/wp-json\/wp\/v2\/types\/product"}],"replies":[{"embeddable":true,"href":"https:\/\/dev.david-coin.com\/de\/wp-json\/wp\/v2\/comments?post=128149"}],"version-history":[{"count":0,"href":"https:\/\/dev.david-coin.com\/de\/wp-json\/wp\/v2\/product\/128149\/revisions"}],"wp:featuredmedia":[{"embeddable":true,"href":"https:\/\/dev.david-coin.com\/de\/wp-json\/wp\/v2\/media\/128143"}],"wp:attachment":[{"href":"https:\/\/dev.david-coin.com\/de\/wp-json\/wp\/v2\/media?parent=128149"}],"wp:term":[{"taxonomy":"product_brand","embeddable":true,"href":"https:\/\/dev.david-coin.com\/de\/wp-json\/wp\/v2\/product_brand?post=128149"},{"taxonomy":"product_cat","embeddable":true,"href":"https:\/\/dev.david-coin.com\/de\/wp-json\/wp\/v2\/product_cat?post=128149"},{"taxonomy":"product_tag","embeddable":true,"href":"https:\/\/dev.david-coin.com\/de\/wp-json\/wp\/v2\/product_tag?post=128149"}],"curies":[{"name":"wp","href":"https:\/\/api.w.org\/{rel}","templated":true}]}}