{"id":127896,"date":"2024-05-03T10:28:17","date_gmt":"2024-05-03T08:28:17","guid":{"rendered":"https:\/\/dev.david-coin.com\/?post_type=product&#038;p=127896"},"modified":"2025-07-21T12:33:33","modified_gmt":"2025-07-21T10:33:33","slug":"nederland-coincard-unc-eerste-dag-uitgifte-2024-redders-op-zee","status":"publish","type":"product","link":"https:\/\/dev.david-coin.com\/de\/produkt\/nederland-coincard-unc-eerste-dag-uitgifte-2024-redders-op-zee\/","title":{"rendered":"Niederlande 5 Euro 2024 KNRM Ersttagsausgabe"},"content":{"rendered":"<p>Nederland coincard UNC eerste dag uitgifte 2024 KNRM 200 jaar redders op zee<br \/>\nAusgegeben von KNM (K\u00f6nigliche Niederl\u00e4ndische M\u00fcnze)<\/p>\n<p>Siehe Scans f\u00fcr weitere Einzelheiten.<br \/>\nBei Fragen k\u00f6nnen Sie uns gerne eine Nachricht schicken<\/p>\n<p>&nbsp;<\/p>","protected":false},"excerpt":{"rendered":"<p>Nederland coincard UNC eerste dag uitgifte 2024 KNRM 200 jaar redders op zee Uitgegeven door\u00a0de KNM (Koninklijke Nederlandse Munt) Zie scans voor meer details. Voor vragen stuur ons gerust een bericht &nbsp;<\/p>","protected":false},"featured_media":127897,"comment_status":"closed","ping_status":"closed","template":"","meta":[],"product_brand":[],"product_cat":[5529,5581,5478],"product_tag":[],"class_list":{"0":"post-127896","1":"product","2":"type-product","3":"status-publish","4":"has-post-thumbnail","6":"product_cat-1e-dag-uitgifte-in-coincard","7":"product_cat-coincards","8":"product_cat-zeldzame-euromunten","9":"pa_koning-koningin-willem-alexander","10":"pa_kwaliteit-unc-min","11":"pa_land-nederland","12":"pa_materiaal-verzilverd","13":"pa_muntwaarde-5euro","14":"pa_soort-coincard","16":"first","17":"instock","18":"taxable","19":"shipping-taxable","20":"purchasable","21":"product-type-simple"},"yoast_head":"<!-- This site is optimized with the Yoast SEO Premium plugin v26.0 (Yoast SEO v27.4) - https:\/\/yoast.com\/product\/yoast-seo-premium-wordpress\/ -->\n<title>Nederland 5 euro 2024 KNRM eerste dag uitgifte<\/title>\n<meta name=\"description\" content=\"Groot aanbod coincards verkrijgbaar bij David-coin. Bekijk ons ruime aanbod. Gratis verzending binnen Nederland vanaf 75 euro.\" \/>\n<meta name=\"robots\" content=\"noindex, follow, max-snippet:-1, max-image-preview:large, max-video-preview:-1\" \/>\n<meta property=\"og:locale\" content=\"de_DE\" \/>\n<meta property=\"og:type\" content=\"article\" \/>\n<meta property=\"og:title\" content=\"Nederland 5 euro 2024 KNRM eerste dag uitgifte\" \/>\n<meta property=\"og:description\" content=\"Groot aanbod coincards verkrijgbaar bij David-coin. Bekijk ons ruime aanbod. Gratis verzending binnen Nederland vanaf 75 euro.\" \/>\n<meta property=\"og:url\" content=\"https:\/\/dev.david-coin.com\/de\/produkt\/nederland-coincard-unc-eerste-dag-uitgifte-2024-redders-op-zee\/\" \/>\n<meta property=\"og:site_name\" content=\"David Coin\" \/>\n<meta property=\"article:publisher\" content=\"https:\/\/www.facebook.com\/Davidcoininkoopenverkoop\" \/>\n<meta property=\"article:modified_time\" content=\"2025-07-21T10:33:33+00:00\" \/>\n<meta property=\"og:image\" content=\"https:\/\/dev.david-coin.com\/wp-content\/uploads\/2024\/05\/nederlandUNCzilver5euroenvelop.jpg\" \/>\n\t<meta property=\"og:image:width\" content=\"1600\" \/>\n\t<meta property=\"og:image:height\" content=\"1069\" \/>\n\t<meta property=\"og:image:type\" content=\"image\/jpeg\" \/>\n<meta name=\"twitter:card\" content=\"summary_large_image\" \/>\n<meta name=\"twitter:label1\" content=\"Preis\" \/>\n\t<meta name=\"twitter:data1\" content=\"&euro;&nbsp;22,50\" \/>\n\t<meta name=\"twitter:label2\" content=\"Verf\u00fcgbarkeit\" \/>\n\t<meta name=\"twitter:data2\" content=\"Auf Lager\" \/>\n<script type=\"application\/ld+json\" class=\"yoast-schema-graph\">{\"@context\":\"https:\\\/\\\/schema.org\",\"@graph\":[{\"@type\":\"WebPage\",\"@id\":\"https:\\\/\\\/dev.david-coin.com\\\/product\\\/nederland-coincard-unc-eerste-dag-uitgifte-2024-redders-op-zee\\\/\",\"url\":\"https:\\\/\\\/dev.david-coin.com\\\/product\\\/nederland-coincard-unc-eerste-dag-uitgifte-2024-redders-op-zee\\\/\",\"name\":\"Nederland 5 euro 2024 KNRM eerste dag uitgifte\",\"isPartOf\":{\"@id\":\"https:\\\/\\\/dev.david-coin.com\\\/#website\"},\"primaryImageOfPage\":{\"@id\":\"https:\\\/\\\/dev.david-coin.com\\\/product\\\/nederland-coincard-unc-eerste-dag-uitgifte-2024-redders-op-zee\\\/#primaryimage\"},\"image\":{\"@id\":\"https:\\\/\\\/dev.david-coin.com\\\/product\\\/nederland-coincard-unc-eerste-dag-uitgifte-2024-redders-op-zee\\\/#primaryimage\"},\"thumbnailUrl\":\"https:\\\/\\\/dev.david-coin.com\\\/wp-content\\\/uploads\\\/2024\\\/05\\\/nederlandUNCzilver5euroenvelop.jpg\",\"datePublished\":\"2024-05-03T08:28:17+00:00\",\"dateModified\":\"2025-07-21T10:33:33+00:00\",\"description\":\"Groot aanbod coincards verkrijgbaar bij David-coin. Bekijk ons ruime aanbod. Gratis verzending binnen Nederland vanaf 75 euro.\",\"breadcrumb\":{\"@id\":\"https:\\\/\\\/dev.david-coin.com\\\/product\\\/nederland-coincard-unc-eerste-dag-uitgifte-2024-redders-op-zee\\\/#breadcrumb\"},\"inLanguage\":\"de\",\"potentialAction\":[{\"@type\":\"ReadAction\",\"target\":[\"https:\\\/\\\/dev.david-coin.com\\\/product\\\/nederland-coincard-unc-eerste-dag-uitgifte-2024-redders-op-zee\\\/\"]}]},{\"@type\":\"ImageObject\",\"inLanguage\":\"de\",\"@id\":\"https:\\\/\\\/dev.david-coin.com\\\/product\\\/nederland-coincard-unc-eerste-dag-uitgifte-2024-redders-op-zee\\\/#primaryimage\",\"url\":\"https:\\\/\\\/dev.david-coin.com\\\/wp-content\\\/uploads\\\/2024\\\/05\\\/nederlandUNCzilver5euroenvelop.jpg\",\"contentUrl\":\"https:\\\/\\\/dev.david-coin.com\\\/wp-content\\\/uploads\\\/2024\\\/05\\\/nederlandUNCzilver5euroenvelop.jpg\",\"width\":1600,\"height\":1069},{\"@type\":\"BreadcrumbList\",\"@id\":\"https:\\\/\\\/dev.david-coin.com\\\/product\\\/nederland-coincard-unc-eerste-dag-uitgifte-2024-redders-op-zee\\\/#breadcrumb\",\"itemListElement\":[{\"@type\":\"ListItem\",\"position\":1,\"name\":\"Home\",\"item\":\"https:\\\/\\\/dev.david-coin.com\\\/\"},{\"@type\":\"ListItem\",\"position\":2,\"name\":\"Winkel\",\"item\":\"https:\\\/\\\/dev.david-coin.com\\\/winkel\\\/\"},{\"@type\":\"ListItem\",\"position\":3,\"name\":\"Nederland 5 euro 2024 KNRM eerste dag uitgifte\"}]},{\"@type\":\"WebSite\",\"@id\":\"https:\\\/\\\/dev.david-coin.com\\\/#website\",\"url\":\"https:\\\/\\\/dev.david-coin.com\\\/\",\"name\":\"David Coin\",\"description\":\"\",\"publisher\":{\"@id\":\"https:\\\/\\\/dev.david-coin.com\\\/#organization\"},\"potentialAction\":[{\"@type\":\"SearchAction\",\"target\":{\"@type\":\"EntryPoint\",\"urlTemplate\":\"https:\\\/\\\/dev.david-coin.com\\\/?s={search_term_string}\"},\"query-input\":{\"@type\":\"PropertyValueSpecification\",\"valueRequired\":true,\"valueName\":\"search_term_string\"}}],\"inLanguage\":\"de\"},{\"@type\":\"Organization\",\"@id\":\"https:\\\/\\\/dev.david-coin.com\\\/#organization\",\"name\":\"David Coin\",\"url\":\"https:\\\/\\\/dev.david-coin.com\\\/\",\"logo\":{\"@type\":\"ImageObject\",\"inLanguage\":\"de\",\"@id\":\"https:\\\/\\\/dev.david-coin.com\\\/#\\\/schema\\\/logo\\\/image\\\/\",\"url\":\"https:\\\/\\\/dev.david-coin.com\\\/wp-content\\\/uploads\\\/2024\\\/04\\\/davidcoin-logo-final.png\",\"contentUrl\":\"https:\\\/\\\/dev.david-coin.com\\\/wp-content\\\/uploads\\\/2024\\\/04\\\/davidcoin-logo-final.png\",\"width\":800,\"height\":267,\"caption\":\"David Coin\"},\"image\":{\"@id\":\"https:\\\/\\\/dev.david-coin.com\\\/#\\\/schema\\\/logo\\\/image\\\/\"},\"sameAs\":[\"https:\\\/\\\/www.facebook.com\\\/Davidcoininkoopenverkoop\",\"https:\\\/\\\/www.youtube.com\\\/channel\\\/UC39lihLKFSPTff0w6tv0pWQ\"]}]}<\/script>\n<meta property=\"product:price:amount\" content=\"22.50\" \/>\n<meta property=\"product:price:currency\" content=\"EUR\" \/>\n<meta property=\"og:availability\" content=\"instock\" \/>\n<meta property=\"product:availability\" content=\"instock\" \/>\n<meta property=\"product:retailer_item_id\" content=\"8695\" \/>\n<meta property=\"product:condition\" content=\"new\" \/>\n<!-- \/ Yoast SEO Premium plugin. -->","yoast_head_json":{"title":"Niederlande 5 Euro 2024 KNRM Ersttagsausgabe","description":"Groot aanbod coincards verkrijgbaar bij David-coin. Bekijk ons ruime aanbod. Gratis verzending binnen Nederland vanaf 75 euro.","robots":{"index":"noindex","follow":"follow","max-snippet":"max-snippet:-1","max-image-preview":"max-image-preview:large","max-video-preview":"max-video-preview:-1"},"og_locale":"de_DE","og_type":"article","og_title":"Nederland 5 euro 2024 KNRM eerste dag uitgifte","og_description":"Groot aanbod coincards verkrijgbaar bij David-coin. Bekijk ons ruime aanbod. Gratis verzending binnen Nederland vanaf 75 euro.","og_url":"https:\/\/dev.david-coin.com\/de\/produkt\/nederland-coincard-unc-eerste-dag-uitgifte-2024-redders-op-zee\/","og_site_name":"David Coin","article_publisher":"https:\/\/www.facebook.com\/Davidcoininkoopenverkoop","article_modified_time":"2025-07-21T10:33:33+00:00","og_image":[{"width":1600,"height":1069,"url":"https:\/\/dev.david-coin.com\/wp-content\/uploads\/2024\/05\/nederlandUNCzilver5euroenvelop.jpg","type":"image\/jpeg"}],"twitter_card":"summary_large_image","twitter_misc":{"Preis":"&euro;&nbsp;22,50","Verf\u00fcgbarkeit":"Auf Lager"},"schema":{"@context":"https:\/\/schema.org","@graph":[{"@type":"WebPage","@id":"https:\/\/dev.david-coin.com\/product\/nederland-coincard-unc-eerste-dag-uitgifte-2024-redders-op-zee\/","url":"https:\/\/dev.david-coin.com\/product\/nederland-coincard-unc-eerste-dag-uitgifte-2024-redders-op-zee\/","name":"Niederlande 5 Euro 2024 KNRM Ersttagsausgabe","isPartOf":{"@id":"https:\/\/dev.david-coin.com\/#website"},"primaryImageOfPage":{"@id":"https:\/\/dev.david-coin.com\/product\/nederland-coincard-unc-eerste-dag-uitgifte-2024-redders-op-zee\/#primaryimage"},"image":{"@id":"https:\/\/dev.david-coin.com\/product\/nederland-coincard-unc-eerste-dag-uitgifte-2024-redders-op-zee\/#primaryimage"},"thumbnailUrl":"https:\/\/dev.david-coin.com\/wp-content\/uploads\/2024\/05\/nederlandUNCzilver5euroenvelop.jpg","datePublished":"2024-05-03T08:28:17+00:00","dateModified":"2025-07-21T10:33:33+00:00","description":"Groot aanbod coincards verkrijgbaar bij David-coin. Bekijk ons ruime aanbod. Gratis verzending binnen Nederland vanaf 75 euro.","breadcrumb":{"@id":"https:\/\/dev.david-coin.com\/product\/nederland-coincard-unc-eerste-dag-uitgifte-2024-redders-op-zee\/#breadcrumb"},"inLanguage":"de","potentialAction":[{"@type":"ReadAction","target":["https:\/\/dev.david-coin.com\/product\/nederland-coincard-unc-eerste-dag-uitgifte-2024-redders-op-zee\/"]}]},{"@type":"ImageObject","inLanguage":"de","@id":"https:\/\/dev.david-coin.com\/product\/nederland-coincard-unc-eerste-dag-uitgifte-2024-redders-op-zee\/#primaryimage","url":"https:\/\/dev.david-coin.com\/wp-content\/uploads\/2024\/05\/nederlandUNCzilver5euroenvelop.jpg","contentUrl":"https:\/\/dev.david-coin.com\/wp-content\/uploads\/2024\/05\/nederlandUNCzilver5euroenvelop.jpg","width":1600,"height":1069},{"@type":"BreadcrumbList","@id":"https:\/\/dev.david-coin.com\/product\/nederland-coincard-unc-eerste-dag-uitgifte-2024-redders-op-zee\/#breadcrumb","itemListElement":[{"@type":"ListItem","position":1,"name":"Home","item":"https:\/\/dev.david-coin.com\/"},{"@type":"ListItem","position":2,"name":"Winkel","item":"https:\/\/dev.david-coin.com\/winkel\/"},{"@type":"ListItem","position":3,"name":"Nederland 5 euro 2024 KNRM eerste dag uitgifte"}]},{"@type":"WebSite","@id":"https:\/\/dev.david-coin.com\/#website","url":"https:\/\/dev.david-coin.com\/","name":"David Coin","description":"","publisher":{"@id":"https:\/\/dev.david-coin.com\/#organization"},"potentialAction":[{"@type":"SearchAction","target":{"@type":"EntryPoint","urlTemplate":"https:\/\/dev.david-coin.com\/?s={search_term_string}"},"query-input":{"@type":"PropertyValueSpecification","valueRequired":true,"valueName":"search_term_string"}}],"inLanguage":"de"},{"@type":"Organization","@id":"https:\/\/dev.david-coin.com\/#organization","name":"David Coin","url":"https:\/\/dev.david-coin.com\/","logo":{"@type":"ImageObject","inLanguage":"de","@id":"https:\/\/dev.david-coin.com\/#\/schema\/logo\/image\/","url":"https:\/\/dev.david-coin.com\/wp-content\/uploads\/2024\/04\/davidcoin-logo-final.png","contentUrl":"https:\/\/dev.david-coin.com\/wp-content\/uploads\/2024\/04\/davidcoin-logo-final.png","width":800,"height":267,"caption":"David Coin"},"image":{"@id":"https:\/\/dev.david-coin.com\/#\/schema\/logo\/image\/"},"sameAs":["https:\/\/www.facebook.com\/Davidcoininkoopenverkoop","https:\/\/www.youtube.com\/channel\/UC39lihLKFSPTff0w6tv0pWQ"]}]},"product_price_amount":"22.50","product_price_currency":"EUR","og_availability":"instock","product_availability":"instock","product_retailer_item_id":"8695","product_condition":"new"},"_links":{"self":[{"href":"https:\/\/dev.david-coin.com\/de\/wp-json\/wp\/v2\/product\/127896","targetHints":{"allow":["GET"]}}],"collection":[{"href":"https:\/\/dev.david-coin.com\/de\/wp-json\/wp\/v2\/product"}],"about":[{"href":"https:\/\/dev.david-coin.com\/de\/wp-json\/wp\/v2\/types\/product"}],"replies":[{"embeddable":true,"href":"https:\/\/dev.david-coin.com\/de\/wp-json\/wp\/v2\/comments?post=127896"}],"version-history":[{"count":0,"href":"https:\/\/dev.david-coin.com\/de\/wp-json\/wp\/v2\/product\/127896\/revisions"}],"wp:featuredmedia":[{"embeddable":true,"href":"https:\/\/dev.david-coin.com\/de\/wp-json\/wp\/v2\/media\/127897"}],"wp:attachment":[{"href":"https:\/\/dev.david-coin.com\/de\/wp-json\/wp\/v2\/media?parent=127896"}],"wp:term":[{"taxonomy":"product_brand","embeddable":true,"href":"https:\/\/dev.david-coin.com\/de\/wp-json\/wp\/v2\/product_brand?post=127896"},{"taxonomy":"product_cat","embeddable":true,"href":"https:\/\/dev.david-coin.com\/de\/wp-json\/wp\/v2\/product_cat?post=127896"},{"taxonomy":"product_tag","embeddable":true,"href":"https:\/\/dev.david-coin.com\/de\/wp-json\/wp\/v2\/product_tag?post=127896"}],"curies":[{"name":"wp","href":"https:\/\/api.w.org\/{rel}","templated":true}]}}