{"id":124035,"date":"2024-04-12T12:36:01","date_gmt":"2024-04-12T12:36:01","guid":{"rendered":"https:\/\/dev.david-coin.com\/product\/nederland-historische-zilveren-gulden-juliana-1957-in-coincard\/"},"modified":"2024-05-15T10:44:27","modified_gmt":"2024-05-15T08:44:27","slug":"nederland-historische-zilveren-gulden-juliana-1957-in-coincard","status":"publish","type":"product","link":"https:\/\/dev.david-coin.com\/de\/produkt\/nederland-historische-zilveren-gulden-juliana-1957-in-coincard\/","title":{"rendered":"Nederland Historische zilveren gulden Juliana 1957 in coincard"},"content":{"rendered":"<p><span style=\"font-size: 12pt;\"><strong>Historische coincard zilveren gulden Juliana 1957.<\/strong><\/span><\/p>\n<ul>\n<li><span style=\"font-size: 12pt;\">Der letzte Silbergulden unseres Landes, mit dem bezahlt werden konnte!<\/span><\/li>\n<li><span style=\"font-size: 12pt;\">Zeigt Juliana, nach einem Bildnis von L.O. Wenckebach<\/span><\/li>\n<li><span style=\"font-size: 12pt;\">Sehr limitierte Auflage von 3.600 Exemplaren<\/span><\/li>\n<li><span style=\"font-size: 12pt;\">Gepr\u00e4gt von der K\u00f6niglichen Niederl\u00e4ndischen M\u00fcnze<\/span><\/li>\n<li><span style=\"font-size: 12pt;\">Teil des niederl\u00e4ndischen M\u00fcnzkartenkatalogs<br \/>\n<\/span><\/li>\n<\/ul>\n<p><span style=\"font-size: 12pt;\">Material: Silber 720\/1000<\/span><br \/>\n<span style=\"font-size: 12pt;\">Durchmesser: 25 mm<\/span><br \/>\n<span style=\"font-size: 12pt;\">Gewicht: 6,50 g<\/span><br \/>\n<span style=\"font-size: 12pt;\">Rand: * GOTT * SEI * MIT * UNS<\/span><br \/>\n<span style=\"font-size: 12pt;\">Nur Druckauflage: 3.600 St\u00fcck<\/span><\/p>\n<p><span style=\"font-size: 12pt;\">Siehe Scans f\u00fcr weitere Einzelheiten.<\/span><br \/>\n<span style=\"font-size: 12pt;\">Bei Fragen k\u00f6nnen Sie uns gerne eine Nachricht schicken.<\/span><\/p>","protected":false},"excerpt":{"rendered":"<p>Historische coincard zilveren gulden Juliana 1957. De laatste zilveren Gulden van ons land waarmee betaald kon worden! Toont Juliana, naar beeltenis van L.O. Wenckebach Zeer beperkte oplage van 3.600 coincards Geslagen door de Koninklijke Nederlandse Munt Onderdeel van de Nederlandse Coincard Catalogus Materiaal: \u00a0zilver 720\/1000 Diameter: 25 mm Gewicht: 6,50 g Rand: * GOD * [&hellip;]<\/p>\n","protected":false},"featured_media":124033,"comment_status":"closed","ping_status":"closed","template":"","meta":[],"product_brand":[],"product_cat":[5538],"product_tag":[],"class_list":{"0":"post-124035","1":"product","2":"type-product","3":"status-publish","4":"has-post-thumbnail","6":"product_cat-coincards-met-guldenmunten","7":"pa_delcampeid-5269","8":"pa_koning-koningin-juliana","9":"pa_land-nederland","10":"pa_materiaal-zilver","11":"pa_muntwaarde-1gulden","12":"pa_soort-coincard","14":"first","15":"outofstock","16":"taxable","17":"shipping-taxable","18":"purchasable","19":"product-type-simple"},"yoast_head":"<!-- This site is optimized with the Yoast SEO Premium plugin v26.0 (Yoast SEO v27.4) - https:\/\/yoast.com\/product\/yoast-seo-premium-wordpress\/ -->\n<title>Historische coincard zilveren gulden Juliana 1957<\/title>\n<meta name=\"description\" content=\"Koop historische munten in coincard bij David-coin Bekijk nu ons volledige aanbod.\" \/>\n<meta name=\"robots\" content=\"noindex, follow, max-snippet:-1, max-image-preview:large, max-video-preview:-1\" \/>\n<meta property=\"og:locale\" content=\"de_DE\" \/>\n<meta property=\"og:type\" content=\"article\" \/>\n<meta property=\"og:title\" content=\"Nederland Historische zilveren gulden Juliana 1957 in coincard\" \/>\n<meta property=\"og:description\" content=\"Koop historische munten in coincard bij David-coin Bekijk nu ons volledige aanbod.\" \/>\n<meta property=\"og:url\" content=\"https:\/\/dev.david-coin.com\/de\/produkt\/nederland-historische-zilveren-gulden-juliana-1957-in-coincard\/\" \/>\n<meta property=\"og:site_name\" content=\"David Coin\" \/>\n<meta property=\"article:publisher\" content=\"https:\/\/www.facebook.com\/Davidcoininkoopenverkoop\" \/>\n<meta property=\"article:modified_time\" content=\"2024-05-15T08:44:27+00:00\" \/>\n<meta property=\"og:image\" content=\"https:\/\/dev.david-coin.com\/wp-content\/uploads\/2024\/04\/coincard-gulden-1957-Juliana.jpg\" \/>\n\t<meta property=\"og:image:width\" content=\"800\" \/>\n\t<meta property=\"og:image:height\" content=\"531\" \/>\n\t<meta property=\"og:image:type\" content=\"image\/jpeg\" \/>\n<meta name=\"twitter:card\" content=\"summary_large_image\" \/>\n<meta name=\"twitter:label1\" content=\"Preis\" \/>\n\t<meta name=\"twitter:data1\" content=\"&euro;&nbsp;59,95\" \/>\n\t<meta name=\"twitter:label2\" content=\"Verf\u00fcgbarkeit\" \/>\n\t<meta name=\"twitter:data2\" content=\"ausverkauft\" \/>\n<script type=\"application\/ld+json\" class=\"yoast-schema-graph\">{\"@context\":\"https:\\\/\\\/schema.org\",\"@graph\":[{\"@type\":\"WebPage\",\"@id\":\"https:\\\/\\\/dev.david-coin.com\\\/product\\\/nederland-historische-zilveren-gulden-juliana-1957-in-coincard\\\/\",\"url\":\"https:\\\/\\\/dev.david-coin.com\\\/product\\\/nederland-historische-zilveren-gulden-juliana-1957-in-coincard\\\/\",\"name\":\"Historische coincard zilveren gulden Juliana 1957\",\"isPartOf\":{\"@id\":\"https:\\\/\\\/dev.david-coin.com\\\/#website\"},\"primaryImageOfPage\":{\"@id\":\"https:\\\/\\\/dev.david-coin.com\\\/product\\\/nederland-historische-zilveren-gulden-juliana-1957-in-coincard\\\/#primaryimage\"},\"image\":{\"@id\":\"https:\\\/\\\/dev.david-coin.com\\\/product\\\/nederland-historische-zilveren-gulden-juliana-1957-in-coincard\\\/#primaryimage\"},\"thumbnailUrl\":\"https:\\\/\\\/dev.david-coin.com\\\/wp-content\\\/uploads\\\/2024\\\/04\\\/coincard-gulden-1957-Juliana.jpg\",\"datePublished\":\"2024-04-12T12:36:01+00:00\",\"dateModified\":\"2024-05-15T08:44:27+00:00\",\"description\":\"Koop historische munten in coincard bij David-coin Bekijk nu ons volledige aanbod.\",\"breadcrumb\":{\"@id\":\"https:\\\/\\\/dev.david-coin.com\\\/product\\\/nederland-historische-zilveren-gulden-juliana-1957-in-coincard\\\/#breadcrumb\"},\"inLanguage\":\"de\",\"potentialAction\":[{\"@type\":\"ReadAction\",\"target\":[\"https:\\\/\\\/dev.david-coin.com\\\/product\\\/nederland-historische-zilveren-gulden-juliana-1957-in-coincard\\\/\"]}]},{\"@type\":\"ImageObject\",\"inLanguage\":\"de\",\"@id\":\"https:\\\/\\\/dev.david-coin.com\\\/product\\\/nederland-historische-zilveren-gulden-juliana-1957-in-coincard\\\/#primaryimage\",\"url\":\"https:\\\/\\\/dev.david-coin.com\\\/wp-content\\\/uploads\\\/2024\\\/04\\\/coincard-gulden-1957-Juliana.jpg\",\"contentUrl\":\"https:\\\/\\\/dev.david-coin.com\\\/wp-content\\\/uploads\\\/2024\\\/04\\\/coincard-gulden-1957-Juliana.jpg\",\"width\":800,\"height\":531},{\"@type\":\"BreadcrumbList\",\"@id\":\"https:\\\/\\\/dev.david-coin.com\\\/product\\\/nederland-historische-zilveren-gulden-juliana-1957-in-coincard\\\/#breadcrumb\",\"itemListElement\":[{\"@type\":\"ListItem\",\"position\":1,\"name\":\"Home\",\"item\":\"https:\\\/\\\/dev.david-coin.com\\\/\"},{\"@type\":\"ListItem\",\"position\":2,\"name\":\"Winkel\",\"item\":\"https:\\\/\\\/dev.david-coin.com\\\/winkel\\\/\"},{\"@type\":\"ListItem\",\"position\":3,\"name\":\"Nederland Historische zilveren gulden Juliana 1957 in coincard\"}]},{\"@type\":\"WebSite\",\"@id\":\"https:\\\/\\\/dev.david-coin.com\\\/#website\",\"url\":\"https:\\\/\\\/dev.david-coin.com\\\/\",\"name\":\"David Coin\",\"description\":\"\",\"publisher\":{\"@id\":\"https:\\\/\\\/dev.david-coin.com\\\/#organization\"},\"potentialAction\":[{\"@type\":\"SearchAction\",\"target\":{\"@type\":\"EntryPoint\",\"urlTemplate\":\"https:\\\/\\\/dev.david-coin.com\\\/?s={search_term_string}\"},\"query-input\":{\"@type\":\"PropertyValueSpecification\",\"valueRequired\":true,\"valueName\":\"search_term_string\"}}],\"inLanguage\":\"de\"},{\"@type\":\"Organization\",\"@id\":\"https:\\\/\\\/dev.david-coin.com\\\/#organization\",\"name\":\"David Coin\",\"url\":\"https:\\\/\\\/dev.david-coin.com\\\/\",\"logo\":{\"@type\":\"ImageObject\",\"inLanguage\":\"de\",\"@id\":\"https:\\\/\\\/dev.david-coin.com\\\/#\\\/schema\\\/logo\\\/image\\\/\",\"url\":\"https:\\\/\\\/dev.david-coin.com\\\/wp-content\\\/uploads\\\/2024\\\/04\\\/davidcoin-logo-final.png\",\"contentUrl\":\"https:\\\/\\\/dev.david-coin.com\\\/wp-content\\\/uploads\\\/2024\\\/04\\\/davidcoin-logo-final.png\",\"width\":800,\"height\":267,\"caption\":\"David Coin\"},\"image\":{\"@id\":\"https:\\\/\\\/dev.david-coin.com\\\/#\\\/schema\\\/logo\\\/image\\\/\"},\"sameAs\":[\"https:\\\/\\\/www.facebook.com\\\/Davidcoininkoopenverkoop\",\"https:\\\/\\\/www.youtube.com\\\/channel\\\/UC39lihLKFSPTff0w6tv0pWQ\"]}]}<\/script>\n<meta property=\"product:price:amount\" content=\"59.95\" \/>\n<meta property=\"product:price:currency\" content=\"EUR\" \/>\n<meta property=\"og:availability\" content=\"out of stock\" \/>\n<meta property=\"product:availability\" content=\"out of stock\" \/>\n<meta property=\"product:retailer_item_id\" content=\"8678\" \/>\n<meta property=\"product:condition\" content=\"new\" \/>\n<!-- \/ Yoast SEO Premium plugin. -->","yoast_head_json":{"title":"Historische coincard zilveren gulden Juliana 1957","description":"Koop historische munten in coincard bij David-coin Bekijk nu ons volledige aanbod.","robots":{"index":"noindex","follow":"follow","max-snippet":"max-snippet:-1","max-image-preview":"max-image-preview:large","max-video-preview":"max-video-preview:-1"},"og_locale":"de_DE","og_type":"article","og_title":"Nederland Historische zilveren gulden Juliana 1957 in coincard","og_description":"Koop historische munten in coincard bij David-coin Bekijk nu ons volledige aanbod.","og_url":"https:\/\/dev.david-coin.com\/de\/produkt\/nederland-historische-zilveren-gulden-juliana-1957-in-coincard\/","og_site_name":"David Coin","article_publisher":"https:\/\/www.facebook.com\/Davidcoininkoopenverkoop","article_modified_time":"2024-05-15T08:44:27+00:00","og_image":[{"width":800,"height":531,"url":"https:\/\/dev.david-coin.com\/wp-content\/uploads\/2024\/04\/coincard-gulden-1957-Juliana.jpg","type":"image\/jpeg"}],"twitter_card":"summary_large_image","twitter_misc":{"Preis":"&euro;&nbsp;59,95","Verf\u00fcgbarkeit":"ausverkauft"},"schema":{"@context":"https:\/\/schema.org","@graph":[{"@type":"WebPage","@id":"https:\/\/dev.david-coin.com\/product\/nederland-historische-zilveren-gulden-juliana-1957-in-coincard\/","url":"https:\/\/dev.david-coin.com\/product\/nederland-historische-zilveren-gulden-juliana-1957-in-coincard\/","name":"Historische coincard zilveren gulden Juliana 1957","isPartOf":{"@id":"https:\/\/dev.david-coin.com\/#website"},"primaryImageOfPage":{"@id":"https:\/\/dev.david-coin.com\/product\/nederland-historische-zilveren-gulden-juliana-1957-in-coincard\/#primaryimage"},"image":{"@id":"https:\/\/dev.david-coin.com\/product\/nederland-historische-zilveren-gulden-juliana-1957-in-coincard\/#primaryimage"},"thumbnailUrl":"https:\/\/dev.david-coin.com\/wp-content\/uploads\/2024\/04\/coincard-gulden-1957-Juliana.jpg","datePublished":"2024-04-12T12:36:01+00:00","dateModified":"2024-05-15T08:44:27+00:00","description":"Koop historische munten in coincard bij David-coin Bekijk nu ons volledige aanbod.","breadcrumb":{"@id":"https:\/\/dev.david-coin.com\/product\/nederland-historische-zilveren-gulden-juliana-1957-in-coincard\/#breadcrumb"},"inLanguage":"de","potentialAction":[{"@type":"ReadAction","target":["https:\/\/dev.david-coin.com\/product\/nederland-historische-zilveren-gulden-juliana-1957-in-coincard\/"]}]},{"@type":"ImageObject","inLanguage":"de","@id":"https:\/\/dev.david-coin.com\/product\/nederland-historische-zilveren-gulden-juliana-1957-in-coincard\/#primaryimage","url":"https:\/\/dev.david-coin.com\/wp-content\/uploads\/2024\/04\/coincard-gulden-1957-Juliana.jpg","contentUrl":"https:\/\/dev.david-coin.com\/wp-content\/uploads\/2024\/04\/coincard-gulden-1957-Juliana.jpg","width":800,"height":531},{"@type":"BreadcrumbList","@id":"https:\/\/dev.david-coin.com\/product\/nederland-historische-zilveren-gulden-juliana-1957-in-coincard\/#breadcrumb","itemListElement":[{"@type":"ListItem","position":1,"name":"Home","item":"https:\/\/dev.david-coin.com\/"},{"@type":"ListItem","position":2,"name":"Winkel","item":"https:\/\/dev.david-coin.com\/winkel\/"},{"@type":"ListItem","position":3,"name":"Nederland Historische zilveren gulden Juliana 1957 in coincard"}]},{"@type":"WebSite","@id":"https:\/\/dev.david-coin.com\/#website","url":"https:\/\/dev.david-coin.com\/","name":"David Coin","description":"","publisher":{"@id":"https:\/\/dev.david-coin.com\/#organization"},"potentialAction":[{"@type":"SearchAction","target":{"@type":"EntryPoint","urlTemplate":"https:\/\/dev.david-coin.com\/?s={search_term_string}"},"query-input":{"@type":"PropertyValueSpecification","valueRequired":true,"valueName":"search_term_string"}}],"inLanguage":"de"},{"@type":"Organization","@id":"https:\/\/dev.david-coin.com\/#organization","name":"David Coin","url":"https:\/\/dev.david-coin.com\/","logo":{"@type":"ImageObject","inLanguage":"de","@id":"https:\/\/dev.david-coin.com\/#\/schema\/logo\/image\/","url":"https:\/\/dev.david-coin.com\/wp-content\/uploads\/2024\/04\/davidcoin-logo-final.png","contentUrl":"https:\/\/dev.david-coin.com\/wp-content\/uploads\/2024\/04\/davidcoin-logo-final.png","width":800,"height":267,"caption":"David Coin"},"image":{"@id":"https:\/\/dev.david-coin.com\/#\/schema\/logo\/image\/"},"sameAs":["https:\/\/www.facebook.com\/Davidcoininkoopenverkoop","https:\/\/www.youtube.com\/channel\/UC39lihLKFSPTff0w6tv0pWQ"]}]},"product_price_amount":"59.95","product_price_currency":"EUR","og_availability":"out of stock","product_availability":"out of stock","product_retailer_item_id":"8678","product_condition":"new"},"_links":{"self":[{"href":"https:\/\/dev.david-coin.com\/de\/wp-json\/wp\/v2\/product\/124035","targetHints":{"allow":["GET"]}}],"collection":[{"href":"https:\/\/dev.david-coin.com\/de\/wp-json\/wp\/v2\/product"}],"about":[{"href":"https:\/\/dev.david-coin.com\/de\/wp-json\/wp\/v2\/types\/product"}],"replies":[{"embeddable":true,"href":"https:\/\/dev.david-coin.com\/de\/wp-json\/wp\/v2\/comments?post=124035"}],"version-history":[{"count":0,"href":"https:\/\/dev.david-coin.com\/de\/wp-json\/wp\/v2\/product\/124035\/revisions"}],"wp:featuredmedia":[{"embeddable":true,"href":"https:\/\/dev.david-coin.com\/de\/wp-json\/wp\/v2\/media\/124033"}],"wp:attachment":[{"href":"https:\/\/dev.david-coin.com\/de\/wp-json\/wp\/v2\/media?parent=124035"}],"wp:term":[{"taxonomy":"product_brand","embeddable":true,"href":"https:\/\/dev.david-coin.com\/de\/wp-json\/wp\/v2\/product_brand?post=124035"},{"taxonomy":"product_cat","embeddable":true,"href":"https:\/\/dev.david-coin.com\/de\/wp-json\/wp\/v2\/product_cat?post=124035"},{"taxonomy":"product_tag","embeddable":true,"href":"https:\/\/dev.david-coin.com\/de\/wp-json\/wp\/v2\/product_tag?post=124035"}],"curies":[{"name":"wp","href":"https:\/\/api.w.org\/{rel}","templated":true}]}}