{"id":119621,"date":"2023-06-10T08:54:56","date_gmt":"2023-06-10T08:54:56","guid":{"rendered":"https:\/\/dev.david-coin.com\/product\/20x-nederland-gouden-tientje\/"},"modified":"2025-10-07T20:43:48","modified_gmt":"2025-10-07T18:43:48","slug":"20x-nederland-gouden-tientje","status":"publish","type":"product","link":"https:\/\/dev.david-coin.com\/de\/produkt\/20x-nederland-gouden-tientje\/","title":{"rendered":"20x Niederl\u00e4ndischer Goldener Zehner"},"content":{"rendered":"<p><span style=\"font-size: 12pt;\"><strong>20x Nederland Gouden\u00a0tientje<\/strong><\/span><br \/>\n<span style=\"font-size: 12pt;\">Gewicht per gouden tientje:6,72 gram.<\/span><br \/>\n<span style=\"font-size: 12pt;\">Goldgehalt:900\/1000<\/span><br \/>\n<span style=\"font-size: 12pt;\">Puur goud per gouden tientje:6,048 gram.<\/span><br \/>\n<span style=\"font-size: 12pt;\">Durchmesser:22,5 mm.<\/span><br \/>\n<span style=\"font-size: 12pt;\">Totaal gewicht:134,4 gram.<\/span><br \/>\n<span style=\"font-size: 12pt;\">Totaal puur goud:120,96 gram.<\/span><br \/>\n<span style=\"font-size: 12pt;\">Voorzijde:\u00a0Portret Wilhelmina of Willem 3<\/span><br \/>\n<span style=\"font-size: 12pt;\">R\u00fcckseite: Gekr\u00f6ntes niederl\u00e4ndisches Wappen zwischen 10-G (10 Gulden).<\/span><\/p>\n<p><span style=\"font-size: 12pt;\">U ontvangt\u00a020 gouden tientjes van\u00a0een willekeurig jaartal en\/of dubbelen jaren.<\/span><br \/>\n<span style=\"font-size: 12pt;\">Dit kan zowel Wilhelmina als, Willem 3 zijn.<\/span><br \/>\n<span style=\"font-size: 12pt;\">De kwaliteit is Zeer Fraai\/Prachtig.<\/span><br \/>\n<span style=\"font-size: 12pt;\"><strong>Ideaal als belegging en scherp geprijsd.<\/strong><\/span><\/p>\n<p><span style=\"font-size: 12pt;\">De goudprijs verandert continu.<\/span><br \/>\n<span style=\"font-size: 12pt;\">Bij aankoop\u00a0zet u de prijs vast en ontvangt u uw munten binnen ongeveer\u00a05 werkdagen.<\/span><br \/>\n<span style=\"font-size: 12pt;\">Ophalen behoort ook tot \u00e9\u00e9n van de mogelijkheden.\u00a0<\/span><\/p>\n<p><span style=\"font-size: 12pt;\">Siehe Scans f\u00fcr weitere Einzelheiten.<\/span><br \/>\n<span style=\"font-size: 12pt;\">Vb-Foto. Voor vragen stuur ons gerust een bericht.<\/span><\/p>","protected":false},"excerpt":{"rendered":"<p class=\"ai-optimize-22 ai-optimize-introduction\">900\/1000<\/p>","protected":false},"featured_media":111286,"comment_status":"closed","ping_status":"closed","template":"","meta":[],"product_brand":[],"product_cat":[5479,5567,5471],"product_tag":[],"class_list":{"0":"post-119621","1":"product","2":"type-product","3":"status-publish","4":"has-post-thumbnail","6":"product_cat-edelmetaal-goud-kopen","7":"product_cat-gouden-munten-of-baren","8":"product_cat-nederlandse-munten","9":"pa_koning-koningin-wilhelmina","10":"pa_koning-koningin-willem3","11":"pa_kwaliteit-prachtig-min","12":"pa_land-nederland","13":"pa_materiaal-goud","14":"pa_muntwaarde-10guldengoud","16":"first","17":"instock","18":"purchasable","19":"product-type-simple"},"yoast_head":"<!-- This site is optimized with the Yoast SEO Premium plugin v26.0 (Yoast SEO v27.4) - https:\/\/yoast.com\/product\/yoast-seo-premium-wordpress\/ -->\n<title>20x Nederland Gouden tientje<\/title>\n<meta name=\"description\" content=\"Gouden en Zilveren munten verkrijgbaar bij David-coin. Bekijk nu ons volledige aanbod. Gratis verzending binnen Nederland vanaf 5.000 euro.\" \/>\n<meta name=\"robots\" content=\"noindex, follow, max-snippet:-1, max-image-preview:large, max-video-preview:-1\" \/>\n<meta property=\"og:locale\" content=\"de_DE\" \/>\n<meta property=\"og:type\" content=\"article\" \/>\n<meta property=\"og:title\" content=\"20x Nederland Gouden tientje\" \/>\n<meta property=\"og:description\" content=\"Gouden en Zilveren munten verkrijgbaar bij David-coin. Bekijk nu ons volledige aanbod. Gratis verzending binnen Nederland vanaf 5.000 euro.\" \/>\n<meta property=\"og:url\" content=\"https:\/\/dev.david-coin.com\/de\/produkt\/20x-nederland-gouden-tientje\/\" \/>\n<meta property=\"og:site_name\" content=\"David Coin\" \/>\n<meta property=\"article:publisher\" content=\"https:\/\/www.facebook.com\/Davidcoininkoopenverkoop\" \/>\n<meta property=\"article:modified_time\" content=\"2025-10-07T18:43:48+00:00\" \/>\n<meta property=\"og:image\" content=\"https:\/\/dev.david-coin.com\/wp-content\/uploads\/2020\/08\/Goudentientje-3.jpg\" \/>\n\t<meta property=\"og:image:width\" content=\"800\" \/>\n\t<meta property=\"og:image:height\" content=\"789\" \/>\n\t<meta property=\"og:image:type\" content=\"image\/jpeg\" \/>\n<meta name=\"twitter:card\" content=\"summary_large_image\" \/>\n<meta name=\"twitter:label1\" content=\"Preis\" \/>\n\t<meta name=\"twitter:data1\" content=\"&euro;&nbsp;17.329,16\" \/>\n\t<meta name=\"twitter:label2\" content=\"Verf\u00fcgbarkeit\" \/>\n\t<meta name=\"twitter:data2\" content=\"Auf Lager\" \/>\n<script type=\"application\/ld+json\" class=\"yoast-schema-graph\">{\"@context\":\"https:\\\/\\\/schema.org\",\"@graph\":[{\"@type\":\"WebPage\",\"@id\":\"https:\\\/\\\/dev.david-coin.com\\\/product\\\/20x-nederland-gouden-tientje\\\/\",\"url\":\"https:\\\/\\\/dev.david-coin.com\\\/product\\\/20x-nederland-gouden-tientje\\\/\",\"name\":\"20x Nederland Gouden tientje\",\"isPartOf\":{\"@id\":\"https:\\\/\\\/dev.david-coin.com\\\/#website\"},\"primaryImageOfPage\":{\"@id\":\"https:\\\/\\\/dev.david-coin.com\\\/product\\\/20x-nederland-gouden-tientje\\\/#primaryimage\"},\"image\":{\"@id\":\"https:\\\/\\\/dev.david-coin.com\\\/product\\\/20x-nederland-gouden-tientje\\\/#primaryimage\"},\"thumbnailUrl\":\"https:\\\/\\\/dev.david-coin.com\\\/wp-content\\\/uploads\\\/2020\\\/08\\\/Goudentientje-3.jpg\",\"datePublished\":\"2023-06-10T08:54:56+00:00\",\"dateModified\":\"2025-10-07T18:43:48+00:00\",\"description\":\"Gouden en Zilveren munten verkrijgbaar bij David-coin. Bekijk nu ons volledige aanbod. Gratis verzending binnen Nederland vanaf 5.000 euro.\",\"breadcrumb\":{\"@id\":\"https:\\\/\\\/dev.david-coin.com\\\/product\\\/20x-nederland-gouden-tientje\\\/#breadcrumb\"},\"inLanguage\":\"de\",\"potentialAction\":[{\"@type\":\"ReadAction\",\"target\":[\"https:\\\/\\\/dev.david-coin.com\\\/product\\\/20x-nederland-gouden-tientje\\\/\"]}]},{\"@type\":\"ImageObject\",\"inLanguage\":\"de\",\"@id\":\"https:\\\/\\\/dev.david-coin.com\\\/product\\\/20x-nederland-gouden-tientje\\\/#primaryimage\",\"url\":\"https:\\\/\\\/dev.david-coin.com\\\/wp-content\\\/uploads\\\/2020\\\/08\\\/Goudentientje-3.jpg\",\"contentUrl\":\"https:\\\/\\\/dev.david-coin.com\\\/wp-content\\\/uploads\\\/2020\\\/08\\\/Goudentientje-3.jpg\",\"width\":800,\"height\":789,\"caption\":\"Gouden tientje\"},{\"@type\":\"BreadcrumbList\",\"@id\":\"https:\\\/\\\/dev.david-coin.com\\\/product\\\/20x-nederland-gouden-tientje\\\/#breadcrumb\",\"itemListElement\":[{\"@type\":\"ListItem\",\"position\":1,\"name\":\"Home\",\"item\":\"https:\\\/\\\/dev.david-coin.com\\\/\"},{\"@type\":\"ListItem\",\"position\":2,\"name\":\"Winkel\",\"item\":\"https:\\\/\\\/dev.david-coin.com\\\/winkel\\\/\"},{\"@type\":\"ListItem\",\"position\":3,\"name\":\"20x Nederland Gouden tientje\"}]},{\"@type\":\"WebSite\",\"@id\":\"https:\\\/\\\/dev.david-coin.com\\\/#website\",\"url\":\"https:\\\/\\\/dev.david-coin.com\\\/\",\"name\":\"David Coin\",\"description\":\"\",\"publisher\":{\"@id\":\"https:\\\/\\\/dev.david-coin.com\\\/#organization\"},\"potentialAction\":[{\"@type\":\"SearchAction\",\"target\":{\"@type\":\"EntryPoint\",\"urlTemplate\":\"https:\\\/\\\/dev.david-coin.com\\\/?s={search_term_string}\"},\"query-input\":{\"@type\":\"PropertyValueSpecification\",\"valueRequired\":true,\"valueName\":\"search_term_string\"}}],\"inLanguage\":\"de\"},{\"@type\":\"Organization\",\"@id\":\"https:\\\/\\\/dev.david-coin.com\\\/#organization\",\"name\":\"David Coin\",\"url\":\"https:\\\/\\\/dev.david-coin.com\\\/\",\"logo\":{\"@type\":\"ImageObject\",\"inLanguage\":\"de\",\"@id\":\"https:\\\/\\\/dev.david-coin.com\\\/#\\\/schema\\\/logo\\\/image\\\/\",\"url\":\"https:\\\/\\\/dev.david-coin.com\\\/wp-content\\\/uploads\\\/2024\\\/04\\\/davidcoin-logo-final.png\",\"contentUrl\":\"https:\\\/\\\/dev.david-coin.com\\\/wp-content\\\/uploads\\\/2024\\\/04\\\/davidcoin-logo-final.png\",\"width\":800,\"height\":267,\"caption\":\"David Coin\"},\"image\":{\"@id\":\"https:\\\/\\\/dev.david-coin.com\\\/#\\\/schema\\\/logo\\\/image\\\/\"},\"sameAs\":[\"https:\\\/\\\/www.facebook.com\\\/Davidcoininkoopenverkoop\",\"https:\\\/\\\/www.youtube.com\\\/channel\\\/UC39lihLKFSPTff0w6tv0pWQ\"]}]}<\/script>\n<meta property=\"product:price:amount\" content=\"17329.16\" \/>\n<meta property=\"product:price:currency\" content=\"EUR\" \/>\n<meta property=\"og:availability\" content=\"instock\" \/>\n<meta property=\"product:availability\" content=\"instock\" \/>\n<meta property=\"product:retailer_item_id\" content=\"9178\" \/>\n<meta property=\"product:condition\" content=\"new\" \/>\n<!-- \/ Yoast SEO Premium plugin. -->","yoast_head_json":{"title":"20x Niederl\u00e4ndischer Goldener Zehner","description":"Gouden en Zilveren munten verkrijgbaar bij David-coin. Bekijk nu ons volledige aanbod. Gratis verzending binnen Nederland vanaf 5.000 euro.","robots":{"index":"noindex","follow":"follow","max-snippet":"max-snippet:-1","max-image-preview":"max-image-preview:large","max-video-preview":"max-video-preview:-1"},"og_locale":"de_DE","og_type":"article","og_title":"20x Nederland Gouden tientje","og_description":"Gouden en Zilveren munten verkrijgbaar bij David-coin. Bekijk nu ons volledige aanbod. Gratis verzending binnen Nederland vanaf 5.000 euro.","og_url":"https:\/\/dev.david-coin.com\/de\/produkt\/20x-nederland-gouden-tientje\/","og_site_name":"David Coin","article_publisher":"https:\/\/www.facebook.com\/Davidcoininkoopenverkoop","article_modified_time":"2025-10-07T18:43:48+00:00","og_image":[{"width":800,"height":789,"url":"https:\/\/dev.david-coin.com\/wp-content\/uploads\/2020\/08\/Goudentientje-3.jpg","type":"image\/jpeg"}],"twitter_card":"summary_large_image","twitter_misc":{"Preis":"&euro;&nbsp;17.329,16","Verf\u00fcgbarkeit":"Auf Lager"},"schema":{"@context":"https:\/\/schema.org","@graph":[{"@type":"WebPage","@id":"https:\/\/dev.david-coin.com\/product\/20x-nederland-gouden-tientje\/","url":"https:\/\/dev.david-coin.com\/product\/20x-nederland-gouden-tientje\/","name":"20x Niederl\u00e4ndischer Goldener Zehner","isPartOf":{"@id":"https:\/\/dev.david-coin.com\/#website"},"primaryImageOfPage":{"@id":"https:\/\/dev.david-coin.com\/product\/20x-nederland-gouden-tientje\/#primaryimage"},"image":{"@id":"https:\/\/dev.david-coin.com\/product\/20x-nederland-gouden-tientje\/#primaryimage"},"thumbnailUrl":"https:\/\/dev.david-coin.com\/wp-content\/uploads\/2020\/08\/Goudentientje-3.jpg","datePublished":"2023-06-10T08:54:56+00:00","dateModified":"2025-10-07T18:43:48+00:00","description":"Gouden en Zilveren munten verkrijgbaar bij David-coin. Bekijk nu ons volledige aanbod. Gratis verzending binnen Nederland vanaf 5.000 euro.","breadcrumb":{"@id":"https:\/\/dev.david-coin.com\/product\/20x-nederland-gouden-tientje\/#breadcrumb"},"inLanguage":"de","potentialAction":[{"@type":"ReadAction","target":["https:\/\/dev.david-coin.com\/product\/20x-nederland-gouden-tientje\/"]}]},{"@type":"ImageObject","inLanguage":"de","@id":"https:\/\/dev.david-coin.com\/product\/20x-nederland-gouden-tientje\/#primaryimage","url":"https:\/\/dev.david-coin.com\/wp-content\/uploads\/2020\/08\/Goudentientje-3.jpg","contentUrl":"https:\/\/dev.david-coin.com\/wp-content\/uploads\/2020\/08\/Goudentientje-3.jpg","width":800,"height":789,"caption":"Gouden tientje"},{"@type":"BreadcrumbList","@id":"https:\/\/dev.david-coin.com\/product\/20x-nederland-gouden-tientje\/#breadcrumb","itemListElement":[{"@type":"ListItem","position":1,"name":"Home","item":"https:\/\/dev.david-coin.com\/"},{"@type":"ListItem","position":2,"name":"Winkel","item":"https:\/\/dev.david-coin.com\/winkel\/"},{"@type":"ListItem","position":3,"name":"20x Nederland Gouden tientje"}]},{"@type":"WebSite","@id":"https:\/\/dev.david-coin.com\/#website","url":"https:\/\/dev.david-coin.com\/","name":"David Coin","description":"","publisher":{"@id":"https:\/\/dev.david-coin.com\/#organization"},"potentialAction":[{"@type":"SearchAction","target":{"@type":"EntryPoint","urlTemplate":"https:\/\/dev.david-coin.com\/?s={search_term_string}"},"query-input":{"@type":"PropertyValueSpecification","valueRequired":true,"valueName":"search_term_string"}}],"inLanguage":"de"},{"@type":"Organization","@id":"https:\/\/dev.david-coin.com\/#organization","name":"David Coin","url":"https:\/\/dev.david-coin.com\/","logo":{"@type":"ImageObject","inLanguage":"de","@id":"https:\/\/dev.david-coin.com\/#\/schema\/logo\/image\/","url":"https:\/\/dev.david-coin.com\/wp-content\/uploads\/2024\/04\/davidcoin-logo-final.png","contentUrl":"https:\/\/dev.david-coin.com\/wp-content\/uploads\/2024\/04\/davidcoin-logo-final.png","width":800,"height":267,"caption":"David Coin"},"image":{"@id":"https:\/\/dev.david-coin.com\/#\/schema\/logo\/image\/"},"sameAs":["https:\/\/www.facebook.com\/Davidcoininkoopenverkoop","https:\/\/www.youtube.com\/channel\/UC39lihLKFSPTff0w6tv0pWQ"]}]},"product_price_amount":"17329.16","product_price_currency":"EUR","og_availability":"instock","product_availability":"instock","product_retailer_item_id":"9178","product_condition":"new"},"_links":{"self":[{"href":"https:\/\/dev.david-coin.com\/de\/wp-json\/wp\/v2\/product\/119621","targetHints":{"allow":["GET"]}}],"collection":[{"href":"https:\/\/dev.david-coin.com\/de\/wp-json\/wp\/v2\/product"}],"about":[{"href":"https:\/\/dev.david-coin.com\/de\/wp-json\/wp\/v2\/types\/product"}],"replies":[{"embeddable":true,"href":"https:\/\/dev.david-coin.com\/de\/wp-json\/wp\/v2\/comments?post=119621"}],"version-history":[{"count":0,"href":"https:\/\/dev.david-coin.com\/de\/wp-json\/wp\/v2\/product\/119621\/revisions"}],"wp:featuredmedia":[{"embeddable":true,"href":"https:\/\/dev.david-coin.com\/de\/wp-json\/wp\/v2\/media\/111286"}],"wp:attachment":[{"href":"https:\/\/dev.david-coin.com\/de\/wp-json\/wp\/v2\/media?parent=119621"}],"wp:term":[{"taxonomy":"product_brand","embeddable":true,"href":"https:\/\/dev.david-coin.com\/de\/wp-json\/wp\/v2\/product_brand?post=119621"},{"taxonomy":"product_cat","embeddable":true,"href":"https:\/\/dev.david-coin.com\/de\/wp-json\/wp\/v2\/product_cat?post=119621"},{"taxonomy":"product_tag","embeddable":true,"href":"https:\/\/dev.david-coin.com\/de\/wp-json\/wp\/v2\/product_tag?post=119621"}],"curies":[{"name":"wp","href":"https:\/\/api.w.org\/{rel}","templated":true}]}}