{"id":116227,"date":"2022-10-20T10:22:29","date_gmt":"2022-10-20T10:22:29","guid":{"rendered":"https:\/\/dev.david-coin.com\/product\/nederland-100-jaar-laatste-type-wilhelmina-gulden-1929-in-coincard\/"},"modified":"2025-02-12T09:43:34","modified_gmt":"2025-02-12T08:43:34","slug":"nederland-100-jaar-laatste-type-wilhelmina-gulden-1929-in-coincard","status":"publish","type":"product","link":"https:\/\/dev.david-coin.com\/de\/produkt\/nederland-100-jaar-laatste-type-wilhelmina-gulden-1929-in-coincard\/","title":{"rendered":"Niederlande 100 Jahre letzter Typ Wilhelmina Gulden 1929 in coincard"},"content":{"rendered":"<p><span style=\"text-decoration: underline; font-size: 12pt;\"><strong>Nederland\u00a0100 jaar laatste type Wilhelmina-gulden 1929 in coincard<\/strong><\/span><\/p>\n<p><span style=\"font-size: 12pt;\">Vor genau 100 Jahren erschien der letzte Typ des Wilhelmina-Gulden! Die M\u00fcnze wurde von 1922 bis 1945 gepr\u00e4gt. Zur Erinnerung an dieses besondere numismatische Jubil\u00e4um ist der historische Gulden in diesem Jahr in streng limitierter Auflage als Coincard erh\u00e4ltlich.<\/span><br \/>\n<span style=\"font-size: 12pt;\">\u00a0<\/span><br \/>\n<span style=\"font-size: 12pt;\"><strong>Vier M\u00fcnzarten f\u00fcr einen Sovereign<\/strong><\/span><br \/>\n<span style=\"font-size: 12pt;\">Wilhelmina ist die einzige Monarchin unseres Landes, die unsere Guldenm\u00fcnzen mit nicht weniger als vier verschiedenen Portr\u00e4ts ziert. Der erste Typ \"H\u00e4ngendes Haar\" zeigt die junge Wilhelmina zwischen 1892 und 1897 mit offenem Haar. Das Portr\u00e4t wurde von dem Bildhauer Ludwig J\u00fcnger geschaffen, einem Tschechen, der sich in Amsterdam niederlie\u00df; er erhielt 300 Gulden f\u00fcr sein Modell. Ausgef\u00fchrt wurde es von dem Stempelschneider Willem Jacobus Schammer, dessen Initialen W.S. auf der M\u00fcnze erscheinen.<\/span><br \/>\n<span style=\"font-size: 12pt;\">Als Wilhelmina 18 Jahre alt wurde und zur K\u00f6nigin gekr\u00f6nt wurde, brauchte man ein neues Portr\u00e4t. Dies ist der zweite Typ \"Kr\u00f6nungstyp \/ mit Diadem\": Er zeigt Wilhelmina nach links mit dem Diadem, das sie bei der Amtseinf\u00fchrung trug. Sie wurde von 1898 bis 1909 verwendet und von Pier Pander, einem friesischen Bildhauer und Medaillendesigner, entworfen und geschnitzt.<\/span><br \/>\n<span style=\"font-size: 12pt;\">\u00a0<\/span><br \/>\n<span style=\"font-size: 12pt;\">De jonge koningin werd ouder en van 1910 tot en met 1917 verscheen het derde type \u2018Hermelijnen mantel\u2019 op de guldenmunten. Deze werd gemodelleerd en gesneden door Johannes Cornelis Wienecke en geslagen bij Rijksmunt in Utrecht. Door de Eerste Wereldoorlog stegen de zilverprijzen sterk. Zodoende werd bepaald dat de guldenmunten minder zilver zouden moeten bevatten. Om de nieuwe munten met lager zilvergehalte te kunnen onderscheiden van de oude munten, ontwierp Wienecke ook het vierde type \u2018Opgestoken haar\/ Ouder hoofd\u2019, wat van 1922 \u2013 1945 werd geslagen. Dit prachtige portret is het laatste type gulden portret en viert nu haar 100ste\u00a0verjaardag.<\/span><br \/>\n<span style=\"font-size: 12pt;\">\u00a0<\/span><br \/>\n<span style=\"font-size: 12pt;\"><strong>Spezifikationen der M\u00fcnzanstalt:<\/strong><\/span><br \/>\n<span style=\"font-size: 12pt;\">Der letzte Typ der Wilhelmina-Silberguldenm\u00fcnze von 1922 enthielt nur 72 Prozent des Edelmetalls statt 94,5 Prozent Silber. Die Silberpreise waren aufgrund des Ersten Weltkriegs stark angestiegen, so dass man beschloss, weniger Silber in den M\u00fcnzen zu verwenden. Der Gulden wurde am 1. Oktober 1948 aus dem Verkehr gezogen.<\/span><br \/>\n<span style=\"font-size: 12pt;\">\u00a0<\/span><br \/>\n<span style=\"font-size: 12pt;\">Nicht alle Wilhelmina-Gulden aus dieser Zeit tragen das M\u00fcnzzeichen der Utrechter M\u00fcnze. Tats\u00e4chlich wurde der Gulden 1943 in der amerikanischen Stadt Denver gepr\u00e4gt. Diese Gulden wurden nach Niederl\u00e4ndisch-Ostindien verschickt. W\u00e4hrend des Zweiten Weltkriegs wurden in Philadelphia zus\u00e4tzlich M\u00fcnzen f\u00fcr die besetzten Niederlande gepr\u00e4gt.<\/span><br \/>\n<span style=\"font-size: 12pt;\">\u00a0<\/span><br \/>\n<span style=\"font-size: 12pt;\">Die Vorderseite des Guldens zeigt K\u00f6nigin Wilhelmina mit hochgestecktem Haar und dem Titel \"WILHELMINA KONINGIN DER NEDERLANDEN\". Die R\u00fcckseite zeigt das Wappen der Niederlande, umgeben von \"MUNT OF THE KINGRIJK DER NEDERLANDEN\", der Jahreszahl und dem Wert. Auch der M\u00fcnzmeister und das Zeichen des M\u00fcnzmeisters sind hier zu sehen. Die Randschrift ist der bekannte Schriftzug '* GOD * ZIJ * MET * ONS'.<\/span><br \/>\n<span style=\"font-size: 12pt;\">\u00a0<\/span><\/p>\n<p><span style=\"font-size: 12pt;\"> Siehe Scans f\u00fcr weitere Einzelheiten. <\/span><br \/>\n<span style=\"font-size: 12pt;\"> Bei Fragen k\u00f6nnen Sie uns gerne eine Nachricht schicken.<\/span><\/p>","protected":false},"excerpt":{"rendered":"<p>Nederland\u00a0100 jaar laatste type Wilhelmina-gulden 1929 in coincard Exact 100 jaar geleden deed het laatste type Wilhelmina-gulden haar intrede! De munt werd geslagen van 1922 tot en met 1945. Om bij dit bijzondere numismatische jubileum stil te staan, is de historische gulden dit jaar streng gelimiteerd verkrijgbaar in coincard. \u00a0 Vier munttypes voor een vorstin [&hellip;]<\/p>\n","protected":false},"featured_media":116162,"comment_status":"closed","ping_status":"closed","template":"","meta":[],"product_brand":[],"product_cat":[5538,5471],"product_tag":[],"class_list":{"0":"post-116227","1":"product","2":"type-product","3":"status-publish","4":"has-post-thumbnail","6":"product_cat-coincards-met-guldenmunten","7":"product_cat-nederlandse-munten","8":"pa_delcampeid-5273","9":"pa_land-nederland","10":"pa_muntwaarde-1gulden","11":"pa_soort-coincard","13":"first","14":"instock","15":"taxable","16":"shipping-taxable","17":"purchasable","18":"product-type-simple"},"yoast_head":"<!-- This site is optimized with the Yoast SEO Premium plugin v26.0 (Yoast SEO v27.4) - https:\/\/yoast.com\/product\/yoast-seo-premium-wordpress\/ -->\n<title>Nederland 100 jaar laatste type Wilhelmina-gulden 1931 in coincard<\/title>\n<meta name=\"description\" content=\"Diverse Nederlandse guldenmunten in coincard verkrijgbaar bij David-coin. Bekijk ons complete aanbod. Gratis verzending binnen Nederland vanaf 75 euro.\" \/>\n<meta name=\"robots\" content=\"noindex, follow, max-snippet:-1, max-image-preview:large, max-video-preview:-1\" \/>\n<meta property=\"og:locale\" content=\"de_DE\" \/>\n<meta property=\"og:type\" content=\"article\" \/>\n<meta property=\"og:title\" content=\"Nederland 100 jaar laatste type Wilhelmina-gulden 1929 in coincard\" \/>\n<meta property=\"og:description\" content=\"Diverse Nederlandse guldenmunten in coincard verkrijgbaar bij David-coin. Bekijk ons complete aanbod. Gratis verzending binnen Nederland vanaf 75 euro.\" \/>\n<meta property=\"og:url\" content=\"https:\/\/dev.david-coin.com\/de\/produkt\/nederland-100-jaar-laatste-type-wilhelmina-gulden-1929-in-coincard\/\" \/>\n<meta property=\"og:site_name\" content=\"David Coin\" \/>\n<meta property=\"article:publisher\" content=\"https:\/\/www.facebook.com\/Davidcoininkoopenverkoop\" \/>\n<meta property=\"article:modified_time\" content=\"2025-02-12T08:43:34+00:00\" \/>\n<meta property=\"og:image\" content=\"https:\/\/dev.david-coin.com\/wp-content\/uploads\/2022\/10\/coincardWilhelminagulden1931-vz.jpg\" \/>\n\t<meta property=\"og:image:width\" content=\"800\" \/>\n\t<meta property=\"og:image:height\" content=\"530\" \/>\n\t<meta property=\"og:image:type\" content=\"image\/jpeg\" \/>\n<meta name=\"twitter:card\" content=\"summary_large_image\" \/>\n<meta name=\"twitter:label1\" content=\"Preis\" \/>\n\t<meta name=\"twitter:data1\" content=\"&euro;&nbsp;49,95\" \/>\n\t<meta name=\"twitter:label2\" content=\"Verf\u00fcgbarkeit\" \/>\n\t<meta name=\"twitter:data2\" content=\"Auf Lager\" \/>\n<script type=\"application\/ld+json\" class=\"yoast-schema-graph\">{\"@context\":\"https:\\\/\\\/schema.org\",\"@graph\":[{\"@type\":\"WebPage\",\"@id\":\"https:\\\/\\\/dev.david-coin.com\\\/product\\\/nederland-100-jaar-laatste-type-wilhelmina-gulden-1929-in-coincard\\\/\",\"url\":\"https:\\\/\\\/dev.david-coin.com\\\/product\\\/nederland-100-jaar-laatste-type-wilhelmina-gulden-1929-in-coincard\\\/\",\"name\":\"Nederland 100 jaar laatste type Wilhelmina-gulden 1931 in coincard\",\"isPartOf\":{\"@id\":\"https:\\\/\\\/dev.david-coin.com\\\/#website\"},\"primaryImageOfPage\":{\"@id\":\"https:\\\/\\\/dev.david-coin.com\\\/product\\\/nederland-100-jaar-laatste-type-wilhelmina-gulden-1929-in-coincard\\\/#primaryimage\"},\"image\":{\"@id\":\"https:\\\/\\\/dev.david-coin.com\\\/product\\\/nederland-100-jaar-laatste-type-wilhelmina-gulden-1929-in-coincard\\\/#primaryimage\"},\"thumbnailUrl\":\"https:\\\/\\\/dev.david-coin.com\\\/wp-content\\\/uploads\\\/2022\\\/10\\\/coincardWilhelminagulden1931-vz.jpg\",\"datePublished\":\"2022-10-20T10:22:29+00:00\",\"dateModified\":\"2025-02-12T08:43:34+00:00\",\"description\":\"Diverse Nederlandse guldenmunten in coincard verkrijgbaar bij David-coin. Bekijk ons complete aanbod. Gratis verzending binnen Nederland vanaf 75 euro.\",\"breadcrumb\":{\"@id\":\"https:\\\/\\\/dev.david-coin.com\\\/product\\\/nederland-100-jaar-laatste-type-wilhelmina-gulden-1929-in-coincard\\\/#breadcrumb\"},\"inLanguage\":\"de\",\"potentialAction\":[{\"@type\":\"ReadAction\",\"target\":[\"https:\\\/\\\/dev.david-coin.com\\\/product\\\/nederland-100-jaar-laatste-type-wilhelmina-gulden-1929-in-coincard\\\/\"]}]},{\"@type\":\"ImageObject\",\"inLanguage\":\"de\",\"@id\":\"https:\\\/\\\/dev.david-coin.com\\\/product\\\/nederland-100-jaar-laatste-type-wilhelmina-gulden-1929-in-coincard\\\/#primaryimage\",\"url\":\"https:\\\/\\\/dev.david-coin.com\\\/wp-content\\\/uploads\\\/2022\\\/10\\\/coincardWilhelminagulden1931-vz.jpg\",\"contentUrl\":\"https:\\\/\\\/dev.david-coin.com\\\/wp-content\\\/uploads\\\/2022\\\/10\\\/coincardWilhelminagulden1931-vz.jpg\",\"width\":800,\"height\":530},{\"@type\":\"BreadcrumbList\",\"@id\":\"https:\\\/\\\/dev.david-coin.com\\\/product\\\/nederland-100-jaar-laatste-type-wilhelmina-gulden-1929-in-coincard\\\/#breadcrumb\",\"itemListElement\":[{\"@type\":\"ListItem\",\"position\":1,\"name\":\"Home\",\"item\":\"https:\\\/\\\/dev.david-coin.com\\\/\"},{\"@type\":\"ListItem\",\"position\":2,\"name\":\"Winkel\",\"item\":\"https:\\\/\\\/dev.david-coin.com\\\/winkel\\\/\"},{\"@type\":\"ListItem\",\"position\":3,\"name\":\"Nederland 100 jaar laatste type Wilhelmina-gulden 1929 in coincard\"}]},{\"@type\":\"WebSite\",\"@id\":\"https:\\\/\\\/dev.david-coin.com\\\/#website\",\"url\":\"https:\\\/\\\/dev.david-coin.com\\\/\",\"name\":\"David Coin\",\"description\":\"\",\"publisher\":{\"@id\":\"https:\\\/\\\/dev.david-coin.com\\\/#organization\"},\"potentialAction\":[{\"@type\":\"SearchAction\",\"target\":{\"@type\":\"EntryPoint\",\"urlTemplate\":\"https:\\\/\\\/dev.david-coin.com\\\/?s={search_term_string}\"},\"query-input\":{\"@type\":\"PropertyValueSpecification\",\"valueRequired\":true,\"valueName\":\"search_term_string\"}}],\"inLanguage\":\"de\"},{\"@type\":\"Organization\",\"@id\":\"https:\\\/\\\/dev.david-coin.com\\\/#organization\",\"name\":\"David Coin\",\"url\":\"https:\\\/\\\/dev.david-coin.com\\\/\",\"logo\":{\"@type\":\"ImageObject\",\"inLanguage\":\"de\",\"@id\":\"https:\\\/\\\/dev.david-coin.com\\\/#\\\/schema\\\/logo\\\/image\\\/\",\"url\":\"https:\\\/\\\/dev.david-coin.com\\\/wp-content\\\/uploads\\\/2024\\\/04\\\/davidcoin-logo-final.png\",\"contentUrl\":\"https:\\\/\\\/dev.david-coin.com\\\/wp-content\\\/uploads\\\/2024\\\/04\\\/davidcoin-logo-final.png\",\"width\":800,\"height\":267,\"caption\":\"David Coin\"},\"image\":{\"@id\":\"https:\\\/\\\/dev.david-coin.com\\\/#\\\/schema\\\/logo\\\/image\\\/\"},\"sameAs\":[\"https:\\\/\\\/www.facebook.com\\\/Davidcoininkoopenverkoop\",\"https:\\\/\\\/www.youtube.com\\\/channel\\\/UC39lihLKFSPTff0w6tv0pWQ\"]}]}<\/script>\n<meta property=\"product:price:amount\" content=\"49.95\" \/>\n<meta property=\"product:price:currency\" content=\"EUR\" \/>\n<meta property=\"og:availability\" content=\"instock\" \/>\n<meta property=\"product:availability\" content=\"instock\" \/>\n<meta property=\"product:retailer_item_id\" content=\"15062\" \/>\n<meta property=\"product:condition\" content=\"new\" \/>\n<!-- \/ Yoast SEO Premium plugin. -->","yoast_head_json":{"title":"Niederlande 100 Jahre letzter Typ Wilhelmina Gulden 1931 in coincard","description":"Diverse Nederlandse guldenmunten in coincard verkrijgbaar bij David-coin. Bekijk ons complete aanbod. Gratis verzending binnen Nederland vanaf 75 euro.","robots":{"index":"noindex","follow":"follow","max-snippet":"max-snippet:-1","max-image-preview":"max-image-preview:large","max-video-preview":"max-video-preview:-1"},"og_locale":"de_DE","og_type":"article","og_title":"Nederland 100 jaar laatste type Wilhelmina-gulden 1929 in coincard","og_description":"Diverse Nederlandse guldenmunten in coincard verkrijgbaar bij David-coin. Bekijk ons complete aanbod. Gratis verzending binnen Nederland vanaf 75 euro.","og_url":"https:\/\/dev.david-coin.com\/de\/produkt\/nederland-100-jaar-laatste-type-wilhelmina-gulden-1929-in-coincard\/","og_site_name":"David Coin","article_publisher":"https:\/\/www.facebook.com\/Davidcoininkoopenverkoop","article_modified_time":"2025-02-12T08:43:34+00:00","og_image":[{"width":800,"height":530,"url":"https:\/\/dev.david-coin.com\/wp-content\/uploads\/2022\/10\/coincardWilhelminagulden1931-vz.jpg","type":"image\/jpeg"}],"twitter_card":"summary_large_image","twitter_misc":{"Preis":"&euro;&nbsp;49,95","Verf\u00fcgbarkeit":"Auf Lager"},"schema":{"@context":"https:\/\/schema.org","@graph":[{"@type":"WebPage","@id":"https:\/\/dev.david-coin.com\/product\/nederland-100-jaar-laatste-type-wilhelmina-gulden-1929-in-coincard\/","url":"https:\/\/dev.david-coin.com\/product\/nederland-100-jaar-laatste-type-wilhelmina-gulden-1929-in-coincard\/","name":"Niederlande 100 Jahre letzter Typ Wilhelmina Gulden 1931 in coincard","isPartOf":{"@id":"https:\/\/dev.david-coin.com\/#website"},"primaryImageOfPage":{"@id":"https:\/\/dev.david-coin.com\/product\/nederland-100-jaar-laatste-type-wilhelmina-gulden-1929-in-coincard\/#primaryimage"},"image":{"@id":"https:\/\/dev.david-coin.com\/product\/nederland-100-jaar-laatste-type-wilhelmina-gulden-1929-in-coincard\/#primaryimage"},"thumbnailUrl":"https:\/\/dev.david-coin.com\/wp-content\/uploads\/2022\/10\/coincardWilhelminagulden1931-vz.jpg","datePublished":"2022-10-20T10:22:29+00:00","dateModified":"2025-02-12T08:43:34+00:00","description":"Diverse Nederlandse guldenmunten in coincard verkrijgbaar bij David-coin. Bekijk ons complete aanbod. Gratis verzending binnen Nederland vanaf 75 euro.","breadcrumb":{"@id":"https:\/\/dev.david-coin.com\/product\/nederland-100-jaar-laatste-type-wilhelmina-gulden-1929-in-coincard\/#breadcrumb"},"inLanguage":"de","potentialAction":[{"@type":"ReadAction","target":["https:\/\/dev.david-coin.com\/product\/nederland-100-jaar-laatste-type-wilhelmina-gulden-1929-in-coincard\/"]}]},{"@type":"ImageObject","inLanguage":"de","@id":"https:\/\/dev.david-coin.com\/product\/nederland-100-jaar-laatste-type-wilhelmina-gulden-1929-in-coincard\/#primaryimage","url":"https:\/\/dev.david-coin.com\/wp-content\/uploads\/2022\/10\/coincardWilhelminagulden1931-vz.jpg","contentUrl":"https:\/\/dev.david-coin.com\/wp-content\/uploads\/2022\/10\/coincardWilhelminagulden1931-vz.jpg","width":800,"height":530},{"@type":"BreadcrumbList","@id":"https:\/\/dev.david-coin.com\/product\/nederland-100-jaar-laatste-type-wilhelmina-gulden-1929-in-coincard\/#breadcrumb","itemListElement":[{"@type":"ListItem","position":1,"name":"Home","item":"https:\/\/dev.david-coin.com\/"},{"@type":"ListItem","position":2,"name":"Winkel","item":"https:\/\/dev.david-coin.com\/winkel\/"},{"@type":"ListItem","position":3,"name":"Nederland 100 jaar laatste type Wilhelmina-gulden 1929 in coincard"}]},{"@type":"WebSite","@id":"https:\/\/dev.david-coin.com\/#website","url":"https:\/\/dev.david-coin.com\/","name":"David Coin","description":"","publisher":{"@id":"https:\/\/dev.david-coin.com\/#organization"},"potentialAction":[{"@type":"SearchAction","target":{"@type":"EntryPoint","urlTemplate":"https:\/\/dev.david-coin.com\/?s={search_term_string}"},"query-input":{"@type":"PropertyValueSpecification","valueRequired":true,"valueName":"search_term_string"}}],"inLanguage":"de"},{"@type":"Organization","@id":"https:\/\/dev.david-coin.com\/#organization","name":"David Coin","url":"https:\/\/dev.david-coin.com\/","logo":{"@type":"ImageObject","inLanguage":"de","@id":"https:\/\/dev.david-coin.com\/#\/schema\/logo\/image\/","url":"https:\/\/dev.david-coin.com\/wp-content\/uploads\/2024\/04\/davidcoin-logo-final.png","contentUrl":"https:\/\/dev.david-coin.com\/wp-content\/uploads\/2024\/04\/davidcoin-logo-final.png","width":800,"height":267,"caption":"David Coin"},"image":{"@id":"https:\/\/dev.david-coin.com\/#\/schema\/logo\/image\/"},"sameAs":["https:\/\/www.facebook.com\/Davidcoininkoopenverkoop","https:\/\/www.youtube.com\/channel\/UC39lihLKFSPTff0w6tv0pWQ"]}]},"product_price_amount":"49.95","product_price_currency":"EUR","og_availability":"instock","product_availability":"instock","product_retailer_item_id":"15062","product_condition":"new"},"_links":{"self":[{"href":"https:\/\/dev.david-coin.com\/de\/wp-json\/wp\/v2\/product\/116227","targetHints":{"allow":["GET"]}}],"collection":[{"href":"https:\/\/dev.david-coin.com\/de\/wp-json\/wp\/v2\/product"}],"about":[{"href":"https:\/\/dev.david-coin.com\/de\/wp-json\/wp\/v2\/types\/product"}],"replies":[{"embeddable":true,"href":"https:\/\/dev.david-coin.com\/de\/wp-json\/wp\/v2\/comments?post=116227"}],"version-history":[{"count":0,"href":"https:\/\/dev.david-coin.com\/de\/wp-json\/wp\/v2\/product\/116227\/revisions"}],"wp:featuredmedia":[{"embeddable":true,"href":"https:\/\/dev.david-coin.com\/de\/wp-json\/wp\/v2\/media\/116162"}],"wp:attachment":[{"href":"https:\/\/dev.david-coin.com\/de\/wp-json\/wp\/v2\/media?parent=116227"}],"wp:term":[{"taxonomy":"product_brand","embeddable":true,"href":"https:\/\/dev.david-coin.com\/de\/wp-json\/wp\/v2\/product_brand?post=116227"},{"taxonomy":"product_cat","embeddable":true,"href":"https:\/\/dev.david-coin.com\/de\/wp-json\/wp\/v2\/product_cat?post=116227"},{"taxonomy":"product_tag","embeddable":true,"href":"https:\/\/dev.david-coin.com\/de\/wp-json\/wp\/v2\/product_tag?post=116227"}],"curies":[{"name":"wp","href":"https:\/\/api.w.org\/{rel}","templated":true}]}}