{"id":116178,"date":"2022-10-10T15:29:21","date_gmt":"2022-10-10T15:29:21","guid":{"rendered":"https:\/\/dev.david-coin.com\/product\/rusland-0-euro-trans-siberian-express-2019\/"},"modified":"2025-06-23T16:09:13","modified_gmt":"2025-06-23T14:09:13","slug":"rusland-0-euro-trans-siberian-express-2019","status":"publish","type":"product","link":"https:\/\/dev.david-coin.com\/de\/produkt\/rusland-0-euro-trans-siberian-express-2019\/","title":{"rendered":"Russland 0 Euro Transsibirischer Express 2019 Moskau"},"content":{"rendered":"<p><span style=\"font-size: 12pt;\">Russland 0 Euro Transsibirischer Express 2019 Moskau<\/span><\/p>\n<p><span style=\"font-size: 12pt;\">Auf der Vorderseite der Banknote ist der Transsibirische Express Golden Eagle abgebildet, Russlands erster privater Luxusreisezug. Er verk\u00f6rpert das neue Konzept des Zugreisens - ein H\u00f6chstma\u00df an Komfort und Service. Route: Moskau - Kasan - Jekaterinburg - Nowosibirsk - Irkutsk - Port Baikal - Ulan-Ude - Ulan Bator - Wladiwostok. Die Reisezeit betr\u00e4gt 6 Tage.<\/span><\/p>\n<p><span style=\"font-size: 12pt;\"> Siehe Scans f\u00fcr weitere Einzelheiten. <\/span><br \/>\n<span style=\"font-size: 12pt;\"> Bei Fragen k\u00f6nnen Sie uns gerne eine Nachricht schicken.<\/span><\/p>","protected":false},"excerpt":{"rendered":"<p>Rusland 0 Euro Trans-Siberian Express 2019 Moskou Op de voorzijde van het bankbiljet staat de Trans-Siberian Express Golden Eagle, de eerste particuliere luxe toeristentrein in Rusland.\u00a0Hij belichaamt het nieuwe concept van reizen per trein \u2013 het hoogste niveau van comfort en service.\u00a0Route: Moskou \u2013 Kazan \u2013 Jekaterinenburg \u2013 Novosibirsk \u2013 Irkoetsk \u2013 Port Baikal \u2013 [&hellip;]<\/p>\n","protected":false},"featured_media":116177,"comment_status":"closed","ping_status":"closed","template":"","meta":[],"product_brand":[],"product_cat":[5561,5554,5576],"product_tag":[],"class_list":{"0":"post-116178","1":"product","2":"type-product","3":"status-publish","4":"has-post-thumbnail","6":"product_cat-0-euro-biljetten-paars","7":"product_cat-0-euro-biljet","8":"product_cat-overige-landen-0-eurobiljetten","9":"pa_bankbiljetwaarde-0euro","10":"pa_delcampeid-5264","11":"pa_land-rusland","12":"pa_soort-0_eurobiljetpaars","14":"first","15":"instock","16":"taxable","17":"shipping-taxable","18":"purchasable","19":"product-type-simple"},"yoast_head":"<!-- This site is optimized with the Yoast SEO Premium plugin v26.0 (Yoast SEO v27.4) - https:\/\/yoast.com\/product\/yoast-seo-premium-wordpress\/ -->\n<title>Rusland 0 Euro Trans-Siberian Express 2019 Moskou<\/title>\n<meta name=\"description\" content=\"Groene en paarse 0 Eurobiljetten verkrijgbaar bij David-coin. Bekijk ons complete aanbod. Gratis verzending vanaf 75 euro binnen Nederland.\" \/>\n<meta name=\"robots\" content=\"noindex, follow, max-snippet:-1, max-image-preview:large, max-video-preview:-1\" \/>\n<meta property=\"og:locale\" content=\"de_DE\" \/>\n<meta property=\"og:type\" content=\"article\" \/>\n<meta property=\"og:title\" content=\"Rusland 0 Euro Trans-Siberian Express 2019 Moskou\" \/>\n<meta property=\"og:description\" content=\"Groene en paarse 0 Eurobiljetten verkrijgbaar bij David-coin. Bekijk ons complete aanbod. Gratis verzending vanaf 75 euro binnen Nederland.\" \/>\n<meta property=\"og:url\" content=\"https:\/\/dev.david-coin.com\/de\/produkt\/rusland-0-euro-trans-siberian-express-2019\/\" \/>\n<meta property=\"og:site_name\" content=\"David Coin\" \/>\n<meta property=\"article:publisher\" content=\"https:\/\/www.facebook.com\/Davidcoininkoopenverkoop\" \/>\n<meta property=\"article:modified_time\" content=\"2025-06-23T14:09:13+00:00\" \/>\n<meta property=\"og:image\" content=\"https:\/\/dev.david-coin.com\/wp-content\/uploads\/2022\/10\/0euroRusland.jpg\" \/>\n\t<meta property=\"og:image:width\" content=\"800\" \/>\n\t<meta property=\"og:image:height\" content=\"449\" \/>\n\t<meta property=\"og:image:type\" content=\"image\/jpeg\" \/>\n<meta name=\"twitter:card\" content=\"summary_large_image\" \/>\n<meta name=\"twitter:label1\" content=\"Preis\" \/>\n\t<meta name=\"twitter:data1\" content=\"&euro;&nbsp;4,95\" \/>\n\t<meta name=\"twitter:label2\" content=\"Verf\u00fcgbarkeit\" \/>\n\t<meta name=\"twitter:data2\" content=\"Auf Lager\" \/>\n<script type=\"application\/ld+json\" class=\"yoast-schema-graph\">{\"@context\":\"https:\\\/\\\/schema.org\",\"@graph\":[{\"@type\":\"WebPage\",\"@id\":\"https:\\\/\\\/dev.david-coin.com\\\/product\\\/rusland-0-euro-trans-siberian-express-2019\\\/\",\"url\":\"https:\\\/\\\/dev.david-coin.com\\\/product\\\/rusland-0-euro-trans-siberian-express-2019\\\/\",\"name\":\"Rusland 0 Euro Trans-Siberian Express 2019 Moskou\",\"isPartOf\":{\"@id\":\"https:\\\/\\\/dev.david-coin.com\\\/#website\"},\"primaryImageOfPage\":{\"@id\":\"https:\\\/\\\/dev.david-coin.com\\\/product\\\/rusland-0-euro-trans-siberian-express-2019\\\/#primaryimage\"},\"image\":{\"@id\":\"https:\\\/\\\/dev.david-coin.com\\\/product\\\/rusland-0-euro-trans-siberian-express-2019\\\/#primaryimage\"},\"thumbnailUrl\":\"https:\\\/\\\/dev.david-coin.com\\\/wp-content\\\/uploads\\\/2022\\\/10\\\/0euroRusland.jpg\",\"datePublished\":\"2022-10-10T15:29:21+00:00\",\"dateModified\":\"2025-06-23T14:09:13+00:00\",\"description\":\"Groene en paarse 0 Eurobiljetten verkrijgbaar bij David-coin. Bekijk ons complete aanbod. Gratis verzending vanaf 75 euro binnen Nederland.\",\"breadcrumb\":{\"@id\":\"https:\\\/\\\/dev.david-coin.com\\\/product\\\/rusland-0-euro-trans-siberian-express-2019\\\/#breadcrumb\"},\"inLanguage\":\"de\",\"potentialAction\":[{\"@type\":\"ReadAction\",\"target\":[\"https:\\\/\\\/dev.david-coin.com\\\/product\\\/rusland-0-euro-trans-siberian-express-2019\\\/\"]}]},{\"@type\":\"ImageObject\",\"inLanguage\":\"de\",\"@id\":\"https:\\\/\\\/dev.david-coin.com\\\/product\\\/rusland-0-euro-trans-siberian-express-2019\\\/#primaryimage\",\"url\":\"https:\\\/\\\/dev.david-coin.com\\\/wp-content\\\/uploads\\\/2022\\\/10\\\/0euroRusland.jpg\",\"contentUrl\":\"https:\\\/\\\/dev.david-coin.com\\\/wp-content\\\/uploads\\\/2022\\\/10\\\/0euroRusland.jpg\",\"width\":800,\"height\":449},{\"@type\":\"BreadcrumbList\",\"@id\":\"https:\\\/\\\/dev.david-coin.com\\\/product\\\/rusland-0-euro-trans-siberian-express-2019\\\/#breadcrumb\",\"itemListElement\":[{\"@type\":\"ListItem\",\"position\":1,\"name\":\"Home\",\"item\":\"https:\\\/\\\/dev.david-coin.com\\\/\"},{\"@type\":\"ListItem\",\"position\":2,\"name\":\"Winkel\",\"item\":\"https:\\\/\\\/dev.david-coin.com\\\/winkel\\\/\"},{\"@type\":\"ListItem\",\"position\":3,\"name\":\"Rusland 0 Euro Trans-Siberian Express 2019 Moskou\"}]},{\"@type\":\"WebSite\",\"@id\":\"https:\\\/\\\/dev.david-coin.com\\\/#website\",\"url\":\"https:\\\/\\\/dev.david-coin.com\\\/\",\"name\":\"David Coin\",\"description\":\"\",\"publisher\":{\"@id\":\"https:\\\/\\\/dev.david-coin.com\\\/#organization\"},\"potentialAction\":[{\"@type\":\"SearchAction\",\"target\":{\"@type\":\"EntryPoint\",\"urlTemplate\":\"https:\\\/\\\/dev.david-coin.com\\\/?s={search_term_string}\"},\"query-input\":{\"@type\":\"PropertyValueSpecification\",\"valueRequired\":true,\"valueName\":\"search_term_string\"}}],\"inLanguage\":\"de\"},{\"@type\":\"Organization\",\"@id\":\"https:\\\/\\\/dev.david-coin.com\\\/#organization\",\"name\":\"David Coin\",\"url\":\"https:\\\/\\\/dev.david-coin.com\\\/\",\"logo\":{\"@type\":\"ImageObject\",\"inLanguage\":\"de\",\"@id\":\"https:\\\/\\\/dev.david-coin.com\\\/#\\\/schema\\\/logo\\\/image\\\/\",\"url\":\"https:\\\/\\\/dev.david-coin.com\\\/wp-content\\\/uploads\\\/2024\\\/04\\\/davidcoin-logo-final.png\",\"contentUrl\":\"https:\\\/\\\/dev.david-coin.com\\\/wp-content\\\/uploads\\\/2024\\\/04\\\/davidcoin-logo-final.png\",\"width\":800,\"height\":267,\"caption\":\"David Coin\"},\"image\":{\"@id\":\"https:\\\/\\\/dev.david-coin.com\\\/#\\\/schema\\\/logo\\\/image\\\/\"},\"sameAs\":[\"https:\\\/\\\/www.facebook.com\\\/Davidcoininkoopenverkoop\",\"https:\\\/\\\/www.youtube.com\\\/channel\\\/UC39lihLKFSPTff0w6tv0pWQ\"]}]}<\/script>\n<meta property=\"product:price:amount\" content=\"4.95\" \/>\n<meta property=\"product:price:currency\" content=\"EUR\" \/>\n<meta property=\"og:availability\" content=\"instock\" \/>\n<meta property=\"product:availability\" content=\"instock\" \/>\n<meta property=\"product:retailer_item_id\" content=\"4419\" \/>\n<meta property=\"product:condition\" content=\"new\" \/>\n<!-- \/ Yoast SEO Premium plugin. -->","yoast_head_json":{"title":"Russland 0 Euro Transsibirischer Express 2019 Moskau","description":"Groene en paarse 0 Eurobiljetten verkrijgbaar bij David-coin. Bekijk ons complete aanbod. Gratis verzending vanaf 75 euro binnen Nederland.","robots":{"index":"noindex","follow":"follow","max-snippet":"max-snippet:-1","max-image-preview":"max-image-preview:large","max-video-preview":"max-video-preview:-1"},"og_locale":"de_DE","og_type":"article","og_title":"Rusland 0 Euro Trans-Siberian Express 2019 Moskou","og_description":"Groene en paarse 0 Eurobiljetten verkrijgbaar bij David-coin. Bekijk ons complete aanbod. Gratis verzending vanaf 75 euro binnen Nederland.","og_url":"https:\/\/dev.david-coin.com\/de\/produkt\/rusland-0-euro-trans-siberian-express-2019\/","og_site_name":"David Coin","article_publisher":"https:\/\/www.facebook.com\/Davidcoininkoopenverkoop","article_modified_time":"2025-06-23T14:09:13+00:00","og_image":[{"width":800,"height":449,"url":"https:\/\/dev.david-coin.com\/wp-content\/uploads\/2022\/10\/0euroRusland.jpg","type":"image\/jpeg"}],"twitter_card":"summary_large_image","twitter_misc":{"Preis":"&euro;&nbsp;4,95","Verf\u00fcgbarkeit":"Auf Lager"},"schema":{"@context":"https:\/\/schema.org","@graph":[{"@type":"WebPage","@id":"https:\/\/dev.david-coin.com\/product\/rusland-0-euro-trans-siberian-express-2019\/","url":"https:\/\/dev.david-coin.com\/product\/rusland-0-euro-trans-siberian-express-2019\/","name":"Russland 0 Euro Transsibirischer Express 2019 Moskau","isPartOf":{"@id":"https:\/\/dev.david-coin.com\/#website"},"primaryImageOfPage":{"@id":"https:\/\/dev.david-coin.com\/product\/rusland-0-euro-trans-siberian-express-2019\/#primaryimage"},"image":{"@id":"https:\/\/dev.david-coin.com\/product\/rusland-0-euro-trans-siberian-express-2019\/#primaryimage"},"thumbnailUrl":"https:\/\/dev.david-coin.com\/wp-content\/uploads\/2022\/10\/0euroRusland.jpg","datePublished":"2022-10-10T15:29:21+00:00","dateModified":"2025-06-23T14:09:13+00:00","description":"Groene en paarse 0 Eurobiljetten verkrijgbaar bij David-coin. Bekijk ons complete aanbod. Gratis verzending vanaf 75 euro binnen Nederland.","breadcrumb":{"@id":"https:\/\/dev.david-coin.com\/product\/rusland-0-euro-trans-siberian-express-2019\/#breadcrumb"},"inLanguage":"de","potentialAction":[{"@type":"ReadAction","target":["https:\/\/dev.david-coin.com\/product\/rusland-0-euro-trans-siberian-express-2019\/"]}]},{"@type":"ImageObject","inLanguage":"de","@id":"https:\/\/dev.david-coin.com\/product\/rusland-0-euro-trans-siberian-express-2019\/#primaryimage","url":"https:\/\/dev.david-coin.com\/wp-content\/uploads\/2022\/10\/0euroRusland.jpg","contentUrl":"https:\/\/dev.david-coin.com\/wp-content\/uploads\/2022\/10\/0euroRusland.jpg","width":800,"height":449},{"@type":"BreadcrumbList","@id":"https:\/\/dev.david-coin.com\/product\/rusland-0-euro-trans-siberian-express-2019\/#breadcrumb","itemListElement":[{"@type":"ListItem","position":1,"name":"Home","item":"https:\/\/dev.david-coin.com\/"},{"@type":"ListItem","position":2,"name":"Winkel","item":"https:\/\/dev.david-coin.com\/winkel\/"},{"@type":"ListItem","position":3,"name":"Rusland 0 Euro Trans-Siberian Express 2019 Moskou"}]},{"@type":"WebSite","@id":"https:\/\/dev.david-coin.com\/#website","url":"https:\/\/dev.david-coin.com\/","name":"David Coin","description":"","publisher":{"@id":"https:\/\/dev.david-coin.com\/#organization"},"potentialAction":[{"@type":"SearchAction","target":{"@type":"EntryPoint","urlTemplate":"https:\/\/dev.david-coin.com\/?s={search_term_string}"},"query-input":{"@type":"PropertyValueSpecification","valueRequired":true,"valueName":"search_term_string"}}],"inLanguage":"de"},{"@type":"Organization","@id":"https:\/\/dev.david-coin.com\/#organization","name":"David Coin","url":"https:\/\/dev.david-coin.com\/","logo":{"@type":"ImageObject","inLanguage":"de","@id":"https:\/\/dev.david-coin.com\/#\/schema\/logo\/image\/","url":"https:\/\/dev.david-coin.com\/wp-content\/uploads\/2024\/04\/davidcoin-logo-final.png","contentUrl":"https:\/\/dev.david-coin.com\/wp-content\/uploads\/2024\/04\/davidcoin-logo-final.png","width":800,"height":267,"caption":"David Coin"},"image":{"@id":"https:\/\/dev.david-coin.com\/#\/schema\/logo\/image\/"},"sameAs":["https:\/\/www.facebook.com\/Davidcoininkoopenverkoop","https:\/\/www.youtube.com\/channel\/UC39lihLKFSPTff0w6tv0pWQ"]}]},"product_price_amount":"4.95","product_price_currency":"EUR","og_availability":"instock","product_availability":"instock","product_retailer_item_id":"4419","product_condition":"new"},"_links":{"self":[{"href":"https:\/\/dev.david-coin.com\/de\/wp-json\/wp\/v2\/product\/116178","targetHints":{"allow":["GET"]}}],"collection":[{"href":"https:\/\/dev.david-coin.com\/de\/wp-json\/wp\/v2\/product"}],"about":[{"href":"https:\/\/dev.david-coin.com\/de\/wp-json\/wp\/v2\/types\/product"}],"replies":[{"embeddable":true,"href":"https:\/\/dev.david-coin.com\/de\/wp-json\/wp\/v2\/comments?post=116178"}],"version-history":[{"count":0,"href":"https:\/\/dev.david-coin.com\/de\/wp-json\/wp\/v2\/product\/116178\/revisions"}],"wp:featuredmedia":[{"embeddable":true,"href":"https:\/\/dev.david-coin.com\/de\/wp-json\/wp\/v2\/media\/116177"}],"wp:attachment":[{"href":"https:\/\/dev.david-coin.com\/de\/wp-json\/wp\/v2\/media?parent=116178"}],"wp:term":[{"taxonomy":"product_brand","embeddable":true,"href":"https:\/\/dev.david-coin.com\/de\/wp-json\/wp\/v2\/product_brand?post=116178"},{"taxonomy":"product_cat","embeddable":true,"href":"https:\/\/dev.david-coin.com\/de\/wp-json\/wp\/v2\/product_cat?post=116178"},{"taxonomy":"product_tag","embeddable":true,"href":"https:\/\/dev.david-coin.com\/de\/wp-json\/wp\/v2\/product_tag?post=116178"}],"curies":[{"name":"wp","href":"https:\/\/api.w.org\/{rel}","templated":true}]}}