{"id":115575,"date":"2022-07-09T13:07:34","date_gmt":"2022-07-09T13:07:34","guid":{"rendered":"https:\/\/dev.david-coin.com\/product\/nederland-1-gulden-juliana-zilver-willekeurg-jaartal\/"},"modified":"2025-10-07T20:44:00","modified_gmt":"2025-10-07T18:44:00","slug":"nederland-1-gulden-juliana-zilver-willekeurg-jaartal","status":"publish","type":"product","link":"https:\/\/dev.david-coin.com\/de\/produkt\/nederland-1-gulden-juliana-zilver-willekeurg-jaartal\/","title":{"rendered":"Niederlande 1 Gulden Juliana Silber (jedes Jahr)"},"content":{"rendered":"<p><span style=\"font-size: 12pt;\"><strong>Niederlande 1 Gulden Juliana Silber (jedes Jahr)<\/strong><br \/>\nPr\u00fcfung:720\/1000<\/span><br \/>\n<span style=\"font-size: 12pt;\">Bruttogewicht:6,5 Gramm <\/span><br \/>\n<span style=\"font-size: 12pt;\"> Nettogewicht Silber: 4,68 Gramm.<br \/>\nBestellen Sie hier Silbergulden (in St\u00fcckzahlen) zu einem g\u00fcnstigen St\u00fcckpreis.<br \/>\nSie erhalten jedes Jahr.<\/span><\/p>\n<p><span style=\"font-size: 12pt;\"> Siehe Scans f\u00fcr weitere Einzelheiten. <\/span><br \/>\n<span style=\"font-size: 12pt;\"> Bei Fragen k\u00f6nnen Sie uns gerne eine Nachricht schicken.<\/span><\/p>","protected":false},"excerpt":{"rendered":"<p>Nederland 1 Gulden Juliana zilver (willekeurig jaartal) Gehalte:720\/1000 Bruto gewicht:6,5 gram Netto gewicht zilver: 4,68 gram. Bestel hier zilveren guldens (in aantallen) voor een lage stukprijs. U\u00a0ontvangt een willekeurig jaartal. Zie scans voor meer details. Voor vragen stuur ons gerust een bericht.<\/p>","protected":false},"featured_media":110378,"comment_status":"closed","ping_status":"closed","template":"","meta":[],"product_brand":[],"product_cat":[5479,6211],"product_tag":[],"class_list":{"0":"post-115575","1":"product","2":"type-product","3":"status-publish","4":"has-post-thumbnail","6":"product_cat-edelmetaal-goud-kopen","7":"product_cat-zilveren-munten-los-per-stuk","8":"pa_koning-koningin-juliana","9":"pa_land-nederland","10":"pa_materiaal-zilver","11":"pa_muntwaarde-1gulden","13":"first","14":"instock","15":"taxable","16":"shipping-taxable","17":"purchasable","18":"product-type-simple"},"yoast_head":"<!-- This site is optimized with the Yoast SEO Premium plugin v26.0 (Yoast SEO v27.4) - https:\/\/yoast.com\/product\/yoast-seo-premium-wordpress\/ -->\n<title>Nederland 1 Gulden Juliana zilver (willekeurig jaartal)<\/title>\n<meta name=\"description\" content=\"Gouden munten of baren kopen of verkopen? Bekijk ons complete aanbod. Gratis verzending binnen Nederland vanaf 5.000 euro.\" \/>\n<meta name=\"robots\" content=\"noindex, follow, max-snippet:-1, max-image-preview:large, max-video-preview:-1\" \/>\n<meta property=\"og:locale\" content=\"de_DE\" \/>\n<meta property=\"og:type\" content=\"article\" \/>\n<meta property=\"og:title\" content=\"Nederland 1 Gulden Juliana zilver (willekeurig jaartal)\" \/>\n<meta property=\"og:description\" content=\"Gouden munten of baren kopen of verkopen? Bekijk ons complete aanbod. Gratis verzending binnen Nederland vanaf 5.000 euro.\" \/>\n<meta property=\"og:url\" content=\"https:\/\/dev.david-coin.com\/de\/produkt\/nederland-1-gulden-juliana-zilver-willekeurg-jaartal\/\" \/>\n<meta property=\"og:site_name\" content=\"David Coin\" \/>\n<meta property=\"article:publisher\" content=\"https:\/\/www.facebook.com\/Davidcoininkoopenverkoop\" \/>\n<meta property=\"article:modified_time\" content=\"2025-10-07T18:44:00+00:00\" \/>\n<meta property=\"og:image\" content=\"https:\/\/dev.david-coin.com\/wp-content\/uploads\/2020\/04\/Nederland-1-Gulden-Juliana-zilver-David-coin.jpg\" \/>\n\t<meta property=\"og:image:width\" content=\"695\" \/>\n\t<meta property=\"og:image:height\" content=\"694\" \/>\n\t<meta property=\"og:image:type\" content=\"image\/jpeg\" \/>\n<meta name=\"twitter:card\" content=\"summary_large_image\" \/>\n<meta name=\"twitter:label1\" content=\"Preis\" \/>\n\t<meta name=\"twitter:data1\" content=\"&euro;&nbsp;16,16\" \/>\n\t<meta name=\"twitter:label2\" content=\"Verf\u00fcgbarkeit\" \/>\n\t<meta name=\"twitter:data2\" content=\"Auf Lager\" \/>\n<script type=\"application\/ld+json\" class=\"yoast-schema-graph\">{\"@context\":\"https:\\\/\\\/schema.org\",\"@graph\":[{\"@type\":\"WebPage\",\"@id\":\"https:\\\/\\\/dev.david-coin.com\\\/product\\\/nederland-1-gulden-juliana-zilver-willekeurg-jaartal\\\/\",\"url\":\"https:\\\/\\\/dev.david-coin.com\\\/product\\\/nederland-1-gulden-juliana-zilver-willekeurg-jaartal\\\/\",\"name\":\"Nederland 1 Gulden Juliana zilver (willekeurig jaartal)\",\"isPartOf\":{\"@id\":\"https:\\\/\\\/dev.david-coin.com\\\/#website\"},\"primaryImageOfPage\":{\"@id\":\"https:\\\/\\\/dev.david-coin.com\\\/product\\\/nederland-1-gulden-juliana-zilver-willekeurg-jaartal\\\/#primaryimage\"},\"image\":{\"@id\":\"https:\\\/\\\/dev.david-coin.com\\\/product\\\/nederland-1-gulden-juliana-zilver-willekeurg-jaartal\\\/#primaryimage\"},\"thumbnailUrl\":\"https:\\\/\\\/dev.david-coin.com\\\/wp-content\\\/uploads\\\/2020\\\/04\\\/Nederland-1-Gulden-Juliana-zilver-David-coin.jpg\",\"datePublished\":\"2022-07-09T13:07:34+00:00\",\"dateModified\":\"2025-10-07T18:44:00+00:00\",\"description\":\"Gouden munten of baren kopen of verkopen? Bekijk ons complete aanbod. Gratis verzending binnen Nederland vanaf 5.000 euro.\",\"breadcrumb\":{\"@id\":\"https:\\\/\\\/dev.david-coin.com\\\/product\\\/nederland-1-gulden-juliana-zilver-willekeurg-jaartal\\\/#breadcrumb\"},\"inLanguage\":\"de\",\"potentialAction\":[{\"@type\":\"ReadAction\",\"target\":[\"https:\\\/\\\/dev.david-coin.com\\\/product\\\/nederland-1-gulden-juliana-zilver-willekeurg-jaartal\\\/\"]}]},{\"@type\":\"ImageObject\",\"inLanguage\":\"de\",\"@id\":\"https:\\\/\\\/dev.david-coin.com\\\/product\\\/nederland-1-gulden-juliana-zilver-willekeurg-jaartal\\\/#primaryimage\",\"url\":\"https:\\\/\\\/dev.david-coin.com\\\/wp-content\\\/uploads\\\/2020\\\/04\\\/Nederland-1-Gulden-Juliana-zilver-David-coin.jpg\",\"contentUrl\":\"https:\\\/\\\/dev.david-coin.com\\\/wp-content\\\/uploads\\\/2020\\\/04\\\/Nederland-1-Gulden-Juliana-zilver-David-coin.jpg\",\"width\":695,\"height\":694,\"caption\":\"Nederland-1-Gulden-Juliana-zilver-David-coin.jpg\"},{\"@type\":\"BreadcrumbList\",\"@id\":\"https:\\\/\\\/dev.david-coin.com\\\/product\\\/nederland-1-gulden-juliana-zilver-willekeurg-jaartal\\\/#breadcrumb\",\"itemListElement\":[{\"@type\":\"ListItem\",\"position\":1,\"name\":\"Home\",\"item\":\"https:\\\/\\\/dev.david-coin.com\\\/\"},{\"@type\":\"ListItem\",\"position\":2,\"name\":\"Winkel\",\"item\":\"https:\\\/\\\/dev.david-coin.com\\\/winkel\\\/\"},{\"@type\":\"ListItem\",\"position\":3,\"name\":\"Nederland 1 Gulden Juliana zilver (willekeurig jaartal)\"}]},{\"@type\":\"WebSite\",\"@id\":\"https:\\\/\\\/dev.david-coin.com\\\/#website\",\"url\":\"https:\\\/\\\/dev.david-coin.com\\\/\",\"name\":\"David Coin\",\"description\":\"\",\"publisher\":{\"@id\":\"https:\\\/\\\/dev.david-coin.com\\\/#organization\"},\"potentialAction\":[{\"@type\":\"SearchAction\",\"target\":{\"@type\":\"EntryPoint\",\"urlTemplate\":\"https:\\\/\\\/dev.david-coin.com\\\/?s={search_term_string}\"},\"query-input\":{\"@type\":\"PropertyValueSpecification\",\"valueRequired\":true,\"valueName\":\"search_term_string\"}}],\"inLanguage\":\"de\"},{\"@type\":\"Organization\",\"@id\":\"https:\\\/\\\/dev.david-coin.com\\\/#organization\",\"name\":\"David Coin\",\"url\":\"https:\\\/\\\/dev.david-coin.com\\\/\",\"logo\":{\"@type\":\"ImageObject\",\"inLanguage\":\"de\",\"@id\":\"https:\\\/\\\/dev.david-coin.com\\\/#\\\/schema\\\/logo\\\/image\\\/\",\"url\":\"https:\\\/\\\/dev.david-coin.com\\\/wp-content\\\/uploads\\\/2024\\\/04\\\/davidcoin-logo-final.png\",\"contentUrl\":\"https:\\\/\\\/dev.david-coin.com\\\/wp-content\\\/uploads\\\/2024\\\/04\\\/davidcoin-logo-final.png\",\"width\":800,\"height\":267,\"caption\":\"David Coin\"},\"image\":{\"@id\":\"https:\\\/\\\/dev.david-coin.com\\\/#\\\/schema\\\/logo\\\/image\\\/\"},\"sameAs\":[\"https:\\\/\\\/www.facebook.com\\\/Davidcoininkoopenverkoop\",\"https:\\\/\\\/www.youtube.com\\\/channel\\\/UC39lihLKFSPTff0w6tv0pWQ\"]}]}<\/script>\n<meta property=\"product:price:amount\" content=\"16.16\" \/>\n<meta property=\"product:price:currency\" content=\"EUR\" \/>\n<meta property=\"og:availability\" content=\"instock\" \/>\n<meta property=\"product:availability\" content=\"instock\" \/>\n<meta property=\"product:retailer_item_id\" content=\"9117\" \/>\n<meta property=\"product:condition\" content=\"new\" \/>\n<!-- \/ Yoast SEO Premium plugin. -->","yoast_head_json":{"title":"Niederlande 1 Gulden Juliana Silber (jedes Jahr)","description":"Gouden munten of baren kopen of verkopen? Bekijk ons complete aanbod. Gratis verzending binnen Nederland vanaf 5.000 euro.","robots":{"index":"noindex","follow":"follow","max-snippet":"max-snippet:-1","max-image-preview":"max-image-preview:large","max-video-preview":"max-video-preview:-1"},"og_locale":"de_DE","og_type":"article","og_title":"Nederland 1 Gulden Juliana zilver (willekeurig jaartal)","og_description":"Gouden munten of baren kopen of verkopen? Bekijk ons complete aanbod. Gratis verzending binnen Nederland vanaf 5.000 euro.","og_url":"https:\/\/dev.david-coin.com\/de\/produkt\/nederland-1-gulden-juliana-zilver-willekeurg-jaartal\/","og_site_name":"David Coin","article_publisher":"https:\/\/www.facebook.com\/Davidcoininkoopenverkoop","article_modified_time":"2025-10-07T18:44:00+00:00","og_image":[{"width":695,"height":694,"url":"https:\/\/dev.david-coin.com\/wp-content\/uploads\/2020\/04\/Nederland-1-Gulden-Juliana-zilver-David-coin.jpg","type":"image\/jpeg"}],"twitter_card":"summary_large_image","twitter_misc":{"Preis":"&euro;&nbsp;16,16","Verf\u00fcgbarkeit":"Auf Lager"},"schema":{"@context":"https:\/\/schema.org","@graph":[{"@type":"WebPage","@id":"https:\/\/dev.david-coin.com\/product\/nederland-1-gulden-juliana-zilver-willekeurg-jaartal\/","url":"https:\/\/dev.david-coin.com\/product\/nederland-1-gulden-juliana-zilver-willekeurg-jaartal\/","name":"Niederlande 1 Gulden Juliana Silber (jedes Jahr)","isPartOf":{"@id":"https:\/\/dev.david-coin.com\/#website"},"primaryImageOfPage":{"@id":"https:\/\/dev.david-coin.com\/product\/nederland-1-gulden-juliana-zilver-willekeurg-jaartal\/#primaryimage"},"image":{"@id":"https:\/\/dev.david-coin.com\/product\/nederland-1-gulden-juliana-zilver-willekeurg-jaartal\/#primaryimage"},"thumbnailUrl":"https:\/\/dev.david-coin.com\/wp-content\/uploads\/2020\/04\/Nederland-1-Gulden-Juliana-zilver-David-coin.jpg","datePublished":"2022-07-09T13:07:34+00:00","dateModified":"2025-10-07T18:44:00+00:00","description":"Gouden munten of baren kopen of verkopen? Bekijk ons complete aanbod. Gratis verzending binnen Nederland vanaf 5.000 euro.","breadcrumb":{"@id":"https:\/\/dev.david-coin.com\/product\/nederland-1-gulden-juliana-zilver-willekeurg-jaartal\/#breadcrumb"},"inLanguage":"de","potentialAction":[{"@type":"ReadAction","target":["https:\/\/dev.david-coin.com\/product\/nederland-1-gulden-juliana-zilver-willekeurg-jaartal\/"]}]},{"@type":"ImageObject","inLanguage":"de","@id":"https:\/\/dev.david-coin.com\/product\/nederland-1-gulden-juliana-zilver-willekeurg-jaartal\/#primaryimage","url":"https:\/\/dev.david-coin.com\/wp-content\/uploads\/2020\/04\/Nederland-1-Gulden-Juliana-zilver-David-coin.jpg","contentUrl":"https:\/\/dev.david-coin.com\/wp-content\/uploads\/2020\/04\/Nederland-1-Gulden-Juliana-zilver-David-coin.jpg","width":695,"height":694,"caption":"Nederland-1-Gulden-Juliana-zilver-David-coin.jpg"},{"@type":"BreadcrumbList","@id":"https:\/\/dev.david-coin.com\/product\/nederland-1-gulden-juliana-zilver-willekeurg-jaartal\/#breadcrumb","itemListElement":[{"@type":"ListItem","position":1,"name":"Home","item":"https:\/\/dev.david-coin.com\/"},{"@type":"ListItem","position":2,"name":"Winkel","item":"https:\/\/dev.david-coin.com\/winkel\/"},{"@type":"ListItem","position":3,"name":"Nederland 1 Gulden Juliana zilver (willekeurig jaartal)"}]},{"@type":"WebSite","@id":"https:\/\/dev.david-coin.com\/#website","url":"https:\/\/dev.david-coin.com\/","name":"David Coin","description":"","publisher":{"@id":"https:\/\/dev.david-coin.com\/#organization"},"potentialAction":[{"@type":"SearchAction","target":{"@type":"EntryPoint","urlTemplate":"https:\/\/dev.david-coin.com\/?s={search_term_string}"},"query-input":{"@type":"PropertyValueSpecification","valueRequired":true,"valueName":"search_term_string"}}],"inLanguage":"de"},{"@type":"Organization","@id":"https:\/\/dev.david-coin.com\/#organization","name":"David Coin","url":"https:\/\/dev.david-coin.com\/","logo":{"@type":"ImageObject","inLanguage":"de","@id":"https:\/\/dev.david-coin.com\/#\/schema\/logo\/image\/","url":"https:\/\/dev.david-coin.com\/wp-content\/uploads\/2024\/04\/davidcoin-logo-final.png","contentUrl":"https:\/\/dev.david-coin.com\/wp-content\/uploads\/2024\/04\/davidcoin-logo-final.png","width":800,"height":267,"caption":"David Coin"},"image":{"@id":"https:\/\/dev.david-coin.com\/#\/schema\/logo\/image\/"},"sameAs":["https:\/\/www.facebook.com\/Davidcoininkoopenverkoop","https:\/\/www.youtube.com\/channel\/UC39lihLKFSPTff0w6tv0pWQ"]}]},"product_price_amount":"16.16","product_price_currency":"EUR","og_availability":"instock","product_availability":"instock","product_retailer_item_id":"9117","product_condition":"new"},"_links":{"self":[{"href":"https:\/\/dev.david-coin.com\/de\/wp-json\/wp\/v2\/product\/115575","targetHints":{"allow":["GET"]}}],"collection":[{"href":"https:\/\/dev.david-coin.com\/de\/wp-json\/wp\/v2\/product"}],"about":[{"href":"https:\/\/dev.david-coin.com\/de\/wp-json\/wp\/v2\/types\/product"}],"replies":[{"embeddable":true,"href":"https:\/\/dev.david-coin.com\/de\/wp-json\/wp\/v2\/comments?post=115575"}],"version-history":[{"count":0,"href":"https:\/\/dev.david-coin.com\/de\/wp-json\/wp\/v2\/product\/115575\/revisions"}],"wp:featuredmedia":[{"embeddable":true,"href":"https:\/\/dev.david-coin.com\/de\/wp-json\/wp\/v2\/media\/110378"}],"wp:attachment":[{"href":"https:\/\/dev.david-coin.com\/de\/wp-json\/wp\/v2\/media?parent=115575"}],"wp:term":[{"taxonomy":"product_brand","embeddable":true,"href":"https:\/\/dev.david-coin.com\/de\/wp-json\/wp\/v2\/product_brand?post=115575"},{"taxonomy":"product_cat","embeddable":true,"href":"https:\/\/dev.david-coin.com\/de\/wp-json\/wp\/v2\/product_cat?post=115575"},{"taxonomy":"product_tag","embeddable":true,"href":"https:\/\/dev.david-coin.com\/de\/wp-json\/wp\/v2\/product_tag?post=115575"}],"curies":[{"name":"wp","href":"https:\/\/api.w.org\/{rel}","templated":true}]}}