{"id":111986,"date":"2021-03-10T16:15:49","date_gmt":"2021-03-10T16:15:49","guid":{"rendered":"https:\/\/dev.david-coin.com\/product\/hartberger-muntsetbladen-2-vaks-goede-doelen\/"},"modified":"2025-09-19T11:13:40","modified_gmt":"2025-09-19T09:13:40","slug":"hartberger-muntsetbladen-2-vaks-goede-doelen","status":"publish","type":"product","link":"https:\/\/dev.david-coin.com\/de\/produkt\/hartberger-muntsetbladen-2-vaks-goede-doelen\/","title":{"rendered":"Hartberger M\u00fcnzsatz Bl\u00e4tter 2 F\u00e4cher Wohlt\u00e4tigkeit"},"content":{"rendered":"<p><span style=\"font-size: 12pt;\">Hartberger Muntsetbladen 2 vaks voor Goede Doelen en UNC sets (5 stuks)<\/span><br \/><span style=\"font-size: 12pt;\">Hartberger Muntsetbladen met 2 vakken.<\/span><br \/><span style=\"font-size: 12pt;\">Speciaal voor de (Goede Doelen) muntsetjes en ook de huidige Nederlandse UNC sets vanaf 2014.<\/span><br \/><span style=\"font-size: 12pt;\">Afmetingen blad: 245 x 285 mm<\/span><br \/><span style=\"font-size: 12pt;\">Afmetingen binnenmaat (per vak): 135 x 125 mm<\/span><br \/><span style=\"font-size: 12pt;\">Passend in de Hartberger GMS en GML ringbanden<\/span><\/p>\n<p><span style=\"font-size: 12pt;\">Siehe Scans f\u00fcr weitere Einzelheiten.<\/span><br \/><span style=\"font-size: 12pt;\">Bei Fragen k\u00f6nnen Sie uns gerne eine Nachricht schicken.<\/span><\/p>","protected":false},"excerpt":{"rendered":"<p>Hartberger Muntsetbladen 2 vaks voor Goede Doelen en UNC sets (5 stuks)Hartberger Muntsetbladen met 2 vakken.Speciaal voor de (Goede Doelen) muntsetjes en ook de huidige Nederlandse UNC sets vanaf 2014.Afmetingen blad: 245 x 285 mmAfmetingen binnenmaat (per vak): 135 x 125 mmPassend in de Hartberger GMS en GML ringbanden Zie scans voor meer details.Voor vragen [&hellip;]<\/p>\n","protected":false},"featured_media":111983,"comment_status":"closed","ping_status":"closed","template":"","meta":[],"product_brand":[],"product_cat":[5546,5556,5482],"product_tag":[],"class_list":{"0":"post-111986","1":"product","2":"type-product","3":"status-publish","4":"has-post-thumbnail","6":"product_cat-bladen-voor-munten-en-bankbiljetten","7":"product_cat-bladen-voor-muntsets","8":"product_cat-munt-houder","9":"pa_delcampeid-5263","10":"pa_soort-muntsetbladen","12":"first","13":"instock","14":"taxable","15":"shipping-taxable","16":"purchasable","17":"product-type-simple"},"yoast_head":"<!-- This site is optimized with the Yoast SEO Premium plugin v26.0 (Yoast SEO v27.4) - https:\/\/yoast.com\/product\/yoast-seo-premium-wordpress\/ -->\n<title>Hartberger Muntsetbladen 2 vaks Goede Doelen<\/title>\n<meta name=\"description\" content=\"Hartberger opbergsystemen voor uw verzamelitems van o.a. Munten en Bankbiljetten. Bekijk nu ons volledige aanbod. Gratis verzending binnen NL vanaf 75 euro.\" \/>\n<meta name=\"robots\" content=\"noindex, follow, max-snippet:-1, max-image-preview:large, max-video-preview:-1\" \/>\n<meta property=\"og:locale\" content=\"de_DE\" \/>\n<meta property=\"og:type\" content=\"article\" \/>\n<meta property=\"og:title\" content=\"Hartberger Muntsetbladen 2 vaks Goede Doelen\" \/>\n<meta property=\"og:description\" content=\"Hartberger opbergsystemen voor uw verzamelitems van o.a. Munten en Bankbiljetten. Bekijk nu ons volledige aanbod. Gratis verzending binnen NL vanaf 75 euro.\" \/>\n<meta property=\"og:url\" content=\"https:\/\/dev.david-coin.com\/de\/produkt\/hartberger-muntsetbladen-2-vaks-goede-doelen\/\" \/>\n<meta property=\"og:site_name\" content=\"David Coin\" \/>\n<meta property=\"article:publisher\" content=\"https:\/\/www.facebook.com\/Davidcoininkoopenverkoop\" \/>\n<meta property=\"article:modified_time\" content=\"2025-09-19T09:13:40+00:00\" \/>\n<meta property=\"og:image\" content=\"https:\/\/dev.david-coin.com\/wp-content\/uploads\/2021\/03\/Hartberger_Muntsetbladen_2_vaks_Goede_D._.jpg\" \/>\n\t<meta property=\"og:image:width\" content=\"640\" \/>\n\t<meta property=\"og:image:height\" content=\"500\" \/>\n\t<meta property=\"og:image:type\" content=\"image\/jpeg\" \/>\n<meta name=\"twitter:card\" content=\"summary_large_image\" \/>\n<meta name=\"twitter:label1\" content=\"Preis\" \/>\n\t<meta name=\"twitter:data1\" content=\"&euro;&nbsp;17,50\" \/>\n\t<meta name=\"twitter:label2\" content=\"Verf\u00fcgbarkeit\" \/>\n\t<meta name=\"twitter:data2\" content=\"Auf Lager\" \/>\n<script type=\"application\/ld+json\" class=\"yoast-schema-graph\">{\"@context\":\"https:\\\/\\\/schema.org\",\"@graph\":[{\"@type\":\"WebPage\",\"@id\":\"https:\\\/\\\/dev.david-coin.com\\\/product\\\/hartberger-muntsetbladen-2-vaks-goede-doelen\\\/\",\"url\":\"https:\\\/\\\/dev.david-coin.com\\\/product\\\/hartberger-muntsetbladen-2-vaks-goede-doelen\\\/\",\"name\":\"Hartberger Muntsetbladen 2 vaks Goede Doelen\",\"isPartOf\":{\"@id\":\"https:\\\/\\\/dev.david-coin.com\\\/#website\"},\"primaryImageOfPage\":{\"@id\":\"https:\\\/\\\/dev.david-coin.com\\\/product\\\/hartberger-muntsetbladen-2-vaks-goede-doelen\\\/#primaryimage\"},\"image\":{\"@id\":\"https:\\\/\\\/dev.david-coin.com\\\/product\\\/hartberger-muntsetbladen-2-vaks-goede-doelen\\\/#primaryimage\"},\"thumbnailUrl\":\"https:\\\/\\\/dev.david-coin.com\\\/wp-content\\\/uploads\\\/2021\\\/03\\\/Hartberger_Muntsetbladen_2_vaks_Goede_D._.jpg\",\"datePublished\":\"2021-03-10T16:15:49+00:00\",\"dateModified\":\"2025-09-19T09:13:40+00:00\",\"description\":\"Hartberger opbergsystemen voor uw verzamelitems van o.a. Munten en Bankbiljetten. Bekijk nu ons volledige aanbod. Gratis verzending binnen NL vanaf 75 euro.\",\"breadcrumb\":{\"@id\":\"https:\\\/\\\/dev.david-coin.com\\\/product\\\/hartberger-muntsetbladen-2-vaks-goede-doelen\\\/#breadcrumb\"},\"inLanguage\":\"de\",\"potentialAction\":[{\"@type\":\"ReadAction\",\"target\":[\"https:\\\/\\\/dev.david-coin.com\\\/product\\\/hartberger-muntsetbladen-2-vaks-goede-doelen\\\/\"]}]},{\"@type\":\"ImageObject\",\"inLanguage\":\"de\",\"@id\":\"https:\\\/\\\/dev.david-coin.com\\\/product\\\/hartberger-muntsetbladen-2-vaks-goede-doelen\\\/#primaryimage\",\"url\":\"https:\\\/\\\/dev.david-coin.com\\\/wp-content\\\/uploads\\\/2021\\\/03\\\/Hartberger_Muntsetbladen_2_vaks_Goede_D._.jpg\",\"contentUrl\":\"https:\\\/\\\/dev.david-coin.com\\\/wp-content\\\/uploads\\\/2021\\\/03\\\/Hartberger_Muntsetbladen_2_vaks_Goede_D._.jpg\",\"width\":640,\"height\":500},{\"@type\":\"BreadcrumbList\",\"@id\":\"https:\\\/\\\/dev.david-coin.com\\\/product\\\/hartberger-muntsetbladen-2-vaks-goede-doelen\\\/#breadcrumb\",\"itemListElement\":[{\"@type\":\"ListItem\",\"position\":1,\"name\":\"Home\",\"item\":\"https:\\\/\\\/dev.david-coin.com\\\/\"},{\"@type\":\"ListItem\",\"position\":2,\"name\":\"Winkel\",\"item\":\"https:\\\/\\\/dev.david-coin.com\\\/winkel\\\/\"},{\"@type\":\"ListItem\",\"position\":3,\"name\":\"Hartberger Muntsetbladen 2 vaks Goede Doelen\"}]},{\"@type\":\"WebSite\",\"@id\":\"https:\\\/\\\/dev.david-coin.com\\\/#website\",\"url\":\"https:\\\/\\\/dev.david-coin.com\\\/\",\"name\":\"David Coin\",\"description\":\"\",\"publisher\":{\"@id\":\"https:\\\/\\\/dev.david-coin.com\\\/#organization\"},\"potentialAction\":[{\"@type\":\"SearchAction\",\"target\":{\"@type\":\"EntryPoint\",\"urlTemplate\":\"https:\\\/\\\/dev.david-coin.com\\\/?s={search_term_string}\"},\"query-input\":{\"@type\":\"PropertyValueSpecification\",\"valueRequired\":true,\"valueName\":\"search_term_string\"}}],\"inLanguage\":\"de\"},{\"@type\":\"Organization\",\"@id\":\"https:\\\/\\\/dev.david-coin.com\\\/#organization\",\"name\":\"David Coin\",\"url\":\"https:\\\/\\\/dev.david-coin.com\\\/\",\"logo\":{\"@type\":\"ImageObject\",\"inLanguage\":\"de\",\"@id\":\"https:\\\/\\\/dev.david-coin.com\\\/#\\\/schema\\\/logo\\\/image\\\/\",\"url\":\"https:\\\/\\\/dev.david-coin.com\\\/wp-content\\\/uploads\\\/2024\\\/04\\\/davidcoin-logo-final.png\",\"contentUrl\":\"https:\\\/\\\/dev.david-coin.com\\\/wp-content\\\/uploads\\\/2024\\\/04\\\/davidcoin-logo-final.png\",\"width\":800,\"height\":267,\"caption\":\"David Coin\"},\"image\":{\"@id\":\"https:\\\/\\\/dev.david-coin.com\\\/#\\\/schema\\\/logo\\\/image\\\/\"},\"sameAs\":[\"https:\\\/\\\/www.facebook.com\\\/Davidcoininkoopenverkoop\",\"https:\\\/\\\/www.youtube.com\\\/channel\\\/UC39lihLKFSPTff0w6tv0pWQ\"]}]}<\/script>\n<meta property=\"product:price:amount\" content=\"17.50\" \/>\n<meta property=\"product:price:currency\" content=\"EUR\" \/>\n<meta property=\"og:availability\" content=\"instock\" \/>\n<meta property=\"product:availability\" content=\"instock\" \/>\n<meta property=\"product:retailer_item_id\" content=\"12207\" \/>\n<meta property=\"product:condition\" content=\"new\" \/>\n<!-- \/ Yoast SEO Premium plugin. -->","yoast_head_json":{"title":"Hartberger M\u00fcnzsatz Bl\u00e4tter 2 F\u00e4cher Wohlt\u00e4tigkeit","description":"Hartberger opbergsystemen voor uw verzamelitems van o.a. Munten en Bankbiljetten. Bekijk nu ons volledige aanbod. Gratis verzending binnen NL vanaf 75 euro.","robots":{"index":"noindex","follow":"follow","max-snippet":"max-snippet:-1","max-image-preview":"max-image-preview:large","max-video-preview":"max-video-preview:-1"},"og_locale":"de_DE","og_type":"article","og_title":"Hartberger Muntsetbladen 2 vaks Goede Doelen","og_description":"Hartberger opbergsystemen voor uw verzamelitems van o.a. Munten en Bankbiljetten. Bekijk nu ons volledige aanbod. Gratis verzending binnen NL vanaf 75 euro.","og_url":"https:\/\/dev.david-coin.com\/de\/produkt\/hartberger-muntsetbladen-2-vaks-goede-doelen\/","og_site_name":"David Coin","article_publisher":"https:\/\/www.facebook.com\/Davidcoininkoopenverkoop","article_modified_time":"2025-09-19T09:13:40+00:00","og_image":[{"width":640,"height":500,"url":"https:\/\/dev.david-coin.com\/wp-content\/uploads\/2021\/03\/Hartberger_Muntsetbladen_2_vaks_Goede_D._.jpg","type":"image\/jpeg"}],"twitter_card":"summary_large_image","twitter_misc":{"Preis":"&euro;&nbsp;17,50","Verf\u00fcgbarkeit":"Auf Lager"},"schema":{"@context":"https:\/\/schema.org","@graph":[{"@type":"WebPage","@id":"https:\/\/dev.david-coin.com\/product\/hartberger-muntsetbladen-2-vaks-goede-doelen\/","url":"https:\/\/dev.david-coin.com\/product\/hartberger-muntsetbladen-2-vaks-goede-doelen\/","name":"Hartberger M\u00fcnzsatz Bl\u00e4tter 2 F\u00e4cher Wohlt\u00e4tigkeit","isPartOf":{"@id":"https:\/\/dev.david-coin.com\/#website"},"primaryImageOfPage":{"@id":"https:\/\/dev.david-coin.com\/product\/hartberger-muntsetbladen-2-vaks-goede-doelen\/#primaryimage"},"image":{"@id":"https:\/\/dev.david-coin.com\/product\/hartberger-muntsetbladen-2-vaks-goede-doelen\/#primaryimage"},"thumbnailUrl":"https:\/\/dev.david-coin.com\/wp-content\/uploads\/2021\/03\/Hartberger_Muntsetbladen_2_vaks_Goede_D._.jpg","datePublished":"2021-03-10T16:15:49+00:00","dateModified":"2025-09-19T09:13:40+00:00","description":"Hartberger opbergsystemen voor uw verzamelitems van o.a. Munten en Bankbiljetten. Bekijk nu ons volledige aanbod. Gratis verzending binnen NL vanaf 75 euro.","breadcrumb":{"@id":"https:\/\/dev.david-coin.com\/product\/hartberger-muntsetbladen-2-vaks-goede-doelen\/#breadcrumb"},"inLanguage":"de","potentialAction":[{"@type":"ReadAction","target":["https:\/\/dev.david-coin.com\/product\/hartberger-muntsetbladen-2-vaks-goede-doelen\/"]}]},{"@type":"ImageObject","inLanguage":"de","@id":"https:\/\/dev.david-coin.com\/product\/hartberger-muntsetbladen-2-vaks-goede-doelen\/#primaryimage","url":"https:\/\/dev.david-coin.com\/wp-content\/uploads\/2021\/03\/Hartberger_Muntsetbladen_2_vaks_Goede_D._.jpg","contentUrl":"https:\/\/dev.david-coin.com\/wp-content\/uploads\/2021\/03\/Hartberger_Muntsetbladen_2_vaks_Goede_D._.jpg","width":640,"height":500},{"@type":"BreadcrumbList","@id":"https:\/\/dev.david-coin.com\/product\/hartberger-muntsetbladen-2-vaks-goede-doelen\/#breadcrumb","itemListElement":[{"@type":"ListItem","position":1,"name":"Home","item":"https:\/\/dev.david-coin.com\/"},{"@type":"ListItem","position":2,"name":"Winkel","item":"https:\/\/dev.david-coin.com\/winkel\/"},{"@type":"ListItem","position":3,"name":"Hartberger Muntsetbladen 2 vaks Goede Doelen"}]},{"@type":"WebSite","@id":"https:\/\/dev.david-coin.com\/#website","url":"https:\/\/dev.david-coin.com\/","name":"David Coin","description":"","publisher":{"@id":"https:\/\/dev.david-coin.com\/#organization"},"potentialAction":[{"@type":"SearchAction","target":{"@type":"EntryPoint","urlTemplate":"https:\/\/dev.david-coin.com\/?s={search_term_string}"},"query-input":{"@type":"PropertyValueSpecification","valueRequired":true,"valueName":"search_term_string"}}],"inLanguage":"de"},{"@type":"Organization","@id":"https:\/\/dev.david-coin.com\/#organization","name":"David Coin","url":"https:\/\/dev.david-coin.com\/","logo":{"@type":"ImageObject","inLanguage":"de","@id":"https:\/\/dev.david-coin.com\/#\/schema\/logo\/image\/","url":"https:\/\/dev.david-coin.com\/wp-content\/uploads\/2024\/04\/davidcoin-logo-final.png","contentUrl":"https:\/\/dev.david-coin.com\/wp-content\/uploads\/2024\/04\/davidcoin-logo-final.png","width":800,"height":267,"caption":"David Coin"},"image":{"@id":"https:\/\/dev.david-coin.com\/#\/schema\/logo\/image\/"},"sameAs":["https:\/\/www.facebook.com\/Davidcoininkoopenverkoop","https:\/\/www.youtube.com\/channel\/UC39lihLKFSPTff0w6tv0pWQ"]}]},"product_price_amount":"17.50","product_price_currency":"EUR","og_availability":"instock","product_availability":"instock","product_retailer_item_id":"12207","product_condition":"new"},"_links":{"self":[{"href":"https:\/\/dev.david-coin.com\/de\/wp-json\/wp\/v2\/product\/111986","targetHints":{"allow":["GET"]}}],"collection":[{"href":"https:\/\/dev.david-coin.com\/de\/wp-json\/wp\/v2\/product"}],"about":[{"href":"https:\/\/dev.david-coin.com\/de\/wp-json\/wp\/v2\/types\/product"}],"replies":[{"embeddable":true,"href":"https:\/\/dev.david-coin.com\/de\/wp-json\/wp\/v2\/comments?post=111986"}],"version-history":[{"count":0,"href":"https:\/\/dev.david-coin.com\/de\/wp-json\/wp\/v2\/product\/111986\/revisions"}],"wp:featuredmedia":[{"embeddable":true,"href":"https:\/\/dev.david-coin.com\/de\/wp-json\/wp\/v2\/media\/111983"}],"wp:attachment":[{"href":"https:\/\/dev.david-coin.com\/de\/wp-json\/wp\/v2\/media?parent=111986"}],"wp:term":[{"taxonomy":"product_brand","embeddable":true,"href":"https:\/\/dev.david-coin.com\/de\/wp-json\/wp\/v2\/product_brand?post=111986"},{"taxonomy":"product_cat","embeddable":true,"href":"https:\/\/dev.david-coin.com\/de\/wp-json\/wp\/v2\/product_cat?post=111986"},{"taxonomy":"product_tag","embeddable":true,"href":"https:\/\/dev.david-coin.com\/de\/wp-json\/wp\/v2\/product_tag?post=111986"}],"curies":[{"name":"wp","href":"https:\/\/api.w.org\/{rel}","templated":true}]}}