{"id":111392,"date":"2020-09-17T21:33:51","date_gmt":"2020-09-17T21:33:51","guid":{"rendered":"https:\/\/dev.david-coin.com\/product\/nederland-vierkante-stuiver-met-inkeping-voor-zilveren-10-cent\/"},"modified":"2025-06-18T17:10:31","modified_gmt":"2025-06-18T15:10:31","slug":"nederland-vierkante-stuiver-met-inkeping-voor-zilveren-10-cent","status":"publish","type":"product","link":"https:\/\/dev.david-coin.com\/de\/produkt\/nederland-vierkante-stuiver-met-inkeping-voor-zilveren-10-cent\/","title":{"rendered":"Niederl\u00e4ndischer Quadratnickel f\u00fcr Silber 10 Cent"},"content":{"rendered":"<p>Niederl\u00e4ndischer Quadratnickel f\u00fcr Silber 10 Cent<br \/>\nDeze vierkante stuiver van Wilhelmina heeft een bewerkte rondvormige inkeping waar de zilveren 10 cent van Wilhelmina precies in past. Dit zilveren dubbeltje is inclusief dit bijzondere item.<br \/>\nSiehe Scans f\u00fcr weitere Einzelheiten.<br \/>\nBei Fragen k\u00f6nnen Sie uns gerne eine Nachricht schicken.<\/p>","protected":false},"excerpt":{"rendered":"<p>Nederland vierkante stuiver met inkeping voor zilveren 10 cent Deze vierkante stuiver van Wilhelmina heeft een bewerkte rondvormige inkeping waar de zilveren 10 cent van Wilhelmina precies in past. Dit zilveren dubbeltje is inclusief dit bijzondere item. Zie scans voor meer details. Voor vragen stuur ons gerust een bericht.<\/p>","protected":false},"featured_media":111389,"comment_status":"closed","ping_status":"closed","template":"","meta":[],"product_brand":[],"product_cat":[5476,5480],"product_tag":[],"class_list":{"0":"post-111392","1":"product","2":"type-product","3":"status-publish","4":"has-post-thumbnail","6":"product_cat-misslagen","7":"product_cat-overige-verzamelitems","8":"pa_delcampeid-5437","9":"pa_koning-koningin-wilhelmina","10":"pa_kwaliteit-zeer-fraai","11":"pa_land-nederland","12":"pa_materiaal-nikkel","13":"pa_materiaal-zilver","14":"pa_muntwaarde-510cent","15":"pa_soort-rariteit","17":"first","18":"outofstock","19":"taxable","20":"shipping-taxable","21":"purchasable","22":"product-type-simple"},"yoast_head":"<!-- This site is optimized with the Yoast SEO Premium plugin v26.0 (Yoast SEO v27.4) - https:\/\/yoast.com\/product\/yoast-seo-premium-wordpress\/ -->\n<title>Nederland vierkante stuiver met inkeping voor zilveren 10 cent<\/title>\n<meta name=\"description\" content=\"Diverse misslagen te koop bij David-coin Bekijk nu ons volledige aanbod. Gratis verzending binnen Nederland vanaf 75 euro.\" \/>\n<meta name=\"robots\" content=\"noindex, follow, max-snippet:-1, max-image-preview:large, max-video-preview:-1\" \/>\n<meta property=\"og:locale\" content=\"de_DE\" \/>\n<meta property=\"og:type\" content=\"article\" \/>\n<meta property=\"og:title\" content=\"Nederland vierkante stuiver met inkeping voor zilveren 10 cent\" \/>\n<meta property=\"og:description\" content=\"Diverse misslagen te koop bij David-coin Bekijk nu ons volledige aanbod. Gratis verzending binnen Nederland vanaf 75 euro.\" \/>\n<meta property=\"og:url\" content=\"https:\/\/dev.david-coin.com\/de\/produkt\/nederland-vierkante-stuiver-met-inkeping-voor-zilveren-10-cent\/\" \/>\n<meta property=\"og:site_name\" content=\"David Coin\" \/>\n<meta property=\"article:publisher\" content=\"https:\/\/www.facebook.com\/Davidcoininkoopenverkoop\" \/>\n<meta property=\"article:modified_time\" content=\"2025-06-18T15:10:31+00:00\" \/>\n<meta property=\"og:image\" content=\"https:\/\/dev.david-coin.com\/wp-content\/uploads\/2020\/09\/Vierkante-stuiver-met-zilveren-dubbeltje-vz.jpg\" \/>\n\t<meta property=\"og:image:width\" content=\"800\" \/>\n\t<meta property=\"og:image:height\" content=\"800\" \/>\n\t<meta property=\"og:image:type\" content=\"image\/jpeg\" \/>\n<meta name=\"twitter:card\" content=\"summary_large_image\" \/>\n<meta name=\"twitter:label1\" content=\"Preis\" \/>\n\t<meta name=\"twitter:data1\" content=\"&euro;&nbsp;49,50\" \/>\n\t<meta name=\"twitter:label2\" content=\"Verf\u00fcgbarkeit\" \/>\n\t<meta name=\"twitter:data2\" content=\"ausverkauft\" \/>\n<script type=\"application\/ld+json\" class=\"yoast-schema-graph\">{\"@context\":\"https:\\\/\\\/schema.org\",\"@graph\":[{\"@type\":\"WebPage\",\"@id\":\"https:\\\/\\\/dev.david-coin.com\\\/product\\\/nederland-vierkante-stuiver-met-inkeping-voor-zilveren-10-cent\\\/\",\"url\":\"https:\\\/\\\/dev.david-coin.com\\\/product\\\/nederland-vierkante-stuiver-met-inkeping-voor-zilveren-10-cent\\\/\",\"name\":\"Nederland vierkante stuiver met inkeping voor zilveren 10 cent\",\"isPartOf\":{\"@id\":\"https:\\\/\\\/dev.david-coin.com\\\/#website\"},\"primaryImageOfPage\":{\"@id\":\"https:\\\/\\\/dev.david-coin.com\\\/product\\\/nederland-vierkante-stuiver-met-inkeping-voor-zilveren-10-cent\\\/#primaryimage\"},\"image\":{\"@id\":\"https:\\\/\\\/dev.david-coin.com\\\/product\\\/nederland-vierkante-stuiver-met-inkeping-voor-zilveren-10-cent\\\/#primaryimage\"},\"thumbnailUrl\":\"https:\\\/\\\/dev.david-coin.com\\\/wp-content\\\/uploads\\\/2020\\\/09\\\/Vierkante-stuiver-met-zilveren-dubbeltje-vz.jpg\",\"datePublished\":\"2020-09-17T21:33:51+00:00\",\"dateModified\":\"2025-06-18T15:10:31+00:00\",\"description\":\"Diverse misslagen te koop bij David-coin Bekijk nu ons volledige aanbod. Gratis verzending binnen Nederland vanaf 75 euro.\",\"breadcrumb\":{\"@id\":\"https:\\\/\\\/dev.david-coin.com\\\/product\\\/nederland-vierkante-stuiver-met-inkeping-voor-zilveren-10-cent\\\/#breadcrumb\"},\"inLanguage\":\"de\",\"potentialAction\":[{\"@type\":\"ReadAction\",\"target\":[\"https:\\\/\\\/dev.david-coin.com\\\/product\\\/nederland-vierkante-stuiver-met-inkeping-voor-zilveren-10-cent\\\/\"]}]},{\"@type\":\"ImageObject\",\"inLanguage\":\"de\",\"@id\":\"https:\\\/\\\/dev.david-coin.com\\\/product\\\/nederland-vierkante-stuiver-met-inkeping-voor-zilveren-10-cent\\\/#primaryimage\",\"url\":\"https:\\\/\\\/dev.david-coin.com\\\/wp-content\\\/uploads\\\/2020\\\/09\\\/Vierkante-stuiver-met-zilveren-dubbeltje-vz.jpg\",\"contentUrl\":\"https:\\\/\\\/dev.david-coin.com\\\/wp-content\\\/uploads\\\/2020\\\/09\\\/Vierkante-stuiver-met-zilveren-dubbeltje-vz.jpg\",\"width\":800,\"height\":800,\"caption\":\"Vierkante-stuiver-met-zilveren-dubbeltje-vz.jpg\"},{\"@type\":\"BreadcrumbList\",\"@id\":\"https:\\\/\\\/dev.david-coin.com\\\/product\\\/nederland-vierkante-stuiver-met-inkeping-voor-zilveren-10-cent\\\/#breadcrumb\",\"itemListElement\":[{\"@type\":\"ListItem\",\"position\":1,\"name\":\"Home\",\"item\":\"https:\\\/\\\/dev.david-coin.com\\\/\"},{\"@type\":\"ListItem\",\"position\":2,\"name\":\"Winkel\",\"item\":\"https:\\\/\\\/dev.david-coin.com\\\/winkel\\\/\"},{\"@type\":\"ListItem\",\"position\":3,\"name\":\"Nederland vierkante stuiver met inkeping voor zilveren 10 cent\"}]},{\"@type\":\"WebSite\",\"@id\":\"https:\\\/\\\/dev.david-coin.com\\\/#website\",\"url\":\"https:\\\/\\\/dev.david-coin.com\\\/\",\"name\":\"David Coin\",\"description\":\"\",\"publisher\":{\"@id\":\"https:\\\/\\\/dev.david-coin.com\\\/#organization\"},\"potentialAction\":[{\"@type\":\"SearchAction\",\"target\":{\"@type\":\"EntryPoint\",\"urlTemplate\":\"https:\\\/\\\/dev.david-coin.com\\\/?s={search_term_string}\"},\"query-input\":{\"@type\":\"PropertyValueSpecification\",\"valueRequired\":true,\"valueName\":\"search_term_string\"}}],\"inLanguage\":\"de\"},{\"@type\":\"Organization\",\"@id\":\"https:\\\/\\\/dev.david-coin.com\\\/#organization\",\"name\":\"David Coin\",\"url\":\"https:\\\/\\\/dev.david-coin.com\\\/\",\"logo\":{\"@type\":\"ImageObject\",\"inLanguage\":\"de\",\"@id\":\"https:\\\/\\\/dev.david-coin.com\\\/#\\\/schema\\\/logo\\\/image\\\/\",\"url\":\"https:\\\/\\\/dev.david-coin.com\\\/wp-content\\\/uploads\\\/2024\\\/04\\\/davidcoin-logo-final.png\",\"contentUrl\":\"https:\\\/\\\/dev.david-coin.com\\\/wp-content\\\/uploads\\\/2024\\\/04\\\/davidcoin-logo-final.png\",\"width\":800,\"height\":267,\"caption\":\"David Coin\"},\"image\":{\"@id\":\"https:\\\/\\\/dev.david-coin.com\\\/#\\\/schema\\\/logo\\\/image\\\/\"},\"sameAs\":[\"https:\\\/\\\/www.facebook.com\\\/Davidcoininkoopenverkoop\",\"https:\\\/\\\/www.youtube.com\\\/channel\\\/UC39lihLKFSPTff0w6tv0pWQ\"]}]}<\/script>\n<meta property=\"product:price:amount\" content=\"49.50\" \/>\n<meta property=\"product:price:currency\" content=\"EUR\" \/>\n<meta property=\"og:availability\" content=\"out of stock\" \/>\n<meta property=\"product:availability\" content=\"out of stock\" \/>\n<meta property=\"product:retailer_item_id\" content=\"6014\" \/>\n<meta property=\"product:condition\" content=\"new\" \/>\n<!-- \/ Yoast SEO Premium plugin. -->","yoast_head_json":{"title":"Niederl\u00e4ndischer Quadratnickel f\u00fcr Silber 10 Cent","description":"Diverse misslagen te koop bij David-coin Bekijk nu ons volledige aanbod. Gratis verzending binnen Nederland vanaf 75 euro.","robots":{"index":"noindex","follow":"follow","max-snippet":"max-snippet:-1","max-image-preview":"max-image-preview:large","max-video-preview":"max-video-preview:-1"},"og_locale":"de_DE","og_type":"article","og_title":"Nederland vierkante stuiver met inkeping voor zilveren 10 cent","og_description":"Diverse misslagen te koop bij David-coin Bekijk nu ons volledige aanbod. Gratis verzending binnen Nederland vanaf 75 euro.","og_url":"https:\/\/dev.david-coin.com\/de\/produkt\/nederland-vierkante-stuiver-met-inkeping-voor-zilveren-10-cent\/","og_site_name":"David Coin","article_publisher":"https:\/\/www.facebook.com\/Davidcoininkoopenverkoop","article_modified_time":"2025-06-18T15:10:31+00:00","og_image":[{"width":800,"height":800,"url":"https:\/\/dev.david-coin.com\/wp-content\/uploads\/2020\/09\/Vierkante-stuiver-met-zilveren-dubbeltje-vz.jpg","type":"image\/jpeg"}],"twitter_card":"summary_large_image","twitter_misc":{"Preis":"&euro;&nbsp;49,50","Verf\u00fcgbarkeit":"ausverkauft"},"schema":{"@context":"https:\/\/schema.org","@graph":[{"@type":"WebPage","@id":"https:\/\/dev.david-coin.com\/product\/nederland-vierkante-stuiver-met-inkeping-voor-zilveren-10-cent\/","url":"https:\/\/dev.david-coin.com\/product\/nederland-vierkante-stuiver-met-inkeping-voor-zilveren-10-cent\/","name":"Niederl\u00e4ndischer Quadratnickel f\u00fcr Silber 10 Cent","isPartOf":{"@id":"https:\/\/dev.david-coin.com\/#website"},"primaryImageOfPage":{"@id":"https:\/\/dev.david-coin.com\/product\/nederland-vierkante-stuiver-met-inkeping-voor-zilveren-10-cent\/#primaryimage"},"image":{"@id":"https:\/\/dev.david-coin.com\/product\/nederland-vierkante-stuiver-met-inkeping-voor-zilveren-10-cent\/#primaryimage"},"thumbnailUrl":"https:\/\/dev.david-coin.com\/wp-content\/uploads\/2020\/09\/Vierkante-stuiver-met-zilveren-dubbeltje-vz.jpg","datePublished":"2020-09-17T21:33:51+00:00","dateModified":"2025-06-18T15:10:31+00:00","description":"Diverse misslagen te koop bij David-coin Bekijk nu ons volledige aanbod. Gratis verzending binnen Nederland vanaf 75 euro.","breadcrumb":{"@id":"https:\/\/dev.david-coin.com\/product\/nederland-vierkante-stuiver-met-inkeping-voor-zilveren-10-cent\/#breadcrumb"},"inLanguage":"de","potentialAction":[{"@type":"ReadAction","target":["https:\/\/dev.david-coin.com\/product\/nederland-vierkante-stuiver-met-inkeping-voor-zilveren-10-cent\/"]}]},{"@type":"ImageObject","inLanguage":"de","@id":"https:\/\/dev.david-coin.com\/product\/nederland-vierkante-stuiver-met-inkeping-voor-zilveren-10-cent\/#primaryimage","url":"https:\/\/dev.david-coin.com\/wp-content\/uploads\/2020\/09\/Vierkante-stuiver-met-zilveren-dubbeltje-vz.jpg","contentUrl":"https:\/\/dev.david-coin.com\/wp-content\/uploads\/2020\/09\/Vierkante-stuiver-met-zilveren-dubbeltje-vz.jpg","width":800,"height":800,"caption":"Vierkante-stuiver-met-zilveren-dubbeltje-vz.jpg"},{"@type":"BreadcrumbList","@id":"https:\/\/dev.david-coin.com\/product\/nederland-vierkante-stuiver-met-inkeping-voor-zilveren-10-cent\/#breadcrumb","itemListElement":[{"@type":"ListItem","position":1,"name":"Home","item":"https:\/\/dev.david-coin.com\/"},{"@type":"ListItem","position":2,"name":"Winkel","item":"https:\/\/dev.david-coin.com\/winkel\/"},{"@type":"ListItem","position":3,"name":"Nederland vierkante stuiver met inkeping voor zilveren 10 cent"}]},{"@type":"WebSite","@id":"https:\/\/dev.david-coin.com\/#website","url":"https:\/\/dev.david-coin.com\/","name":"David Coin","description":"","publisher":{"@id":"https:\/\/dev.david-coin.com\/#organization"},"potentialAction":[{"@type":"SearchAction","target":{"@type":"EntryPoint","urlTemplate":"https:\/\/dev.david-coin.com\/?s={search_term_string}"},"query-input":{"@type":"PropertyValueSpecification","valueRequired":true,"valueName":"search_term_string"}}],"inLanguage":"de"},{"@type":"Organization","@id":"https:\/\/dev.david-coin.com\/#organization","name":"David Coin","url":"https:\/\/dev.david-coin.com\/","logo":{"@type":"ImageObject","inLanguage":"de","@id":"https:\/\/dev.david-coin.com\/#\/schema\/logo\/image\/","url":"https:\/\/dev.david-coin.com\/wp-content\/uploads\/2024\/04\/davidcoin-logo-final.png","contentUrl":"https:\/\/dev.david-coin.com\/wp-content\/uploads\/2024\/04\/davidcoin-logo-final.png","width":800,"height":267,"caption":"David Coin"},"image":{"@id":"https:\/\/dev.david-coin.com\/#\/schema\/logo\/image\/"},"sameAs":["https:\/\/www.facebook.com\/Davidcoininkoopenverkoop","https:\/\/www.youtube.com\/channel\/UC39lihLKFSPTff0w6tv0pWQ"]}]},"product_price_amount":"49.50","product_price_currency":"EUR","og_availability":"out of stock","product_availability":"out of stock","product_retailer_item_id":"6014","product_condition":"new"},"_links":{"self":[{"href":"https:\/\/dev.david-coin.com\/de\/wp-json\/wp\/v2\/product\/111392","targetHints":{"allow":["GET"]}}],"collection":[{"href":"https:\/\/dev.david-coin.com\/de\/wp-json\/wp\/v2\/product"}],"about":[{"href":"https:\/\/dev.david-coin.com\/de\/wp-json\/wp\/v2\/types\/product"}],"replies":[{"embeddable":true,"href":"https:\/\/dev.david-coin.com\/de\/wp-json\/wp\/v2\/comments?post=111392"}],"version-history":[{"count":0,"href":"https:\/\/dev.david-coin.com\/de\/wp-json\/wp\/v2\/product\/111392\/revisions"}],"wp:featuredmedia":[{"embeddable":true,"href":"https:\/\/dev.david-coin.com\/de\/wp-json\/wp\/v2\/media\/111389"}],"wp:attachment":[{"href":"https:\/\/dev.david-coin.com\/de\/wp-json\/wp\/v2\/media?parent=111392"}],"wp:term":[{"taxonomy":"product_brand","embeddable":true,"href":"https:\/\/dev.david-coin.com\/de\/wp-json\/wp\/v2\/product_brand?post=111392"},{"taxonomy":"product_cat","embeddable":true,"href":"https:\/\/dev.david-coin.com\/de\/wp-json\/wp\/v2\/product_cat?post=111392"},{"taxonomy":"product_tag","embeddable":true,"href":"https:\/\/dev.david-coin.com\/de\/wp-json\/wp\/v2\/product_tag?post=111392"}],"curies":[{"name":"wp","href":"https:\/\/api.w.org\/{rel}","templated":true}]}}