{"id":110001,"date":"2020-04-03T09:53:22","date_gmt":"2020-04-03T09:53:22","guid":{"rendered":"https:\/\/dev.david-coin.com\/product\/nederland-inhuldigingspenning-2013-willem-alexander-in-coincard\/"},"modified":"2025-04-10T11:54:53","modified_gmt":"2025-04-10T09:54:53","slug":"nederland-inhuldigingspenning-2013-willem-alexander-in-coincard","status":"publish","type":"product","link":"https:\/\/dev.david-coin.com\/de\/produkt\/nederland-inhuldigingspenning-2013-willem-alexander-in-coincard\/","title":{"rendered":"Niederl\u00e4ndische Einweihungsmedaille 2013 Willem Alexander in Coincard"},"content":{"rendered":"<p><span style=\"font-size: 12pt;\">Niederl\u00e4ndische Einweihungsmedaille 2013 Willem Alexander in Coincard <\/span><br \/>\n<span style=\"font-size: 12pt;\"> Seit 1567 ausschlie\u00dflich von der K\u00f6niglichen M\u00fcnze der Niederlande, der offiziellen M\u00fcnzpr\u00e4geanstalt der Niederlande, gepr\u00e4gt. <\/span><br \/>\n<span style=\"font-size: 12pt;\"> Gewicht:15,5 g. <\/span><br \/>\n<span style=\"font-size: 12pt;\"> Durchmesser: 33 Millimeter. <\/span><br \/>\n<span style=\"font-size: 12pt;\"> Siehe Scans f\u00fcr weitere Einzelheiten. <\/span><br \/>\n<span style=\"font-size: 12pt;\"> Bei Fragen k\u00f6nnen Sie uns gerne eine Nachricht schicken.<\/span><\/p>","protected":false},"excerpt":{"rendered":"<p>Nederland inhuldigingspenning 2013 Willem Alexander in coincard Exclusief geslagen door de Koninklijke Nederlandse Munt, de officiele producent van Nederlands muntgeld, sinds 1567. Gewicht:15,5 gram. Diameter:33 millimeter. Zie scans voor meer details. Voor vragen stuur ons gerust een bericht.<\/p>","protected":false},"featured_media":108523,"comment_status":"closed","ping_status":"closed","template":"","meta":[],"product_brand":[],"product_cat":[5480,5477,5534,5535],"product_tag":[],"class_list":{"0":"post-110001","1":"product","2":"type-product","3":"status-publish","4":"has-post-thumbnail","6":"product_cat-overige-verzamelitems","7":"product_cat-penningen-kopen","8":"product_cat-penningen-in-coincard","9":"product_cat-penningen-in-coincard-1","10":"pa_koning-koningin-willem-alexander","11":"pa_kwaliteit-bu","12":"pa_land-nederland","13":"pa_soort-coincard","15":"first","16":"instock","17":"taxable","18":"shipping-taxable","19":"purchasable","20":"product-type-simple"},"yoast_head":"<!-- This site is optimized with the Yoast SEO Premium plugin v26.0 (Yoast SEO v27.4) - https:\/\/yoast.com\/product\/yoast-seo-premium-wordpress\/ -->\n<title>Nederland inhuldigingspenning 2013 Willem Alexander in coincard<\/title>\n<meta name=\"description\" content=\"Koop diverse soorten coincards bij David-coin. Bekijk ons nu complete aanbod. Gratis verzending binnen Nederland vanaf 75 euro.\" \/>\n<meta name=\"robots\" content=\"noindex, follow, max-snippet:-1, max-image-preview:large, max-video-preview:-1\" \/>\n<meta property=\"og:locale\" content=\"de_DE\" \/>\n<meta property=\"og:type\" content=\"article\" \/>\n<meta property=\"og:title\" content=\"Nederland inhuldigingspenning 2013 Willem Alexander in coincard\" \/>\n<meta property=\"og:description\" content=\"Koop diverse soorten coincards bij David-coin. Bekijk ons nu complete aanbod. Gratis verzending binnen Nederland vanaf 75 euro.\" \/>\n<meta property=\"og:url\" content=\"https:\/\/dev.david-coin.com\/de\/produkt\/nederland-inhuldigingspenning-2013-willem-alexander-in-coincard\/\" \/>\n<meta property=\"og:site_name\" content=\"David Coin\" \/>\n<meta property=\"article:publisher\" content=\"https:\/\/www.facebook.com\/Davidcoininkoopenverkoop\" \/>\n<meta property=\"article:modified_time\" content=\"2025-04-10T09:54:53+00:00\" \/>\n<meta property=\"og:image\" content=\"https:\/\/dev.david-coin.com\/wp-content\/uploads\/2020\/04\/Inhuldigingspenning-in-coincard-2013-vz.jpg\" \/>\n\t<meta property=\"og:image:width\" content=\"923\" \/>\n\t<meta property=\"og:image:height\" content=\"619\" \/>\n\t<meta property=\"og:image:type\" content=\"image\/jpeg\" \/>\n<meta name=\"twitter:card\" content=\"summary_large_image\" \/>\n<meta name=\"twitter:label1\" content=\"Preis\" \/>\n\t<meta name=\"twitter:data1\" content=\"&euro;&nbsp;39,50\" \/>\n\t<meta name=\"twitter:label2\" content=\"Verf\u00fcgbarkeit\" \/>\n\t<meta name=\"twitter:data2\" content=\"Auf Lager\" \/>\n<script type=\"application\/ld+json\" class=\"yoast-schema-graph\">{\"@context\":\"https:\\\/\\\/schema.org\",\"@graph\":[{\"@type\":\"WebPage\",\"@id\":\"https:\\\/\\\/dev.david-coin.com\\\/product\\\/nederland-inhuldigingspenning-2013-willem-alexander-in-coincard\\\/\",\"url\":\"https:\\\/\\\/dev.david-coin.com\\\/product\\\/nederland-inhuldigingspenning-2013-willem-alexander-in-coincard\\\/\",\"name\":\"Nederland inhuldigingspenning 2013 Willem Alexander in coincard\",\"isPartOf\":{\"@id\":\"https:\\\/\\\/dev.david-coin.com\\\/#website\"},\"primaryImageOfPage\":{\"@id\":\"https:\\\/\\\/dev.david-coin.com\\\/product\\\/nederland-inhuldigingspenning-2013-willem-alexander-in-coincard\\\/#primaryimage\"},\"image\":{\"@id\":\"https:\\\/\\\/dev.david-coin.com\\\/product\\\/nederland-inhuldigingspenning-2013-willem-alexander-in-coincard\\\/#primaryimage\"},\"thumbnailUrl\":\"https:\\\/\\\/dev.david-coin.com\\\/wp-content\\\/uploads\\\/2020\\\/04\\\/Inhuldigingspenning-in-coincard-2013-vz.jpg\",\"datePublished\":\"2020-04-03T09:53:22+00:00\",\"dateModified\":\"2025-04-10T09:54:53+00:00\",\"description\":\"Koop diverse soorten coincards bij David-coin. Bekijk ons nu complete aanbod. Gratis verzending binnen Nederland vanaf 75 euro.\",\"breadcrumb\":{\"@id\":\"https:\\\/\\\/dev.david-coin.com\\\/product\\\/nederland-inhuldigingspenning-2013-willem-alexander-in-coincard\\\/#breadcrumb\"},\"inLanguage\":\"de\",\"potentialAction\":[{\"@type\":\"ReadAction\",\"target\":[\"https:\\\/\\\/dev.david-coin.com\\\/product\\\/nederland-inhuldigingspenning-2013-willem-alexander-in-coincard\\\/\"]}]},{\"@type\":\"ImageObject\",\"inLanguage\":\"de\",\"@id\":\"https:\\\/\\\/dev.david-coin.com\\\/product\\\/nederland-inhuldigingspenning-2013-willem-alexander-in-coincard\\\/#primaryimage\",\"url\":\"https:\\\/\\\/dev.david-coin.com\\\/wp-content\\\/uploads\\\/2020\\\/04\\\/Inhuldigingspenning-in-coincard-2013-vz.jpg\",\"contentUrl\":\"https:\\\/\\\/dev.david-coin.com\\\/wp-content\\\/uploads\\\/2020\\\/04\\\/Inhuldigingspenning-in-coincard-2013-vz.jpg\",\"width\":923,\"height\":619},{\"@type\":\"BreadcrumbList\",\"@id\":\"https:\\\/\\\/dev.david-coin.com\\\/product\\\/nederland-inhuldigingspenning-2013-willem-alexander-in-coincard\\\/#breadcrumb\",\"itemListElement\":[{\"@type\":\"ListItem\",\"position\":1,\"name\":\"Home\",\"item\":\"https:\\\/\\\/dev.david-coin.com\\\/\"},{\"@type\":\"ListItem\",\"position\":2,\"name\":\"Winkel\",\"item\":\"https:\\\/\\\/dev.david-coin.com\\\/winkel\\\/\"},{\"@type\":\"ListItem\",\"position\":3,\"name\":\"Nederland inhuldigingspenning 2013 Willem Alexander in coincard\"}]},{\"@type\":\"WebSite\",\"@id\":\"https:\\\/\\\/dev.david-coin.com\\\/#website\",\"url\":\"https:\\\/\\\/dev.david-coin.com\\\/\",\"name\":\"David Coin\",\"description\":\"\",\"publisher\":{\"@id\":\"https:\\\/\\\/dev.david-coin.com\\\/#organization\"},\"potentialAction\":[{\"@type\":\"SearchAction\",\"target\":{\"@type\":\"EntryPoint\",\"urlTemplate\":\"https:\\\/\\\/dev.david-coin.com\\\/?s={search_term_string}\"},\"query-input\":{\"@type\":\"PropertyValueSpecification\",\"valueRequired\":true,\"valueName\":\"search_term_string\"}}],\"inLanguage\":\"de\"},{\"@type\":\"Organization\",\"@id\":\"https:\\\/\\\/dev.david-coin.com\\\/#organization\",\"name\":\"David Coin\",\"url\":\"https:\\\/\\\/dev.david-coin.com\\\/\",\"logo\":{\"@type\":\"ImageObject\",\"inLanguage\":\"de\",\"@id\":\"https:\\\/\\\/dev.david-coin.com\\\/#\\\/schema\\\/logo\\\/image\\\/\",\"url\":\"https:\\\/\\\/dev.david-coin.com\\\/wp-content\\\/uploads\\\/2024\\\/04\\\/davidcoin-logo-final.png\",\"contentUrl\":\"https:\\\/\\\/dev.david-coin.com\\\/wp-content\\\/uploads\\\/2024\\\/04\\\/davidcoin-logo-final.png\",\"width\":800,\"height\":267,\"caption\":\"David Coin\"},\"image\":{\"@id\":\"https:\\\/\\\/dev.david-coin.com\\\/#\\\/schema\\\/logo\\\/image\\\/\"},\"sameAs\":[\"https:\\\/\\\/www.facebook.com\\\/Davidcoininkoopenverkoop\",\"https:\\\/\\\/www.youtube.com\\\/channel\\\/UC39lihLKFSPTff0w6tv0pWQ\"]}]}<\/script>\n<meta property=\"product:price:amount\" content=\"39.50\" \/>\n<meta property=\"product:price:currency\" content=\"EUR\" \/>\n<meta property=\"og:availability\" content=\"instock\" \/>\n<meta property=\"product:availability\" content=\"instock\" \/>\n<meta property=\"product:retailer_item_id\" content=\"7003\" \/>\n<meta property=\"product:condition\" content=\"new\" \/>\n<!-- \/ Yoast SEO Premium plugin. -->","yoast_head_json":{"title":"Niederl\u00e4ndische Einweihungsmedaille 2013 Willem Alexander in Coincard","description":"Koop diverse soorten coincards bij David-coin. Bekijk ons nu complete aanbod. Gratis verzending binnen Nederland vanaf 75 euro.","robots":{"index":"noindex","follow":"follow","max-snippet":"max-snippet:-1","max-image-preview":"max-image-preview:large","max-video-preview":"max-video-preview:-1"},"og_locale":"de_DE","og_type":"article","og_title":"Nederland inhuldigingspenning 2013 Willem Alexander in coincard","og_description":"Koop diverse soorten coincards bij David-coin. Bekijk ons nu complete aanbod. Gratis verzending binnen Nederland vanaf 75 euro.","og_url":"https:\/\/dev.david-coin.com\/de\/produkt\/nederland-inhuldigingspenning-2013-willem-alexander-in-coincard\/","og_site_name":"David Coin","article_publisher":"https:\/\/www.facebook.com\/Davidcoininkoopenverkoop","article_modified_time":"2025-04-10T09:54:53+00:00","og_image":[{"width":923,"height":619,"url":"https:\/\/dev.david-coin.com\/wp-content\/uploads\/2020\/04\/Inhuldigingspenning-in-coincard-2013-vz.jpg","type":"image\/jpeg"}],"twitter_card":"summary_large_image","twitter_misc":{"Preis":"&euro;&nbsp;39,50","Verf\u00fcgbarkeit":"Auf Lager"},"schema":{"@context":"https:\/\/schema.org","@graph":[{"@type":"WebPage","@id":"https:\/\/dev.david-coin.com\/product\/nederland-inhuldigingspenning-2013-willem-alexander-in-coincard\/","url":"https:\/\/dev.david-coin.com\/product\/nederland-inhuldigingspenning-2013-willem-alexander-in-coincard\/","name":"Niederl\u00e4ndische Einweihungsmedaille 2013 Willem Alexander in Coincard","isPartOf":{"@id":"https:\/\/dev.david-coin.com\/#website"},"primaryImageOfPage":{"@id":"https:\/\/dev.david-coin.com\/product\/nederland-inhuldigingspenning-2013-willem-alexander-in-coincard\/#primaryimage"},"image":{"@id":"https:\/\/dev.david-coin.com\/product\/nederland-inhuldigingspenning-2013-willem-alexander-in-coincard\/#primaryimage"},"thumbnailUrl":"https:\/\/dev.david-coin.com\/wp-content\/uploads\/2020\/04\/Inhuldigingspenning-in-coincard-2013-vz.jpg","datePublished":"2020-04-03T09:53:22+00:00","dateModified":"2025-04-10T09:54:53+00:00","description":"Koop diverse soorten coincards bij David-coin. Bekijk ons nu complete aanbod. Gratis verzending binnen Nederland vanaf 75 euro.","breadcrumb":{"@id":"https:\/\/dev.david-coin.com\/product\/nederland-inhuldigingspenning-2013-willem-alexander-in-coincard\/#breadcrumb"},"inLanguage":"de","potentialAction":[{"@type":"ReadAction","target":["https:\/\/dev.david-coin.com\/product\/nederland-inhuldigingspenning-2013-willem-alexander-in-coincard\/"]}]},{"@type":"ImageObject","inLanguage":"de","@id":"https:\/\/dev.david-coin.com\/product\/nederland-inhuldigingspenning-2013-willem-alexander-in-coincard\/#primaryimage","url":"https:\/\/dev.david-coin.com\/wp-content\/uploads\/2020\/04\/Inhuldigingspenning-in-coincard-2013-vz.jpg","contentUrl":"https:\/\/dev.david-coin.com\/wp-content\/uploads\/2020\/04\/Inhuldigingspenning-in-coincard-2013-vz.jpg","width":923,"height":619},{"@type":"BreadcrumbList","@id":"https:\/\/dev.david-coin.com\/product\/nederland-inhuldigingspenning-2013-willem-alexander-in-coincard\/#breadcrumb","itemListElement":[{"@type":"ListItem","position":1,"name":"Home","item":"https:\/\/dev.david-coin.com\/"},{"@type":"ListItem","position":2,"name":"Winkel","item":"https:\/\/dev.david-coin.com\/winkel\/"},{"@type":"ListItem","position":3,"name":"Nederland inhuldigingspenning 2013 Willem Alexander in coincard"}]},{"@type":"WebSite","@id":"https:\/\/dev.david-coin.com\/#website","url":"https:\/\/dev.david-coin.com\/","name":"David Coin","description":"","publisher":{"@id":"https:\/\/dev.david-coin.com\/#organization"},"potentialAction":[{"@type":"SearchAction","target":{"@type":"EntryPoint","urlTemplate":"https:\/\/dev.david-coin.com\/?s={search_term_string}"},"query-input":{"@type":"PropertyValueSpecification","valueRequired":true,"valueName":"search_term_string"}}],"inLanguage":"de"},{"@type":"Organization","@id":"https:\/\/dev.david-coin.com\/#organization","name":"David Coin","url":"https:\/\/dev.david-coin.com\/","logo":{"@type":"ImageObject","inLanguage":"de","@id":"https:\/\/dev.david-coin.com\/#\/schema\/logo\/image\/","url":"https:\/\/dev.david-coin.com\/wp-content\/uploads\/2024\/04\/davidcoin-logo-final.png","contentUrl":"https:\/\/dev.david-coin.com\/wp-content\/uploads\/2024\/04\/davidcoin-logo-final.png","width":800,"height":267,"caption":"David Coin"},"image":{"@id":"https:\/\/dev.david-coin.com\/#\/schema\/logo\/image\/"},"sameAs":["https:\/\/www.facebook.com\/Davidcoininkoopenverkoop","https:\/\/www.youtube.com\/channel\/UC39lihLKFSPTff0w6tv0pWQ"]}]},"product_price_amount":"39.50","product_price_currency":"EUR","og_availability":"instock","product_availability":"instock","product_retailer_item_id":"7003","product_condition":"new"},"_links":{"self":[{"href":"https:\/\/dev.david-coin.com\/de\/wp-json\/wp\/v2\/product\/110001","targetHints":{"allow":["GET"]}}],"collection":[{"href":"https:\/\/dev.david-coin.com\/de\/wp-json\/wp\/v2\/product"}],"about":[{"href":"https:\/\/dev.david-coin.com\/de\/wp-json\/wp\/v2\/types\/product"}],"replies":[{"embeddable":true,"href":"https:\/\/dev.david-coin.com\/de\/wp-json\/wp\/v2\/comments?post=110001"}],"version-history":[{"count":0,"href":"https:\/\/dev.david-coin.com\/de\/wp-json\/wp\/v2\/product\/110001\/revisions"}],"wp:featuredmedia":[{"embeddable":true,"href":"https:\/\/dev.david-coin.com\/de\/wp-json\/wp\/v2\/media\/108523"}],"wp:attachment":[{"href":"https:\/\/dev.david-coin.com\/de\/wp-json\/wp\/v2\/media?parent=110001"}],"wp:term":[{"taxonomy":"product_brand","embeddable":true,"href":"https:\/\/dev.david-coin.com\/de\/wp-json\/wp\/v2\/product_brand?post=110001"},{"taxonomy":"product_cat","embeddable":true,"href":"https:\/\/dev.david-coin.com\/de\/wp-json\/wp\/v2\/product_cat?post=110001"},{"taxonomy":"product_tag","embeddable":true,"href":"https:\/\/dev.david-coin.com\/de\/wp-json\/wp\/v2\/product_tag?post=110001"}],"curies":[{"name":"wp","href":"https:\/\/api.w.org\/{rel}","templated":true}]}}