{"id":144951,"date":"2025-03-08T08:54:50","date_gmt":"2025-03-08T07:54:50","guid":{"rendered":"https:\/\/dev.david-coin.com\/?post_type=product&#038;p=144951"},"modified":"2025-10-07T20:45:34","modified_gmt":"2025-10-07T18:45:34","slug":"frankrijk-20-francs-1912-goud","status":"publish","type":"product","link":"https:\/\/dev.david-coin.com\/ar\/product\/frankrijk-20-francs-1912-goud\/","title":{"rendered":"Frankrijk 20 Francs goud"},"content":{"rendered":"<p><strong>Frankrijk 20 Francs goud<br \/>\n<\/strong><span style=\"font-size: 12pt;\">Gewicht:6,45 gram<\/span><br \/>\n<span style=\"font-size: 12pt;\">\u0627\u0644\u0645\u062d\u062a\u0648\u0649: 900\/1000<br \/>\nMunt is in prachtige kwaliteit.<br \/>\nVoorzijde: borstbeeld naar rechts op halsafsnede diepliggend I.P.M.M.\u00a0<\/span><br \/>\n<span style=\"font-size: 12pt;\">Keerzijde: gekroond Nederlands wapen tussen 10-G met jaartal onder het wapen<\/span><br \/>\n<span style=\"font-size: 12pt;\">Rand: geletterd &#8211; LIBERT\u00c9+\u00c9GALIT\u00c9+FRATERNIT\u00c9<br \/>\n<\/span><\/p>\n<p><span style=\"font-size: 12pt;\"> Zie scans voor meer details. Voorbeeld foto.\u00a0<\/span><br \/>\n<span style=\"font-size: 12pt;\"> \u0625\u0630\u0627 \u0643\u0627\u0646 \u0644\u062f\u064a\u0643 \u0623\u064a \u0623\u0633\u0626\u0644\u0629\u060c \u0641\u0644\u0627 \u062a\u062a\u0631\u062f\u062f \u0641\u064a \u0625\u0631\u0633\u0627\u0644 \u0631\u0633\u0627\u0644\u0629 \u0644\u0646\u0627.<\/span><\/p>","protected":false},"excerpt":{"rendered":"<p><strong>900\/1000.<\/strong><\/p>\n<p>Deze 20 Francs Marianne Rooster gouden munt heeft een prachtig ontwerp en is een ideale keuze voor beleggers.<\/p>","protected":false},"featured_media":144942,"comment_status":"closed","ping_status":"closed","template":"","meta":[],"product_brand":[],"product_cat":[5479,5567],"product_tag":[],"class_list":{"0":"post-144951","1":"product","2":"type-product","3":"status-publish","4":"has-post-thumbnail","6":"product_cat-edelmetaal-goud-kopen","7":"product_cat-gouden-munten-of-baren","8":"pa_kwaliteit-prachtig","9":"pa_land-frankrijk","10":"pa_materiaal-goud","11":"pa_muntwaarde-20francs","13":"first","14":"outofstock","15":"taxable","16":"shipping-taxable","17":"purchasable","18":"product-type-simple"},"yoast_head":"<!-- This site is optimized with the Yoast SEO Premium plugin v26.0 (Yoast SEO v27.4) - https:\/\/yoast.com\/product\/yoast-seo-premium-wordpress\/ -->\n<title>Frankrijk 20 Francs goud<\/title>\n<meta name=\"description\" content=\"Deze 20 Francs Marianne Rooster gouden munt heeft een prachtig ontwerp en is een ideale keuze voor beleggers. Bekijk nu ons verdere aanbod.\" \/>\n<meta name=\"robots\" content=\"noindex, follow, max-snippet:-1, max-image-preview:large, max-video-preview:-1\" \/>\n<meta property=\"og:locale\" content=\"ar_AR\" \/>\n<meta property=\"og:type\" content=\"article\" \/>\n<meta property=\"og:title\" content=\"Frankrijk 20 Francs goud\" \/>\n<meta property=\"og:description\" content=\"Deze 20 Francs Marianne Rooster gouden munt heeft een prachtig ontwerp en is een ideale keuze voor beleggers. Bekijk nu ons verdere aanbod.\" \/>\n<meta property=\"og:url\" content=\"https:\/\/dev.david-coin.com\/ar\/product\/frankrijk-20-francs-1912-goud\/\" \/>\n<meta property=\"og:site_name\" content=\"David Coin\" \/>\n<meta property=\"article:publisher\" content=\"https:\/\/www.facebook.com\/Davidcoininkoopenverkoop\" \/>\n<meta property=\"article:modified_time\" content=\"2025-10-07T18:45:34+00:00\" \/>\n<meta property=\"og:image\" content=\"https:\/\/dev.david-coin.com\/wp-content\/uploads\/2025\/02\/Frankrijk-20Francs-1912-az-.jpg\" \/>\n\t<meta property=\"og:image:width\" content=\"1100\" \/>\n\t<meta property=\"og:image:height\" content=\"1100\" \/>\n\t<meta property=\"og:image:type\" content=\"image\/jpeg\" \/>\n<meta name=\"twitter:card\" content=\"summary_large_image\" \/>\n<meta name=\"twitter:label1\" content=\"\u0627\u0644\u0633\u0639\u0631\" \/>\n\t<meta name=\"twitter:data1\" content=\"&euro;&nbsp;870,38\" \/>\n\t<meta name=\"twitter:label2\" content=\"\u0627\u0644\u062a\u0648\u0641\u0631\" \/>\n\t<meta name=\"twitter:data2\" content=\"\u0646\u0641\u0630 \u0627\u0644\u0645\u062e\u0632\u0648\u0646\" \/>\n<script type=\"application\/ld+json\" class=\"yoast-schema-graph\">{\"@context\":\"https:\\\/\\\/schema.org\",\"@graph\":[{\"@type\":\"WebPage\",\"@id\":\"https:\\\/\\\/dev.david-coin.com\\\/product\\\/frankrijk-20-francs-1912-goud\\\/\",\"url\":\"https:\\\/\\\/dev.david-coin.com\\\/product\\\/frankrijk-20-francs-1912-goud\\\/\",\"name\":\"Frankrijk 20 Francs goud\",\"isPartOf\":{\"@id\":\"https:\\\/\\\/dev.david-coin.com\\\/#website\"},\"primaryImageOfPage\":{\"@id\":\"https:\\\/\\\/dev.david-coin.com\\\/product\\\/frankrijk-20-francs-1912-goud\\\/#primaryimage\"},\"image\":{\"@id\":\"https:\\\/\\\/dev.david-coin.com\\\/product\\\/frankrijk-20-francs-1912-goud\\\/#primaryimage\"},\"thumbnailUrl\":\"https:\\\/\\\/dev.david-coin.com\\\/wp-content\\\/uploads\\\/2025\\\/02\\\/Frankrijk-20Francs-1912-az-.jpg\",\"datePublished\":\"2025-03-08T07:54:50+00:00\",\"dateModified\":\"2025-10-07T18:45:34+00:00\",\"description\":\"Deze 20 Francs Marianne Rooster gouden munt heeft een prachtig ontwerp en is een ideale keuze voor beleggers. Bekijk nu ons verdere aanbod.\",\"breadcrumb\":{\"@id\":\"https:\\\/\\\/dev.david-coin.com\\\/product\\\/frankrijk-20-francs-1912-goud\\\/#breadcrumb\"},\"inLanguage\":\"ar\",\"potentialAction\":[{\"@type\":\"ReadAction\",\"target\":[\"https:\\\/\\\/dev.david-coin.com\\\/product\\\/frankrijk-20-francs-1912-goud\\\/\"]}]},{\"@type\":\"ImageObject\",\"inLanguage\":\"ar\",\"@id\":\"https:\\\/\\\/dev.david-coin.com\\\/product\\\/frankrijk-20-francs-1912-goud\\\/#primaryimage\",\"url\":\"https:\\\/\\\/dev.david-coin.com\\\/wp-content\\\/uploads\\\/2025\\\/02\\\/Frankrijk-20Francs-1912-az-.jpg\",\"contentUrl\":\"https:\\\/\\\/dev.david-coin.com\\\/wp-content\\\/uploads\\\/2025\\\/02\\\/Frankrijk-20Francs-1912-az-.jpg\",\"width\":1100,\"height\":1100,\"caption\":\"Frankrijk goud 20 francs\"},{\"@type\":\"BreadcrumbList\",\"@id\":\"https:\\\/\\\/dev.david-coin.com\\\/product\\\/frankrijk-20-francs-1912-goud\\\/#breadcrumb\",\"itemListElement\":[{\"@type\":\"ListItem\",\"position\":1,\"name\":\"Home\",\"item\":\"https:\\\/\\\/dev.david-coin.com\\\/\"},{\"@type\":\"ListItem\",\"position\":2,\"name\":\"Winkel\",\"item\":\"https:\\\/\\\/dev.david-coin.com\\\/winkel\\\/\"},{\"@type\":\"ListItem\",\"position\":3,\"name\":\"Frankrijk 20 Francs goud\"}]},{\"@type\":\"WebSite\",\"@id\":\"https:\\\/\\\/dev.david-coin.com\\\/#website\",\"url\":\"https:\\\/\\\/dev.david-coin.com\\\/\",\"name\":\"David Coin\",\"description\":\"\",\"publisher\":{\"@id\":\"https:\\\/\\\/dev.david-coin.com\\\/#organization\"},\"potentialAction\":[{\"@type\":\"SearchAction\",\"target\":{\"@type\":\"EntryPoint\",\"urlTemplate\":\"https:\\\/\\\/dev.david-coin.com\\\/?s={search_term_string}\"},\"query-input\":{\"@type\":\"PropertyValueSpecification\",\"valueRequired\":true,\"valueName\":\"search_term_string\"}}],\"inLanguage\":\"ar\"},{\"@type\":\"Organization\",\"@id\":\"https:\\\/\\\/dev.david-coin.com\\\/#organization\",\"name\":\"David Coin\",\"url\":\"https:\\\/\\\/dev.david-coin.com\\\/\",\"logo\":{\"@type\":\"ImageObject\",\"inLanguage\":\"ar\",\"@id\":\"https:\\\/\\\/dev.david-coin.com\\\/#\\\/schema\\\/logo\\\/image\\\/\",\"url\":\"https:\\\/\\\/dev.david-coin.com\\\/wp-content\\\/uploads\\\/2024\\\/04\\\/davidcoin-logo-final.png\",\"contentUrl\":\"https:\\\/\\\/dev.david-coin.com\\\/wp-content\\\/uploads\\\/2024\\\/04\\\/davidcoin-logo-final.png\",\"width\":800,\"height\":267,\"caption\":\"David Coin\"},\"image\":{\"@id\":\"https:\\\/\\\/dev.david-coin.com\\\/#\\\/schema\\\/logo\\\/image\\\/\"},\"sameAs\":[\"https:\\\/\\\/www.facebook.com\\\/Davidcoininkoopenverkoop\",\"https:\\\/\\\/www.youtube.com\\\/channel\\\/UC39lihLKFSPTff0w6tv0pWQ\"]}]}<\/script>\n<meta property=\"product:price:amount\" content=\"870.38\" \/>\n<meta property=\"product:price:currency\" content=\"EUR\" \/>\n<meta property=\"og:availability\" content=\"out of stock\" \/>\n<meta property=\"product:availability\" content=\"out of stock\" \/>\n<meta property=\"product:retailer_item_id\" content=\"9874\" \/>\n<meta property=\"product:condition\" content=\"new\" \/>\n<!-- \/ Yoast SEO Premium plugin. -->","yoast_head_json":{"title":"Frankrijk 20 Francs goud","description":"Deze 20 Francs Marianne Rooster gouden munt heeft een prachtig ontwerp en is een ideale keuze voor beleggers. Bekijk nu ons verdere aanbod.","robots":{"index":"noindex","follow":"follow","max-snippet":"max-snippet:-1","max-image-preview":"max-image-preview:large","max-video-preview":"max-video-preview:-1"},"og_locale":"ar_AR","og_type":"article","og_title":"Frankrijk 20 Francs goud","og_description":"Deze 20 Francs Marianne Rooster gouden munt heeft een prachtig ontwerp en is een ideale keuze voor beleggers. Bekijk nu ons verdere aanbod.","og_url":"https:\/\/dev.david-coin.com\/ar\/product\/frankrijk-20-francs-1912-goud\/","og_site_name":"David Coin","article_publisher":"https:\/\/www.facebook.com\/Davidcoininkoopenverkoop","article_modified_time":"2025-10-07T18:45:34+00:00","og_image":[{"width":1100,"height":1100,"url":"https:\/\/dev.david-coin.com\/wp-content\/uploads\/2025\/02\/Frankrijk-20Francs-1912-az-.jpg","type":"image\/jpeg"}],"twitter_card":"summary_large_image","twitter_misc":{"\u0627\u0644\u0633\u0639\u0631":"&euro;&nbsp;870,38","\u0627\u0644\u062a\u0648\u0641\u0631":"\u0646\u0641\u0630 \u0627\u0644\u0645\u062e\u0632\u0648\u0646"},"schema":{"@context":"https:\/\/schema.org","@graph":[{"@type":"WebPage","@id":"https:\/\/dev.david-coin.com\/product\/frankrijk-20-francs-1912-goud\/","url":"https:\/\/dev.david-coin.com\/product\/frankrijk-20-francs-1912-goud\/","name":"Frankrijk 20 Francs goud","isPartOf":{"@id":"https:\/\/dev.david-coin.com\/#website"},"primaryImageOfPage":{"@id":"https:\/\/dev.david-coin.com\/product\/frankrijk-20-francs-1912-goud\/#primaryimage"},"image":{"@id":"https:\/\/dev.david-coin.com\/product\/frankrijk-20-francs-1912-goud\/#primaryimage"},"thumbnailUrl":"https:\/\/dev.david-coin.com\/wp-content\/uploads\/2025\/02\/Frankrijk-20Francs-1912-az-.jpg","datePublished":"2025-03-08T07:54:50+00:00","dateModified":"2025-10-07T18:45:34+00:00","description":"Deze 20 Francs Marianne Rooster gouden munt heeft een prachtig ontwerp en is een ideale keuze voor beleggers. Bekijk nu ons verdere aanbod.","breadcrumb":{"@id":"https:\/\/dev.david-coin.com\/product\/frankrijk-20-francs-1912-goud\/#breadcrumb"},"inLanguage":"ar","potentialAction":[{"@type":"ReadAction","target":["https:\/\/dev.david-coin.com\/product\/frankrijk-20-francs-1912-goud\/"]}]},{"@type":"ImageObject","inLanguage":"ar","@id":"https:\/\/dev.david-coin.com\/product\/frankrijk-20-francs-1912-goud\/#primaryimage","url":"https:\/\/dev.david-coin.com\/wp-content\/uploads\/2025\/02\/Frankrijk-20Francs-1912-az-.jpg","contentUrl":"https:\/\/dev.david-coin.com\/wp-content\/uploads\/2025\/02\/Frankrijk-20Francs-1912-az-.jpg","width":1100,"height":1100,"caption":"Frankrijk goud 20 francs"},{"@type":"BreadcrumbList","@id":"https:\/\/dev.david-coin.com\/product\/frankrijk-20-francs-1912-goud\/#breadcrumb","itemListElement":[{"@type":"ListItem","position":1,"name":"Home","item":"https:\/\/dev.david-coin.com\/"},{"@type":"ListItem","position":2,"name":"Winkel","item":"https:\/\/dev.david-coin.com\/winkel\/"},{"@type":"ListItem","position":3,"name":"Frankrijk 20 Francs goud"}]},{"@type":"WebSite","@id":"https:\/\/dev.david-coin.com\/#website","url":"https:\/\/dev.david-coin.com\/","name":"David Coin","description":"","publisher":{"@id":"https:\/\/dev.david-coin.com\/#organization"},"potentialAction":[{"@type":"SearchAction","target":{"@type":"EntryPoint","urlTemplate":"https:\/\/dev.david-coin.com\/?s={search_term_string}"},"query-input":{"@type":"PropertyValueSpecification","valueRequired":true,"valueName":"search_term_string"}}],"inLanguage":"ar"},{"@type":"Organization","@id":"https:\/\/dev.david-coin.com\/#organization","name":"David Coin","url":"https:\/\/dev.david-coin.com\/","logo":{"@type":"ImageObject","inLanguage":"ar","@id":"https:\/\/dev.david-coin.com\/#\/schema\/logo\/image\/","url":"https:\/\/dev.david-coin.com\/wp-content\/uploads\/2024\/04\/davidcoin-logo-final.png","contentUrl":"https:\/\/dev.david-coin.com\/wp-content\/uploads\/2024\/04\/davidcoin-logo-final.png","width":800,"height":267,"caption":"David Coin"},"image":{"@id":"https:\/\/dev.david-coin.com\/#\/schema\/logo\/image\/"},"sameAs":["https:\/\/www.facebook.com\/Davidcoininkoopenverkoop","https:\/\/www.youtube.com\/channel\/UC39lihLKFSPTff0w6tv0pWQ"]}]},"product_price_amount":"870.38","product_price_currency":"EUR","og_availability":"out of stock","product_availability":"out of stock","product_retailer_item_id":"9874","product_condition":"new"},"_links":{"self":[{"href":"https:\/\/dev.david-coin.com\/ar\/wp-json\/wp\/v2\/product\/144951","targetHints":{"allow":["GET"]}}],"collection":[{"href":"https:\/\/dev.david-coin.com\/ar\/wp-json\/wp\/v2\/product"}],"about":[{"href":"https:\/\/dev.david-coin.com\/ar\/wp-json\/wp\/v2\/types\/product"}],"replies":[{"embeddable":true,"href":"https:\/\/dev.david-coin.com\/ar\/wp-json\/wp\/v2\/comments?post=144951"}],"version-history":[{"count":0,"href":"https:\/\/dev.david-coin.com\/ar\/wp-json\/wp\/v2\/product\/144951\/revisions"}],"wp:featuredmedia":[{"embeddable":true,"href":"https:\/\/dev.david-coin.com\/ar\/wp-json\/wp\/v2\/media\/144942"}],"wp:attachment":[{"href":"https:\/\/dev.david-coin.com\/ar\/wp-json\/wp\/v2\/media?parent=144951"}],"wp:term":[{"taxonomy":"product_brand","embeddable":true,"href":"https:\/\/dev.david-coin.com\/ar\/wp-json\/wp\/v2\/product_brand?post=144951"},{"taxonomy":"product_cat","embeddable":true,"href":"https:\/\/dev.david-coin.com\/ar\/wp-json\/wp\/v2\/product_cat?post=144951"},{"taxonomy":"product_tag","embeddable":true,"href":"https:\/\/dev.david-coin.com\/ar\/wp-json\/wp\/v2\/product_tag?post=144951"}],"curies":[{"name":"wp","href":"https:\/\/api.w.org\/{rel}","templated":true}]}}