{"id":139907,"date":"2024-11-18T21:01:05","date_gmt":"2024-11-18T20:01:05","guid":{"rendered":"https:\/\/dev.david-coin.com\/?post_type=product&#038;p=139907"},"modified":"2025-07-26T12:47:07","modified_gmt":"2025-07-26T10:47:07","slug":"israel-100-nieuwe-israelische-sjekel-1986-1995","status":"publish","type":"product","link":"https:\/\/dev.david-coin.com\/ar\/product\/israel-100-nieuwe-israelische-sjekel-1986-1995\/","title":{"rendered":"Isra\u00ebl 100 Nieuwe Isra\u00eblische sjekel 1986-1995"},"content":{"rendered":"<p>Isra\u00ebl 100 Nieuwe Isra\u00eblische sjekel 1986-1995<br \/>\nPick: 56<br \/>\n\u0627\u0646\u0638\u0631 \u0639\u0645\u0644\u064a\u0627\u062a \u0627\u0644\u0645\u0633\u062d \u0644\u0644\u062d\u0635\u0648\u0644 \u0639\u0644\u0649 \u0645\u0632\u064a\u062f \u0645\u0646 \u0627\u0644\u062a\u0641\u0627\u0635\u064a\u0644.<br \/>\n\u0625\u0630\u0627 \u0643\u0627\u0646 \u0644\u062f\u064a\u0643 \u0623\u064a \u0623\u0633\u0626\u0644\u0629\u060c \u0641\u0644\u0627 \u062a\u062a\u0631\u062f\u062f \u0641\u064a \u0625\u0631\u0633\u0627\u0644 \u0631\u0633\u0627\u0644\u0629 \u0644\u0646\u0627.<\/p>\n<p>&nbsp;<\/p>","protected":false},"excerpt":{"rendered":"<p>Isra\u00ebl 100 Nieuwe Isra\u00eblische sjekel 1986-1995 Pick: 56 Zie scans voor meer details. Voor vragen, stuur ons gerust een bericht. &nbsp;<\/p>","protected":false},"featured_media":139663,"comment_status":"closed","ping_status":"open","template":"","meta":[],"product_brand":[],"product_cat":[6744,5474],"product_tag":[],"class_list":{"0":"post-139907","1":"product","2":"type-product","3":"status-publish","4":"has-post-thumbnail","6":"product_cat-azie-wereld-bankbiljetten-buitenlandse-bankbiljetten","7":"product_cat-wereld-bankbiljetten-buitenlandse-bankbiljetten","8":"pa_bankbiljetwaarde-100-nieuwe-ische-sjekel","9":"pa_kwaliteit-fraai-min","10":"pa_land-israel","12":"first","13":"outofstock","14":"purchasable","15":"product-type-simple"},"yoast_head":"<!-- This site is optimized with the Yoast SEO Premium plugin v26.0 (Yoast SEO v27.4) - https:\/\/yoast.com\/product\/yoast-seo-premium-wordpress\/ -->\n<title>Isra\u00ebl 100 Nieuwe Isra\u00eblische sjekel 1986-1995<\/title>\n<meta name=\"description\" content=\"Wereldbiljetten verkrijgbaar bij David-coin. Bekijk nu ons ruime aanbod. Gratis verzending vanaf 75 euro binnen Nederland.\" \/>\n<meta name=\"robots\" content=\"noindex, follow, max-snippet:-1, max-image-preview:large, max-video-preview:-1\" \/>\n<meta property=\"og:locale\" content=\"ar_AR\" \/>\n<meta property=\"og:type\" content=\"article\" \/>\n<meta property=\"og:title\" content=\"Isra\u00ebl 100 Nieuwe Isra\u00eblische sjekel 1986-1995\" \/>\n<meta property=\"og:description\" content=\"Wereldbiljetten verkrijgbaar bij David-coin. Bekijk nu ons ruime aanbod. Gratis verzending vanaf 75 euro binnen Nederland.\" \/>\n<meta property=\"og:url\" content=\"https:\/\/dev.david-coin.com\/ar\/product\/israel-100-nieuwe-israelische-sjekel-1986-1995\/\" \/>\n<meta property=\"og:site_name\" content=\"David Coin\" \/>\n<meta property=\"article:publisher\" content=\"https:\/\/www.facebook.com\/Davidcoininkoopenverkoop\" \/>\n<meta property=\"article:modified_time\" content=\"2025-07-26T10:47:07+00:00\" \/>\n<meta property=\"og:image\" content=\"https:\/\/dev.david-coin.com\/wp-content\/uploads\/2024\/11\/Israel-100sjekels-1989-vz.jpg\" \/>\n\t<meta property=\"og:image:width\" content=\"879\" \/>\n\t<meta property=\"og:image:height\" content=\"508\" \/>\n\t<meta property=\"og:image:type\" content=\"image\/jpeg\" \/>\n<meta name=\"twitter:card\" content=\"summary_large_image\" \/>\n<meta name=\"twitter:label1\" content=\"\u0627\u0644\u0633\u0639\u0631\" \/>\n\t<meta name=\"twitter:data1\" content=\"&euro;&nbsp;9,95\" \/>\n\t<meta name=\"twitter:label2\" content=\"\u0627\u0644\u062a\u0648\u0641\u0631\" \/>\n\t<meta name=\"twitter:data2\" content=\"\u0646\u0641\u0630 \u0627\u0644\u0645\u062e\u0632\u0648\u0646\" \/>\n<script type=\"application\/ld+json\" class=\"yoast-schema-graph\">{\"@context\":\"https:\\\/\\\/schema.org\",\"@graph\":[{\"@type\":\"WebPage\",\"@id\":\"https:\\\/\\\/dev.david-coin.com\\\/product\\\/israel-100-nieuwe-israelische-sjekel-1986-1995\\\/\",\"url\":\"https:\\\/\\\/dev.david-coin.com\\\/product\\\/israel-100-nieuwe-israelische-sjekel-1986-1995\\\/\",\"name\":\"Isra\u00ebl 100 Nieuwe Isra\u00eblische sjekel 1986-1995\",\"isPartOf\":{\"@id\":\"https:\\\/\\\/dev.david-coin.com\\\/#website\"},\"primaryImageOfPage\":{\"@id\":\"https:\\\/\\\/dev.david-coin.com\\\/product\\\/israel-100-nieuwe-israelische-sjekel-1986-1995\\\/#primaryimage\"},\"image\":{\"@id\":\"https:\\\/\\\/dev.david-coin.com\\\/product\\\/israel-100-nieuwe-israelische-sjekel-1986-1995\\\/#primaryimage\"},\"thumbnailUrl\":\"https:\\\/\\\/dev.david-coin.com\\\/wp-content\\\/uploads\\\/2024\\\/11\\\/Israel-100sjekels-1989-vz.jpg\",\"datePublished\":\"2024-11-18T20:01:05+00:00\",\"dateModified\":\"2025-07-26T10:47:07+00:00\",\"description\":\"Wereldbiljetten verkrijgbaar bij David-coin. Bekijk nu ons ruime aanbod. Gratis verzending vanaf 75 euro binnen Nederland.\",\"breadcrumb\":{\"@id\":\"https:\\\/\\\/dev.david-coin.com\\\/product\\\/israel-100-nieuwe-israelische-sjekel-1986-1995\\\/#breadcrumb\"},\"inLanguage\":\"ar\",\"potentialAction\":[{\"@type\":\"ReadAction\",\"target\":[\"https:\\\/\\\/dev.david-coin.com\\\/product\\\/israel-100-nieuwe-israelische-sjekel-1986-1995\\\/\"]}]},{\"@type\":\"ImageObject\",\"inLanguage\":\"ar\",\"@id\":\"https:\\\/\\\/dev.david-coin.com\\\/product\\\/israel-100-nieuwe-israelische-sjekel-1986-1995\\\/#primaryimage\",\"url\":\"https:\\\/\\\/dev.david-coin.com\\\/wp-content\\\/uploads\\\/2024\\\/11\\\/Israel-100sjekels-1989-vz.jpg\",\"contentUrl\":\"https:\\\/\\\/dev.david-coin.com\\\/wp-content\\\/uploads\\\/2024\\\/11\\\/Israel-100sjekels-1989-vz.jpg\",\"width\":879,\"height\":508,\"caption\":\"Isra\u00ebl 100 Nieuwe Isra\u00eblische sjekel 1986-1995\"},{\"@type\":\"BreadcrumbList\",\"@id\":\"https:\\\/\\\/dev.david-coin.com\\\/product\\\/israel-100-nieuwe-israelische-sjekel-1986-1995\\\/#breadcrumb\",\"itemListElement\":[{\"@type\":\"ListItem\",\"position\":1,\"name\":\"Home\",\"item\":\"https:\\\/\\\/dev.david-coin.com\\\/\"},{\"@type\":\"ListItem\",\"position\":2,\"name\":\"Winkel\",\"item\":\"https:\\\/\\\/dev.david-coin.com\\\/winkel\\\/\"},{\"@type\":\"ListItem\",\"position\":3,\"name\":\"Isra\u00ebl 100 Nieuwe Isra\u00eblische sjekel 1986-1995\"}]},{\"@type\":\"WebSite\",\"@id\":\"https:\\\/\\\/dev.david-coin.com\\\/#website\",\"url\":\"https:\\\/\\\/dev.david-coin.com\\\/\",\"name\":\"David Coin\",\"description\":\"\",\"publisher\":{\"@id\":\"https:\\\/\\\/dev.david-coin.com\\\/#organization\"},\"potentialAction\":[{\"@type\":\"SearchAction\",\"target\":{\"@type\":\"EntryPoint\",\"urlTemplate\":\"https:\\\/\\\/dev.david-coin.com\\\/?s={search_term_string}\"},\"query-input\":{\"@type\":\"PropertyValueSpecification\",\"valueRequired\":true,\"valueName\":\"search_term_string\"}}],\"inLanguage\":\"ar\"},{\"@type\":\"Organization\",\"@id\":\"https:\\\/\\\/dev.david-coin.com\\\/#organization\",\"name\":\"David Coin\",\"url\":\"https:\\\/\\\/dev.david-coin.com\\\/\",\"logo\":{\"@type\":\"ImageObject\",\"inLanguage\":\"ar\",\"@id\":\"https:\\\/\\\/dev.david-coin.com\\\/#\\\/schema\\\/logo\\\/image\\\/\",\"url\":\"https:\\\/\\\/dev.david-coin.com\\\/wp-content\\\/uploads\\\/2024\\\/04\\\/davidcoin-logo-final.png\",\"contentUrl\":\"https:\\\/\\\/dev.david-coin.com\\\/wp-content\\\/uploads\\\/2024\\\/04\\\/davidcoin-logo-final.png\",\"width\":800,\"height\":267,\"caption\":\"David Coin\"},\"image\":{\"@id\":\"https:\\\/\\\/dev.david-coin.com\\\/#\\\/schema\\\/logo\\\/image\\\/\"},\"sameAs\":[\"https:\\\/\\\/www.facebook.com\\\/Davidcoininkoopenverkoop\",\"https:\\\/\\\/www.youtube.com\\\/channel\\\/UC39lihLKFSPTff0w6tv0pWQ\"]}]}<\/script>\n<meta property=\"product:price:amount\" content=\"9.95\" \/>\n<meta property=\"product:price:currency\" content=\"EUR\" \/>\n<meta property=\"og:availability\" content=\"out of stock\" \/>\n<meta property=\"product:availability\" content=\"out of stock\" \/>\n<meta property=\"product:retailer_item_id\" content=\"13562\" \/>\n<meta property=\"product:condition\" content=\"new\" \/>\n<!-- \/ Yoast SEO Premium plugin. -->","yoast_head_json":{"title":"Isra\u00ebl 100 Nieuwe Isra\u00eblische sjekel 1986-1995","description":"Wereldbiljetten verkrijgbaar bij David-coin. Bekijk nu ons ruime aanbod. Gratis verzending vanaf 75 euro binnen Nederland.","robots":{"index":"noindex","follow":"follow","max-snippet":"max-snippet:-1","max-image-preview":"max-image-preview:large","max-video-preview":"max-video-preview:-1"},"og_locale":"ar_AR","og_type":"article","og_title":"Isra\u00ebl 100 Nieuwe Isra\u00eblische sjekel 1986-1995","og_description":"Wereldbiljetten verkrijgbaar bij David-coin. Bekijk nu ons ruime aanbod. Gratis verzending vanaf 75 euro binnen Nederland.","og_url":"https:\/\/dev.david-coin.com\/ar\/product\/israel-100-nieuwe-israelische-sjekel-1986-1995\/","og_site_name":"David Coin","article_publisher":"https:\/\/www.facebook.com\/Davidcoininkoopenverkoop","article_modified_time":"2025-07-26T10:47:07+00:00","og_image":[{"width":879,"height":508,"url":"https:\/\/dev.david-coin.com\/wp-content\/uploads\/2024\/11\/Israel-100sjekels-1989-vz.jpg","type":"image\/jpeg"}],"twitter_card":"summary_large_image","twitter_misc":{"\u0627\u0644\u0633\u0639\u0631":"&euro;&nbsp;9,95","\u0627\u0644\u062a\u0648\u0641\u0631":"\u0646\u0641\u0630 \u0627\u0644\u0645\u062e\u0632\u0648\u0646"},"schema":{"@context":"https:\/\/schema.org","@graph":[{"@type":"WebPage","@id":"https:\/\/dev.david-coin.com\/product\/israel-100-nieuwe-israelische-sjekel-1986-1995\/","url":"https:\/\/dev.david-coin.com\/product\/israel-100-nieuwe-israelische-sjekel-1986-1995\/","name":"Isra\u00ebl 100 Nieuwe Isra\u00eblische sjekel 1986-1995","isPartOf":{"@id":"https:\/\/dev.david-coin.com\/#website"},"primaryImageOfPage":{"@id":"https:\/\/dev.david-coin.com\/product\/israel-100-nieuwe-israelische-sjekel-1986-1995\/#primaryimage"},"image":{"@id":"https:\/\/dev.david-coin.com\/product\/israel-100-nieuwe-israelische-sjekel-1986-1995\/#primaryimage"},"thumbnailUrl":"https:\/\/dev.david-coin.com\/wp-content\/uploads\/2024\/11\/Israel-100sjekels-1989-vz.jpg","datePublished":"2024-11-18T20:01:05+00:00","dateModified":"2025-07-26T10:47:07+00:00","description":"Wereldbiljetten verkrijgbaar bij David-coin. Bekijk nu ons ruime aanbod. Gratis verzending vanaf 75 euro binnen Nederland.","breadcrumb":{"@id":"https:\/\/dev.david-coin.com\/product\/israel-100-nieuwe-israelische-sjekel-1986-1995\/#breadcrumb"},"inLanguage":"ar","potentialAction":[{"@type":"ReadAction","target":["https:\/\/dev.david-coin.com\/product\/israel-100-nieuwe-israelische-sjekel-1986-1995\/"]}]},{"@type":"ImageObject","inLanguage":"ar","@id":"https:\/\/dev.david-coin.com\/product\/israel-100-nieuwe-israelische-sjekel-1986-1995\/#primaryimage","url":"https:\/\/dev.david-coin.com\/wp-content\/uploads\/2024\/11\/Israel-100sjekels-1989-vz.jpg","contentUrl":"https:\/\/dev.david-coin.com\/wp-content\/uploads\/2024\/11\/Israel-100sjekels-1989-vz.jpg","width":879,"height":508,"caption":"Isra\u00ebl 100 Nieuwe Isra\u00eblische sjekel 1986-1995"},{"@type":"BreadcrumbList","@id":"https:\/\/dev.david-coin.com\/product\/israel-100-nieuwe-israelische-sjekel-1986-1995\/#breadcrumb","itemListElement":[{"@type":"ListItem","position":1,"name":"Home","item":"https:\/\/dev.david-coin.com\/"},{"@type":"ListItem","position":2,"name":"Winkel","item":"https:\/\/dev.david-coin.com\/winkel\/"},{"@type":"ListItem","position":3,"name":"Isra\u00ebl 100 Nieuwe Isra\u00eblische sjekel 1986-1995"}]},{"@type":"WebSite","@id":"https:\/\/dev.david-coin.com\/#website","url":"https:\/\/dev.david-coin.com\/","name":"David Coin","description":"","publisher":{"@id":"https:\/\/dev.david-coin.com\/#organization"},"potentialAction":[{"@type":"SearchAction","target":{"@type":"EntryPoint","urlTemplate":"https:\/\/dev.david-coin.com\/?s={search_term_string}"},"query-input":{"@type":"PropertyValueSpecification","valueRequired":true,"valueName":"search_term_string"}}],"inLanguage":"ar"},{"@type":"Organization","@id":"https:\/\/dev.david-coin.com\/#organization","name":"David Coin","url":"https:\/\/dev.david-coin.com\/","logo":{"@type":"ImageObject","inLanguage":"ar","@id":"https:\/\/dev.david-coin.com\/#\/schema\/logo\/image\/","url":"https:\/\/dev.david-coin.com\/wp-content\/uploads\/2024\/04\/davidcoin-logo-final.png","contentUrl":"https:\/\/dev.david-coin.com\/wp-content\/uploads\/2024\/04\/davidcoin-logo-final.png","width":800,"height":267,"caption":"David Coin"},"image":{"@id":"https:\/\/dev.david-coin.com\/#\/schema\/logo\/image\/"},"sameAs":["https:\/\/www.facebook.com\/Davidcoininkoopenverkoop","https:\/\/www.youtube.com\/channel\/UC39lihLKFSPTff0w6tv0pWQ"]}]},"product_price_amount":"9.95","product_price_currency":"EUR","og_availability":"out of stock","product_availability":"out of stock","product_retailer_item_id":"13562","product_condition":"new"},"_links":{"self":[{"href":"https:\/\/dev.david-coin.com\/ar\/wp-json\/wp\/v2\/product\/139907","targetHints":{"allow":["GET"]}}],"collection":[{"href":"https:\/\/dev.david-coin.com\/ar\/wp-json\/wp\/v2\/product"}],"about":[{"href":"https:\/\/dev.david-coin.com\/ar\/wp-json\/wp\/v2\/types\/product"}],"replies":[{"embeddable":true,"href":"https:\/\/dev.david-coin.com\/ar\/wp-json\/wp\/v2\/comments?post=139907"}],"version-history":[{"count":0,"href":"https:\/\/dev.david-coin.com\/ar\/wp-json\/wp\/v2\/product\/139907\/revisions"}],"wp:featuredmedia":[{"embeddable":true,"href":"https:\/\/dev.david-coin.com\/ar\/wp-json\/wp\/v2\/media\/139663"}],"wp:attachment":[{"href":"https:\/\/dev.david-coin.com\/ar\/wp-json\/wp\/v2\/media?parent=139907"}],"wp:term":[{"taxonomy":"product_brand","embeddable":true,"href":"https:\/\/dev.david-coin.com\/ar\/wp-json\/wp\/v2\/product_brand?post=139907"},{"taxonomy":"product_cat","embeddable":true,"href":"https:\/\/dev.david-coin.com\/ar\/wp-json\/wp\/v2\/product_cat?post=139907"},{"taxonomy":"product_tag","embeddable":true,"href":"https:\/\/dev.david-coin.com\/ar\/wp-json\/wp\/v2\/product_tag?post=139907"}],"curies":[{"name":"wp","href":"https:\/\/api.w.org\/{rel}","templated":true}]}}