{"id":120206,"date":"2023-07-15T12:56:55","date_gmt":"2023-07-15T12:56:55","guid":{"rendered":"https:\/\/dev.david-coin.com\/product\/china-1-ounce-zilveren-panda-2010\/"},"modified":"2025-07-21T16:30:03","modified_gmt":"2025-07-21T14:30:03","slug":"china-1-ounce-zilveren-panda-2010","status":"publish","type":"product","link":"https:\/\/dev.david-coin.com\/ar\/product\/china-1-ounce-zilveren-panda-2010\/","title":{"rendered":"\u0628\u0627\u0646\u062f\u0627 \u0641\u0636\u064a\u0629 \u0635\u064a\u0646\u064a\u0629 1 \u0623\u0648\u0646\u0635\u0629 2010"},"content":{"rendered":"<p><span style=\"font-size: 12pt;\"><strong><span style=\"font-family: arial, helvetica, sans-serif;\">\u0628\u0627\u0646\u062f\u0627 \u0641\u0636\u064a\u0629 \u0635\u064a\u0646\u064a\u0629 1 \u0623\u0648\u0646\u0635\u0629 2010<\/span><\/strong><\/span><\/p>\n<p><span style=\"color: #000000; font-family: arial, helvetica, sans-serif; font-size: 12pt;\">De\u00a0Chinese Silver Panda\u00a0(\u00a0Chinees\u00a0:<span lang=\"zh\">\u718a\u732b \u94f6\u5e01<\/span>;\u00a0<a style=\"color: #000000;\" title=\"Pinyin\" href=\"https:\/\/en.wikipedia.org\/wiki\/Pinyin\">pinyin<\/a>\u00a0:\u00a0<i><span lang=\"zh-Latn-pinyin\">xi\u00f3ngm\u0101o y\u00ednb\u00ec<\/span><\/i>\u00a0) is een serie\u00a0zilveren edelmetaalmunten\u00a0uitgegeven door de\u00a0Volksrepubliek China.\u00a0Het ontwerp van de panda wordt elk jaar veranderd en geslagen in verschillende maten en coupures, vari\u00ebrend van 0,5 troy oz.\u00a0tot 1 kilogram.\u00a0Vanaf 2016 zijn Panda&#8217;s overgeschakeld op metrische maten.\u00a0De\u00a0munt van\u00a01\u00a0<a style=\"color: #000000;\" title=\"Troy gewicht\" href=\"https:\/\/en.wikipedia.org\/wiki\/Troy_weight\">troy<\/a>\u00a0ounce werd teruggebracht tot 30 gram, terwijl de munt van 5 troy ounce werd teruggebracht tot 150 gram. Onder zowel beleggers als verzamelaars een geliefd collectorsitem.<\/span><\/p>\n<p><span style=\"font-family: arial, helvetica, sans-serif; font-size: 12pt;\">\u00a0<\/span><\/p>\n<p><span style=\"color: #000000; font-family: arial, helvetica, sans-serif; font-size: 12pt;\">Gewicht:31,103 gram (Troy Ounce)<br \/>\n\u0627\u0644\u0645\u062d\u062a\u0648\u0649: 999\/1000<br \/>\n<\/span><\/p>\n<p><span style=\"color: #000000; font-family: arial, helvetica, sans-serif; font-size: 12pt;\">Vb-foto. U ontvangt een identiek exemplaar.<br \/>\n\u0627\u0646\u0638\u0631 \u0639\u0645\u0644\u064a\u0627\u062a \u0627\u0644\u0645\u0633\u062d \u0644\u0644\u062d\u0635\u0648\u0644 \u0639\u0644\u0649 \u0645\u0632\u064a\u062f \u0645\u0646 \u0627\u0644\u062a\u0641\u0627\u0635\u064a\u0644.<br \/>\n\u0625\u0630\u0627 \u0643\u0627\u0646 \u0644\u062f\u064a\u0643 \u0623\u064a \u0623\u0633\u0626\u0644\u0629\u060c \u0641\u0644\u0627 \u062a\u062a\u0631\u062f\u062f \u0641\u064a \u0625\u0631\u0633\u0627\u0644 \u0631\u0633\u0627\u0644\u0629 \u0644\u0646\u0627.<\/span><\/p>\n<p><span style=\"font-family: arial, helvetica, sans-serif; font-size: 12pt;\">\u00a0<\/span><\/p>","protected":false},"excerpt":{"rendered":"<p>999\/1000<\/p>","protected":false},"featured_media":120204,"comment_status":"closed","ping_status":"closed","template":"","meta":[],"product_brand":[],"product_cat":[5485,5479,5602,5473,5968],"product_tag":[],"class_list":{"0":"post-120206","1":"product","2":"type-product","3":"status-publish","4":"has-post-thumbnail","6":"product_cat-azie","7":"product_cat-edelmetaal-goud-kopen","8":"product_cat-troy-ounce-munten","9":"product_cat-world-coins-romeinse-munten","10":"product_cat-zilveren-chinese-panda","11":"pa_gewicht-1troyounce","12":"pa_kwaliteit-proof","13":"pa_land-china","14":"pa_materiaal-zilver","15":"pa_muntwaarde-10yuan","17":"first","18":"outofstock","19":"taxable","20":"shipping-taxable","21":"purchasable","22":"product-type-simple"},"yoast_head":"<!-- This site is optimized with the Yoast SEO Premium plugin v26.0 (Yoast SEO v27.4) - https:\/\/yoast.com\/product\/yoast-seo-premium-wordpress\/ -->\n<title>China 1 Ounce Zilveren panda 2010<\/title>\n<meta name=\"description\" content=\"Deze munt bevat een gewicht van 31,103 gram en is puur zilver (999\/1000). Betaal veilig, snel en profiteer van onze aanbiedingen.\" \/>\n<meta name=\"robots\" content=\"noindex, follow, max-snippet:-1, max-image-preview:large, max-video-preview:-1\" \/>\n<meta property=\"og:locale\" content=\"ar_AR\" \/>\n<meta property=\"og:type\" content=\"article\" \/>\n<meta property=\"og:title\" content=\"China 1 Ounce Zilveren panda 2010\" \/>\n<meta property=\"og:description\" content=\"Deze munt bevat een gewicht van 31,103 gram en is puur zilver (999\/1000). Betaal veilig, snel en profiteer van onze aanbiedingen.\" \/>\n<meta property=\"og:url\" content=\"https:\/\/dev.david-coin.com\/ar\/product\/china-1-ounce-zilveren-panda-2010\/\" \/>\n<meta property=\"og:site_name\" content=\"David Coin\" \/>\n<meta property=\"article:publisher\" content=\"https:\/\/www.facebook.com\/Davidcoininkoopenverkoop\" \/>\n<meta property=\"article:modified_time\" content=\"2025-07-21T14:30:03+00:00\" \/>\n<meta property=\"og:image\" content=\"https:\/\/dev.david-coin.com\/wp-content\/uploads\/2023\/07\/10yenvz.jpg\" \/>\n\t<meta property=\"og:image:width\" content=\"775\" \/>\n\t<meta property=\"og:image:height\" content=\"800\" \/>\n\t<meta property=\"og:image:type\" content=\"image\/jpeg\" \/>\n<meta name=\"twitter:card\" content=\"summary_large_image\" \/>\n<meta name=\"twitter:label1\" content=\"\u0627\u0644\u0633\u0639\u0631\" \/>\n\t<meta name=\"twitter:data1\" content=\"&euro;&nbsp;59,95\" \/>\n\t<meta name=\"twitter:label2\" content=\"\u0627\u0644\u062a\u0648\u0641\u0631\" \/>\n\t<meta name=\"twitter:data2\" content=\"\u0646\u0641\u0630 \u0627\u0644\u0645\u062e\u0632\u0648\u0646\" \/>\n<script type=\"application\/ld+json\" class=\"yoast-schema-graph\">{\"@context\":\"https:\\\/\\\/schema.org\",\"@graph\":[{\"@type\":\"WebPage\",\"@id\":\"https:\\\/\\\/dev.david-coin.com\\\/product\\\/china-1-ounce-zilveren-panda-2010\\\/\",\"url\":\"https:\\\/\\\/dev.david-coin.com\\\/product\\\/china-1-ounce-zilveren-panda-2010\\\/\",\"name\":\"China 1 Ounce Zilveren panda 2010\",\"isPartOf\":{\"@id\":\"https:\\\/\\\/dev.david-coin.com\\\/#website\"},\"primaryImageOfPage\":{\"@id\":\"https:\\\/\\\/dev.david-coin.com\\\/product\\\/china-1-ounce-zilveren-panda-2010\\\/#primaryimage\"},\"image\":{\"@id\":\"https:\\\/\\\/dev.david-coin.com\\\/product\\\/china-1-ounce-zilveren-panda-2010\\\/#primaryimage\"},\"thumbnailUrl\":\"https:\\\/\\\/dev.david-coin.com\\\/wp-content\\\/uploads\\\/2023\\\/07\\\/10yenvz.jpg\",\"datePublished\":\"2023-07-15T12:56:55+00:00\",\"dateModified\":\"2025-07-21T14:30:03+00:00\",\"description\":\"Deze munt bevat een gewicht van 31,103 gram en is puur zilver (999\\\/1000). Betaal veilig, snel en profiteer van onze aanbiedingen.\",\"breadcrumb\":{\"@id\":\"https:\\\/\\\/dev.david-coin.com\\\/product\\\/china-1-ounce-zilveren-panda-2010\\\/#breadcrumb\"},\"inLanguage\":\"ar\",\"potentialAction\":[{\"@type\":\"ReadAction\",\"target\":[\"https:\\\/\\\/dev.david-coin.com\\\/product\\\/china-1-ounce-zilveren-panda-2010\\\/\"]}]},{\"@type\":\"ImageObject\",\"inLanguage\":\"ar\",\"@id\":\"https:\\\/\\\/dev.david-coin.com\\\/product\\\/china-1-ounce-zilveren-panda-2010\\\/#primaryimage\",\"url\":\"https:\\\/\\\/dev.david-coin.com\\\/wp-content\\\/uploads\\\/2023\\\/07\\\/10yenvz.jpg\",\"contentUrl\":\"https:\\\/\\\/dev.david-coin.com\\\/wp-content\\\/uploads\\\/2023\\\/07\\\/10yenvz.jpg\",\"width\":775,\"height\":800},{\"@type\":\"BreadcrumbList\",\"@id\":\"https:\\\/\\\/dev.david-coin.com\\\/product\\\/china-1-ounce-zilveren-panda-2010\\\/#breadcrumb\",\"itemListElement\":[{\"@type\":\"ListItem\",\"position\":1,\"name\":\"Home\",\"item\":\"https:\\\/\\\/dev.david-coin.com\\\/\"},{\"@type\":\"ListItem\",\"position\":2,\"name\":\"Winkel\",\"item\":\"https:\\\/\\\/dev.david-coin.com\\\/winkel\\\/\"},{\"@type\":\"ListItem\",\"position\":3,\"name\":\"China 1 Ounce Zilveren panda 2010\"}]},{\"@type\":\"WebSite\",\"@id\":\"https:\\\/\\\/dev.david-coin.com\\\/#website\",\"url\":\"https:\\\/\\\/dev.david-coin.com\\\/\",\"name\":\"David Coin\",\"description\":\"\",\"publisher\":{\"@id\":\"https:\\\/\\\/dev.david-coin.com\\\/#organization\"},\"potentialAction\":[{\"@type\":\"SearchAction\",\"target\":{\"@type\":\"EntryPoint\",\"urlTemplate\":\"https:\\\/\\\/dev.david-coin.com\\\/?s={search_term_string}\"},\"query-input\":{\"@type\":\"PropertyValueSpecification\",\"valueRequired\":true,\"valueName\":\"search_term_string\"}}],\"inLanguage\":\"ar\"},{\"@type\":\"Organization\",\"@id\":\"https:\\\/\\\/dev.david-coin.com\\\/#organization\",\"name\":\"David Coin\",\"url\":\"https:\\\/\\\/dev.david-coin.com\\\/\",\"logo\":{\"@type\":\"ImageObject\",\"inLanguage\":\"ar\",\"@id\":\"https:\\\/\\\/dev.david-coin.com\\\/#\\\/schema\\\/logo\\\/image\\\/\",\"url\":\"https:\\\/\\\/dev.david-coin.com\\\/wp-content\\\/uploads\\\/2024\\\/04\\\/davidcoin-logo-final.png\",\"contentUrl\":\"https:\\\/\\\/dev.david-coin.com\\\/wp-content\\\/uploads\\\/2024\\\/04\\\/davidcoin-logo-final.png\",\"width\":800,\"height\":267,\"caption\":\"David Coin\"},\"image\":{\"@id\":\"https:\\\/\\\/dev.david-coin.com\\\/#\\\/schema\\\/logo\\\/image\\\/\"},\"sameAs\":[\"https:\\\/\\\/www.facebook.com\\\/Davidcoininkoopenverkoop\",\"https:\\\/\\\/www.youtube.com\\\/channel\\\/UC39lihLKFSPTff0w6tv0pWQ\"]}]}<\/script>\n<meta property=\"product:price:amount\" content=\"59.95\" \/>\n<meta property=\"product:price:currency\" content=\"EUR\" \/>\n<meta property=\"og:availability\" content=\"out of stock\" \/>\n<meta property=\"product:availability\" content=\"out of stock\" \/>\n<meta property=\"product:retailer_item_id\" content=\"9220\" \/>\n<meta property=\"product:condition\" content=\"new\" \/>\n<!-- \/ Yoast SEO Premium plugin. -->","yoast_head_json":{"title":"\u0628\u0627\u0646\u062f\u0627 \u0641\u0636\u064a\u0629 \u0635\u064a\u0646\u064a\u0629 1 \u0623\u0648\u0646\u0635\u0629 2010","description":"Deze munt bevat een gewicht van 31,103 gram en is puur zilver (999\/1000). Betaal veilig, snel en profiteer van onze aanbiedingen.","robots":{"index":"noindex","follow":"follow","max-snippet":"max-snippet:-1","max-image-preview":"max-image-preview:large","max-video-preview":"max-video-preview:-1"},"og_locale":"ar_AR","og_type":"article","og_title":"China 1 Ounce Zilveren panda 2010","og_description":"Deze munt bevat een gewicht van 31,103 gram en is puur zilver (999\/1000). Betaal veilig, snel en profiteer van onze aanbiedingen.","og_url":"https:\/\/dev.david-coin.com\/ar\/product\/china-1-ounce-zilveren-panda-2010\/","og_site_name":"David Coin","article_publisher":"https:\/\/www.facebook.com\/Davidcoininkoopenverkoop","article_modified_time":"2025-07-21T14:30:03+00:00","og_image":[{"width":775,"height":800,"url":"https:\/\/dev.david-coin.com\/wp-content\/uploads\/2023\/07\/10yenvz.jpg","type":"image\/jpeg"}],"twitter_card":"summary_large_image","twitter_misc":{"\u0627\u0644\u0633\u0639\u0631":"&euro;&nbsp;59,95","\u0627\u0644\u062a\u0648\u0641\u0631":"\u0646\u0641\u0630 \u0627\u0644\u0645\u062e\u0632\u0648\u0646"},"schema":{"@context":"https:\/\/schema.org","@graph":[{"@type":"WebPage","@id":"https:\/\/dev.david-coin.com\/product\/china-1-ounce-zilveren-panda-2010\/","url":"https:\/\/dev.david-coin.com\/product\/china-1-ounce-zilveren-panda-2010\/","name":"\u0628\u0627\u0646\u062f\u0627 \u0641\u0636\u064a\u0629 \u0635\u064a\u0646\u064a\u0629 1 \u0623\u0648\u0646\u0635\u0629 2010","isPartOf":{"@id":"https:\/\/dev.david-coin.com\/#website"},"primaryImageOfPage":{"@id":"https:\/\/dev.david-coin.com\/product\/china-1-ounce-zilveren-panda-2010\/#primaryimage"},"image":{"@id":"https:\/\/dev.david-coin.com\/product\/china-1-ounce-zilveren-panda-2010\/#primaryimage"},"thumbnailUrl":"https:\/\/dev.david-coin.com\/wp-content\/uploads\/2023\/07\/10yenvz.jpg","datePublished":"2023-07-15T12:56:55+00:00","dateModified":"2025-07-21T14:30:03+00:00","description":"Deze munt bevat een gewicht van 31,103 gram en is puur zilver (999\/1000). Betaal veilig, snel en profiteer van onze aanbiedingen.","breadcrumb":{"@id":"https:\/\/dev.david-coin.com\/product\/china-1-ounce-zilveren-panda-2010\/#breadcrumb"},"inLanguage":"ar","potentialAction":[{"@type":"ReadAction","target":["https:\/\/dev.david-coin.com\/product\/china-1-ounce-zilveren-panda-2010\/"]}]},{"@type":"ImageObject","inLanguage":"ar","@id":"https:\/\/dev.david-coin.com\/product\/china-1-ounce-zilveren-panda-2010\/#primaryimage","url":"https:\/\/dev.david-coin.com\/wp-content\/uploads\/2023\/07\/10yenvz.jpg","contentUrl":"https:\/\/dev.david-coin.com\/wp-content\/uploads\/2023\/07\/10yenvz.jpg","width":775,"height":800},{"@type":"BreadcrumbList","@id":"https:\/\/dev.david-coin.com\/product\/china-1-ounce-zilveren-panda-2010\/#breadcrumb","itemListElement":[{"@type":"ListItem","position":1,"name":"Home","item":"https:\/\/dev.david-coin.com\/"},{"@type":"ListItem","position":2,"name":"Winkel","item":"https:\/\/dev.david-coin.com\/winkel\/"},{"@type":"ListItem","position":3,"name":"China 1 Ounce Zilveren panda 2010"}]},{"@type":"WebSite","@id":"https:\/\/dev.david-coin.com\/#website","url":"https:\/\/dev.david-coin.com\/","name":"David Coin","description":"","publisher":{"@id":"https:\/\/dev.david-coin.com\/#organization"},"potentialAction":[{"@type":"SearchAction","target":{"@type":"EntryPoint","urlTemplate":"https:\/\/dev.david-coin.com\/?s={search_term_string}"},"query-input":{"@type":"PropertyValueSpecification","valueRequired":true,"valueName":"search_term_string"}}],"inLanguage":"ar"},{"@type":"Organization","@id":"https:\/\/dev.david-coin.com\/#organization","name":"David Coin","url":"https:\/\/dev.david-coin.com\/","logo":{"@type":"ImageObject","inLanguage":"ar","@id":"https:\/\/dev.david-coin.com\/#\/schema\/logo\/image\/","url":"https:\/\/dev.david-coin.com\/wp-content\/uploads\/2024\/04\/davidcoin-logo-final.png","contentUrl":"https:\/\/dev.david-coin.com\/wp-content\/uploads\/2024\/04\/davidcoin-logo-final.png","width":800,"height":267,"caption":"David Coin"},"image":{"@id":"https:\/\/dev.david-coin.com\/#\/schema\/logo\/image\/"},"sameAs":["https:\/\/www.facebook.com\/Davidcoininkoopenverkoop","https:\/\/www.youtube.com\/channel\/UC39lihLKFSPTff0w6tv0pWQ"]}]},"product_price_amount":"59.95","product_price_currency":"EUR","og_availability":"out of stock","product_availability":"out of stock","product_retailer_item_id":"9220","product_condition":"new"},"_links":{"self":[{"href":"https:\/\/dev.david-coin.com\/ar\/wp-json\/wp\/v2\/product\/120206","targetHints":{"allow":["GET"]}}],"collection":[{"href":"https:\/\/dev.david-coin.com\/ar\/wp-json\/wp\/v2\/product"}],"about":[{"href":"https:\/\/dev.david-coin.com\/ar\/wp-json\/wp\/v2\/types\/product"}],"replies":[{"embeddable":true,"href":"https:\/\/dev.david-coin.com\/ar\/wp-json\/wp\/v2\/comments?post=120206"}],"version-history":[{"count":0,"href":"https:\/\/dev.david-coin.com\/ar\/wp-json\/wp\/v2\/product\/120206\/revisions"}],"wp:featuredmedia":[{"embeddable":true,"href":"https:\/\/dev.david-coin.com\/ar\/wp-json\/wp\/v2\/media\/120204"}],"wp:attachment":[{"href":"https:\/\/dev.david-coin.com\/ar\/wp-json\/wp\/v2\/media?parent=120206"}],"wp:term":[{"taxonomy":"product_brand","embeddable":true,"href":"https:\/\/dev.david-coin.com\/ar\/wp-json\/wp\/v2\/product_brand?post=120206"},{"taxonomy":"product_cat","embeddable":true,"href":"https:\/\/dev.david-coin.com\/ar\/wp-json\/wp\/v2\/product_cat?post=120206"},{"taxonomy":"product_tag","embeddable":true,"href":"https:\/\/dev.david-coin.com\/ar\/wp-json\/wp\/v2\/product_tag?post=120206"}],"curies":[{"name":"wp","href":"https:\/\/api.w.org\/{rel}","templated":true}]}}