{"id":114828,"date":"2022-04-18T19:51:43","date_gmt":"2022-04-18T19:51:43","guid":{"rendered":"https:\/\/dev.david-coin.com\/product\/china-1-ounce-2014-zilveren-panda\/"},"modified":"2025-09-22T08:26:42","modified_gmt":"2025-09-22T06:26:42","slug":"china-1-ounce-2014-zilveren-panda","status":"publish","type":"product","link":"https:\/\/dev.david-coin.com\/ar\/product\/china-1-ounce-2014-zilveren-panda\/","title":{"rendered":"\u0628\u0627\u0646\u062f\u0627 \u0641\u0636\u064a\u0629 \u0635\u064a\u0646\u064a\u0629 1 \u0623\u0648\u0646\u0635\u0629 2014"},"content":{"rendered":"<p><span style=\"font-size: 12pt;\">\u0628\u0627\u0646\u062f\u0627 \u0641\u0636\u064a\u0629 \u0635\u064a\u0646\u064a\u0629 1 \u0623\u0648\u0646\u0635\u0629 2014 <\/span><br \/>\n<span style=\"font-size: 12pt;\"> De Chinese Silver Panda ( Chinees :\u718a\u732b \u94f6\u5e01; pinyin : xi\u00f3ngm\u0101o y\u00ednb\u00ec ) is een serie zilveren edelmetaalmunten uitgegeven door de Volksrepubliek China. Het ontwerp van de panda wordt elk jaar veranderd en geslagen in verschillende maten en coupures, vari\u00ebrend van 0,5 troy oz. tot 1 kilogram. Vanaf 2016 zijn Panda&#8217;s overgeschakeld op metrische maten. De munt van 1 troy ounce werd teruggebracht tot 30 gram, terwijl de munt van 5 troy ounce werd teruggebracht tot 150 gram. Onder zowel beleggers als verzamelaars een geliefd collectorsitem. <\/span><br \/>\n<span style=\"font-size: 12pt;\"> Oplage:8.000.000 stuks. <\/span><\/p>\n<p><span style=\"font-size: 12pt;\">\u0627\u0646\u0638\u0631 \u0639\u0645\u0644\u064a\u0627\u062a \u0627\u0644\u0645\u0633\u062d \u0644\u0644\u062d\u0635\u0648\u0644 \u0639\u0644\u0649 \u0645\u0632\u064a\u062f \u0645\u0646 \u0627\u0644\u062a\u0641\u0627\u0635\u064a\u0644.\u00a0<\/span><br \/>\n<span style=\"font-size: 12pt;\"> \u0625\u0630\u0627 \u0643\u0627\u0646 \u0644\u062f\u064a\u0643 \u0623\u064a \u0623\u0633\u0626\u0644\u0629\u060c \u0641\u0644\u0627 \u062a\u062a\u0631\u062f\u062f \u0641\u064a \u0625\u0631\u0633\u0627\u0644 \u0631\u0633\u0627\u0644\u0629 \u0644\u0646\u0627.<\/span><\/p>","protected":false},"excerpt":{"rendered":"<p>China 1 ounce 2014 zilveren panda De Chinese Silver Panda ( Chinees :\u718a\u732b \u94f6\u5e01; pinyin : xi\u00f3ngm\u0101o y\u00ednb\u00ec ) is een serie zilveren edelmetaalmunten uitgegeven door de Volksrepubliek China. Het ontwerp van de panda wordt elk jaar veranderd en geslagen in verschillende maten en coupures, vari\u00ebrend van 0,5 troy oz. tot 1 kilogram. Vanaf 2016 [&hellip;]<\/p>\n","protected":false},"featured_media":114826,"comment_status":"closed","ping_status":"closed","template":"","meta":[],"product_brand":[],"product_cat":[5485,5479,5602,5473,5968],"product_tag":[],"class_list":{"0":"post-114828","1":"product","2":"type-product","3":"status-publish","4":"has-post-thumbnail","6":"product_cat-azie","7":"product_cat-edelmetaal-goud-kopen","8":"product_cat-troy-ounce-munten","9":"product_cat-world-coins-romeinse-munten","10":"product_cat-zilveren-chinese-panda","11":"pa_kwaliteit-unc","12":"pa_land-china","13":"pa_materiaal-zilver","14":"pa_muntwaarde-10yuan","16":"first","17":"outofstock","18":"taxable","19":"shipping-taxable","20":"purchasable","21":"product-type-simple"},"yoast_head":"<!-- This site is optimized with the Yoast SEO Premium plugin v26.0 (Yoast SEO v27.4) - https:\/\/yoast.com\/product\/yoast-seo-premium-wordpress\/ -->\n<title>China 1 ounce 2014 zilveren panda<\/title>\n<meta name=\"description\" content=\"Ruim aanbod zilveren troy ounce munten verkrijgbaar bij David-coin. Bekijk ons complete aanbod. Gratis verzending binnen Nederland vanaf 5.000 euro.\" \/>\n<meta name=\"robots\" content=\"noindex, follow, max-snippet:-1, max-image-preview:large, max-video-preview:-1\" \/>\n<meta property=\"og:locale\" content=\"ar_AR\" \/>\n<meta property=\"og:type\" content=\"article\" \/>\n<meta property=\"og:title\" content=\"China 1 ounce 2014 zilveren panda\" \/>\n<meta property=\"og:description\" content=\"Ruim aanbod zilveren troy ounce munten verkrijgbaar bij David-coin. Bekijk ons complete aanbod. Gratis verzending binnen Nederland vanaf 5.000 euro.\" \/>\n<meta property=\"og:url\" content=\"https:\/\/dev.david-coin.com\/ar\/product\/china-1-ounce-2014-zilveren-panda\/\" \/>\n<meta property=\"og:site_name\" content=\"David Coin\" \/>\n<meta property=\"article:publisher\" content=\"https:\/\/www.facebook.com\/Davidcoininkoopenverkoop\" \/>\n<meta property=\"article:modified_time\" content=\"2025-09-22T06:26:42+00:00\" \/>\n<meta property=\"og:image\" content=\"https:\/\/dev.david-coin.com\/wp-content\/uploads\/2022\/04\/china1oz2014.jpg\" \/>\n\t<meta property=\"og:image:width\" content=\"810\" \/>\n\t<meta property=\"og:image:height\" content=\"852\" \/>\n\t<meta property=\"og:image:type\" content=\"image\/jpeg\" \/>\n<meta name=\"twitter:card\" content=\"summary_large_image\" \/>\n<meta name=\"twitter:label1\" content=\"\u0627\u0644\u0633\u0639\u0631\" \/>\n\t<meta name=\"twitter:data1\" content=\"&euro;&nbsp;54,95\" \/>\n\t<meta name=\"twitter:label2\" content=\"\u0627\u0644\u062a\u0648\u0641\u0631\" \/>\n\t<meta name=\"twitter:data2\" content=\"\u0646\u0641\u0630 \u0627\u0644\u0645\u062e\u0632\u0648\u0646\" \/>\n<script type=\"application\/ld+json\" class=\"yoast-schema-graph\">{\"@context\":\"https:\\\/\\\/schema.org\",\"@graph\":[{\"@type\":\"WebPage\",\"@id\":\"https:\\\/\\\/dev.david-coin.com\\\/product\\\/china-1-ounce-2014-zilveren-panda\\\/\",\"url\":\"https:\\\/\\\/dev.david-coin.com\\\/product\\\/china-1-ounce-2014-zilveren-panda\\\/\",\"name\":\"China 1 ounce 2014 zilveren panda\",\"isPartOf\":{\"@id\":\"https:\\\/\\\/dev.david-coin.com\\\/#website\"},\"primaryImageOfPage\":{\"@id\":\"https:\\\/\\\/dev.david-coin.com\\\/product\\\/china-1-ounce-2014-zilveren-panda\\\/#primaryimage\"},\"image\":{\"@id\":\"https:\\\/\\\/dev.david-coin.com\\\/product\\\/china-1-ounce-2014-zilveren-panda\\\/#primaryimage\"},\"thumbnailUrl\":\"https:\\\/\\\/dev.david-coin.com\\\/wp-content\\\/uploads\\\/2022\\\/04\\\/china1oz2014.jpg\",\"datePublished\":\"2022-04-18T19:51:43+00:00\",\"dateModified\":\"2025-09-22T06:26:42+00:00\",\"description\":\"Ruim aanbod zilveren troy ounce munten verkrijgbaar bij David-coin. Bekijk ons complete aanbod. Gratis verzending binnen Nederland vanaf 5.000 euro.\",\"breadcrumb\":{\"@id\":\"https:\\\/\\\/dev.david-coin.com\\\/product\\\/china-1-ounce-2014-zilveren-panda\\\/#breadcrumb\"},\"inLanguage\":\"ar\",\"potentialAction\":[{\"@type\":\"ReadAction\",\"target\":[\"https:\\\/\\\/dev.david-coin.com\\\/product\\\/china-1-ounce-2014-zilveren-panda\\\/\"]}]},{\"@type\":\"ImageObject\",\"inLanguage\":\"ar\",\"@id\":\"https:\\\/\\\/dev.david-coin.com\\\/product\\\/china-1-ounce-2014-zilveren-panda\\\/#primaryimage\",\"url\":\"https:\\\/\\\/dev.david-coin.com\\\/wp-content\\\/uploads\\\/2022\\\/04\\\/china1oz2014.jpg\",\"contentUrl\":\"https:\\\/\\\/dev.david-coin.com\\\/wp-content\\\/uploads\\\/2022\\\/04\\\/china1oz2014.jpg\",\"width\":810,\"height\":852,\"caption\":\"china1oz2014.jpg\"},{\"@type\":\"BreadcrumbList\",\"@id\":\"https:\\\/\\\/dev.david-coin.com\\\/product\\\/china-1-ounce-2014-zilveren-panda\\\/#breadcrumb\",\"itemListElement\":[{\"@type\":\"ListItem\",\"position\":1,\"name\":\"Home\",\"item\":\"https:\\\/\\\/dev.david-coin.com\\\/\"},{\"@type\":\"ListItem\",\"position\":2,\"name\":\"Winkel\",\"item\":\"https:\\\/\\\/dev.david-coin.com\\\/winkel\\\/\"},{\"@type\":\"ListItem\",\"position\":3,\"name\":\"China 1 ounce 2014 zilveren panda\"}]},{\"@type\":\"WebSite\",\"@id\":\"https:\\\/\\\/dev.david-coin.com\\\/#website\",\"url\":\"https:\\\/\\\/dev.david-coin.com\\\/\",\"name\":\"David Coin\",\"description\":\"\",\"publisher\":{\"@id\":\"https:\\\/\\\/dev.david-coin.com\\\/#organization\"},\"potentialAction\":[{\"@type\":\"SearchAction\",\"target\":{\"@type\":\"EntryPoint\",\"urlTemplate\":\"https:\\\/\\\/dev.david-coin.com\\\/?s={search_term_string}\"},\"query-input\":{\"@type\":\"PropertyValueSpecification\",\"valueRequired\":true,\"valueName\":\"search_term_string\"}}],\"inLanguage\":\"ar\"},{\"@type\":\"Organization\",\"@id\":\"https:\\\/\\\/dev.david-coin.com\\\/#organization\",\"name\":\"David Coin\",\"url\":\"https:\\\/\\\/dev.david-coin.com\\\/\",\"logo\":{\"@type\":\"ImageObject\",\"inLanguage\":\"ar\",\"@id\":\"https:\\\/\\\/dev.david-coin.com\\\/#\\\/schema\\\/logo\\\/image\\\/\",\"url\":\"https:\\\/\\\/dev.david-coin.com\\\/wp-content\\\/uploads\\\/2024\\\/04\\\/davidcoin-logo-final.png\",\"contentUrl\":\"https:\\\/\\\/dev.david-coin.com\\\/wp-content\\\/uploads\\\/2024\\\/04\\\/davidcoin-logo-final.png\",\"width\":800,\"height\":267,\"caption\":\"David Coin\"},\"image\":{\"@id\":\"https:\\\/\\\/dev.david-coin.com\\\/#\\\/schema\\\/logo\\\/image\\\/\"},\"sameAs\":[\"https:\\\/\\\/www.facebook.com\\\/Davidcoininkoopenverkoop\",\"https:\\\/\\\/www.youtube.com\\\/channel\\\/UC39lihLKFSPTff0w6tv0pWQ\"]}]}<\/script>\n<meta property=\"product:price:amount\" content=\"54.95\" \/>\n<meta property=\"product:price:currency\" content=\"EUR\" \/>\n<meta property=\"og:availability\" content=\"out of stock\" \/>\n<meta property=\"product:availability\" content=\"out of stock\" \/>\n<meta property=\"product:retailer_item_id\" content=\"9097\" \/>\n<meta property=\"product:condition\" content=\"new\" \/>\n<!-- \/ Yoast SEO Premium plugin. -->","yoast_head_json":{"title":"\u0628\u0627\u0646\u062f\u0627 \u0641\u0636\u064a\u0629 \u0635\u064a\u0646\u064a\u0629 1 \u0623\u0648\u0646\u0635\u0629 2014","description":"Ruim aanbod zilveren troy ounce munten verkrijgbaar bij David-coin. Bekijk ons complete aanbod. Gratis verzending binnen Nederland vanaf 5.000 euro.","robots":{"index":"noindex","follow":"follow","max-snippet":"max-snippet:-1","max-image-preview":"max-image-preview:large","max-video-preview":"max-video-preview:-1"},"og_locale":"ar_AR","og_type":"article","og_title":"China 1 ounce 2014 zilveren panda","og_description":"Ruim aanbod zilveren troy ounce munten verkrijgbaar bij David-coin. Bekijk ons complete aanbod. Gratis verzending binnen Nederland vanaf 5.000 euro.","og_url":"https:\/\/dev.david-coin.com\/ar\/product\/china-1-ounce-2014-zilveren-panda\/","og_site_name":"David Coin","article_publisher":"https:\/\/www.facebook.com\/Davidcoininkoopenverkoop","article_modified_time":"2025-09-22T06:26:42+00:00","og_image":[{"width":810,"height":852,"url":"https:\/\/dev.david-coin.com\/wp-content\/uploads\/2022\/04\/china1oz2014.jpg","type":"image\/jpeg"}],"twitter_card":"summary_large_image","twitter_misc":{"\u0627\u0644\u0633\u0639\u0631":"&euro;&nbsp;54,95","\u0627\u0644\u062a\u0648\u0641\u0631":"\u0646\u0641\u0630 \u0627\u0644\u0645\u062e\u0632\u0648\u0646"},"schema":{"@context":"https:\/\/schema.org","@graph":[{"@type":"WebPage","@id":"https:\/\/dev.david-coin.com\/product\/china-1-ounce-2014-zilveren-panda\/","url":"https:\/\/dev.david-coin.com\/product\/china-1-ounce-2014-zilveren-panda\/","name":"\u0628\u0627\u0646\u062f\u0627 \u0641\u0636\u064a\u0629 \u0635\u064a\u0646\u064a\u0629 1 \u0623\u0648\u0646\u0635\u0629 2014","isPartOf":{"@id":"https:\/\/dev.david-coin.com\/#website"},"primaryImageOfPage":{"@id":"https:\/\/dev.david-coin.com\/product\/china-1-ounce-2014-zilveren-panda\/#primaryimage"},"image":{"@id":"https:\/\/dev.david-coin.com\/product\/china-1-ounce-2014-zilveren-panda\/#primaryimage"},"thumbnailUrl":"https:\/\/dev.david-coin.com\/wp-content\/uploads\/2022\/04\/china1oz2014.jpg","datePublished":"2022-04-18T19:51:43+00:00","dateModified":"2025-09-22T06:26:42+00:00","description":"Ruim aanbod zilveren troy ounce munten verkrijgbaar bij David-coin. Bekijk ons complete aanbod. Gratis verzending binnen Nederland vanaf 5.000 euro.","breadcrumb":{"@id":"https:\/\/dev.david-coin.com\/product\/china-1-ounce-2014-zilveren-panda\/#breadcrumb"},"inLanguage":"ar","potentialAction":[{"@type":"ReadAction","target":["https:\/\/dev.david-coin.com\/product\/china-1-ounce-2014-zilveren-panda\/"]}]},{"@type":"ImageObject","inLanguage":"ar","@id":"https:\/\/dev.david-coin.com\/product\/china-1-ounce-2014-zilveren-panda\/#primaryimage","url":"https:\/\/dev.david-coin.com\/wp-content\/uploads\/2022\/04\/china1oz2014.jpg","contentUrl":"https:\/\/dev.david-coin.com\/wp-content\/uploads\/2022\/04\/china1oz2014.jpg","width":810,"height":852,"caption":"china1oz2014.jpg"},{"@type":"BreadcrumbList","@id":"https:\/\/dev.david-coin.com\/product\/china-1-ounce-2014-zilveren-panda\/#breadcrumb","itemListElement":[{"@type":"ListItem","position":1,"name":"Home","item":"https:\/\/dev.david-coin.com\/"},{"@type":"ListItem","position":2,"name":"Winkel","item":"https:\/\/dev.david-coin.com\/winkel\/"},{"@type":"ListItem","position":3,"name":"China 1 ounce 2014 zilveren panda"}]},{"@type":"WebSite","@id":"https:\/\/dev.david-coin.com\/#website","url":"https:\/\/dev.david-coin.com\/","name":"David Coin","description":"","publisher":{"@id":"https:\/\/dev.david-coin.com\/#organization"},"potentialAction":[{"@type":"SearchAction","target":{"@type":"EntryPoint","urlTemplate":"https:\/\/dev.david-coin.com\/?s={search_term_string}"},"query-input":{"@type":"PropertyValueSpecification","valueRequired":true,"valueName":"search_term_string"}}],"inLanguage":"ar"},{"@type":"Organization","@id":"https:\/\/dev.david-coin.com\/#organization","name":"David Coin","url":"https:\/\/dev.david-coin.com\/","logo":{"@type":"ImageObject","inLanguage":"ar","@id":"https:\/\/dev.david-coin.com\/#\/schema\/logo\/image\/","url":"https:\/\/dev.david-coin.com\/wp-content\/uploads\/2024\/04\/davidcoin-logo-final.png","contentUrl":"https:\/\/dev.david-coin.com\/wp-content\/uploads\/2024\/04\/davidcoin-logo-final.png","width":800,"height":267,"caption":"David Coin"},"image":{"@id":"https:\/\/dev.david-coin.com\/#\/schema\/logo\/image\/"},"sameAs":["https:\/\/www.facebook.com\/Davidcoininkoopenverkoop","https:\/\/www.youtube.com\/channel\/UC39lihLKFSPTff0w6tv0pWQ"]}]},"product_price_amount":"54.95","product_price_currency":"EUR","og_availability":"out of stock","product_availability":"out of stock","product_retailer_item_id":"9097","product_condition":"new"},"_links":{"self":[{"href":"https:\/\/dev.david-coin.com\/ar\/wp-json\/wp\/v2\/product\/114828","targetHints":{"allow":["GET"]}}],"collection":[{"href":"https:\/\/dev.david-coin.com\/ar\/wp-json\/wp\/v2\/product"}],"about":[{"href":"https:\/\/dev.david-coin.com\/ar\/wp-json\/wp\/v2\/types\/product"}],"replies":[{"embeddable":true,"href":"https:\/\/dev.david-coin.com\/ar\/wp-json\/wp\/v2\/comments?post=114828"}],"version-history":[{"count":0,"href":"https:\/\/dev.david-coin.com\/ar\/wp-json\/wp\/v2\/product\/114828\/revisions"}],"wp:featuredmedia":[{"embeddable":true,"href":"https:\/\/dev.david-coin.com\/ar\/wp-json\/wp\/v2\/media\/114826"}],"wp:attachment":[{"href":"https:\/\/dev.david-coin.com\/ar\/wp-json\/wp\/v2\/media?parent=114828"}],"wp:term":[{"taxonomy":"product_brand","embeddable":true,"href":"https:\/\/dev.david-coin.com\/ar\/wp-json\/wp\/v2\/product_brand?post=114828"},{"taxonomy":"product_cat","embeddable":true,"href":"https:\/\/dev.david-coin.com\/ar\/wp-json\/wp\/v2\/product_cat?post=114828"},{"taxonomy":"product_tag","embeddable":true,"href":"https:\/\/dev.david-coin.com\/ar\/wp-json\/wp\/v2\/product_tag?post=114828"}],"curies":[{"name":"wp","href":"https:\/\/api.w.org\/{rel}","templated":true}]}}